{"id":123,"date":"2024-12-08T22:37:52","date_gmt":"2024-12-09T01:37:52","guid":{"rendered":"https:\/\/www.pgcardiologiausp.com.br\/?page_id=123"},"modified":"2025-10-29T14:23:21","modified_gmt":"2025-10-29T17:23:21","slug":"comissoes","status":"publish","type":"page","link":"https:\/\/www.pgcardiologiausp.com.br\/en\/o-programa\/comissoes\/","title":{"rendered":"Committees"},"content":{"rendered":"<h3 data-start=\"53\" data-end=\"87\">Program Coordination Committee<\/h3>\n<p data-start=\"89\" data-end=\"506\">The Program Coordination Committee is responsible for the overall coordination of the Program. Its duties include establishing the Program&#8217;s operating guidelines and the criteria for selecting new students, as well as reviewing proposed research projects and processing applications for financial support. This Committee is composed of the Coordinator, their Deputy, and four Permanent Faculty Members of the Program:<\/p>\n<ul data-start=\"508\" data-end=\"1026\">\n<li data-start=\"508\" data-end=\"564\">\n<p data-start=\"510\" data-end=\"564\">Prof. Roberto Kalil Filho, MD, PhD\u00a0\u2013 Coordinator<\/p>\n<\/li>\n<li data-start=\"565\" data-end=\"624\">\n<p data-start=\"567\" data-end=\"624\">Prof. Ludhmila Abrah\u00e3o Hajjar, MD, PhD \u2013 Deputy Coordinator<\/p>\n<\/li>\n<li data-start=\"625\" data-end=\"687\">\n<p data-start=\"627\" data-end=\"687\">Prof. Luiz Antonio Machado C\u00e9sar, MD, PhD \u2013 Regular Member<\/p>\n<\/li>\n<li data-start=\"688\" data-end=\"759\">\n<p data-start=\"690\" data-end=\"759\">Prof. Francisco Rafael Martins Laurindo, MD, PhD \u2013 Alternate Member<\/p>\n<\/li>\n<li data-start=\"760\" data-end=\"827\">\n<p data-start=\"762\" data-end=\"827\">Prof. Antonio Augusto Barbosa Lopes, MD, PhD \u2013 Alternate Member<\/p>\n<\/li>\n<li data-start=\"828\" data-end=\"892\">\n<p data-start=\"830\" data-end=\"892\">Prof. Luiz Aparecido Bortolotto, MD, PhD \u2013 Alternate Member<\/p>\n<\/li>\n<li data-start=\"893\" data-end=\"955\">\n<p data-start=\"895\" data-end=\"955\">Jos\u00e9 David Le\u00f3n Rivas \u2013 Student Representative (Regular Member)<\/p>\n<\/li>\n<li data-start=\"956\" data-end=\"1026\">\n<p data-start=\"958\" data-end=\"1026\">Brunna Pileggi Azevedo Sampaio \u2013 Student Representative (Alternate Member)<\/p>\n<\/li>\n<\/ul>\n<h3 data-start=\"1028\" data-end=\"1058\">PROEX Management Committee<\/h3>\n<p data-start=\"1060\" data-end=\"1281\">The PROEX Management Committee is responsible for establishing the criteria for granting scholarships. This Committee is composed of the Program Coordinator (Chair), a Faculty Representative, and a Student Representative:<\/p>\n<ul data-start=\"1283\" data-end=\"1521\">\n<li data-start=\"1283\" data-end=\"1333\">\n<p data-start=\"1285\" data-end=\"1333\">Prof. Roberto Kalil Filho, MD, PhD \u2013 Coordinator<\/p>\n<\/li>\n<li data-start=\"1334\" data-end=\"1397\">\n<p data-start=\"1336\" data-end=\"1397\">Prof. Ludhmila Abrah\u00e3o Hajjar, MD, PhD \u2013 Deputy coordinator<\/p>\n<\/li>\n<li data-start=\"1398\" data-end=\"1468\">\n<p data-start=\"1400\" data-end=\"1468\">Prof. Luiz Antonio Machado C\u00e9sar, MD, PhD \u2013 Faculty Representative<\/p>\n<\/li>\n<li data-start=\"1469\" data-end=\"1521\">\n<p data-start=\"1471\" data-end=\"1521\">Aline de Oliveira Silva \u2013 Student Representative<\/p>\n<\/li>\n<\/ul>\n","protected":false},"excerpt":{"rendered":"<p>Program Coordination Committee The Program Coordination Committee is responsible for the overall coordination of the Program. Its duties include establishing the Program&#8217;s operating guidelines and the<span class=\"excerpt-hellip\"> [\u2026]<\/span><\/p>\n","protected":false},"author":1,"featured_media":112,"parent":107,"menu_order":0,"comment_status":"closed","ping_status":"closed","template":"","meta":{"footnotes":""},"class_list":["post-123","page","type-page","status-publish","has-post-thumbnail","hentry"],"yoast_head":"<!-- This site is optimized with the Yoast SEO plugin v25.8 - https:\/\/yoast.com\/wordpress\/plugins\/seo\/ -->\n<title>Committees - P\u00f3s-Gradua\u00e7\u00e3o em Cardiologia FMUSP<\/title>\n<meta name=\"robots\" content=\"index, follow, max-snippet:-1, max-image-preview:large, max-video-preview:-1\" \/>\n<link rel=\"canonical\" href=\"https:\/\/www.pgcardiologiausp.com.br\/o-programa\/comissoes\/\" \/>\n<meta property=\"og:locale\" content=\"en_US\" \/>\n<meta property=\"og:type\" content=\"article\" \/>\n<meta property=\"og:title\" content=\"Committees - P\u00f3s-Gradua\u00e7\u00e3o em Cardiologia FMUSP\" \/>\n<meta property=\"og:description\" content=\"Program Coordination Committee The Program Coordination Committee is responsible for the overall coordination of the Program. Its duties include establishing the Program&#8217;s operating guidelines and the [\u2026]\" \/>\n<meta property=\"og:url\" content=\"https:\/\/www.pgcardiologiausp.com.br\/o-programa\/comissoes\/\" \/>\n<meta property=\"og:site_name\" content=\"P\u00f3s-Gradua\u00e7\u00e3o em Cardiologia FMUSP\" \/>\n<meta property=\"article:modified_time\" content=\"2025-10-29T17:23:21+00:00\" \/>\n<meta property=\"og:image\" content=\"https:\/\/www.pgcardiologiausp.com.br\/wp-content\/uploads\/2024\/12\/bgheader_pgcardio_v1.2.jpg\" \/>\n\t<meta property=\"og:image:width\" content=\"1920\" \/>\n\t<meta property=\"og:image:height\" content=\"800\" \/>\n\t<meta property=\"og:image:type\" content=\"image\/jpeg\" \/>\n<meta name=\"twitter:card\" content=\"summary_large_image\" \/>\n<script type=\"application\/ld+json\" class=\"yoast-schema-graph\">{\"@context\":\"https:\/\/schema.org\",\"@graph\":[{\"@type\":\"WebPage\",\"@id\":\"https:\/\/www.pgcardiologiausp.com.br\/o-programa\/comissoes\/\",\"url\":\"https:\/\/www.pgcardiologiausp.com.br\/o-programa\/comissoes\/\",\"name\":\"Committees - P\u00f3s-Gradua\u00e7\u00e3o em Cardiologia FMUSP\",\"isPartOf\":{\"@id\":\"https:\/\/www.pgcardiologiausp.com.br\/#website\"},\"primaryImageOfPage\":{\"@id\":\"https:\/\/www.pgcardiologiausp.com.br\/o-programa\/comissoes\/#primaryimage\"},\"image\":{\"@id\":\"https:\/\/www.pgcardiologiausp.com.br\/o-programa\/comissoes\/#primaryimage\"},\"thumbnailUrl\":\"https:\/\/www.pgcardiologiausp.com.br\/wp-content\/uploads\/2024\/12\/bgheader_pgcardio_v1.2.jpg\",\"datePublished\":\"2024-12-09T01:37:52+00:00\",\"dateModified\":\"2025-10-29T17:23:21+00:00\",\"breadcrumb\":{\"@id\":\"https:\/\/www.pgcardiologiausp.com.br\/o-programa\/comissoes\/#breadcrumb\"},\"inLanguage\":\"en-US\",\"potentialAction\":[{\"@type\":\"ReadAction\",\"target\":[\"https:\/\/www.pgcardiologiausp.com.br\/o-programa\/comissoes\/\"]}]},{\"@type\":\"ImageObject\",\"inLanguage\":\"en-US\",\"@id\":\"https:\/\/www.pgcardiologiausp.com.br\/o-programa\/comissoes\/#primaryimage\",\"url\":\"https:\/\/www.pgcardiologiausp.com.br\/wp-content\/uploads\/2024\/12\/bgheader_pgcardio_v1.2.jpg\",\"contentUrl\":\"https:\/\/www.pgcardiologiausp.com.br\/wp-content\/uploads\/2024\/12\/bgheader_pgcardio_v1.2.jpg\",\"width\":1920,\"height\":800},{\"@type\":\"BreadcrumbList\",\"@id\":\"https:\/\/www.pgcardiologiausp.com.br\/o-programa\/comissoes\/#breadcrumb\",\"itemListElement\":[{\"@type\":\"ListItem\",\"position\":1,\"name\":\"Home\",\"item\":\"https:\/\/www.pgcardiologiausp.com.br\/\"},{\"@type\":\"ListItem\",\"position\":2,\"name\":\"O Programa\",\"item\":\"https:\/\/www.pgcardiologiausp.com.br\/o-programa\/\"},{\"@type\":\"ListItem\",\"position\":3,\"name\":\"Comiss\u00f5es\"}]},{\"@type\":\"WebSite\",\"@id\":\"https:\/\/www.pgcardiologiausp.com.br\/#website\",\"url\":\"https:\/\/www.pgcardiologiausp.com.br\/\",\"name\":\"P\u00f3s-Gradua\u00e7\u00e3o em Cardiologia FMUSP\",\"description\":\"\",\"publisher\":{\"@id\":\"https:\/\/www.pgcardiologiausp.com.br\/#organization\"},\"potentialAction\":[{\"@type\":\"SearchAction\",\"target\":{\"@type\":\"EntryPoint\",\"urlTemplate\":\"https:\/\/www.pgcardiologiausp.com.br\/?s={search_term_string}\"},\"query-input\":{\"@type\":\"PropertyValueSpecification\",\"valueRequired\":true,\"valueName\":\"search_term_string\"}}],\"inLanguage\":\"en-US\"},{\"@type\":\"Organization\",\"@id\":\"https:\/\/www.pgcardiologiausp.com.br\/#organization\",\"name\":\"P\u00f3s-Gradua\u00e7\u00e3o em Cardiologia FMUSP\",\"url\":\"https:\/\/www.pgcardiologiausp.com.br\/\",\"logo\":{\"@type\":\"ImageObject\",\"inLanguage\":\"en-US\",\"@id\":\"https:\/\/www.pgcardiologiausp.com.br\/#\/schema\/logo\/image\/\",\"url\":\"https:\/\/www.pgcardiologiausp.com.br\/wp-content\/uploads\/2024\/12\/pg_cardio_usp-logo-v1-clearbg-500x341-1.png\",\"contentUrl\":\"https:\/\/www.pgcardiologiausp.com.br\/wp-content\/uploads\/2024\/12\/pg_cardio_usp-logo-v1-clearbg-500x341-1.png\",\"width\":500,\"height\":177,\"caption\":\"P\u00f3s-Gradua\u00e7\u00e3o em Cardiologia FMUSP\"},\"image\":{\"@id\":\"https:\/\/www.pgcardiologiausp.com.br\/#\/schema\/logo\/image\/\"}}]}<\/script>\n<!-- \/ Yoast SEO plugin. -->","yoast_head_json":{"title":"Committees - P\u00f3s-Gradua\u00e7\u00e3o em Cardiologia FMUSP","robots":{"index":"index","follow":"follow","max-snippet":"max-snippet:-1","max-image-preview":"max-image-preview:large","max-video-preview":"max-video-preview:-1"},"canonical":"https:\/\/www.pgcardiologiausp.com.br\/o-programa\/comissoes\/","og_locale":"en_US","og_type":"article","og_title":"Committees - P\u00f3s-Gradua\u00e7\u00e3o em Cardiologia FMUSP","og_description":"Program Coordination Committee The Program Coordination Committee is responsible for the overall coordination of the Program. Its duties include establishing the Program&#8217;s operating guidelines and the [\u2026]","og_url":"https:\/\/www.pgcardiologiausp.com.br\/o-programa\/comissoes\/","og_site_name":"P\u00f3s-Gradua\u00e7\u00e3o em Cardiologia FMUSP","article_modified_time":"2025-10-29T17:23:21+00:00","og_image":[{"width":1920,"height":800,"url":"https:\/\/www.pgcardiologiausp.com.br\/wp-content\/uploads\/2024\/12\/bgheader_pgcardio_v1.2.jpg","type":"image\/jpeg"}],"twitter_card":"summary_large_image","schema":{"@context":"https:\/\/schema.org","@graph":[{"@type":"WebPage","@id":"https:\/\/www.pgcardiologiausp.com.br\/o-programa\/comissoes\/","url":"https:\/\/www.pgcardiologiausp.com.br\/o-programa\/comissoes\/","name":"Committees - P\u00f3s-Gradua\u00e7\u00e3o em Cardiologia FMUSP","isPartOf":{"@id":"https:\/\/www.pgcardiologiausp.com.br\/#website"},"primaryImageOfPage":{"@id":"https:\/\/www.pgcardiologiausp.com.br\/o-programa\/comissoes\/#primaryimage"},"image":{"@id":"https:\/\/www.pgcardiologiausp.com.br\/o-programa\/comissoes\/#primaryimage"},"thumbnailUrl":"https:\/\/www.pgcardiologiausp.com.br\/wp-content\/uploads\/2024\/12\/bgheader_pgcardio_v1.2.jpg","datePublished":"2024-12-09T01:37:52+00:00","dateModified":"2025-10-29T17:23:21+00:00","breadcrumb":{"@id":"https:\/\/www.pgcardiologiausp.com.br\/o-programa\/comissoes\/#breadcrumb"},"inLanguage":"en-US","potentialAction":[{"@type":"ReadAction","target":["https:\/\/www.pgcardiologiausp.com.br\/o-programa\/comissoes\/"]}]},{"@type":"ImageObject","inLanguage":"en-US","@id":"https:\/\/www.pgcardiologiausp.com.br\/o-programa\/comissoes\/#primaryimage","url":"https:\/\/www.pgcardiologiausp.com.br\/wp-content\/uploads\/2024\/12\/bgheader_pgcardio_v1.2.jpg","contentUrl":"https:\/\/www.pgcardiologiausp.com.br\/wp-content\/uploads\/2024\/12\/bgheader_pgcardio_v1.2.jpg","width":1920,"height":800},{"@type":"BreadcrumbList","@id":"https:\/\/www.pgcardiologiausp.com.br\/o-programa\/comissoes\/#breadcrumb","itemListElement":[{"@type":"ListItem","position":1,"name":"Home","item":"https:\/\/www.pgcardiologiausp.com.br\/"},{"@type":"ListItem","position":2,"name":"O Programa","item":"https:\/\/www.pgcardiologiausp.com.br\/o-programa\/"},{"@type":"ListItem","position":3,"name":"Comiss\u00f5es"}]},{"@type":"WebSite","@id":"https:\/\/www.pgcardiologiausp.com.br\/#website","url":"https:\/\/www.pgcardiologiausp.com.br\/","name":"P\u00f3s-Gradua\u00e7\u00e3o em Cardiologia FMUSP","description":"","publisher":{"@id":"https:\/\/www.pgcardiologiausp.com.br\/#organization"},"potentialAction":[{"@type":"SearchAction","target":{"@type":"EntryPoint","urlTemplate":"https:\/\/www.pgcardiologiausp.com.br\/?s={search_term_string}"},"query-input":{"@type":"PropertyValueSpecification","valueRequired":true,"valueName":"search_term_string"}}],"inLanguage":"en-US"},{"@type":"Organization","@id":"https:\/\/www.pgcardiologiausp.com.br\/#organization","name":"P\u00f3s-Gradua\u00e7\u00e3o em Cardiologia FMUSP","url":"https:\/\/www.pgcardiologiausp.com.br\/","logo":{"@type":"ImageObject","inLanguage":"en-US","@id":"https:\/\/www.pgcardiologiausp.com.br\/#\/schema\/logo\/image\/","url":"https:\/\/www.pgcardiologiausp.com.br\/wp-content\/uploads\/2024\/12\/pg_cardio_usp-logo-v1-clearbg-500x341-1.png","contentUrl":"https:\/\/www.pgcardiologiausp.com.br\/wp-content\/uploads\/2024\/12\/pg_cardio_usp-logo-v1-clearbg-500x341-1.png","width":500,"height":177,"caption":"P\u00f3s-Gradua\u00e7\u00e3o em Cardiologia FMUSP"},"image":{"@id":"https:\/\/www.pgcardiologiausp.com.br\/#\/schema\/logo\/image\/"}}]}},"_links":{"self":[{"href":"https:\/\/www.pgcardiologiausp.com.br\/en\/wp-json\/wp\/v2\/pages\/123","targetHints":{"allow":["GET"]}}],"collection":[{"href":"https:\/\/www.pgcardiologiausp.com.br\/en\/wp-json\/wp\/v2\/pages"}],"about":[{"href":"https:\/\/www.pgcardiologiausp.com.br\/en\/wp-json\/wp\/v2\/types\/page"}],"author":[{"embeddable":true,"href":"https:\/\/www.pgcardiologiausp.com.br\/en\/wp-json\/wp\/v2\/users\/1"}],"replies":[{"embeddable":true,"href":"https:\/\/www.pgcardiologiausp.com.br\/en\/wp-json\/wp\/v2\/comments?post=123"}],"version-history":[{"count":8,"href":"https:\/\/www.pgcardiologiausp.com.br\/en\/wp-json\/wp\/v2\/pages\/123\/revisions"}],"predecessor-version":[{"id":2587,"href":"https:\/\/www.pgcardiologiausp.com.br\/en\/wp-json\/wp\/v2\/pages\/123\/revisions\/2587"}],"up":[{"embeddable":true,"href":"https:\/\/www.pgcardiologiausp.com.br\/en\/wp-json\/wp\/v2\/pages\/107"}],"wp:featuredmedia":[{"embeddable":true,"href":"https:\/\/www.pgcardiologiausp.com.br\/en\/wp-json\/wp\/v2\/media\/112"}],"wp:attachment":[{"href":"https:\/\/www.pgcardiologiausp.com.br\/en\/wp-json\/wp\/v2\/media?parent=123"}],"curies":[{"name":"wp","href":"https:\/\/api.w.org\/{rel}","templated":true}]}}