{"id":147,"date":"2024-12-08T22:41:02","date_gmt":"2024-12-09T01:41:02","guid":{"rendered":"https:\/\/www.pgcardiologiausp.com.br\/?page_id=147"},"modified":"2026-03-10T10:24:45","modified_gmt":"2026-03-10T13:24:45","slug":"formularios","status":"publish","type":"page","link":"https:\/\/www.pgcardiologiausp.com.br\/en\/procedimentos\/formularios\/","title":{"rendered":"Forms"},"content":{"rendered":"<h4 style=\"text-align: center;\"><strong>**Do not include a date in the forms below**<\/strong><\/h4>\n<hr \/>\n<h4><strong>LINK FOR REGISTRATION AND ENROLLMENT<\/strong><\/h4>\n<p><a href=\"https:\/\/digital.fm.usp.br\/alunoregular\" target=\"_blank\" rel=\"noopener\">https:\/\/digital.fm.usp.br\/alunoregular<\/a><\/p>\n<hr \/>\n<h4><strong>ENROLLMENT<\/strong><\/h4>\n<ul>\n<li><a href=\"https:\/\/www.pgcardiologiausp.com.br\/wp-content\/uploads\/2024\/12\/FORMULARIO_DE_INSCRICAO_ATUAL.docx\" target=\"_blank\" rel=\"noopener\">Registration Form<\/a><\/li>\n<\/ul>\n<hr \/>\n<h4><strong>REGISTRATION<\/strong><\/h4>\n<ul>\n<li><a href=\"https:\/\/www.pgcardiologiausp.com.br\/wp-content\/uploads\/2024\/12\/Matricula_Inicial_Aluno_Novo_atualizado_em_22072016_2.doc\" target=\"_blank\" rel=\"noopener noreferrer\">Initial registration of new students<\/a><\/li>\n<li><a href=\"https:\/\/www.pgcardiologiausp.com.br\/wp-content\/uploads\/2024\/12\/matrcula_aluno_regularmente_matriculado.doc\" target=\"_blank\" rel=\"noopener\">Enrollment in a subject for a regularly enrolled student<\/a><\/li>\n<li><a href=\"https:\/\/www.pgcardiologiausp.com.br\/wp-content\/uploads\/2024\/12\/Matricula_de_aluno_especial.doc\" target=\"_blank\" rel=\"noopener noreferrer\">Special student registration<\/a><\/li>\n<li><a href=\"https:\/\/www.pgcardiologiausp.com.br\/wp-content\/uploads\/2024\/12\/Solicitacao_de_acesso_ao_HC-FMUSP.pdf\" target=\"_blank\" rel=\"noopener\">Request for access to SIGH<\/a><\/li>\n<li><a href=\"https:\/\/prip.usp.br\/transporte\/\" target=\"_blank\" rel=\"noopener\">Instructions for requesting a school ticket (SPTrans)<\/a><\/li>\n<li><a href=\"https:\/\/www.pgcardiologiausp.com.br\/wp-content\/uploads\/2024\/12\/Formularios_Formulario_bilhete_escolar.27.03.2019.docx\" target=\"_blank\" rel=\"noopener\">School ticket form<\/a><\/li>\n<li><a href=\"https:\/\/www.pgcardiologiausp.com.br\/wp-content\/uploads\/2024\/12\/HCNOT_2024_edicao_extra_marco_2024.pdf\" target=\"_blank\" rel=\"noopener\">Provision of Voluntary Services<\/a> (spontaneous unpaid activity provided to HCFMUSP by an individual, not generating an employment relationship or of a labor and social security nature, being classified as: health professional, non-assistance professional, research, ecumenical and social actions)<\/li>\n<li><a href=\"https:\/\/www.pgcardiologiausp.com.br\/wp-content\/uploads\/2024\/12\/termo_de_comprimisso_de_acesso_ao_si3_alunos_de_ps-graduao-2019-2.doc\" target=\"_blank\" rel=\"noopener\">Commitment term for access to SI3 for postgraduate students<\/a>(mandatory for students who will use SI3)<\/li>\n<li><a href=\"https:\/\/www.pgcardiologiausp.com.br\/wp-content\/uploads\/2024\/12\/ATUALI_Declaracao_de_ciencia_das_normas_-_cardiologia.doc\" target=\"_blank\" rel=\"noopener\">Science Statement of Standards-Cardiology<\/a><\/li>\n<li><a href=\"https:\/\/www.pgcardiologiausp.com.br\/wp-content\/uploads\/2024\/12\/ATUALI_Termo_compromisso_cardiologia.doc\" target=\"_blank\" rel=\"noopener\">Thesis publication commitment term<\/a><\/li>\n<li><a href=\"https:\/\/www.pgcardiologiausp.com.br\/wp-content\/uploads\/2024\/12\/Formulario_projeto_pesquisa_atualizado_em_12022021-1.docx\" target=\"_blank\" rel=\"noopener\">Formul\u00e1rio Projeto de pesquisa<\/a><\/li>\n<li>Thesis Project Grant Term (mandatory for projects that have funding)<\/li>\n<li><a href=\"https:\/\/www.pgcardiologiausp.com.br\/wp-content\/uploads\/2024\/12\/ATUALI_Formularios_Aceitacao_de_Titulo_de_Mestre.doc\" target=\"_blank\" rel=\"noopener\">Acceptance of the master&#8217;s degree<\/a><\/li>\n<\/ul>\n<p><strong>Credits earned as a special student must be requested after enrollment.<\/strong><\/p>\n<hr \/>\n<h4><strong>SCHOLARSHIPS<\/strong><\/h4>\n<ul>\n<li><a href=\"https:\/\/www.pgcardiologiausp.com.br\/wp-content\/uploads\/2024\/12\/Novo_Formulario_solicitacao_BOLSAS.doc\" target=\"_blank\" rel=\"noopener noreferrer\">Scholarship Application Form<\/a><\/li>\n<li><a href=\"https:\/\/www.pgcardiologiausp.com.br\/wp-content\/uploads\/2024\/12\/CRITERIOS_CONCESSAO__DE_BOLSA_CARDIOLOGIA.pdf\" target=\"_blank\" rel=\"noopener noreferrer\">Criteria and requirements for granting scholarships<\/a><\/li>\n<li><a href=\"https:\/\/www.pgcardiologiausp.com.br\/wp-content\/uploads\/2024\/12\/03102023_TermodeCompromissoVersoVigente_PROEX.pdf\" target=\"_blank\" rel=\"noopener\">PROEX scholarship commitment term &#8211; cardiology<\/a><\/li>\n<li><a href=\"https:\/\/www.pgcardiologiausp.com.br\/wp-content\/uploads\/2024\/12\/03102023_DeclaraodeAcmulos_PROEX.pdf\" target=\"_blank\" rel=\"noopener noreferrer\">Declaration of employment relationship<\/a><\/li>\n<\/ul>\n<hr \/>\n<h4><strong>TEACHING IMPROVEMENT PROGRAM (PAE)<\/strong><\/h4>\n<p><a href=\"https:\/\/www.fm.usp.br\/pae\/\" target=\"_blank\" rel=\"noopener\">https:\/\/www.fm.usp.br\/pae\/<\/a><\/p>\n<hr \/>\n<h4><strong>STUDENTS&#8217; APPLICATION<\/strong><\/h4>\n<p><strong><a href=\"https:\/\/www.pgcardiologiausp.com.br\/wp-content\/uploads\/2024\/12\/Tutorial-_Requerimento_On_Line_FMUSP_ALUNOS.pdf\" target=\"_blank\" rel=\"noopener\">Online Application Submission Tutorial<\/a><\/strong><\/p>\n<p>Requests for: declaration of enrollment in English, use of credits in a subject taken at USP and another Institution, assignment of special credits, suspension of enrollment and other Requests (withdrawal from the Program, extension of the deadline for deposit and enrollment in a subject and monitoring after the deadline) must be made through the <a href=\"https:\/\/uspdigital.usp.br\/janus\/componente\/autenticar.jsf\" target=\"_blank\" rel=\"noopener\">Sistema Janus<\/a>. Below are the mandatory forms for requests through the system:<\/p>\n<ul>\n<li><a href=\"https:\/\/www.pgcardiologiausp.com.br\/wp-content\/uploads\/2024\/12\/Formularios_Formulario_para_alteracao_no_projeto_pesquisa_inicial.27.03.2019.docx\" target=\"_blank\" rel=\"noopener\">Research Project Change Form starts<\/a><\/li>\n<li><a href=\"https:\/\/www.pgcardiologiausp.com.br\/wp-content\/uploads\/2024\/12\/orientaes_trancamento_de_matrcula_por_motivo_de_sade.pdf\" target=\"_blank\" rel=\"noopener noreferrer\">Guidelines for cancelling enrollment due to health reasons<\/a><\/li>\n<li><a href=\"https:\/\/www.pgcardiologiausp.com.br\/wp-content\/uploads\/2024\/12\/Formularios_Formulario_trancamento_matricula.27.03.2019.docx\" target=\"_blank\" rel=\"noopener noreferrer\">Registration suspension form<\/a> accompanied by the student&#8217;s form issued by the Janus System<\/li>\n<li><a href=\"https:\/\/www.pgcardiologiausp.com.br\/wp-content\/uploads\/2024\/12\/FORMULARIO_SOLICITACAO_DE_PRORROGACAO_DE_PRAZO_PELO_PROGRAMA.doc\" target=\"_blank\" rel=\"noopener\">Cardiology Program Deadline Extension Request Form<\/a><\/li>\n<\/ul>\n<hr \/>\n<h4><strong>ACADEMIC AND SCIENTIFIC REPORT<\/strong><\/h4>\n<ul>\n<li><a href=\"https:\/\/www.pgcardiologiausp.com.br\/wp-content\/uploads\/2024\/12\/Relatorio_academico_e_cientifico-Cardiologia.doc\" target=\"_blank\" rel=\"noopener noreferrer\">Report<\/a><\/li>\n<li><a href=\"https:\/\/www.pgcardiologiausp.com.br\/wp-content\/uploads\/2024\/12\/Relatorio_academico_e_cientifico-_PNPD_Cardiologia.docx\" target=\"_blank\" rel=\"noopener\">Report for PNPD Scholarship Holders<\/a><\/li>\n<\/ul>\n<hr \/>\n<h4><strong>QUALIFICATION EXAM<\/strong><\/h4>\n<ul>\n<li><a href=\"https:\/\/www.pgcardiologiausp.com.br\/wp-content\/uploads\/2024\/12\/ATUALI_Inscricao_para_o_EQ_Novo_Regimento.09.10.2019_1_cardio.doc\" target=\"_blank\" rel=\"noopener\">Registration for Qualifying Exam<\/a><\/li>\n<li><a href=\"https:\/\/www.pgcardiologiausp.com.br\/wp-content\/uploads\/2024\/12\/form_sugest_banc_exam_qualif.doc\" target=\"_blank\" rel=\"noopener noreferrer\">Sugest\u00e3o de banca para exame de qualifica\u00e7\u00e3o<\/a> (The members of the board must have an updated CV Lattes on <a href=\"https:\/\/lattes.cnpq.br\/\" target=\"_blank\" rel=\"noopener\">CNPq website<\/a>)<\/li>\n<li><a href=\"https:\/\/www.pgcardiologiausp.com.br\/wp-content\/uploads\/2024\/12\/CADASTRO_CONVIDADOS_EXTERNO_01junho2023-1.doc\" target=\"_blank\" rel=\"noopener\">Visiting Professor Registration<\/a><\/li>\n<li><a href=\"https:\/\/www.pgcardiologiausp.com.br\/wp-content\/uploads\/2024\/12\/CADASTRO_CONVIDADOS_EXTERNO_ESTRANGEIRO_02junho2023.doc\" target=\"_blank\" rel=\"noopener\">Registration of international visiting professor<\/a><\/li>\n<li><a href=\"https:\/\/www.pgcardiologiausp.com.br\/wp-content\/uploads\/2026\/03\/ORIENTADORES_CARDIOLOGIA_SEM_CPF.xls\">Supervisors of the Cardiology Program<\/a><\/li>\n<li><a href=\"https:\/\/www.pgcardiologiausp.com.br\/wp-content\/uploads\/2026\/03\/ORIENTADORES_CIRURGIA_SEM_CPF.xls\">Surgery Program Supervisors<\/a><\/li>\n<li><a href=\"https:\/\/www.pgcardiologiausp.com.br\/wp-content\/uploads\/2026\/03\/ORIENTADORES_CIENCIAS_DA_RESPIRACAO_SEM_CPF.xls\">Respiratory Sciences Program Advisors<\/a><\/li>\n<li><a href=\"https:\/\/www.pgcardiologiausp.com.br\/wp-content\/uploads\/2026\/03\/Sugestao-de-Professores-de-fora-SEM-CPF.xls\">List of Out-of-State Teachers (subject to change)<\/a><\/li>\n<\/ul>\n<hr \/>\n<h4><strong>THESIS DEFENSE<\/strong><\/h4>\n<ul>\n<li><a href=\"https:\/\/www.pgcardiologiausp.com.br\/wp-content\/uploads\/2024\/12\/SUGESTAO_banca_25.06.19.doc\" target=\"_blank\" rel=\"noopener\">Suggestion for a doctoral committee<\/a> (The members of the board must have an updated CV Lattes on <a href=\"https:\/\/lattes.cnpq.br\/\" target=\"_blank\" rel=\"noopener\">CNPq website<\/a>)<\/li>\n<li><a href=\"https:\/\/www.pgcardiologiausp.com.br\/wp-content\/uploads\/2024\/12\/formulario_de_agendamento_2023_atualizado_em_18012023.docx\" target=\"_blank\" rel=\"noopener\">Thesis Defense Scheduling Form<\/a><\/li>\n<li><a href=\"https:\/\/www.pgcardiologiausp.com.br\/wp-content\/uploads\/2024\/12\/CADASTRO_CONVIDADOS_EXTERNO_01junho2023-1.doc\" target=\"_blank\" rel=\"noopener\">Visiting Professor Registration<\/a><\/li>\n<li><a href=\"https:\/\/www.pgcardiologiausp.com.br\/wp-content\/uploads\/2024\/12\/CADASTRO_CONVIDADOS_EXTERNO_ESTRANGEIRO_02junho2023.doc\" target=\"_blank\" rel=\"noopener\">Registration of international visiting professor<\/a><\/li>\n<li><a href=\"https:\/\/sucupira-legado.capes.gov.br\/sucupira\/public\/consultas\/coleta\/veiculoPublicacaoQualis\/listaConsultaGeralPeriodicos.jsf\" target=\"_blank\" rel=\"noopener noreferrer\">Qualis of the magazines<\/a><\/li>\n<li><a href=\"https:\/\/www.pgcardiologiausp.com.br\/wp-content\/uploads\/2026\/03\/ORIENTADORES_CARDIOLOGIA_SEM_CPF.xls\">Supervisors of the Cardiology Program<\/a><\/li>\n<li><a href=\"https:\/\/www.pgcardiologiausp.com.br\/wp-content\/uploads\/2026\/03\/ORIENTADORES_CIRURGIA_SEM_CPF.xls\">Surgery Program Supervisors<\/a><\/li>\n<li><a href=\"https:\/\/www.pgcardiologiausp.com.br\/wp-content\/uploads\/2026\/03\/ORIENTADORES_CIENCIAS_DA_RESPIRACAO_SEM_CPF.xls\">Respiratory Sciences Program Advisors<\/a><\/li>\n<li><a href=\"https:\/\/www.pgcardiologiausp.com.br\/wp-content\/uploads\/2026\/03\/Sugestao-de-Professores-de-fora-SEM-CPF.xls\">List of Out-of-State Teachers (subject to change)<\/a><\/li>\n<li><a href=\"https:\/\/www.pgcardiologiausp.com.br\/wp-content\/uploads\/2024\/12\/Formularios_Carta_de_deposito_nova_versao.04.05.21.docx\" target=\"_blank\" rel=\"noopener\">Declaration of Fit<\/a><\/li>\n<li><a href=\"https:\/\/www.pgcardiologiausp.com.br\/wp-content\/uploads\/2024\/12\/DECLARACAO_DE_SIMILARIDADE_E_PLAGIO.doc\" target=\"_blank\" rel=\"noopener\">Statement of similarity and plagiarism<\/a> &#8211; Access the website: <a href=\"https:\/\/www.fm.usp.br\/biblioteca\/pos-graduandos\" target=\"_blank\" rel=\"noopener\">https:\/\/www.fm.usp.br\/biblioteca\/pos-graduandos<\/a> and check the information about Turnitin<\/li>\n<\/ul>\n<hr \/>\n<h4><strong>ADVISORS<\/strong><\/h4>\n<ul>\n<li><a href=\"https:\/\/www.pgcardiologiausp.com.br\/wp-content\/uploads\/2024\/12\/CRITERIOS_PARA_CREDENCIAMENTO_E_RECREDENCIAMENTO_DE_ORIENTADORES_E_COORIENTADORES.pdf\" target=\"_blank\" rel=\"noopener\">Criteria for accreditation and re-accreditation of cardiology advisors<\/a><\/li>\n<li><a href=\"https:\/\/www.pgcardiologiausp.com.br\/wp-content\/uploads\/2024\/12\/FORMULARIO_CREDENCIAMENTO_ORIENTADOR_Cardiologia4anos.doc\" target=\"_blank\" rel=\"noopener\">Request for advisor accreditation<\/a><\/li>\n<li><a href=\"https:\/\/www.pgcardiologiausp.com.br\/wp-content\/uploads\/2024\/12\/circ.copgr_.25-05_credenciamento_de_orientadores_no_contratados_pela_usp.doc\" target=\"_blank\" rel=\"noopener noreferrer\">Accreditation of advisors not hired by USP<\/a><\/li>\n<li><a href=\"https:\/\/www.pgcardiologiausp.com.br\/wp-content\/uploads\/2024\/12\/Formularios_Normatizacao_do_Credenciamento_dos_Tecnicos_de_Nivel_Superior.27.03.19.pdf\" target=\"_blank\" rel=\"noopener noreferrer\">Guidelines for accreditation of technical level advisors at USP<\/a><\/li>\n<\/ul>\n<hr \/>\n<h4><strong>DISCIPLINE<\/strong><\/h4>\n<ul>\n<li><a href=\"https:\/\/www.pgcardiologiausp.com.br\/wp-content\/uploads\/2024\/12\/FORMULARIO_PARA_CRED_RECRED_DE_DISCIPLINAS_12112021.docx\" target=\"_blank\" rel=\"noopener\">Discipline accreditation and re-accreditation<\/a><\/li>\n<li><a href=\"https:\/\/www.pgcardiologiausp.com.br\/wp-content\/uploads\/2024\/12\/Criterios_utilizados_para_credenciamento_de_disciplina.pdf\" target=\"_blank\" rel=\"noopener\">Criteria used for accreditation and re-accreditation<\/a><\/li>\n<\/ul>\n<hr \/>\n<h4><strong>APPLICATION FOR ASSISTANCE<\/strong><\/h4>\n<ul>\n<li><a href=\"https:\/\/www.pgcardiologiausp.com.br\/wp-content\/uploads\/2024\/12\/Criterios_auxilios.CARDIOLOGIA_15.pdf\" target=\"_blank\" rel=\"noopener\">Criteria for requesting aid<\/a><\/li>\n<li><a href=\"https:\/\/www.pgcardiologiausp.com.br\/wp-content\/uploads\/2024\/12\/ATUALI_Formulario_solicitacao_de_verba__-_Auxlio_Congresso_Internacional.doc\" target=\"_blank\" rel=\"noopener\">Request for funding for International Congress Assistance<\/a> <strong><br \/>\n<\/strong><\/li>\n<li><a href=\"https:\/\/www.pgcardiologiausp.com.br\/wp-content\/uploads\/2024\/12\/ATUALI_Formulario_solicitacao_de_reembolso_pagamento_Publicacao.doc\" target=\"_blank\" rel=\"noopener\">Request for funding for publication and article review<\/a><\/li>\n<\/ul>\n","protected":false},"excerpt":{"rendered":"<p>**Do not include a date in the forms below** LINK FOR REGISTRATION AND ENROLLMENT https:\/\/digital.fm.usp.br\/alunoregular ENROLLMENT Registration Form REGISTRATION Initial registration of new students Enrollment in<span class=\"excerpt-hellip\"> [\u2026]<\/span><\/p>\n","protected":false},"author":1,"featured_media":112,"parent":133,"menu_order":0,"comment_status":"closed","ping_status":"closed","template":"","meta":{"footnotes":""},"class_list":["post-147","page","type-page","status-publish","has-post-thumbnail","hentry"],"yoast_head":"<!-- This site is optimized with the Yoast SEO plugin v25.8 - https:\/\/yoast.com\/wordpress\/plugins\/seo\/ -->\n<title>Forms - P\u00f3s-Gradua\u00e7\u00e3o em Cardiologia FMUSP<\/title>\n<meta name=\"robots\" content=\"index, follow, max-snippet:-1, max-image-preview:large, max-video-preview:-1\" \/>\n<link rel=\"canonical\" href=\"https:\/\/www.pgcardiologiausp.com.br\/procedimentos\/formularios\/\" \/>\n<meta property=\"og:locale\" content=\"en_US\" \/>\n<meta property=\"og:type\" content=\"article\" \/>\n<meta property=\"og:title\" content=\"Forms - P\u00f3s-Gradua\u00e7\u00e3o em Cardiologia FMUSP\" \/>\n<meta property=\"og:description\" content=\"**Do not include a date in the forms below** LINK FOR REGISTRATION AND ENROLLMENT https:\/\/digital.fm.usp.br\/alunoregular ENROLLMENT Registration Form REGISTRATION Initial registration of new students Enrollment in [\u2026]\" \/>\n<meta property=\"og:url\" content=\"https:\/\/www.pgcardiologiausp.com.br\/procedimentos\/formularios\/\" \/>\n<meta property=\"og:site_name\" content=\"P\u00f3s-Gradua\u00e7\u00e3o em Cardiologia FMUSP\" \/>\n<meta property=\"article:modified_time\" content=\"2026-03-10T13:24:45+00:00\" \/>\n<meta property=\"og:image\" content=\"https:\/\/www.pgcardiologiausp.com.br\/wp-content\/uploads\/2024\/12\/bgheader_pgcardio_v1.2.jpg\" \/>\n\t<meta property=\"og:image:width\" content=\"1920\" \/>\n\t<meta property=\"og:image:height\" content=\"800\" \/>\n\t<meta property=\"og:image:type\" content=\"image\/jpeg\" \/>\n<meta name=\"twitter:card\" content=\"summary_large_image\" \/>\n<script type=\"application\/ld+json\" class=\"yoast-schema-graph\">{\"@context\":\"https:\/\/schema.org\",\"@graph\":[{\"@type\":\"WebPage\",\"@id\":\"https:\/\/www.pgcardiologiausp.com.br\/procedimentos\/formularios\/\",\"url\":\"https:\/\/www.pgcardiologiausp.com.br\/procedimentos\/formularios\/\",\"name\":\"Forms - P\u00f3s-Gradua\u00e7\u00e3o em Cardiologia FMUSP\",\"isPartOf\":{\"@id\":\"https:\/\/www.pgcardiologiausp.com.br\/#website\"},\"primaryImageOfPage\":{\"@id\":\"https:\/\/www.pgcardiologiausp.com.br\/procedimentos\/formularios\/#primaryimage\"},\"image\":{\"@id\":\"https:\/\/www.pgcardiologiausp.com.br\/procedimentos\/formularios\/#primaryimage\"},\"thumbnailUrl\":\"https:\/\/www.pgcardiologiausp.com.br\/wp-content\/uploads\/2024\/12\/bgheader_pgcardio_v1.2.jpg\",\"datePublished\":\"2024-12-09T01:41:02+00:00\",\"dateModified\":\"2026-03-10T13:24:45+00:00\",\"breadcrumb\":{\"@id\":\"https:\/\/www.pgcardiologiausp.com.br\/procedimentos\/formularios\/#breadcrumb\"},\"inLanguage\":\"en-US\",\"potentialAction\":[{\"@type\":\"ReadAction\",\"target\":[\"https:\/\/www.pgcardiologiausp.com.br\/procedimentos\/formularios\/\"]}]},{\"@type\":\"ImageObject\",\"inLanguage\":\"en-US\",\"@id\":\"https:\/\/www.pgcardiologiausp.com.br\/procedimentos\/formularios\/#primaryimage\",\"url\":\"https:\/\/www.pgcardiologiausp.com.br\/wp-content\/uploads\/2024\/12\/bgheader_pgcardio_v1.2.jpg\",\"contentUrl\":\"https:\/\/www.pgcardiologiausp.com.br\/wp-content\/uploads\/2024\/12\/bgheader_pgcardio_v1.2.jpg\",\"width\":1920,\"height\":800},{\"@type\":\"BreadcrumbList\",\"@id\":\"https:\/\/www.pgcardiologiausp.com.br\/procedimentos\/formularios\/#breadcrumb\",\"itemListElement\":[{\"@type\":\"ListItem\",\"position\":1,\"name\":\"Home\",\"item\":\"https:\/\/www.pgcardiologiausp.com.br\/\"},{\"@type\":\"ListItem\",\"position\":2,\"name\":\"Procedimentos\",\"item\":\"https:\/\/www.pgcardiologiausp.com.br\/procedimentos\/\"},{\"@type\":\"ListItem\",\"position\":3,\"name\":\"Formul\u00e1rios\"}]},{\"@type\":\"WebSite\",\"@id\":\"https:\/\/www.pgcardiologiausp.com.br\/#website\",\"url\":\"https:\/\/www.pgcardiologiausp.com.br\/\",\"name\":\"P\u00f3s-Gradua\u00e7\u00e3o em Cardiologia FMUSP\",\"description\":\"\",\"publisher\":{\"@id\":\"https:\/\/www.pgcardiologiausp.com.br\/#organization\"},\"potentialAction\":[{\"@type\":\"SearchAction\",\"target\":{\"@type\":\"EntryPoint\",\"urlTemplate\":\"https:\/\/www.pgcardiologiausp.com.br\/?s={search_term_string}\"},\"query-input\":{\"@type\":\"PropertyValueSpecification\",\"valueRequired\":true,\"valueName\":\"search_term_string\"}}],\"inLanguage\":\"en-US\"},{\"@type\":\"Organization\",\"@id\":\"https:\/\/www.pgcardiologiausp.com.br\/#organization\",\"name\":\"P\u00f3s-Gradua\u00e7\u00e3o em Cardiologia FMUSP\",\"url\":\"https:\/\/www.pgcardiologiausp.com.br\/\",\"logo\":{\"@type\":\"ImageObject\",\"inLanguage\":\"en-US\",\"@id\":\"https:\/\/www.pgcardiologiausp.com.br\/#\/schema\/logo\/image\/\",\"url\":\"https:\/\/www.pgcardiologiausp.com.br\/wp-content\/uploads\/2024\/12\/pg_cardio_usp-logo-v1-clearbg-500x341-1.png\",\"contentUrl\":\"https:\/\/www.pgcardiologiausp.com.br\/wp-content\/uploads\/2024\/12\/pg_cardio_usp-logo-v1-clearbg-500x341-1.png\",\"width\":500,\"height\":177,\"caption\":\"P\u00f3s-Gradua\u00e7\u00e3o em Cardiologia FMUSP\"},\"image\":{\"@id\":\"https:\/\/www.pgcardiologiausp.com.br\/#\/schema\/logo\/image\/\"}}]}<\/script>\n<!-- \/ Yoast SEO plugin. -->","yoast_head_json":{"title":"Forms - P\u00f3s-Gradua\u00e7\u00e3o em Cardiologia FMUSP","robots":{"index":"index","follow":"follow","max-snippet":"max-snippet:-1","max-image-preview":"max-image-preview:large","max-video-preview":"max-video-preview:-1"},"canonical":"https:\/\/www.pgcardiologiausp.com.br\/procedimentos\/formularios\/","og_locale":"en_US","og_type":"article","og_title":"Forms - P\u00f3s-Gradua\u00e7\u00e3o em Cardiologia FMUSP","og_description":"**Do not include a date in the forms below** LINK FOR REGISTRATION AND ENROLLMENT https:\/\/digital.fm.usp.br\/alunoregular ENROLLMENT Registration Form REGISTRATION Initial registration of new students Enrollment in [\u2026]","og_url":"https:\/\/www.pgcardiologiausp.com.br\/procedimentos\/formularios\/","og_site_name":"P\u00f3s-Gradua\u00e7\u00e3o em Cardiologia FMUSP","article_modified_time":"2026-03-10T13:24:45+00:00","og_image":[{"width":1920,"height":800,"url":"https:\/\/www.pgcardiologiausp.com.br\/wp-content\/uploads\/2024\/12\/bgheader_pgcardio_v1.2.jpg","type":"image\/jpeg"}],"twitter_card":"summary_large_image","schema":{"@context":"https:\/\/schema.org","@graph":[{"@type":"WebPage","@id":"https:\/\/www.pgcardiologiausp.com.br\/procedimentos\/formularios\/","url":"https:\/\/www.pgcardiologiausp.com.br\/procedimentos\/formularios\/","name":"Forms - P\u00f3s-Gradua\u00e7\u00e3o em Cardiologia FMUSP","isPartOf":{"@id":"https:\/\/www.pgcardiologiausp.com.br\/#website"},"primaryImageOfPage":{"@id":"https:\/\/www.pgcardiologiausp.com.br\/procedimentos\/formularios\/#primaryimage"},"image":{"@id":"https:\/\/www.pgcardiologiausp.com.br\/procedimentos\/formularios\/#primaryimage"},"thumbnailUrl":"https:\/\/www.pgcardiologiausp.com.br\/wp-content\/uploads\/2024\/12\/bgheader_pgcardio_v1.2.jpg","datePublished":"2024-12-09T01:41:02+00:00","dateModified":"2026-03-10T13:24:45+00:00","breadcrumb":{"@id":"https:\/\/www.pgcardiologiausp.com.br\/procedimentos\/formularios\/#breadcrumb"},"inLanguage":"en-US","potentialAction":[{"@type":"ReadAction","target":["https:\/\/www.pgcardiologiausp.com.br\/procedimentos\/formularios\/"]}]},{"@type":"ImageObject","inLanguage":"en-US","@id":"https:\/\/www.pgcardiologiausp.com.br\/procedimentos\/formularios\/#primaryimage","url":"https:\/\/www.pgcardiologiausp.com.br\/wp-content\/uploads\/2024\/12\/bgheader_pgcardio_v1.2.jpg","contentUrl":"https:\/\/www.pgcardiologiausp.com.br\/wp-content\/uploads\/2024\/12\/bgheader_pgcardio_v1.2.jpg","width":1920,"height":800},{"@type":"BreadcrumbList","@id":"https:\/\/www.pgcardiologiausp.com.br\/procedimentos\/formularios\/#breadcrumb","itemListElement":[{"@type":"ListItem","position":1,"name":"Home","item":"https:\/\/www.pgcardiologiausp.com.br\/"},{"@type":"ListItem","position":2,"name":"Procedimentos","item":"https:\/\/www.pgcardiologiausp.com.br\/procedimentos\/"},{"@type":"ListItem","position":3,"name":"Formul\u00e1rios"}]},{"@type":"WebSite","@id":"https:\/\/www.pgcardiologiausp.com.br\/#website","url":"https:\/\/www.pgcardiologiausp.com.br\/","name":"P\u00f3s-Gradua\u00e7\u00e3o em Cardiologia FMUSP","description":"","publisher":{"@id":"https:\/\/www.pgcardiologiausp.com.br\/#organization"},"potentialAction":[{"@type":"SearchAction","target":{"@type":"EntryPoint","urlTemplate":"https:\/\/www.pgcardiologiausp.com.br\/?s={search_term_string}"},"query-input":{"@type":"PropertyValueSpecification","valueRequired":true,"valueName":"search_term_string"}}],"inLanguage":"en-US"},{"@type":"Organization","@id":"https:\/\/www.pgcardiologiausp.com.br\/#organization","name":"P\u00f3s-Gradua\u00e7\u00e3o em Cardiologia FMUSP","url":"https:\/\/www.pgcardiologiausp.com.br\/","logo":{"@type":"ImageObject","inLanguage":"en-US","@id":"https:\/\/www.pgcardiologiausp.com.br\/#\/schema\/logo\/image\/","url":"https:\/\/www.pgcardiologiausp.com.br\/wp-content\/uploads\/2024\/12\/pg_cardio_usp-logo-v1-clearbg-500x341-1.png","contentUrl":"https:\/\/www.pgcardiologiausp.com.br\/wp-content\/uploads\/2024\/12\/pg_cardio_usp-logo-v1-clearbg-500x341-1.png","width":500,"height":177,"caption":"P\u00f3s-Gradua\u00e7\u00e3o em Cardiologia FMUSP"},"image":{"@id":"https:\/\/www.pgcardiologiausp.com.br\/#\/schema\/logo\/image\/"}}]}},"_links":{"self":[{"href":"https:\/\/www.pgcardiologiausp.com.br\/en\/wp-json\/wp\/v2\/pages\/147","targetHints":{"allow":["GET"]}}],"collection":[{"href":"https:\/\/www.pgcardiologiausp.com.br\/en\/wp-json\/wp\/v2\/pages"}],"about":[{"href":"https:\/\/www.pgcardiologiausp.com.br\/en\/wp-json\/wp\/v2\/types\/page"}],"author":[{"embeddable":true,"href":"https:\/\/www.pgcardiologiausp.com.br\/en\/wp-json\/wp\/v2\/users\/1"}],"replies":[{"embeddable":true,"href":"https:\/\/www.pgcardiologiausp.com.br\/en\/wp-json\/wp\/v2\/comments?post=147"}],"version-history":[{"count":27,"href":"https:\/\/www.pgcardiologiausp.com.br\/en\/wp-json\/wp\/v2\/pages\/147\/revisions"}],"predecessor-version":[{"id":2964,"href":"https:\/\/www.pgcardiologiausp.com.br\/en\/wp-json\/wp\/v2\/pages\/147\/revisions\/2964"}],"up":[{"embeddable":true,"href":"https:\/\/www.pgcardiologiausp.com.br\/en\/wp-json\/wp\/v2\/pages\/133"}],"wp:featuredmedia":[{"embeddable":true,"href":"https:\/\/www.pgcardiologiausp.com.br\/en\/wp-json\/wp\/v2\/media\/112"}],"wp:attachment":[{"href":"https:\/\/www.pgcardiologiausp.com.br\/en\/wp-json\/wp\/v2\/media?parent=147"}],"curies":[{"name":"wp","href":"https:\/\/api.w.org\/{rel}","templated":true}]}}