{"id":2,"date":"2017-08-14T08:50:41","date_gmt":"2017-08-14T08:50:41","guid":{"rendered":"https:\/\/www.pgcardiologiausp.com.br\/?page_id=2"},"modified":"2026-04-06T15:40:58","modified_gmt":"2026-04-06T18:40:58","slug":"home","status":"publish","type":"page","link":"https:\/\/www.pgcardiologiausp.com.br\/en\/","title":{"rendered":"Home"},"content":{"rendered":"<p data-start=\"49\" data-end=\"486\"><strong><span style=\"color: #333399;\">Student: Leandro Richa Valim<\/span><\/strong><br data-start=\"81\" data-end=\"84\" \/><strong data-start=\"84\" data-end=\"93\">Date:<\/strong> 06\/27\/2025<br data-start=\"104\" data-end=\"107\" \/><strong data-start=\"107\" data-end=\"116\">Time:<\/strong> 8:00 a.m.<br data-start=\"126\" data-end=\"129\" \/><strong data-start=\"129\" data-end=\"142\">Location:<\/strong> Pharmacology Auditorium &#8211; Room 3104 &#8211; 3rd Floor &#8211; Main Building &#8211; FMUSP<br data-start=\"214\" data-end=\"217\" \/><strong data-start=\"217\" data-end=\"229\" data-is-only-node=\"\">Advisor:<\/strong> Dr. Henrique Barbosa Ribeiro<br data-start=\"258\" data-end=\"261\" \/><strong data-start=\"261\" data-end=\"278\">Thesis Title:<\/strong> <em data-start=\"279\" data-end=\"486\">Avalia\u00e7\u00e3o da cicatriza\u00e7\u00e3o neointimal de stent farmacol\u00f3gico de segunda gera\u00e7\u00e3o longo, com formato c\u00f4nico e hastes ultrafinas (estudo TAPER-I): um estudo de tomografia de coer\u00eancia \u00f3ptica baseada em intelig\u00eancia artificial.<\/em><\/p>\n<hr data-start=\"488\" data-end=\"491\" \/>\n<p data-start=\"493\" data-end=\"880\"><strong><span style=\"color: #333399;\">Student: Kleisson Antonio Pontes Maia<\/span><\/strong><br data-start=\"534\" data-end=\"537\" \/><strong data-start=\"537\" data-end=\"546\">Date:<\/strong> 07\/29\/2025<br data-start=\"557\" data-end=\"560\" \/><strong data-start=\"560\" data-end=\"569\">Time:<\/strong> 1:30 p.m.<br data-start=\"579\" data-end=\"582\" \/><strong data-start=\"582\" data-end=\"595\">Location:<\/strong> Pharmacology Auditorium &#8211; Room 3104 &#8211; 3rd Floor &#8211; Main Building &#8211; FMUSP<br data-start=\"667\" data-end=\"670\" \/><strong data-start=\"670\" data-end=\"682\" data-is-only-node=\"\">Advisor:<\/strong> Prof. Dr. Raul Dias Santos Junior<br data-start=\"716\" data-end=\"719\" \/><strong data-start=\"719\" data-end=\"736\">Thesis Title:<\/strong> Perfil cl\u00ednico, laboratorial e molecular de mulheres e homens portadores de hipercolesterolemia familiar participantes do programa Hipercol Brasil.<\/p>\n<hr data-start=\"882\" data-end=\"885\" \/>\n<p data-start=\"887\" data-end=\"1197\"><span style=\"color: #333399;\"><strong>Student: Marcelo de Sousa Londe<\/strong><\/span><br data-start=\"922\" data-end=\"925\" \/><strong data-start=\"925\" data-end=\"934\">Date:<\/strong> 07\/31\/2025<br data-start=\"945\" data-end=\"948\" \/><strong data-start=\"948\" data-end=\"957\">Time:<\/strong> 8:00 a.m.<br data-start=\"967\" data-end=\"970\" \/><strong data-start=\"970\" data-end=\"983\">Location:<\/strong> Pharmacology Auditorium &#8211; Room 3104 &#8211; 3rd Floor &#8211; Main Building &#8211; FMUSP<br data-start=\"1055\" data-end=\"1058\" \/><strong data-start=\"1058\" data-end=\"1070\" data-is-only-node=\"\">Advisor:<\/strong> Prof. Dr. Carlos Alberto Pastore<br data-start=\"1103\" data-end=\"1106\" \/><strong data-start=\"1106\" data-end=\"1123\">Thesis Title:<\/strong> Proposta de posicionamento dos eletrodos em c\u00e3es atrav\u00e9s da eletrovetorcardiografia.<\/p>\n<hr \/>\n<p data-start=\"887\" data-end=\"1197\">\n","protected":false},"excerpt":{"rendered":"<p>Student: Leandro Richa ValimDate: 06\/27\/2025Time: 8:00 a.m.Location: Pharmacology Auditorium &#8211; Room 3104 &#8211; 3rd Floor &#8211; Main Building &#8211; FMUSPAdvisor: Dr. Henrique Barbosa RibeiroThesis Title: Avalia\u00e7\u00e3o<span class=\"excerpt-hellip\"> [\u2026]<\/span><\/p>\n","protected":false},"author":1,"featured_media":0,"parent":0,"menu_order":0,"comment_status":"closed","ping_status":"closed","template":"","meta":{"footnotes":""},"class_list":["post-2","page","type-page","status-publish","hentry"],"yoast_head":"<!-- This site is optimized with the Yoast SEO plugin v25.8 - https:\/\/yoast.com\/wordpress\/plugins\/seo\/ -->\n<title>P\u00f3s-Gradua\u00e7\u00e3o em Cardiologia FMUSP<\/title>\n<meta name=\"description\" content=\"Desde 1973, o Programa de P\u00f3s-Gradua\u00e7\u00e3o em Cardiologia da Faculdade de Medicina da USP \u00e9 refer\u00eancia em excel\u00eancia. CAPES 7.\" \/>\n<meta name=\"robots\" content=\"index, follow, max-snippet:-1, max-image-preview:large, max-video-preview:-1\" \/>\n<link rel=\"canonical\" href=\"https:\/\/www.pgcardiologiausp.com.br\/\" \/>\n<meta property=\"og:locale\" content=\"en_US\" \/>\n<meta property=\"og:type\" content=\"article\" \/>\n<meta property=\"og:title\" content=\"P\u00f3s-Gradua\u00e7\u00e3o em Cardiologia FMUSP\" \/>\n<meta property=\"og:description\" content=\"Desde 1973, o Programa de P\u00f3s-Gradua\u00e7\u00e3o em Cardiologia da Faculdade de Medicina da USP \u00e9 refer\u00eancia em excel\u00eancia. CAPES 7.\" \/>\n<meta property=\"og:url\" content=\"https:\/\/www.pgcardiologiausp.com.br\/\" \/>\n<meta property=\"og:site_name\" content=\"P\u00f3s-Gradua\u00e7\u00e3o em Cardiologia FMUSP\" \/>\n<meta property=\"article:modified_time\" content=\"2026-04-06T18:40:58+00:00\" \/>\n<meta property=\"og:image\" content=\"https:\/\/www.pgcardiologiausp.com.br\/wp-content\/uploads\/2024\/12\/thumb_pgcardio.jpg\" \/>\n\t<meta property=\"og:image:width\" content=\"820\" \/>\n\t<meta property=\"og:image:height\" content=\"461\" \/>\n\t<meta property=\"og:image:type\" content=\"image\/jpeg\" \/>\n<meta name=\"twitter:card\" content=\"summary_large_image\" \/>\n<script type=\"application\/ld+json\" class=\"yoast-schema-graph\">{\"@context\":\"https:\/\/schema.org\",\"@graph\":[{\"@type\":\"WebPage\",\"@id\":\"https:\/\/www.pgcardiologiausp.com.br\/\",\"url\":\"https:\/\/www.pgcardiologiausp.com.br\/\",\"name\":\"P\u00f3s-Gradua\u00e7\u00e3o em Cardiologia FMUSP\",\"isPartOf\":{\"@id\":\"https:\/\/www.pgcardiologiausp.com.br\/#website\"},\"datePublished\":\"2017-08-14T08:50:41+00:00\",\"dateModified\":\"2026-04-06T18:40:58+00:00\",\"description\":\"Desde 1973, o Programa de P\u00f3s-Gradua\u00e7\u00e3o em Cardiologia da Faculdade de Medicina da USP \u00e9 refer\u00eancia em excel\u00eancia. CAPES 7.\",\"breadcrumb\":{\"@id\":\"https:\/\/www.pgcardiologiausp.com.br\/#breadcrumb\"},\"inLanguage\":\"en-US\",\"potentialAction\":[{\"@type\":\"ReadAction\",\"target\":[\"https:\/\/www.pgcardiologiausp.com.br\/\"]}]},{\"@type\":\"BreadcrumbList\",\"@id\":\"https:\/\/www.pgcardiologiausp.com.br\/#breadcrumb\",\"itemListElement\":[{\"@type\":\"ListItem\",\"position\":1,\"name\":\"Home\",\"item\":\"https:\/\/www.pgcardiologiausp.com.br\/\"},{\"@type\":\"ListItem\",\"position\":2,\"name\":\"Home\"}]},{\"@type\":\"WebSite\",\"@id\":\"https:\/\/www.pgcardiologiausp.com.br\/#website\",\"url\":\"https:\/\/www.pgcardiologiausp.com.br\/\",\"name\":\"P\u00f3s-Gradua\u00e7\u00e3o em Cardiologia FMUSP\",\"description\":\"\",\"publisher\":{\"@id\":\"https:\/\/www.pgcardiologiausp.com.br\/#organization\"},\"potentialAction\":[{\"@type\":\"SearchAction\",\"target\":{\"@type\":\"EntryPoint\",\"urlTemplate\":\"https:\/\/www.pgcardiologiausp.com.br\/?s={search_term_string}\"},\"query-input\":{\"@type\":\"PropertyValueSpecification\",\"valueRequired\":true,\"valueName\":\"search_term_string\"}}],\"inLanguage\":\"en-US\"},{\"@type\":\"Organization\",\"@id\":\"https:\/\/www.pgcardiologiausp.com.br\/#organization\",\"name\":\"P\u00f3s-Gradua\u00e7\u00e3o em Cardiologia FMUSP\",\"url\":\"https:\/\/www.pgcardiologiausp.com.br\/\",\"logo\":{\"@type\":\"ImageObject\",\"inLanguage\":\"en-US\",\"@id\":\"https:\/\/www.pgcardiologiausp.com.br\/#\/schema\/logo\/image\/\",\"url\":\"https:\/\/www.pgcardiologiausp.com.br\/wp-content\/uploads\/2024\/12\/pg_cardio_usp-logo-v1-clearbg-500x341-1.png\",\"contentUrl\":\"https:\/\/www.pgcardiologiausp.com.br\/wp-content\/uploads\/2024\/12\/pg_cardio_usp-logo-v1-clearbg-500x341-1.png\",\"width\":500,\"height\":177,\"caption\":\"P\u00f3s-Gradua\u00e7\u00e3o em Cardiologia FMUSP\"},\"image\":{\"@id\":\"https:\/\/www.pgcardiologiausp.com.br\/#\/schema\/logo\/image\/\"}}]}<\/script>\n<!-- \/ Yoast SEO plugin. -->","yoast_head_json":{"title":"P\u00f3s-Gradua\u00e7\u00e3o em Cardiologia FMUSP","description":"Desde 1973, o Programa de P\u00f3s-Gradua\u00e7\u00e3o em Cardiologia da Faculdade de Medicina da USP \u00e9 refer\u00eancia em excel\u00eancia. CAPES 7.","robots":{"index":"index","follow":"follow","max-snippet":"max-snippet:-1","max-image-preview":"max-image-preview:large","max-video-preview":"max-video-preview:-1"},"canonical":"https:\/\/www.pgcardiologiausp.com.br\/","og_locale":"en_US","og_type":"article","og_title":"P\u00f3s-Gradua\u00e7\u00e3o em Cardiologia FMUSP","og_description":"Desde 1973, o Programa de P\u00f3s-Gradua\u00e7\u00e3o em Cardiologia da Faculdade de Medicina da USP \u00e9 refer\u00eancia em excel\u00eancia. CAPES 7.","og_url":"https:\/\/www.pgcardiologiausp.com.br\/","og_site_name":"P\u00f3s-Gradua\u00e7\u00e3o em Cardiologia FMUSP","article_modified_time":"2026-04-06T18:40:58+00:00","og_image":[{"width":820,"height":461,"url":"https:\/\/www.pgcardiologiausp.com.br\/wp-content\/uploads\/2024\/12\/thumb_pgcardio.jpg","type":"image\/jpeg"}],"twitter_card":"summary_large_image","schema":{"@context":"https:\/\/schema.org","@graph":[{"@type":"WebPage","@id":"https:\/\/www.pgcardiologiausp.com.br\/","url":"https:\/\/www.pgcardiologiausp.com.br\/","name":"P\u00f3s-Gradua\u00e7\u00e3o em Cardiologia FMUSP","isPartOf":{"@id":"https:\/\/www.pgcardiologiausp.com.br\/#website"},"datePublished":"2017-08-14T08:50:41+00:00","dateModified":"2026-04-06T18:40:58+00:00","description":"Desde 1973, o Programa de P\u00f3s-Gradua\u00e7\u00e3o em Cardiologia da Faculdade de Medicina da USP \u00e9 refer\u00eancia em excel\u00eancia. CAPES 7.","breadcrumb":{"@id":"https:\/\/www.pgcardiologiausp.com.br\/#breadcrumb"},"inLanguage":"en-US","potentialAction":[{"@type":"ReadAction","target":["https:\/\/www.pgcardiologiausp.com.br\/"]}]},{"@type":"BreadcrumbList","@id":"https:\/\/www.pgcardiologiausp.com.br\/#breadcrumb","itemListElement":[{"@type":"ListItem","position":1,"name":"Home","item":"https:\/\/www.pgcardiologiausp.com.br\/"},{"@type":"ListItem","position":2,"name":"Home"}]},{"@type":"WebSite","@id":"https:\/\/www.pgcardiologiausp.com.br\/#website","url":"https:\/\/www.pgcardiologiausp.com.br\/","name":"P\u00f3s-Gradua\u00e7\u00e3o em Cardiologia FMUSP","description":"","publisher":{"@id":"https:\/\/www.pgcardiologiausp.com.br\/#organization"},"potentialAction":[{"@type":"SearchAction","target":{"@type":"EntryPoint","urlTemplate":"https:\/\/www.pgcardiologiausp.com.br\/?s={search_term_string}"},"query-input":{"@type":"PropertyValueSpecification","valueRequired":true,"valueName":"search_term_string"}}],"inLanguage":"en-US"},{"@type":"Organization","@id":"https:\/\/www.pgcardiologiausp.com.br\/#organization","name":"P\u00f3s-Gradua\u00e7\u00e3o em Cardiologia FMUSP","url":"https:\/\/www.pgcardiologiausp.com.br\/","logo":{"@type":"ImageObject","inLanguage":"en-US","@id":"https:\/\/www.pgcardiologiausp.com.br\/#\/schema\/logo\/image\/","url":"https:\/\/www.pgcardiologiausp.com.br\/wp-content\/uploads\/2024\/12\/pg_cardio_usp-logo-v1-clearbg-500x341-1.png","contentUrl":"https:\/\/www.pgcardiologiausp.com.br\/wp-content\/uploads\/2024\/12\/pg_cardio_usp-logo-v1-clearbg-500x341-1.png","width":500,"height":177,"caption":"P\u00f3s-Gradua\u00e7\u00e3o em Cardiologia FMUSP"},"image":{"@id":"https:\/\/www.pgcardiologiausp.com.br\/#\/schema\/logo\/image\/"}}]}},"_links":{"self":[{"href":"https:\/\/www.pgcardiologiausp.com.br\/en\/wp-json\/wp\/v2\/pages\/2","targetHints":{"allow":["GET"]}}],"collection":[{"href":"https:\/\/www.pgcardiologiausp.com.br\/en\/wp-json\/wp\/v2\/pages"}],"about":[{"href":"https:\/\/www.pgcardiologiausp.com.br\/en\/wp-json\/wp\/v2\/types\/page"}],"author":[{"embeddable":true,"href":"https:\/\/www.pgcardiologiausp.com.br\/en\/wp-json\/wp\/v2\/users\/1"}],"replies":[{"embeddable":true,"href":"https:\/\/www.pgcardiologiausp.com.br\/en\/wp-json\/wp\/v2\/comments?post=2"}],"version-history":[{"count":28,"href":"https:\/\/www.pgcardiologiausp.com.br\/en\/wp-json\/wp\/v2\/pages\/2\/revisions"}],"predecessor-version":[{"id":3019,"href":"https:\/\/www.pgcardiologiausp.com.br\/en\/wp-json\/wp\/v2\/pages\/2\/revisions\/3019"}],"wp:attachment":[{"href":"https:\/\/www.pgcardiologiausp.com.br\/en\/wp-json\/wp\/v2\/media?parent=2"}],"curies":[{"name":"wp","href":"https:\/\/api.w.org\/{rel}","templated":true}]}}