{"id":272,"date":"2024-12-21T13:37:41","date_gmt":"2024-12-21T16:37:41","guid":{"rendered":"https:\/\/www.pgcardiologiausp.com.br\/?page_id=272"},"modified":"2025-08-28T13:34:07","modified_gmt":"2025-08-28T16:34:07","slug":"premios","status":"publish","type":"page","link":"https:\/\/www.pgcardiologiausp.com.br\/en\/o-programa\/premios\/","title":{"rendered":"Awards"},"content":{"rendered":"<h3 id=\"tw-target-text\" class=\"tw-data-text tw-text-large tw-ta\" dir=\"ltr\" style=\"text-align: center;\" data-placeholder=\"Tradu\u00e7\u00e3o\" data-ved=\"2ahUKEwjB8--U_o6OAxX1LrkGHWbOKHgQ3ewLegQICRAV\" aria-label=\"Texto traduzido: Awards\"><span style=\"color: #333399;\"><span class=\"Y2IQFc\" lang=\"en\">Awards:<\/span> 45th Congress of the S\u00e3o Paulo State Society of Cardiology<\/span><\/h3>\n<p>On June 19th, 20th, and 21st, the\u00a0<strong>45th Congress of the S\u00e3o Paulo State Society of Cardiology<\/strong>\u00a0(SOCESP) was held at the Transamerica Expo Center in S\u00e3o Paulo.<\/p>\n<p>The\u00a0<strong>SOCESP Congress<\/strong>\u00a0is a distinguished event, aligned with the latest international proposals and protocols in the specialty. It ranks among the five largest and most prestigious cardiology congresses in the world, offering a comfortable space for professional updates, technological innovation, discussions with leading experts, and opportunities for young cardiologists, allowing knowledge to be shared seriously and openly.<\/p>\n<p>Among the various topics covered, some studies were selected for awards. This year, the highlights were:<\/p>\n<h4><strong>Luiz Vener\u00e9 Decourt Award for Best Clinical Research<\/strong><\/h4>\n<p><img loading=\"lazy\" decoding=\"async\" class=\"wp-image-2413 alignleft\" src=\"https:\/\/www.pgcardiologiausp.com.br\/wp-content\/uploads\/2025\/06\/zioti_gowdak-e1750875570816-500x479.jpg\" sizes=\"auto, (max-width:767px) 320px, 320px\" srcset=\"https:\/\/www.pgcardiologiausp.com.br\/wp-content\/uploads\/2025\/06\/zioti_gowdak-e1750875570816-500x479.jpg 500w, https:\/\/www.pgcardiologiausp.com.br\/wp-content\/uploads\/2025\/06\/zioti_gowdak-e1750875570816-300x288.jpg 300w, https:\/\/www.pgcardiologiausp.com.br\/wp-content\/uploads\/2025\/06\/zioti_gowdak-e1750875570816-78x75.jpg 78w, https:\/\/www.pgcardiologiausp.com.br\/wp-content\/uploads\/2025\/06\/zioti_gowdak-e1750875570816-480x460.jpg 480w, https:\/\/www.pgcardiologiausp.com.br\/wp-content\/uploads\/2025\/06\/zioti_gowdak-e1750875570816.jpg 720w\" alt=\"\" width=\"320\" height=\"307\" \/><\/p>\n<p>&nbsp;<\/p>\n<p data-start=\"805\" data-end=\"868\">The student\u00a0<strong>Sara Del Vecchio Ziotti<\/strong>\u00a0was the grand prize winner.<\/p>\n<p data-start=\"870\" data-end=\"915\">Advisor:\u00a0<strong>Prof. Dr. Luis Henrique Wolf Gowdak<\/strong>.<\/p>\n<p data-start=\"917\" data-end=\"1072\">Title of the study: \u201c<a href=\"https:\/\/socesp2025.com.br\/trabalho\/resumo\/2218\">Perfil Cl\u00ednico-demogr\u00e1fico e Adequa\u00e7\u00e3o da Interven\u00e7\u00e3o Coron\u00e1ria Percut\u00e2nea Eletiva em um Centro de Cardiologia Brasileiro<\/a>\u201c.<\/p>\n<p>&nbsp;<\/p>\n<p>&nbsp;<\/p>\n<p>&nbsp;<\/p>\n<h4><\/h4>\n<h4><strong>Young Investigator Award \u2013 Josef Feher<\/strong><\/h4>\n<p><img loading=\"lazy\" decoding=\"async\" class=\"wp-image-2420 alignleft\" src=\"https:\/\/www.pgcardiologiausp.com.br\/wp-content\/uploads\/2025\/06\/WhatsApp-Image-2025-06-25-at-13.33.00-2-e1750875945465-497x500.jpeg\" sizes=\"auto, (max-width:767px) 329px, 329px\" srcset=\"https:\/\/www.pgcardiologiausp.com.br\/wp-content\/uploads\/2025\/06\/WhatsApp-Image-2025-06-25-at-13.33.00-2-e1750875945465-497x500.jpeg 497w, https:\/\/www.pgcardiologiausp.com.br\/wp-content\/uploads\/2025\/06\/WhatsApp-Image-2025-06-25-at-13.33.00-2-e1750875945465-298x300.jpeg 298w, https:\/\/www.pgcardiologiausp.com.br\/wp-content\/uploads\/2025\/06\/WhatsApp-Image-2025-06-25-at-13.33.00-2-e1750875945465-768x773.jpeg 768w, https:\/\/www.pgcardiologiausp.com.br\/wp-content\/uploads\/2025\/06\/WhatsApp-Image-2025-06-25-at-13.33.00-2-e1750875945465-150x150.jpeg 150w, https:\/\/www.pgcardiologiausp.com.br\/wp-content\/uploads\/2025\/06\/WhatsApp-Image-2025-06-25-at-13.33.00-2-e1750875945465-75x75.jpeg 75w, https:\/\/www.pgcardiologiausp.com.br\/wp-content\/uploads\/2025\/06\/WhatsApp-Image-2025-06-25-at-13.33.00-2-e1750875945465-480x483.jpeg 480w, https:\/\/www.pgcardiologiausp.com.br\/wp-content\/uploads\/2025\/06\/WhatsApp-Image-2025-06-25-at-13.33.00-2-e1750875945465.jpeg 1192w\" alt=\"\" width=\"329\" height=\"331\" \/><\/p>\n<p>&nbsp;<\/p>\n<p>&nbsp;<\/p>\n<p>Graduate\u00a0<strong>Sara Quaglia de Campos Giamp\u00e1<\/strong>\u00a0was the grand prize winner.<\/p>\n<p>Advisor:\u00a0<strong>Prof. Dr. Luciano Ferreira Drager<\/strong>.<\/p>\n<p>Title of the study:\u00a0\u201c<a href=\"https:\/\/www.socesp2025.com.br\/trabalho\/resumo\/3036\">Impacto do tratamento da apneia obstrutiva do sono na sa\u00fade cardiovascular e do sono em parceiros que dormem na mesma cama: Estudo Randomizado SLEEP PARTNERS<\/a>\u201d<\/p>\n<p>&nbsp;<\/p>\n<p>&nbsp;<\/p>\n<hr \/>\n<h3><span style=\"color: #333399;\">Prof. Ludhmila Hajjar receives Ruth Sonntag Nussenzweig Award<\/span><\/h3>\n<p data-start=\"118\" data-end=\"235\"><strong>Recognition by the S\u00e3o Paulo City Council honors the career of the FMUSP full professor in public health and academia<\/strong><\/p>\n<p data-start=\"118\" data-end=\"235\"><img loading=\"lazy\" decoding=\"async\" class=\"size-full wp-image-1491 alignright\" src=\"https:\/\/www.pgcardiologiausp.com.br\/wp-content\/uploads\/2025\/01\/image1.png\" alt=\"\" width=\"404\" height=\"234\" srcset=\"https:\/\/www.pgcardiologiausp.com.br\/wp-content\/uploads\/2025\/01\/image1.png 404w, https:\/\/www.pgcardiologiausp.com.br\/wp-content\/uploads\/2025\/01\/image1-300x174.png 300w, https:\/\/www.pgcardiologiausp.com.br\/wp-content\/uploads\/2025\/01\/image1-129x75.png 129w\" sizes=\"auto, (max-width:767px) 404px, 404px\" \/><\/p>\n<p data-start=\"237\" data-end=\"496\">Prof. Ludhmila Abrah\u00e3o Hajjar, full professor of Clinical Emergencies at FMUSP, received the Ruth Sonntag Nussenzweig Award at the S\u00e3o Paulo City Council on Monday, December 2, 2024. The ceremony was broadcast on the City Council Portal and official channels.<\/p>\n<p data-start=\"498\" data-end=\"804\">The initiative recognizes women scientists, physicians, and health professionals who have stood out in scientific research or in advancing medicine. Councilwoman Sandra Tadeu, the award\u2019s founder, congratulated the professor for her brilliant career and honored her on behalf of all residents of S\u00e3o Paulo.<\/p>\n<p data-start=\"806\" data-end=\"1043\">\u201cThe career of scientist Ruth Sonntag Nussenzweig is marked by scientific excellence and commitment to public health, reflecting values we recognize in Dr. Ludhmila, who fights for science-based medicine,\u201d congratulated the councilwoman.<\/p>\n<p data-start=\"1045\" data-end=\"1259\">In her acceptance speech, Prof. Ludhmila said she felt honored to receive an award bearing the name of scientist Ruth, who was also a USP professor and a pioneer in studies for the development of a malaria vaccine.<\/p>\n<p data-start=\"1261\" data-end=\"1748\">\u201cThere is no doctor without a team, nor scientist alone, without structure, without university, without well-spent public money. I dedicate this award to USP, which today is recognized for public education and the quality we want for the professional training of the whole country. We want to train quality people who will work to build a better society,\u201d declared the professor, who received the tribute accompanied by her team and the USP Rector, Prof. Carlos Gilberto Carlotti Junior.<\/p>\n<p data-start=\"1750\" data-end=\"2085\">During the ceremony, the professor highlighted her more than 20 years at USP and received tributes from the attending councilors. They praised her leadership at the Hospital das Cl\u00ednicas during the COVID-19 pandemic and recalled that the doctor has been listed among the most influential scientists by a study from Stanford University.<\/p>\n<p data-start=\"2087\" data-end=\"2131\"><em>Source: FMUSP Communication and Press Office<\/em><\/p>\n<hr \/>\n<h3 style=\"text-align: center;\"><span style=\"color: #333399;\">USP Outstanding Thesis 2022 awards Prize and Honorable Mentions to works from the Faculty of Medicine<\/span><\/h3>\n<p><img loading=\"lazy\" decoding=\"async\" class=\"alignright size-full wp-image-1687\" src=\"https:\/\/www.pgcardiologiausp.com.br\/wp-content\/uploads\/2025\/03\/Picture1.png\" sizes=\"auto, (max-width:767px) 212px, 212px\" srcset=\"https:\/\/www.pgcardiologiausp.com.br\/wp-content\/uploads\/2025\/03\/Picture1.png 212w, https:\/\/www.pgcardiologiausp.com.br\/wp-content\/uploads\/2025\/03\/Picture1-74x75.png 74w\" alt=\"\" width=\"212\" height=\"216\" \/><\/p>\n<p data-start=\"169\" data-end=\"704\">The finalists of the USP Outstanding Thesis Award 11th Edition were announced on November 7, 2022, and a work from the Faculty of Medicine of the University of S\u00e3o Paulo (FMUSP) was honored in the Health Sciences major area. From the Cardiology Program, the thesis titled \u201cDischarge from myocardial revascularization surgery in patients with acute coronary disease based on platelet aggregability: a prospective randomized study,\u201d authored by Carlos Alberto Kenji Nakashima and supervised by Prof. Dr. Jos\u00e9 Carlos Nicolau, was awarded.<\/p>\n<p data-start=\"706\" data-end=\"740\"><em>Source: FMUSP Communication Office<\/em><\/p>\n<hr \/>\n<p data-start=\"706\" data-end=\"740\">\n","protected":false},"excerpt":{"rendered":"<p>Awards: 45th Congress of the S\u00e3o Paulo State Society of Cardiology On June 19th, 20th, and 21st, the\u00a045th Congress of the S\u00e3o Paulo State Society of<span class=\"excerpt-hellip\"> [\u2026]<\/span><\/p>\n","protected":false},"author":1,"featured_media":112,"parent":107,"menu_order":0,"comment_status":"closed","ping_status":"closed","template":"","meta":{"footnotes":""},"class_list":["post-272","page","type-page","status-publish","has-post-thumbnail","hentry"],"yoast_head":"<!-- This site is optimized with the Yoast SEO plugin v25.8 - https:\/\/yoast.com\/wordpress\/plugins\/seo\/ -->\n<title>Awards - P\u00f3s-Gradua\u00e7\u00e3o em Cardiologia FMUSP<\/title>\n<meta name=\"robots\" content=\"index, follow, max-snippet:-1, max-image-preview:large, max-video-preview:-1\" \/>\n<link rel=\"canonical\" href=\"https:\/\/www.pgcardiologiausp.com.br\/o-programa\/premios\/\" \/>\n<meta property=\"og:locale\" content=\"en_US\" \/>\n<meta property=\"og:type\" content=\"article\" \/>\n<meta property=\"og:title\" content=\"Awards - P\u00f3s-Gradua\u00e7\u00e3o em Cardiologia FMUSP\" \/>\n<meta property=\"og:description\" content=\"Awards: 45th Congress of the S\u00e3o Paulo State Society of Cardiology On June 19th, 20th, and 21st, the\u00a045th Congress of the S\u00e3o Paulo State Society of [\u2026]\" \/>\n<meta property=\"og:url\" content=\"https:\/\/www.pgcardiologiausp.com.br\/o-programa\/premios\/\" \/>\n<meta property=\"og:site_name\" content=\"P\u00f3s-Gradua\u00e7\u00e3o em Cardiologia FMUSP\" \/>\n<meta property=\"article:modified_time\" content=\"2025-08-28T16:34:07+00:00\" \/>\n<meta property=\"og:image\" content=\"https:\/\/www.pgcardiologiausp.com.br\/wp-content\/uploads\/2024\/12\/bgheader_pgcardio_v1.2.jpg\" \/>\n\t<meta property=\"og:image:width\" content=\"1920\" \/>\n\t<meta property=\"og:image:height\" content=\"800\" \/>\n\t<meta property=\"og:image:type\" content=\"image\/jpeg\" \/>\n<meta name=\"twitter:card\" content=\"summary_large_image\" \/>\n<script type=\"application\/ld+json\" class=\"yoast-schema-graph\">{\"@context\":\"https:\/\/schema.org\",\"@graph\":[{\"@type\":\"WebPage\",\"@id\":\"https:\/\/www.pgcardiologiausp.com.br\/o-programa\/premios\/\",\"url\":\"https:\/\/www.pgcardiologiausp.com.br\/o-programa\/premios\/\",\"name\":\"Awards - P\u00f3s-Gradua\u00e7\u00e3o em Cardiologia FMUSP\",\"isPartOf\":{\"@id\":\"https:\/\/www.pgcardiologiausp.com.br\/#website\"},\"primaryImageOfPage\":{\"@id\":\"https:\/\/www.pgcardiologiausp.com.br\/o-programa\/premios\/#primaryimage\"},\"image\":{\"@id\":\"https:\/\/www.pgcardiologiausp.com.br\/o-programa\/premios\/#primaryimage\"},\"thumbnailUrl\":\"https:\/\/www.pgcardiologiausp.com.br\/wp-content\/uploads\/2024\/12\/bgheader_pgcardio_v1.2.jpg\",\"datePublished\":\"2024-12-21T16:37:41+00:00\",\"dateModified\":\"2025-08-28T16:34:07+00:00\",\"breadcrumb\":{\"@id\":\"https:\/\/www.pgcardiologiausp.com.br\/o-programa\/premios\/#breadcrumb\"},\"inLanguage\":\"en-US\",\"potentialAction\":[{\"@type\":\"ReadAction\",\"target\":[\"https:\/\/www.pgcardiologiausp.com.br\/o-programa\/premios\/\"]}]},{\"@type\":\"ImageObject\",\"inLanguage\":\"en-US\",\"@id\":\"https:\/\/www.pgcardiologiausp.com.br\/o-programa\/premios\/#primaryimage\",\"url\":\"https:\/\/www.pgcardiologiausp.com.br\/wp-content\/uploads\/2024\/12\/bgheader_pgcardio_v1.2.jpg\",\"contentUrl\":\"https:\/\/www.pgcardiologiausp.com.br\/wp-content\/uploads\/2024\/12\/bgheader_pgcardio_v1.2.jpg\",\"width\":1920,\"height\":800},{\"@type\":\"BreadcrumbList\",\"@id\":\"https:\/\/www.pgcardiologiausp.com.br\/o-programa\/premios\/#breadcrumb\",\"itemListElement\":[{\"@type\":\"ListItem\",\"position\":1,\"name\":\"Home\",\"item\":\"https:\/\/www.pgcardiologiausp.com.br\/\"},{\"@type\":\"ListItem\",\"position\":2,\"name\":\"O Programa\",\"item\":\"https:\/\/www.pgcardiologiausp.com.br\/o-programa\/\"},{\"@type\":\"ListItem\",\"position\":3,\"name\":\"Pr\u00eamios\"}]},{\"@type\":\"WebSite\",\"@id\":\"https:\/\/www.pgcardiologiausp.com.br\/#website\",\"url\":\"https:\/\/www.pgcardiologiausp.com.br\/\",\"name\":\"P\u00f3s-Gradua\u00e7\u00e3o em Cardiologia FMUSP\",\"description\":\"\",\"publisher\":{\"@id\":\"https:\/\/www.pgcardiologiausp.com.br\/#organization\"},\"potentialAction\":[{\"@type\":\"SearchAction\",\"target\":{\"@type\":\"EntryPoint\",\"urlTemplate\":\"https:\/\/www.pgcardiologiausp.com.br\/?s={search_term_string}\"},\"query-input\":{\"@type\":\"PropertyValueSpecification\",\"valueRequired\":true,\"valueName\":\"search_term_string\"}}],\"inLanguage\":\"en-US\"},{\"@type\":\"Organization\",\"@id\":\"https:\/\/www.pgcardiologiausp.com.br\/#organization\",\"name\":\"P\u00f3s-Gradua\u00e7\u00e3o em Cardiologia FMUSP\",\"url\":\"https:\/\/www.pgcardiologiausp.com.br\/\",\"logo\":{\"@type\":\"ImageObject\",\"inLanguage\":\"en-US\",\"@id\":\"https:\/\/www.pgcardiologiausp.com.br\/#\/schema\/logo\/image\/\",\"url\":\"https:\/\/www.pgcardiologiausp.com.br\/wp-content\/uploads\/2024\/12\/pg_cardio_usp-logo-v1-clearbg-500x341-1.png\",\"contentUrl\":\"https:\/\/www.pgcardiologiausp.com.br\/wp-content\/uploads\/2024\/12\/pg_cardio_usp-logo-v1-clearbg-500x341-1.png\",\"width\":500,\"height\":177,\"caption\":\"P\u00f3s-Gradua\u00e7\u00e3o em Cardiologia FMUSP\"},\"image\":{\"@id\":\"https:\/\/www.pgcardiologiausp.com.br\/#\/schema\/logo\/image\/\"}}]}<\/script>\n<!-- \/ Yoast SEO plugin. -->","yoast_head_json":{"title":"Awards - P\u00f3s-Gradua\u00e7\u00e3o em Cardiologia FMUSP","robots":{"index":"index","follow":"follow","max-snippet":"max-snippet:-1","max-image-preview":"max-image-preview:large","max-video-preview":"max-video-preview:-1"},"canonical":"https:\/\/www.pgcardiologiausp.com.br\/o-programa\/premios\/","og_locale":"en_US","og_type":"article","og_title":"Awards - P\u00f3s-Gradua\u00e7\u00e3o em Cardiologia FMUSP","og_description":"Awards: 45th Congress of the S\u00e3o Paulo State Society of Cardiology On June 19th, 20th, and 21st, the\u00a045th Congress of the S\u00e3o Paulo State Society of [\u2026]","og_url":"https:\/\/www.pgcardiologiausp.com.br\/o-programa\/premios\/","og_site_name":"P\u00f3s-Gradua\u00e7\u00e3o em Cardiologia FMUSP","article_modified_time":"2025-08-28T16:34:07+00:00","og_image":[{"width":1920,"height":800,"url":"https:\/\/www.pgcardiologiausp.com.br\/wp-content\/uploads\/2024\/12\/bgheader_pgcardio_v1.2.jpg","type":"image\/jpeg"}],"twitter_card":"summary_large_image","schema":{"@context":"https:\/\/schema.org","@graph":[{"@type":"WebPage","@id":"https:\/\/www.pgcardiologiausp.com.br\/o-programa\/premios\/","url":"https:\/\/www.pgcardiologiausp.com.br\/o-programa\/premios\/","name":"Awards - P\u00f3s-Gradua\u00e7\u00e3o em Cardiologia FMUSP","isPartOf":{"@id":"https:\/\/www.pgcardiologiausp.com.br\/#website"},"primaryImageOfPage":{"@id":"https:\/\/www.pgcardiologiausp.com.br\/o-programa\/premios\/#primaryimage"},"image":{"@id":"https:\/\/www.pgcardiologiausp.com.br\/o-programa\/premios\/#primaryimage"},"thumbnailUrl":"https:\/\/www.pgcardiologiausp.com.br\/wp-content\/uploads\/2024\/12\/bgheader_pgcardio_v1.2.jpg","datePublished":"2024-12-21T16:37:41+00:00","dateModified":"2025-08-28T16:34:07+00:00","breadcrumb":{"@id":"https:\/\/www.pgcardiologiausp.com.br\/o-programa\/premios\/#breadcrumb"},"inLanguage":"en-US","potentialAction":[{"@type":"ReadAction","target":["https:\/\/www.pgcardiologiausp.com.br\/o-programa\/premios\/"]}]},{"@type":"ImageObject","inLanguage":"en-US","@id":"https:\/\/www.pgcardiologiausp.com.br\/o-programa\/premios\/#primaryimage","url":"https:\/\/www.pgcardiologiausp.com.br\/wp-content\/uploads\/2024\/12\/bgheader_pgcardio_v1.2.jpg","contentUrl":"https:\/\/www.pgcardiologiausp.com.br\/wp-content\/uploads\/2024\/12\/bgheader_pgcardio_v1.2.jpg","width":1920,"height":800},{"@type":"BreadcrumbList","@id":"https:\/\/www.pgcardiologiausp.com.br\/o-programa\/premios\/#breadcrumb","itemListElement":[{"@type":"ListItem","position":1,"name":"Home","item":"https:\/\/www.pgcardiologiausp.com.br\/"},{"@type":"ListItem","position":2,"name":"O Programa","item":"https:\/\/www.pgcardiologiausp.com.br\/o-programa\/"},{"@type":"ListItem","position":3,"name":"Pr\u00eamios"}]},{"@type":"WebSite","@id":"https:\/\/www.pgcardiologiausp.com.br\/#website","url":"https:\/\/www.pgcardiologiausp.com.br\/","name":"P\u00f3s-Gradua\u00e7\u00e3o em Cardiologia FMUSP","description":"","publisher":{"@id":"https:\/\/www.pgcardiologiausp.com.br\/#organization"},"potentialAction":[{"@type":"SearchAction","target":{"@type":"EntryPoint","urlTemplate":"https:\/\/www.pgcardiologiausp.com.br\/?s={search_term_string}"},"query-input":{"@type":"PropertyValueSpecification","valueRequired":true,"valueName":"search_term_string"}}],"inLanguage":"en-US"},{"@type":"Organization","@id":"https:\/\/www.pgcardiologiausp.com.br\/#organization","name":"P\u00f3s-Gradua\u00e7\u00e3o em Cardiologia FMUSP","url":"https:\/\/www.pgcardiologiausp.com.br\/","logo":{"@type":"ImageObject","inLanguage":"en-US","@id":"https:\/\/www.pgcardiologiausp.com.br\/#\/schema\/logo\/image\/","url":"https:\/\/www.pgcardiologiausp.com.br\/wp-content\/uploads\/2024\/12\/pg_cardio_usp-logo-v1-clearbg-500x341-1.png","contentUrl":"https:\/\/www.pgcardiologiausp.com.br\/wp-content\/uploads\/2024\/12\/pg_cardio_usp-logo-v1-clearbg-500x341-1.png","width":500,"height":177,"caption":"P\u00f3s-Gradua\u00e7\u00e3o em Cardiologia FMUSP"},"image":{"@id":"https:\/\/www.pgcardiologiausp.com.br\/#\/schema\/logo\/image\/"}}]}},"_links":{"self":[{"href":"https:\/\/www.pgcardiologiausp.com.br\/en\/wp-json\/wp\/v2\/pages\/272","targetHints":{"allow":["GET"]}}],"collection":[{"href":"https:\/\/www.pgcardiologiausp.com.br\/en\/wp-json\/wp\/v2\/pages"}],"about":[{"href":"https:\/\/www.pgcardiologiausp.com.br\/en\/wp-json\/wp\/v2\/types\/page"}],"author":[{"embeddable":true,"href":"https:\/\/www.pgcardiologiausp.com.br\/en\/wp-json\/wp\/v2\/users\/1"}],"replies":[{"embeddable":true,"href":"https:\/\/www.pgcardiologiausp.com.br\/en\/wp-json\/wp\/v2\/comments?post=272"}],"version-history":[{"count":19,"href":"https:\/\/www.pgcardiologiausp.com.br\/en\/wp-json\/wp\/v2\/pages\/272\/revisions"}],"predecessor-version":[{"id":2534,"href":"https:\/\/www.pgcardiologiausp.com.br\/en\/wp-json\/wp\/v2\/pages\/272\/revisions\/2534"}],"up":[{"embeddable":true,"href":"https:\/\/www.pgcardiologiausp.com.br\/en\/wp-json\/wp\/v2\/pages\/107"}],"wp:featuredmedia":[{"embeddable":true,"href":"https:\/\/www.pgcardiologiausp.com.br\/en\/wp-json\/wp\/v2\/media\/112"}],"wp:attachment":[{"href":"https:\/\/www.pgcardiologiausp.com.br\/en\/wp-json\/wp\/v2\/media?parent=272"}],"curies":[{"name":"wp","href":"https:\/\/api.w.org\/{rel}","templated":true}]}}