{"id":585,"date":"2024-12-21T20:56:36","date_gmt":"2024-12-21T23:56:36","guid":{"rendered":"https:\/\/www.pgcardiologiausp.com.br\/?page_id=585"},"modified":"2025-06-12T15:13:04","modified_gmt":"2025-06-12T18:13:04","slug":"servicos-de-apoio","status":"publish","type":"page","link":"https:\/\/www.pgcardiologiausp.com.br\/en\/procedimentos\/servicos-de-apoio\/","title":{"rendered":"Support Services"},"content":{"rendered":"<p data-start=\"143\" data-end=\"372\">The <strong data-start=\"147\" data-end=\"181\">Graduate Program in Cardiology<\/strong> provides consulting and advisory services in Statistics for research projects.<br data-start=\"264\" data-end=\"267\" \/>Contact: Julia Fukushima \u2014 Email: <a class=\"cursor-pointer\" rel=\"noopener\" data-start=\"305\" data-end=\"372\">julia.fukushima@hc.fm.usp.br<\/a><\/p>\n<hr data-start=\"374\" data-end=\"377\" \/>\n<p data-start=\"423\" data-end=\"669\">The <strong data-start=\"427\" data-end=\"458\">Medical and Dental Services<\/strong> available on the USP main campus (S\u00e3o Paulo) include the University Hospital (HU) and the Primary Health Care Unit (UBAS). These services are available to graduate students and their dependents.<\/p>\n<p data-start=\"671\" data-end=\"910\">Requests for the inclusion of dependents must be submitted to the Postgraduate Office at FMUSP, following the instructions of <a href=\"https:\/\/www.pgcardiologiausp.com.br\/wp-content\/uploads\/2024\/12\/Portaria_SAU_01-15_Uso_do_Servico_Medico_e_Odontologico.pdf\">Portaria SAU n\u00ba 1<\/a> and <a href=\"https:\/\/www.pgcardiologiausp.com.br\/wp-content\/uploads\/2024\/12\/Resolucao_no_7043.2015_-_SAU_-_HU.docx\">Resolu\u00e7\u00e3o n\u00ba 7043 SAU &#8211; HU<\/a>, along with the completion of the required <a href=\"https:\/\/www.pgcardiologiausp.com.br\/wp-content\/uploads\/2024\/12\/Formulario_de_Cadastro_de_dependentes_para_utilizacao_do_Servico_Medico.docx\">form<\/a>.<\/p>\n<hr data-start=\"912\" data-end=\"915\" \/>\n<p data-start=\"975\" data-end=\"1235\">Appointments must be scheduled through the <strong data-start=\"1018\" data-end=\"1080\">General Registry of the Psychiatry Institute (IPq-HCFMUSP)<\/strong> by phone:<br data-start=\"1090\" data-end=\"1093\" \/>(+55 11) 2661-6440, Monday to Friday, from 7:00 AM to 4:00 PM.<br data-start=\"1162\" data-end=\"1165\" \/>Consultations are held on Thursdays, from 8:00 AM to 12:00 PM.<\/p>\n<hr data-start=\"1237\" data-end=\"1240\" \/>\n<p data-start=\"1309\" data-end=\"1488\">Postgraduate students can use the <strong data-start=\"1343\" data-end=\"1369\">university restaurants<\/strong> located at the School of Public Health (FSP) and the School of Nursing (EE) during lunch and dinner hours.<\/p>\n<ul data-start=\"1490\" data-end=\"1703\">\n<li data-start=\"1490\" data-end=\"1536\">\n<p data-start=\"1492\" data-end=\"1536\">The subsidized meal cost is R$ 2.00.<\/p>\n<\/li>\n<li data-start=\"1537\" data-end=\"1586\">\n<p data-start=\"1539\" data-end=\"1586\">Access is granted with a valid USP ID card.<\/p>\n<\/li>\n<li data-start=\"1587\" data-end=\"1703\">\n<p data-start=\"1589\" data-end=\"1703\">Meal payments are made via credits on the USP card, which can be loaded at the cashiers of the EE and FSP.<\/p>\n<\/li>\n<\/ul>\n<p data-start=\"1705\" data-end=\"1781\">For more information, visit:<a class=\"\" href=\"https:\/\/sas.usp.br\/\" target=\"_new\" rel=\"noopener\" data-start=\"1739\" data-end=\"1781\"> https:\/\/sas.usp.br\/<\/a><\/p>\n<hr data-start=\"1783\" data-end=\"1786\" \/>\n<p data-start=\"1829\" data-end=\"2076\">The <strong data-start=\"1833\" data-end=\"1894\">Executive Vice Provost for International Relations at USP<\/strong> is responsible for promoting international cooperation agreements. Partner institutions are listed on the Vice Provost\u2019s <a class=\"cursor-pointer\" target=\"_new\" rel=\"noopener\" data-start=\"2020\" data-end=\"2075\">official webpage<\/a>.<\/p>\n<hr data-start=\"2078\" data-end=\"2081\" \/>\n<p data-start=\"2145\" data-end=\"2329\">The <strong data-start=\"2149\" data-end=\"2205\">School of Advanced Studies <\/strong>(Escola de Altos Estudos) invites internationally renowned foreign professors and researchers to offer monographic courses at Brazilian universities.<\/p>\n<p data-start=\"2331\" data-end=\"2455\">This is a CAPES initiative aimed at strengthening, expanding, and enhancing graduate programs in Brazilian institutions.<\/p>\n<p data-start=\"2457\" data-end=\"2651\">Proposals for the Call for Projects for the School of Advanced Studies \u2013 International Academic Cooperation at the Graduate Level (Stricto Sensu) can be submitted on a rolling basis.<\/p>\n<hr data-start=\"2653\" data-end=\"2656\" \/>\n<p data-start=\"2740\" data-end=\"2927\">The <strong data-start=\"2744\" data-end=\"2768\">Scientific Committee<\/strong> provides financial support for the translation, editing, and publication of scientific articles in national and international journals and newspapers.<\/p>\n<p data-start=\"2929\" data-end=\"2983\">This support is subject to the following criteria:<\/p>\n<ul data-start=\"2984\" data-end=\"3234\">\n<li data-start=\"2984\" data-end=\"3023\">\n<p data-start=\"2986\" data-end=\"3023\">The article must reference InCor;<\/p>\n<\/li>\n<li data-start=\"3024\" data-end=\"3109\">\n<p data-start=\"3026\" data-end=\"3109\">It must be published in journals indexed in the CAPES\/Qualis evaluation system;<\/p>\n<\/li>\n<li data-start=\"3110\" data-end=\"3168\">\n<p data-start=\"3112\" data-end=\"3168\">Articles may include images in black and white only;<\/p>\n<\/li>\n<li data-start=\"3169\" data-end=\"3234\">\n<p data-start=\"3171\" data-end=\"3234\">At least one author must be affiliated with InCor-HC-FMUSP.<\/p>\n<\/li>\n<\/ul>\n<p data-start=\"3236\" data-end=\"3389\">Detailed procedures for requesting support in Translation, Editing, and Publication are available on the Scientific Committee&#8217;s website at InCor.<\/p>\n","protected":false},"excerpt":{"rendered":"<p>The Graduate Program in Cardiology provides consulting and advisory services in Statistics for research projects.Contact: Julia Fukushima \u2014 Email: julia.fukushima@hc.fm.usp.br The Medical and Dental Services available<span class=\"excerpt-hellip\"> [\u2026]<\/span><\/p>\n","protected":false},"author":1,"featured_media":112,"parent":133,"menu_order":0,"comment_status":"closed","ping_status":"closed","template":"","meta":{"footnotes":""},"class_list":["post-585","page","type-page","status-publish","has-post-thumbnail","hentry"],"yoast_head":"<!-- This site is optimized with the Yoast SEO plugin v25.8 - https:\/\/yoast.com\/wordpress\/plugins\/seo\/ -->\n<title>Support Services - P\u00f3s-Gradua\u00e7\u00e3o em Cardiologia FMUSP<\/title>\n<meta name=\"robots\" content=\"index, follow, max-snippet:-1, max-image-preview:large, max-video-preview:-1\" \/>\n<link rel=\"canonical\" href=\"https:\/\/www.pgcardiologiausp.com.br\/procedimentos\/servicos-de-apoio\/\" \/>\n<meta property=\"og:locale\" content=\"en_US\" \/>\n<meta property=\"og:type\" content=\"article\" \/>\n<meta property=\"og:title\" content=\"Support Services - P\u00f3s-Gradua\u00e7\u00e3o em Cardiologia FMUSP\" \/>\n<meta property=\"og:description\" content=\"The Graduate Program in Cardiology provides consulting and advisory services in Statistics for research projects.Contact: Julia Fukushima \u2014 Email: julia.fukushima@hc.fm.usp.br The Medical and Dental Services available [\u2026]\" \/>\n<meta property=\"og:url\" content=\"https:\/\/www.pgcardiologiausp.com.br\/procedimentos\/servicos-de-apoio\/\" \/>\n<meta property=\"og:site_name\" content=\"P\u00f3s-Gradua\u00e7\u00e3o em Cardiologia FMUSP\" \/>\n<meta property=\"article:modified_time\" content=\"2025-06-12T18:13:04+00:00\" \/>\n<meta property=\"og:image\" content=\"https:\/\/www.pgcardiologiausp.com.br\/wp-content\/uploads\/2024\/12\/bgheader_pgcardio_v1.2.jpg\" \/>\n\t<meta property=\"og:image:width\" content=\"1920\" \/>\n\t<meta property=\"og:image:height\" content=\"800\" \/>\n\t<meta property=\"og:image:type\" content=\"image\/jpeg\" \/>\n<meta name=\"twitter:card\" content=\"summary_large_image\" \/>\n<script type=\"application\/ld+json\" class=\"yoast-schema-graph\">{\"@context\":\"https:\/\/schema.org\",\"@graph\":[{\"@type\":\"WebPage\",\"@id\":\"https:\/\/www.pgcardiologiausp.com.br\/procedimentos\/servicos-de-apoio\/\",\"url\":\"https:\/\/www.pgcardiologiausp.com.br\/procedimentos\/servicos-de-apoio\/\",\"name\":\"Support Services - P\u00f3s-Gradua\u00e7\u00e3o em Cardiologia FMUSP\",\"isPartOf\":{\"@id\":\"https:\/\/www.pgcardiologiausp.com.br\/#website\"},\"primaryImageOfPage\":{\"@id\":\"https:\/\/www.pgcardiologiausp.com.br\/procedimentos\/servicos-de-apoio\/#primaryimage\"},\"image\":{\"@id\":\"https:\/\/www.pgcardiologiausp.com.br\/procedimentos\/servicos-de-apoio\/#primaryimage\"},\"thumbnailUrl\":\"https:\/\/www.pgcardiologiausp.com.br\/wp-content\/uploads\/2024\/12\/bgheader_pgcardio_v1.2.jpg\",\"datePublished\":\"2024-12-21T23:56:36+00:00\",\"dateModified\":\"2025-06-12T18:13:04+00:00\",\"breadcrumb\":{\"@id\":\"https:\/\/www.pgcardiologiausp.com.br\/procedimentos\/servicos-de-apoio\/#breadcrumb\"},\"inLanguage\":\"en-US\",\"potentialAction\":[{\"@type\":\"ReadAction\",\"target\":[\"https:\/\/www.pgcardiologiausp.com.br\/procedimentos\/servicos-de-apoio\/\"]}]},{\"@type\":\"ImageObject\",\"inLanguage\":\"en-US\",\"@id\":\"https:\/\/www.pgcardiologiausp.com.br\/procedimentos\/servicos-de-apoio\/#primaryimage\",\"url\":\"https:\/\/www.pgcardiologiausp.com.br\/wp-content\/uploads\/2024\/12\/bgheader_pgcardio_v1.2.jpg\",\"contentUrl\":\"https:\/\/www.pgcardiologiausp.com.br\/wp-content\/uploads\/2024\/12\/bgheader_pgcardio_v1.2.jpg\",\"width\":1920,\"height\":800},{\"@type\":\"BreadcrumbList\",\"@id\":\"https:\/\/www.pgcardiologiausp.com.br\/procedimentos\/servicos-de-apoio\/#breadcrumb\",\"itemListElement\":[{\"@type\":\"ListItem\",\"position\":1,\"name\":\"Home\",\"item\":\"https:\/\/www.pgcardiologiausp.com.br\/\"},{\"@type\":\"ListItem\",\"position\":2,\"name\":\"Procedimentos\",\"item\":\"https:\/\/www.pgcardiologiausp.com.br\/procedimentos\/\"},{\"@type\":\"ListItem\",\"position\":3,\"name\":\"Servi\u00e7os de Apoio\"}]},{\"@type\":\"WebSite\",\"@id\":\"https:\/\/www.pgcardiologiausp.com.br\/#website\",\"url\":\"https:\/\/www.pgcardiologiausp.com.br\/\",\"name\":\"P\u00f3s-Gradua\u00e7\u00e3o em Cardiologia FMUSP\",\"description\":\"\",\"publisher\":{\"@id\":\"https:\/\/www.pgcardiologiausp.com.br\/#organization\"},\"potentialAction\":[{\"@type\":\"SearchAction\",\"target\":{\"@type\":\"EntryPoint\",\"urlTemplate\":\"https:\/\/www.pgcardiologiausp.com.br\/?s={search_term_string}\"},\"query-input\":{\"@type\":\"PropertyValueSpecification\",\"valueRequired\":true,\"valueName\":\"search_term_string\"}}],\"inLanguage\":\"en-US\"},{\"@type\":\"Organization\",\"@id\":\"https:\/\/www.pgcardiologiausp.com.br\/#organization\",\"name\":\"P\u00f3s-Gradua\u00e7\u00e3o em Cardiologia FMUSP\",\"url\":\"https:\/\/www.pgcardiologiausp.com.br\/\",\"logo\":{\"@type\":\"ImageObject\",\"inLanguage\":\"en-US\",\"@id\":\"https:\/\/www.pgcardiologiausp.com.br\/#\/schema\/logo\/image\/\",\"url\":\"https:\/\/www.pgcardiologiausp.com.br\/wp-content\/uploads\/2024\/12\/pg_cardio_usp-logo-v1-clearbg-500x341-1.png\",\"contentUrl\":\"https:\/\/www.pgcardiologiausp.com.br\/wp-content\/uploads\/2024\/12\/pg_cardio_usp-logo-v1-clearbg-500x341-1.png\",\"width\":500,\"height\":177,\"caption\":\"P\u00f3s-Gradua\u00e7\u00e3o em Cardiologia FMUSP\"},\"image\":{\"@id\":\"https:\/\/www.pgcardiologiausp.com.br\/#\/schema\/logo\/image\/\"}}]}<\/script>\n<!-- \/ Yoast SEO plugin. -->","yoast_head_json":{"title":"Support Services - P\u00f3s-Gradua\u00e7\u00e3o em Cardiologia FMUSP","robots":{"index":"index","follow":"follow","max-snippet":"max-snippet:-1","max-image-preview":"max-image-preview:large","max-video-preview":"max-video-preview:-1"},"canonical":"https:\/\/www.pgcardiologiausp.com.br\/procedimentos\/servicos-de-apoio\/","og_locale":"en_US","og_type":"article","og_title":"Support Services - P\u00f3s-Gradua\u00e7\u00e3o em Cardiologia FMUSP","og_description":"The Graduate Program in Cardiology provides consulting and advisory services in Statistics for research projects.Contact: Julia Fukushima \u2014 Email: julia.fukushima@hc.fm.usp.br The Medical and Dental Services available [\u2026]","og_url":"https:\/\/www.pgcardiologiausp.com.br\/procedimentos\/servicos-de-apoio\/","og_site_name":"P\u00f3s-Gradua\u00e7\u00e3o em Cardiologia FMUSP","article_modified_time":"2025-06-12T18:13:04+00:00","og_image":[{"width":1920,"height":800,"url":"https:\/\/www.pgcardiologiausp.com.br\/wp-content\/uploads\/2024\/12\/bgheader_pgcardio_v1.2.jpg","type":"image\/jpeg"}],"twitter_card":"summary_large_image","schema":{"@context":"https:\/\/schema.org","@graph":[{"@type":"WebPage","@id":"https:\/\/www.pgcardiologiausp.com.br\/procedimentos\/servicos-de-apoio\/","url":"https:\/\/www.pgcardiologiausp.com.br\/procedimentos\/servicos-de-apoio\/","name":"Support Services - P\u00f3s-Gradua\u00e7\u00e3o em Cardiologia FMUSP","isPartOf":{"@id":"https:\/\/www.pgcardiologiausp.com.br\/#website"},"primaryImageOfPage":{"@id":"https:\/\/www.pgcardiologiausp.com.br\/procedimentos\/servicos-de-apoio\/#primaryimage"},"image":{"@id":"https:\/\/www.pgcardiologiausp.com.br\/procedimentos\/servicos-de-apoio\/#primaryimage"},"thumbnailUrl":"https:\/\/www.pgcardiologiausp.com.br\/wp-content\/uploads\/2024\/12\/bgheader_pgcardio_v1.2.jpg","datePublished":"2024-12-21T23:56:36+00:00","dateModified":"2025-06-12T18:13:04+00:00","breadcrumb":{"@id":"https:\/\/www.pgcardiologiausp.com.br\/procedimentos\/servicos-de-apoio\/#breadcrumb"},"inLanguage":"en-US","potentialAction":[{"@type":"ReadAction","target":["https:\/\/www.pgcardiologiausp.com.br\/procedimentos\/servicos-de-apoio\/"]}]},{"@type":"ImageObject","inLanguage":"en-US","@id":"https:\/\/www.pgcardiologiausp.com.br\/procedimentos\/servicos-de-apoio\/#primaryimage","url":"https:\/\/www.pgcardiologiausp.com.br\/wp-content\/uploads\/2024\/12\/bgheader_pgcardio_v1.2.jpg","contentUrl":"https:\/\/www.pgcardiologiausp.com.br\/wp-content\/uploads\/2024\/12\/bgheader_pgcardio_v1.2.jpg","width":1920,"height":800},{"@type":"BreadcrumbList","@id":"https:\/\/www.pgcardiologiausp.com.br\/procedimentos\/servicos-de-apoio\/#breadcrumb","itemListElement":[{"@type":"ListItem","position":1,"name":"Home","item":"https:\/\/www.pgcardiologiausp.com.br\/"},{"@type":"ListItem","position":2,"name":"Procedimentos","item":"https:\/\/www.pgcardiologiausp.com.br\/procedimentos\/"},{"@type":"ListItem","position":3,"name":"Servi\u00e7os de Apoio"}]},{"@type":"WebSite","@id":"https:\/\/www.pgcardiologiausp.com.br\/#website","url":"https:\/\/www.pgcardiologiausp.com.br\/","name":"P\u00f3s-Gradua\u00e7\u00e3o em Cardiologia FMUSP","description":"","publisher":{"@id":"https:\/\/www.pgcardiologiausp.com.br\/#organization"},"potentialAction":[{"@type":"SearchAction","target":{"@type":"EntryPoint","urlTemplate":"https:\/\/www.pgcardiologiausp.com.br\/?s={search_term_string}"},"query-input":{"@type":"PropertyValueSpecification","valueRequired":true,"valueName":"search_term_string"}}],"inLanguage":"en-US"},{"@type":"Organization","@id":"https:\/\/www.pgcardiologiausp.com.br\/#organization","name":"P\u00f3s-Gradua\u00e7\u00e3o em Cardiologia FMUSP","url":"https:\/\/www.pgcardiologiausp.com.br\/","logo":{"@type":"ImageObject","inLanguage":"en-US","@id":"https:\/\/www.pgcardiologiausp.com.br\/#\/schema\/logo\/image\/","url":"https:\/\/www.pgcardiologiausp.com.br\/wp-content\/uploads\/2024\/12\/pg_cardio_usp-logo-v1-clearbg-500x341-1.png","contentUrl":"https:\/\/www.pgcardiologiausp.com.br\/wp-content\/uploads\/2024\/12\/pg_cardio_usp-logo-v1-clearbg-500x341-1.png","width":500,"height":177,"caption":"P\u00f3s-Gradua\u00e7\u00e3o em Cardiologia FMUSP"},"image":{"@id":"https:\/\/www.pgcardiologiausp.com.br\/#\/schema\/logo\/image\/"}}]}},"_links":{"self":[{"href":"https:\/\/www.pgcardiologiausp.com.br\/en\/wp-json\/wp\/v2\/pages\/585","targetHints":{"allow":["GET"]}}],"collection":[{"href":"https:\/\/www.pgcardiologiausp.com.br\/en\/wp-json\/wp\/v2\/pages"}],"about":[{"href":"https:\/\/www.pgcardiologiausp.com.br\/en\/wp-json\/wp\/v2\/types\/page"}],"author":[{"embeddable":true,"href":"https:\/\/www.pgcardiologiausp.com.br\/en\/wp-json\/wp\/v2\/users\/1"}],"replies":[{"embeddable":true,"href":"https:\/\/www.pgcardiologiausp.com.br\/en\/wp-json\/wp\/v2\/comments?post=585"}],"version-history":[{"count":10,"href":"https:\/\/www.pgcardiologiausp.com.br\/en\/wp-json\/wp\/v2\/pages\/585\/revisions"}],"predecessor-version":[{"id":2402,"href":"https:\/\/www.pgcardiologiausp.com.br\/en\/wp-json\/wp\/v2\/pages\/585\/revisions\/2402"}],"up":[{"embeddable":true,"href":"https:\/\/www.pgcardiologiausp.com.br\/en\/wp-json\/wp\/v2\/pages\/133"}],"wp:featuredmedia":[{"embeddable":true,"href":"https:\/\/www.pgcardiologiausp.com.br\/en\/wp-json\/wp\/v2\/media\/112"}],"wp:attachment":[{"href":"https:\/\/www.pgcardiologiausp.com.br\/en\/wp-json\/wp\/v2\/media?parent=585"}],"curies":[{"name":"wp","href":"https:\/\/api.w.org\/{rel}","templated":true}]}}