{"id":791,"date":"2024-12-22T18:21:31","date_gmt":"2024-12-22T21:21:31","guid":{"rendered":"https:\/\/www.pgcardiologiausp.com.br\/?page_id=791"},"modified":"2025-06-04T15:42:39","modified_gmt":"2025-06-04T18:42:39","slug":"egressos-e-teses-2021","status":"publish","type":"page","link":"https:\/\/www.pgcardiologiausp.com.br\/en\/o-programa\/egressos\/egressos-e-teses-2021\/","title":{"rendered":"Postgraduates and Theses 2021"},"content":{"rendered":"<p class=\"qtranxs-available-languages-message qtranxs-available-languages-message-en\">Sorry, this entry is only available in <a href=\"https:\/\/www.pgcardiologiausp.com.br\/pb\/wp-json\/wp\/v2\/pages\/791\" class=\"qtranxs-available-language-link qtranxs-available-language-link-pb\" title=\"Portugu\u00eas\">Portugu\u00eas<\/a>.<\/p>\n<h3>2021<\/h3>\n<p>&nbsp;<\/p>\n<p><a href=\"http:\/\/lattes.cnpq.br\/4308625336471613\"><strong>Renata Libanori Aleixo de Barros e Silva<\/strong><\/a><br \/>\nOrientador(a): Dra. Denise Tessariol Hachul<br \/>\nData da Defesa: 15\/12\/2021<br \/>\nT\u00edtulo da Tese: &#8220;Efeito da psicoterapia de base psicossom\u00e1tica psicanal\u00edtica em pacientes com s\u00edncope vasovagal recorrente: um estudo randomizado&#8221;. <a href=\"https:\/\/www.pgcardiologiausp.com.br\/wp-content\/uploads\/2024\/12\/RENATA_LIBANORI_ALEIXO_DE_BARROS_E_SILVA.pdf\" target=\"_blank\" rel=\"noopener\">Tese<\/a><\/p>\n<hr \/>\n<p><strong><a href=\"http:\/\/lattes.cnpq.br\/3183056539460900\">Tal\u00eda Falc\u00e3o Dal\u00e7\u00f3quio<\/a><br \/>\n<\/strong>Orientador(a): Prof. Dr. Jos\u00e9 Carlos Nicolau<br \/>\nData da Defesa: 10\/12\/2021<br \/>\nT\u00edtulo da Tese: &#8220;Reatividade plaquet\u00e1ria e exerc\u00edcio f\u00edsico em pacientes com infarto do mioc\u00e1rdio recente&#8221;. <a href=\"https:\/\/www.pgcardiologiausp.com.br\/wp-content\/uploads\/2024\/12\/TALIA_FALCAO_DALCOQUIO.pdf\" target=\"_blank\" rel=\"noopener\">Tese<\/a><\/p>\n<hr \/>\n<p><a href=\"http:\/\/lattes.cnpq.br\/4863009801372995\"><strong>Thais Rodrigues de Almeida Silva<\/strong><\/a><br \/>\nOrientador(a): Prof. Dr. Luiz Antonio Machado Cesar<br \/>\nData da Defesa: 18\/11\/2021<br \/>\nT\u00edtulo da Tese: &#8220;A utiliza\u00e7\u00e3o de um suporte de mama espec\u00edfico em mulheres submetidas \u00e0 revasculariza\u00e7\u00e3o do mioc\u00e1rdio. Um estudo randomizado. <a href=\"https:\/\/www.pgcardiologiausp.com.br\/wp-content\/uploads\/2024\/12\/THAIS_RODRIGUES_DE_ALMEIDA_SILVA.pdf\" target=\"_blank\" rel=\"noopener\">Tese<\/a><\/p>\n<hr \/>\n<p><strong><a href=\"http:\/\/lattes.cnpq.br\/7727324539255038\">Marco Antonio Scanavini Filho<\/a><br \/>\n<\/strong>Orientador(a): Prof. Dr. Jos\u00e9 Carlos Nicolau<br \/>\nData da Defesa: 26\/10\/2021<br \/>\nT\u00edtulo da Tese: &#8220;Efeito do ticagrelor versus clopidogrel na microcircula\u00e7\u00e3o coron\u00e1ria em pacientes com infarto agudo do mioc\u00e1rdio. <a href=\"https:\/\/www.pgcardiologiausp.com.br\/wp-content\/uploads\/2024\/12\/MARCO_ANTONIO_SCANAVINI_FILHO.pdf\" target=\"_blank\" rel=\"noopener\">Tese<\/a><\/p>\n<hr \/>\n<p><strong><a href=\"http:\/\/lattes.cnpq.br\/2963769981956471\">Priscilla Teixeira C\u00e9o Frisso<\/a><br \/>\n<\/strong>Orientador(a): Prof. Dr. Carlos Vicente Serrano Junior<br \/>\nData da Defesa: 20\/10\/2021<br \/>\nT\u00edtulo da Tese: &#8220;Associa\u00e7\u00e3o entre inflama\u00e7\u00e3o e les\u00e3o mioc\u00e1rdica periprocedimento em pacientes com doen\u00e7a arterial coron\u00e1ria est\u00e1vel submetidos ao implante de stent coron\u00e1rio&#8221;. <a href=\"https:\/\/www.pgcardiologiausp.com.br\/wp-content\/uploads\/2024\/12\/PRISCILLA_TEIXEIRA_CEO_FRISSO.pdf\" target=\"_blank\" rel=\"noopener\">Tese<\/a><\/p>\n<hr \/>\n<p><strong><a href=\"http:\/\/lattes.cnpq.br\/6401126099893990\">Felipe Louren\u00e7o Fernandes<\/a><br \/>\n<\/strong>Orientador(a): Profa. Dra. Ludhmila Abrah\u00e3o Hajjar<br \/>\nData da Defesa: 18\/10\/2021<br \/>\nT\u00edtulo da Tese: &#8220;Preditores de recupera\u00e7\u00e3o em pacientes com choque cardiog\u00eanico secund\u00e1rio a infarto agudo do mioc\u00e1rdio tratados com oxigena\u00e7\u00e3o por membrana extracorp\u00f3rea&#8221;. <a href=\"https:\/\/www.pgcardiologiausp.com.br\/wp-content\/uploads\/2024\/12\/FELIPE_LOURENCO_FERNANDES.pdf\" target=\"_blank\" rel=\"noopener\">Tese<\/a><\/p>\n<hr \/>\n<p><strong><a href=\"http:\/\/lattes.cnpq.br\/3375709971113079\">Hsu Po Chiang<\/a><br \/>\n<\/strong>Orientador(a): Profa. Dra. Jeane Mike Tsutsui<br \/>\nData da Defesa: 07\/10\/2021<br \/>\nT\u00edtulo da Tese: &#8220;O impacto da sonotromb\u00f3lise no tratamento do infarto agudo do mioc\u00e1rdio com supradesnivelamento do segmento ST sobre a fun\u00e7\u00e3o diast\u00f3lica do ventr\u00edculo esquerdo e a mec\u00e2nica do \u00e1trio esquerdo: ensaio cl\u00ednico randomizado em humanos&#8221;. <a href=\"https:\/\/www.pgcardiologiausp.com.br\/wp-content\/uploads\/2024\/12\/HSU_PO_CHIANG_ERRATA.pdf\" target=\"_blank\" rel=\"noopener\">Tese<\/a><\/p>\n<hr \/>\n<p><strong><a href=\"http:\/\/lattes.cnpq.br\/1125767330280049\">Caio Vitale Spaggiari<\/a><br \/>\n<\/strong>Orientador(a): Prof. Dr. Martino Martinelli Filho<br \/>\nData da Defesa: 01\/10\/2021<br \/>\nT\u00edtulo da Tese: &#8220;Atenua\u00e7\u00e3o metaborreflexa na terapia de ressincroniza\u00e7\u00e3o card\u00edaca: avalia\u00e7\u00e3o hemodin\u00e2mico-funcional e ajuste de frequ\u00eancia card\u00edaca&#8221; <a href=\"https:\/\/www.pgcardiologiausp.com.br\/wp-content\/uploads\/2024\/12\/CAIO_VITALE_SPAGGIARI.pdf\" target=\"_blank\" rel=\"noopener\">Tese<\/a><\/p>\n<hr \/>\n<p><a href=\"http:\/\/lattes.cnpq.br\/1968795371930408\"><strong>Elisa Alberton Haas<\/strong><\/a><br \/>\nOrientador(a): Prof. Dr. Francisco Rafael Martins Laurindo<br \/>\nData da Defesa: 29\/09\/2021<br \/>\nT\u00edtulo da Tese: &#8220;Avalia\u00e7\u00e3o da influ\u00eancia do vinho tinto sobre a microbiota intestinal e N-\u00f3xido de trimetilamina&#8221; <a href=\"https:\/\/www.pgcardiologiausp.com.br\/wp-content\/uploads\/2024\/12\/ELISA_ALBERTON_HAAS.pdf\" target=\"_blank\" rel=\"noopener\">Tese<\/a><\/p>\n<hr \/>\n<p><strong><a href=\"http:\/\/lattes.cnpq.br\/3434042252401901\">Mauro Rog\u00e9rio de Barros Wanderley Jr<\/a><br \/>\n<\/strong>Orientador(a): Dra. Silvia Moreira Ayub Ferreira<br \/>\nData da Defesa: 09\/09\/2021<br \/>\nT\u00edtulo da Tese: &#8220;Avalia\u00e7\u00e3o do valor preditivo dos biomarcadores mieloperoxidase e galectina-3 na detec\u00e7\u00e3o de cardiomiopatia secund\u00e1ria a quimioter\u00e1picos&#8221; <a href=\"https:\/\/www.pgcardiologiausp.com.br\/wp-content\/uploads\/2024\/12\/MAURO_ROGERIO_DE_BARROS_WANDERLEY_JUNIOR.pdf\" target=\"_blank\" rel=\"noopener\">Tese<\/a><\/p>\n<hr \/>\n<p><strong><a href=\"http:\/\/lattes.cnpq.br\/1904417196579175\">Maria Francilene Silva Souza<\/a><br \/>\n<\/strong>Orientador(a): Prof. Dr. Antonio Augusto Barbosa Lopes<br \/>\nData da Defesa: 02\/09\/2021<br \/>\nT\u00edtulo da Tese: &#8220;Elementos hemodin\u00e2micos e de resposta inflamat\u00f3ria e seu papel progn\u00f3stico no contexto do tratamento cir\u00fargico em pacientes pedi\u00e1tricos com cardiopatia cong\u00eanita e hipertens\u00e3o pulmonar&#8221; <a href=\"https:\/\/www.pgcardiologiausp.com.br\/wp-content\/uploads\/2024\/12\/MARIA_FRANCILENE_SILVA_SOUZA.pdf\" target=\"_blank\" rel=\"noopener\">Tese<\/a><\/p>\n<hr \/>\n<p><strong><a href=\"http:\/\/lattes.cnpq.br\/4412440188889254\">Carlos Alcino do Nascimento Filho<\/a><br \/>\n<\/strong>Orientador(a): Profa. Dra. Maria Urbana Pinto Brand\u00e3o Rondon<br \/>\nData da Defesa: 20\/08\/2021<br \/>\nT\u00edtulo da Tese: &#8220;Controle quimiorreflexo da atividade nervosa simp\u00e1tica em pacientes com doen\u00e7a arterial coronariana com e sem apneia obstrutiva do sono&#8221; <a href=\"https:\/\/www.pgcardiologiausp.com.br\/wp-content\/uploads\/2024\/12\/CARLOS_ALCINO_DO_NASCIMENTO_FILHO.pdf\" target=\"_blank\" rel=\"noopener\">Tese<\/a><\/p>\n<hr \/>\n<p><a href=\"http:\/\/lattes.cnpq.br\/1025589986804087\"><strong>Regina Silva Paradela<\/strong><\/a><br \/>\nOrientador(a): Profa. Dra. Maria Cl\u00e1udia Costa Irigoyen<br \/>\nData da Defesa: 10\/08\/2021<br \/>\nT\u00edtulo da Tese: &#8220;Efeito do treinamento Cogmed em hipertensos com d\u00e9ficit cognitivo: um estudo cl\u00ednico randomizado&#8221; <a href=\"https:\/\/www.pgcardiologiausp.com.br\/wp-content\/uploads\/2024\/12\/REGINA_SILVA_PARADELA.pdf\" target=\"_blank\" rel=\"noopener\">Tese<\/a><\/p>\n<hr \/>\n<p><strong><a href=\"http:\/\/lattes.cnpq.br\/4906398121466656\">Nadja Sotero Natividade Mendes<\/a><br \/>\n<\/strong>Orientador(a): Prof. Dr. Luiz Aparecido Bortolotto<br \/>\nData da Defesa: 13\/07\/2021<br \/>\nT\u00edtulo da Tese: &#8220;Associa\u00e7\u00e3o do envelhecimento vascular precoce com a presen\u00e7a e gravidade da doen\u00e7a arterial coronariana pelo escore de Gensini em pacientes submetidos \u00e0 angiografia coron\u00e1ria&#8221; <a href=\"https:\/\/www.pgcardiologiausp.com.br\/wp-content\/uploads\/2024\/12\/NADJA_SOTERO_NATIVIDADE_MENDES_corrigida.pdf\" target=\"_blank\" rel=\"noopener\">Tese<\/a><\/p>\n<hr \/>\n<p><strong><a href=\"http:\/\/lattes.cnpq.br\/6476980110595195\">Lucas de Oliveira Vieira<\/a><br \/>\n<\/strong>Orientador(a): Prof. Dr. Jos\u00e9 Claudio Meneghetti<br \/>\nData da Defesa: 17\/06\/2021<br \/>\nT\u00edtulo da Tese: &#8220;Avalia\u00e7\u00e3o combinada de imagens de cintilografia de perfus\u00e3o mioc\u00e1rdica em posi\u00e7\u00e3o prona e supina&#8221; <a href=\"https:\/\/www.pgcardiologiausp.com.br\/wp-content\/uploads\/2024\/12\/LUCAS_DE_OLIVEIRA_VIEIRA.pdf\" target=\"_blank\" rel=\"noopener\">Tese<\/a><\/p>\n<hr \/>\n<p><strong><a href=\"http:\/\/lattes.cnpq.br\/9201004776256302\">Camila Parente de Oliveira<\/a><br \/>\n<\/strong>Orientador(a): Prof. Dr. Martino Martinelli Filho<br \/>\nData da Defesa: 11\/06\/2021<br \/>\nT\u00edtulo da Tese: &#8220;Mobile health para portadores de dispositivos card\u00edacos eletr\u00f4nicos implant\u00e1veis: ensaio cl\u00ednico randomizado &#8211; ApPaceMove&#8221; <a href=\"https:\/\/www.pgcardiologiausp.com.br\/wp-content\/uploads\/2024\/12\/CAMILA_PARENTE_DE_OLIVEIRA.pdf\" target=\"_blank\" rel=\"noopener\">Tese<\/a><\/p>\n<hr \/>\n<p><strong><a href=\"http:\/\/lattes.cnpq.br\/1526227246300910\">Clarice Hyesuk Lee Park<\/a><br \/>\n<\/strong>Orientador(a): Profa. Dra. Ludhmila Abrah\u00e3o Hajjar<br \/>\nData da Defesa: 31\/05\/2021<br \/>\nT\u00edtulo da Tese: &#8220;Estudo prospectivo e randomizado de reposi\u00e7\u00e3o vol\u00eamica na fase aguda da sepse em pacientes com c\u00e2ncer: Ringer Lactato versus albumina&#8221; <a href=\"https:\/\/www.pgcardiologiausp.com.br\/wp-content\/uploads\/2024\/12\/CLARICE_HYESUK_LEE_PARK.pdf\" target=\"_blank\" rel=\"noopener\">Tese<\/a><\/p>\n<hr \/>\n<p dir=\"ltr\"><strong><a href=\"http:\/\/lattes.cnpq.br\/0215152257693426\">Giuliano Generoso<\/a><br \/>\n<\/strong>Orientador: Dr. M\u00e1rcio Sommer Bittencourt<strong><br \/>\n<\/strong>Data da Defesa: 21\/05\/2021<strong><br \/>\n<\/strong>T\u00edtulo da Tese: &#8220;Associa\u00e7\u00e3o entre as subfra\u00e7\u00f5es de colesterol da lipoproteina de alta densidade mensuradas pelo m\u00e9todo vertical autom\u00e1tico e s\u00edndrome metab\u00f3lica, inflama\u00e7\u00e3o, resist\u00eancia \u00e0 insulina e risco de doen\u00e7a vascular subcl\u00ednica: estudo longitudinal de sa\u00fade do adulto&#8221; <a href=\"https:\/\/www.pgcardiologiausp.com.br\/wp-content\/uploads\/2024\/12\/GIULIANO_GENEROSO.pdf\" target=\"_blank\" rel=\"noopener\">Tese<\/a><\/p>\n<hr \/>\n<p><a href=\"http:\/\/lattes.cnpq.br\/4628645550993969\"><strong>Bruna Affonso Madaloso<\/strong><\/a><br \/>\nOrientador(a): Prof. Dr. Carlos Alberto Pastore<br \/>\nData da defesa: 17\/05\/2021<br \/>\nT\u00edtulo: O vetorcardiograma no diagn\u00f3stico diferencial do padr\u00e3o eletrocardiogr\u00e1fico de Brugada. <a href=\"https:\/\/www.pgcardiologiausp.com.br\/wp-content\/uploads\/2024\/12\/BRUNA_AFFONSO_MADALOSO.pdf\" target=\"_blank\" rel=\"noopener\">Tese<\/a><\/p>\n<hr \/>\n<p><a href=\"http:\/\/lattes.cnpq.br\/7142425424890916\"><strong>Alexandre de Matos Soeiro<\/strong><\/a><br \/>\nOrientador: Dr. Mucio Tavares de Oliveira Junior<br \/>\nData da defesa: 15\/04\/2021<br \/>\nT\u00edtulo:Fun\u00e7\u00e3o e caracteriza\u00e7\u00e3o tecidual mioc\u00e1rdica em pacientes com miopericardite idiop\u00e1tica aguda por resson\u00e2ncia magn\u00e9tica card\u00edaca: an\u00e1lise evolutiva. <a href=\"https:\/\/www.pgcardiologiausp.com.br\/wp-content\/uploads\/2024\/12\/ALEXANDRE_DE_MATOS_SOEIRO.pdf\" target=\"_blank\" rel=\"noopener\">Tese<\/a><\/p>\n<hr \/>\n<p><a href=\"http:\/\/lattes.cnpq.br\/8466421617072361\"><strong>Camila Inagaki de Albuquerque<\/strong><\/a><br \/>\nOrientador: Prof. Dr. Raul Cvalcante Maranh\u00e3o<br \/>\nData da defesa: 13\/04\/2021<br \/>\nT\u00edtulo: Uso do quimioter\u00e1pico daunorrubicina associado \u00e0 nanoemuls\u00f5es lip\u00eddicas no tratamento da aterosclerose experimental em coelho. <a href=\"https:\/\/www.pgcardiologiausp.com.br\/wp-content\/uploads\/2024\/12\/CAMILA_INAGAKI_DE_ALBUQUERQUE.pdf\" target=\"_blank\" rel=\"noopener\">Tese<\/a><\/p>\n<hr \/>\n<p><a href=\"http:\/\/lattes.cnpq.br\/1967682629433761\"><strong>Luis Fernando Escobar Guzman<\/strong><\/a><br \/>\nOrientador: Prof. Dr. Carlos Eduardo Rochitte<br \/>\nData da defesa: 23\/03\/2021<br \/>\nT\u00edtulo: Rela\u00e7\u00e3o entre a calcifica\u00e7\u00e3o coronariana e os par\u00e2metros da microarquitetura \u00f3ssea em uma comunidade de idosos da coorte Sao Paulo Ageing &amp; Health Study (SPAH). <a href=\"https:\/\/www.pgcardiologiausp.com.br\/wp-content\/uploads\/2024\/12\/LUIS_FERNANDO_ESCOBAR_GUZMAN.pdf\" target=\"_blank\" rel=\"noopener\">Tese<\/a><\/p>\n<hr \/>\n<p><a href=\"http:\/\/lattes.cnpq.br\/9063177118967524\"><strong>Carlos Alberto Kenji Nakashima<\/strong><\/a><br \/>\nOrientador: Prof. Dr. Jos\u00e9 Carlos Nicolau<br \/>\nData da defesa: 19\/03\/2021<br \/>\nT\u00edtulo: Libera\u00e7\u00e3o da cirurgia de revasculariza\u00e7\u00e3o mioc\u00e1rdica em pacientes com coronariopatia aguda baseada na agregabilidade plaquet\u00e1ria: estudo prospectivo e randomizado. <a href=\"https:\/\/www.pgcardiologiausp.com.br\/wp-content\/uploads\/2024\/12\/CARLOS_ALBERTO_KENJI_NAKASHIMA.pdf\" target=\"_blank\" rel=\"noopener\">Tese<\/a><\/p>\n<hr \/>\n<p><a href=\"http:\/\/lattes.cnpq.br\/1042890320159983\"><strong>Anna Christina de Lima Ribeiro<\/strong><\/a><br \/>\nOrientadora: Dra. T\u00e2nia Mara Varej\u00e3o Strabelli<br \/>\nData da defesa: 08\/03\/2021<br \/>\nT\u00edtulo: Fatores de risco para infec\u00e7\u00e3o da ferida operat\u00f3ria em pacientes submetidos \u00e0 cirurgia card\u00edaca pedi\u00e1trica. <a href=\"https:\/\/www.pgcardiologiausp.com.br\/wp-content\/uploads\/2024\/12\/ANNA_CHRISTINA_DE_LIMA_RIBEIRO.pdf\" target=\"_blank\" rel=\"noopener\">Tese<\/a><\/p>\n<hr \/>\n<p><strong><a href=\"http:\/\/lattes.cnpq.br\/4356045661311885\">Keila Cardoso Barbosa Fonseca<\/a><br \/>\n<\/strong>Orientador: Prof. Dr. Felix Jos\u00e9 Alvarez Ramires<br \/>\nData da defesa: 19\/02\/2021<br \/>\nT\u00edtulo: Influ\u00eancia da polui\u00e7\u00e3o do ar no remodelamento mioc\u00e1rdico na doen\u00e7a de Chagas em modelo experimental. <a href=\"https:\/\/www.pgcardiologiausp.com.br\/wp-content\/uploads\/2024\/12\/KEILA_CARDOSO_BARBOSA_FONSECA.pdf\" target=\"_blank\" rel=\"noopener\">Tese<\/a><\/p>\n","protected":false},"excerpt":{"rendered":"<p>Sorry, this entry is only available in Portugu\u00eas. 2021 &nbsp; Renata Libanori Aleixo de Barros e Silva Orientador(a): Dra. Denise Tessariol Hachul Data da Defesa: 15\/12\/2021<span class=\"excerpt-hellip\"> [\u2026]<\/span><\/p>\n","protected":false},"author":1,"featured_media":112,"parent":155,"menu_order":0,"comment_status":"closed","ping_status":"closed","template":"","meta":{"footnotes":""},"class_list":["post-791","page","type-page","status-publish","has-post-thumbnail","hentry"],"yoast_head":"<!-- This site is optimized with the Yoast SEO plugin v25.8 - https:\/\/yoast.com\/wordpress\/plugins\/seo\/ -->\n<title>Postgraduates and Theses 2021 - P\u00f3s-Gradua\u00e7\u00e3o em Cardiologia FMUSP<\/title>\n<meta name=\"robots\" content=\"index, follow, max-snippet:-1, max-image-preview:large, max-video-preview:-1\" \/>\n<link rel=\"canonical\" href=\"https:\/\/www.pgcardiologiausp.com.br\/o-programa\/egressos\/egressos-e-teses-2021\/\" \/>\n<meta property=\"og:locale\" content=\"en_US\" \/>\n<meta property=\"og:type\" content=\"article\" \/>\n<meta property=\"og:title\" content=\"Postgraduates and Theses 2021 - P\u00f3s-Gradua\u00e7\u00e3o em Cardiologia FMUSP\" \/>\n<meta property=\"og:description\" content=\"Sorry, this entry is only available in Portugu\u00eas. 2021 &nbsp; Renata Libanori Aleixo de Barros e Silva Orientador(a): Dra. Denise Tessariol Hachul Data da Defesa: 15\/12\/2021 [\u2026]\" \/>\n<meta property=\"og:url\" content=\"https:\/\/www.pgcardiologiausp.com.br\/o-programa\/egressos\/egressos-e-teses-2021\/\" \/>\n<meta property=\"og:site_name\" content=\"P\u00f3s-Gradua\u00e7\u00e3o em Cardiologia FMUSP\" \/>\n<meta property=\"article:modified_time\" content=\"2025-06-04T18:42:39+00:00\" \/>\n<meta property=\"og:image\" content=\"https:\/\/www.pgcardiologiausp.com.br\/wp-content\/uploads\/2024\/12\/bgheader_pgcardio_v1.2.jpg\" \/>\n\t<meta property=\"og:image:width\" content=\"1920\" \/>\n\t<meta property=\"og:image:height\" content=\"800\" \/>\n\t<meta property=\"og:image:type\" content=\"image\/jpeg\" \/>\n<meta name=\"twitter:card\" content=\"summary_large_image\" \/>\n<script type=\"application\/ld+json\" class=\"yoast-schema-graph\">{\"@context\":\"https:\/\/schema.org\",\"@graph\":[{\"@type\":\"WebPage\",\"@id\":\"https:\/\/www.pgcardiologiausp.com.br\/o-programa\/egressos\/egressos-e-teses-2021\/\",\"url\":\"https:\/\/www.pgcardiologiausp.com.br\/o-programa\/egressos\/egressos-e-teses-2021\/\",\"name\":\"Postgraduates and Theses 2021 - P\u00f3s-Gradua\u00e7\u00e3o em Cardiologia FMUSP\",\"isPartOf\":{\"@id\":\"https:\/\/www.pgcardiologiausp.com.br\/#website\"},\"primaryImageOfPage\":{\"@id\":\"https:\/\/www.pgcardiologiausp.com.br\/o-programa\/egressos\/egressos-e-teses-2021\/#primaryimage\"},\"image\":{\"@id\":\"https:\/\/www.pgcardiologiausp.com.br\/o-programa\/egressos\/egressos-e-teses-2021\/#primaryimage\"},\"thumbnailUrl\":\"https:\/\/www.pgcardiologiausp.com.br\/wp-content\/uploads\/2024\/12\/bgheader_pgcardio_v1.2.jpg\",\"datePublished\":\"2024-12-22T21:21:31+00:00\",\"dateModified\":\"2025-06-04T18:42:39+00:00\",\"breadcrumb\":{\"@id\":\"https:\/\/www.pgcardiologiausp.com.br\/o-programa\/egressos\/egressos-e-teses-2021\/#breadcrumb\"},\"inLanguage\":\"en-US\",\"potentialAction\":[{\"@type\":\"ReadAction\",\"target\":[\"https:\/\/www.pgcardiologiausp.com.br\/o-programa\/egressos\/egressos-e-teses-2021\/\"]}]},{\"@type\":\"ImageObject\",\"inLanguage\":\"en-US\",\"@id\":\"https:\/\/www.pgcardiologiausp.com.br\/o-programa\/egressos\/egressos-e-teses-2021\/#primaryimage\",\"url\":\"https:\/\/www.pgcardiologiausp.com.br\/wp-content\/uploads\/2024\/12\/bgheader_pgcardio_v1.2.jpg\",\"contentUrl\":\"https:\/\/www.pgcardiologiausp.com.br\/wp-content\/uploads\/2024\/12\/bgheader_pgcardio_v1.2.jpg\",\"width\":1920,\"height\":800},{\"@type\":\"BreadcrumbList\",\"@id\":\"https:\/\/www.pgcardiologiausp.com.br\/o-programa\/egressos\/egressos-e-teses-2021\/#breadcrumb\",\"itemListElement\":[{\"@type\":\"ListItem\",\"position\":1,\"name\":\"Home\",\"item\":\"https:\/\/www.pgcardiologiausp.com.br\/\"},{\"@type\":\"ListItem\",\"position\":2,\"name\":\"O Programa\",\"item\":\"https:\/\/www.pgcardiologiausp.com.br\/o-programa\/\"},{\"@type\":\"ListItem\",\"position\":3,\"name\":\"Egressos e teses\",\"item\":\"https:\/\/www.pgcardiologiausp.com.br\/o-programa\/egressos\/\"},{\"@type\":\"ListItem\",\"position\":4,\"name\":\"Egressos e Teses 2021\"}]},{\"@type\":\"WebSite\",\"@id\":\"https:\/\/www.pgcardiologiausp.com.br\/#website\",\"url\":\"https:\/\/www.pgcardiologiausp.com.br\/\",\"name\":\"P\u00f3s-Gradua\u00e7\u00e3o em Cardiologia FMUSP\",\"description\":\"\",\"publisher\":{\"@id\":\"https:\/\/www.pgcardiologiausp.com.br\/#organization\"},\"potentialAction\":[{\"@type\":\"SearchAction\",\"target\":{\"@type\":\"EntryPoint\",\"urlTemplate\":\"https:\/\/www.pgcardiologiausp.com.br\/?s={search_term_string}\"},\"query-input\":{\"@type\":\"PropertyValueSpecification\",\"valueRequired\":true,\"valueName\":\"search_term_string\"}}],\"inLanguage\":\"en-US\"},{\"@type\":\"Organization\",\"@id\":\"https:\/\/www.pgcardiologiausp.com.br\/#organization\",\"name\":\"P\u00f3s-Gradua\u00e7\u00e3o em Cardiologia FMUSP\",\"url\":\"https:\/\/www.pgcardiologiausp.com.br\/\",\"logo\":{\"@type\":\"ImageObject\",\"inLanguage\":\"en-US\",\"@id\":\"https:\/\/www.pgcardiologiausp.com.br\/#\/schema\/logo\/image\/\",\"url\":\"https:\/\/www.pgcardiologiausp.com.br\/wp-content\/uploads\/2024\/12\/pg_cardio_usp-logo-v1-clearbg-500x341-1.png\",\"contentUrl\":\"https:\/\/www.pgcardiologiausp.com.br\/wp-content\/uploads\/2024\/12\/pg_cardio_usp-logo-v1-clearbg-500x341-1.png\",\"width\":500,\"height\":177,\"caption\":\"P\u00f3s-Gradua\u00e7\u00e3o em Cardiologia FMUSP\"},\"image\":{\"@id\":\"https:\/\/www.pgcardiologiausp.com.br\/#\/schema\/logo\/image\/\"}}]}<\/script>\n<!-- \/ Yoast SEO plugin. -->","yoast_head_json":{"title":"Postgraduates and Theses 2021 - P\u00f3s-Gradua\u00e7\u00e3o em Cardiologia FMUSP","robots":{"index":"index","follow":"follow","max-snippet":"max-snippet:-1","max-image-preview":"max-image-preview:large","max-video-preview":"max-video-preview:-1"},"canonical":"https:\/\/www.pgcardiologiausp.com.br\/o-programa\/egressos\/egressos-e-teses-2021\/","og_locale":"en_US","og_type":"article","og_title":"Postgraduates and Theses 2021 - P\u00f3s-Gradua\u00e7\u00e3o em Cardiologia FMUSP","og_description":"Sorry, this entry is only available in Portugu\u00eas. 2021 &nbsp; Renata Libanori Aleixo de Barros e Silva Orientador(a): Dra. Denise Tessariol Hachul Data da Defesa: 15\/12\/2021 [\u2026]","og_url":"https:\/\/www.pgcardiologiausp.com.br\/o-programa\/egressos\/egressos-e-teses-2021\/","og_site_name":"P\u00f3s-Gradua\u00e7\u00e3o em Cardiologia FMUSP","article_modified_time":"2025-06-04T18:42:39+00:00","og_image":[{"width":1920,"height":800,"url":"https:\/\/www.pgcardiologiausp.com.br\/wp-content\/uploads\/2024\/12\/bgheader_pgcardio_v1.2.jpg","type":"image\/jpeg"}],"twitter_card":"summary_large_image","schema":{"@context":"https:\/\/schema.org","@graph":[{"@type":"WebPage","@id":"https:\/\/www.pgcardiologiausp.com.br\/o-programa\/egressos\/egressos-e-teses-2021\/","url":"https:\/\/www.pgcardiologiausp.com.br\/o-programa\/egressos\/egressos-e-teses-2021\/","name":"Postgraduates and Theses 2021 - P\u00f3s-Gradua\u00e7\u00e3o em Cardiologia FMUSP","isPartOf":{"@id":"https:\/\/www.pgcardiologiausp.com.br\/#website"},"primaryImageOfPage":{"@id":"https:\/\/www.pgcardiologiausp.com.br\/o-programa\/egressos\/egressos-e-teses-2021\/#primaryimage"},"image":{"@id":"https:\/\/www.pgcardiologiausp.com.br\/o-programa\/egressos\/egressos-e-teses-2021\/#primaryimage"},"thumbnailUrl":"https:\/\/www.pgcardiologiausp.com.br\/wp-content\/uploads\/2024\/12\/bgheader_pgcardio_v1.2.jpg","datePublished":"2024-12-22T21:21:31+00:00","dateModified":"2025-06-04T18:42:39+00:00","breadcrumb":{"@id":"https:\/\/www.pgcardiologiausp.com.br\/o-programa\/egressos\/egressos-e-teses-2021\/#breadcrumb"},"inLanguage":"en-US","potentialAction":[{"@type":"ReadAction","target":["https:\/\/www.pgcardiologiausp.com.br\/o-programa\/egressos\/egressos-e-teses-2021\/"]}]},{"@type":"ImageObject","inLanguage":"en-US","@id":"https:\/\/www.pgcardiologiausp.com.br\/o-programa\/egressos\/egressos-e-teses-2021\/#primaryimage","url":"https:\/\/www.pgcardiologiausp.com.br\/wp-content\/uploads\/2024\/12\/bgheader_pgcardio_v1.2.jpg","contentUrl":"https:\/\/www.pgcardiologiausp.com.br\/wp-content\/uploads\/2024\/12\/bgheader_pgcardio_v1.2.jpg","width":1920,"height":800},{"@type":"BreadcrumbList","@id":"https:\/\/www.pgcardiologiausp.com.br\/o-programa\/egressos\/egressos-e-teses-2021\/#breadcrumb","itemListElement":[{"@type":"ListItem","position":1,"name":"Home","item":"https:\/\/www.pgcardiologiausp.com.br\/"},{"@type":"ListItem","position":2,"name":"O Programa","item":"https:\/\/www.pgcardiologiausp.com.br\/o-programa\/"},{"@type":"ListItem","position":3,"name":"Egressos e teses","item":"https:\/\/www.pgcardiologiausp.com.br\/o-programa\/egressos\/"},{"@type":"ListItem","position":4,"name":"Egressos e Teses 2021"}]},{"@type":"WebSite","@id":"https:\/\/www.pgcardiologiausp.com.br\/#website","url":"https:\/\/www.pgcardiologiausp.com.br\/","name":"P\u00f3s-Gradua\u00e7\u00e3o em Cardiologia FMUSP","description":"","publisher":{"@id":"https:\/\/www.pgcardiologiausp.com.br\/#organization"},"potentialAction":[{"@type":"SearchAction","target":{"@type":"EntryPoint","urlTemplate":"https:\/\/www.pgcardiologiausp.com.br\/?s={search_term_string}"},"query-input":{"@type":"PropertyValueSpecification","valueRequired":true,"valueName":"search_term_string"}}],"inLanguage":"en-US"},{"@type":"Organization","@id":"https:\/\/www.pgcardiologiausp.com.br\/#organization","name":"P\u00f3s-Gradua\u00e7\u00e3o em Cardiologia FMUSP","url":"https:\/\/www.pgcardiologiausp.com.br\/","logo":{"@type":"ImageObject","inLanguage":"en-US","@id":"https:\/\/www.pgcardiologiausp.com.br\/#\/schema\/logo\/image\/","url":"https:\/\/www.pgcardiologiausp.com.br\/wp-content\/uploads\/2024\/12\/pg_cardio_usp-logo-v1-clearbg-500x341-1.png","contentUrl":"https:\/\/www.pgcardiologiausp.com.br\/wp-content\/uploads\/2024\/12\/pg_cardio_usp-logo-v1-clearbg-500x341-1.png","width":500,"height":177,"caption":"P\u00f3s-Gradua\u00e7\u00e3o em Cardiologia FMUSP"},"image":{"@id":"https:\/\/www.pgcardiologiausp.com.br\/#\/schema\/logo\/image\/"}}]}},"_links":{"self":[{"href":"https:\/\/www.pgcardiologiausp.com.br\/en\/wp-json\/wp\/v2\/pages\/791","targetHints":{"allow":["GET"]}}],"collection":[{"href":"https:\/\/www.pgcardiologiausp.com.br\/en\/wp-json\/wp\/v2\/pages"}],"about":[{"href":"https:\/\/www.pgcardiologiausp.com.br\/en\/wp-json\/wp\/v2\/types\/page"}],"author":[{"embeddable":true,"href":"https:\/\/www.pgcardiologiausp.com.br\/en\/wp-json\/wp\/v2\/users\/1"}],"replies":[{"embeddable":true,"href":"https:\/\/www.pgcardiologiausp.com.br\/en\/wp-json\/wp\/v2\/comments?post=791"}],"version-history":[{"count":9,"href":"https:\/\/www.pgcardiologiausp.com.br\/en\/wp-json\/wp\/v2\/pages\/791\/revisions"}],"predecessor-version":[{"id":2320,"href":"https:\/\/www.pgcardiologiausp.com.br\/en\/wp-json\/wp\/v2\/pages\/791\/revisions\/2320"}],"up":[{"embeddable":true,"href":"https:\/\/www.pgcardiologiausp.com.br\/en\/wp-json\/wp\/v2\/pages\/155"}],"wp:featuredmedia":[{"embeddable":true,"href":"https:\/\/www.pgcardiologiausp.com.br\/en\/wp-json\/wp\/v2\/media\/112"}],"wp:attachment":[{"href":"https:\/\/www.pgcardiologiausp.com.br\/en\/wp-json\/wp\/v2\/media?parent=791"}],"curies":[{"name":"wp","href":"https:\/\/api.w.org\/{rel}","templated":true}]}}