{"id":1081,"date":"2024-12-22T21:54:46","date_gmt":"2024-12-23T00:54:46","guid":{"rendered":"https:\/\/www.pgcardiologiausp.com.br\/?page_id=1081"},"modified":"2024-12-29T00:23:46","modified_gmt":"2024-12-29T03:23:46","slug":"egressos-e-teses-2012","status":"publish","type":"page","link":"https:\/\/www.pgcardiologiausp.com.br\/es\/o-programa\/egressos\/egressos-e-teses-2012\/","title":{"rendered":"Postgrados y Tesis 2012"},"content":{"rendered":"<p class=\"qtranxs-available-languages-message qtranxs-available-languages-message-es\">Disculpa, pero esta entrada est\u00e1 disponible s\u00f3lo en <a href=\"https:\/\/www.pgcardiologiausp.com.br\/pb\/wp-json\/wp\/v2\/pages\/1081\" class=\"qtranxs-available-language-link qtranxs-available-language-link-pb\" title=\"Portugu\u00eas\">Portugu\u00eas<\/a>.<\/p>\n<h3>2012<\/h3>\n<p>23\/10\/2012 Gilmar Valdir Greque (orient: Carlos Vicente Serrano J\u00fanior)<br \/>\nTema: Papel das estinas na les\u00e3o mioc\u00e1rdica e nos marcadores inflamat\u00f3rios em pacientes submetidos a implante eletivo de stent coron\u00e1rio. <a href=\"https:\/\/www.pgcardiologiausp.com.br\/wp-content\/uploads\/2024\/12\/doutoradogilmarvaldirgreque2012.pdf\" target=\"_blank\" rel=\"noopener noreferrer\">Tese<\/a> \/ <a href=\"http:\/\/www.ncbi.nlm.nih.gov\/pubmed\/?term=greque+g\" target=\"_blank\" rel=\"noopener\">Publica\u00e7\u00e3o<\/a><\/p>\n<p>13\/11\/2012 C\u00edntia de Souza Lima Moraes (orient: Roberto Kalil Filho)<br \/>\nTema: Estudo da roxicidade muscular pelo uso de estatinas em pacientes hipercolesterol\u00eamicos: avalia\u00e7\u00e3o pela espectroscopia. <a href=\"https:\/\/www.pgcardiologiausp.com.br\/wp-content\/uploads\/2024\/12\/tesecintia2012.pdf\" target=\"_blank\" rel=\"noopener noreferrer\">Tese<\/a><\/p>\n<p>09\/11\/2012 Cristina Nadja Muniz Lima de Falco (orient: Francisco Carlos da Costa Darrieux)<br \/>\nTema: Redu\u00e7\u00e3o da densidade de extrass\u00edstoles e dos sintomas relacionados ap\u00f3s administra\u00e7\u00e3o de magn\u00e9sio por via oral. <a href=\"https:\/\/www.pgcardiologiausp.com.br\/wp-content\/uploads\/2024\/12\/tesecristinafalco2012.pdf\" target=\"_blank\" rel=\"noopener noreferrer\">Tese<\/a> <a href=\"http:\/\/www.ncbi.nlm.nih.gov\/pubmed\/25590926\" target=\"_blank\" rel=\"noopener\">Publica\u00e7\u00e3o<\/a><\/p>\n<p>19\/10\/2012 Lucas N\u00f3bilo Pascoalino (orient: Guilherme Veiga Guimar\u00e3es)<br \/>\nTema: Efeito da atividade f\u00edsica aer\u00f3bia sobre a press\u00e3o arterial sist\u00eamica e rigidez arterial em pacientes submetidos ao transplante card\u00edaco. <a href=\"https:\/\/www.pgcardiologiausp.com.br\/wp-content\/uploads\/2024\/12\/tese_lucas_nobilo2012.pdf\" target=\"_blank\" rel=\"noopener noreferrer\">Tese<\/a> \/ <a href=\"http:\/\/www.ncbi.nlm.nih.gov\/pubmed\/25662857\" target=\"_blank\" rel=\"noopener\">Publica\u00e7\u00e3o<\/a><\/p>\n<p>19\/10\/2012 Rosa Maria Rahymi Garcia (orient: Whady Armindo Hueb)<br \/>\nTema: A\u00e7\u00e3o do inibidor da enzima dipeptidil pepridase 4 sobre o pr\u00e9-condiconamento isqu\u00eamico em pacientes portadores de diabetes mellitus tipo 2 e doen\u00e7a arterial coronaria est\u00e1vel. <a href=\"https:\/\/www.pgcardiologiausp.com.br\/wp-content\/uploads\/2024\/12\/tese_rosagarcia2012.pdf\" target=\"_blank\" rel=\"noopener noreferrer\">Tese<\/a> \/<a href=\"http:\/\/www.ncbi.nlm.nih.gov\/pubmed\/23250803\" target=\"_blank\" rel=\"noopener\">Publica\u00e7\u00e3o<\/a> \/<a href=\"http:\/\/www.ncbi.nlm.nih.gov\/pubmed\/24936247\" target=\"_blank\" rel=\"noopener\">Publica\u00e7\u00e3o 2<\/a><\/p>\n<p>09\/10\/2012 Marcio Gon\u00e7alves de Sousa (orient: Luiz Aparecido Bortolotto)<br \/>\nTema: Determinantes das propriedades funcionais e estruturais das grandes art\u00e9riase as rela\u00e7\u00f5es com les\u00f5es de \u00f3rg\u00e3os-alvo em hipertensos est\u00e1gio III. <a href=\"https:\/\/www.pgcardiologiausp.com.br\/wp-content\/uploads\/2024\/12\/tesemarcio_sousa2012.pdf\" target=\"_blank\" rel=\"noopener noreferrer\">Tese<\/a><\/p>\n<p>21\/09\/2012 Elaine Cristina Tolezani (orient: Luiz Aparecido Bortolotto)<br \/>\nTema: Determinantes das propriedades funcionais e estruturais de grandes art\u00e9rias em indiv\u00edduos aparentemente saud\u00e1veis. <a href=\"https:\/\/www.pgcardiologiausp.com.br\/wp-content\/uploads\/2024\/12\/elaine_cristina_tolezani.pdf\" target=\"_blank\" rel=\"noopener noreferrer\">Tese<\/a> \/ <a href=\"http:\/\/www.ncbi.nlm.nih.gov\/pubmed\/25211201\" target=\"_blank\" rel=\"noopener\">Publica\u00e7\u00e3o<\/a><\/p>\n<p>04\/09\/2012 Ot\u00e1vio Celeste Mangili (orient: Raul Dias dos Santos Filho)<br \/>\nTema: Efeitos da associa\u00e7\u00e3o de sinvastatina e ezetimiba na cin\u00e9tica de quilom\u00edcrons artificiais em pacientes portadores de doen\u00e7a arterial coron\u00e1ria est\u00e1vel. <a href=\"https:\/\/www.pgcardiologiausp.com.br\/wp-content\/uploads\/2024\/12\/otvio_celeste_mangili.pdf\" target=\"_blank\" rel=\"noopener noreferrer\">Tese<\/a> <a href=\"http:\/\/www.ncbi.nlm.nih.gov\/pubmed\/24503114\" target=\"_blank\" rel=\"noopener\">Publica\u00e7\u00e3o<\/a><\/p>\n<p>10\/07\/2012 Adriana Ferreira Grosso (orient: Protasio Lemos da Luz)<br \/>\nTema: A\u00e7\u00f5es anti-inflamat\u00f3rias de pioglitazona e sinvastatina: compara\u00e7\u00e3o entre plasma e tecido adiposo epic\u00e1rdico em pacientes com doen\u00e7a arterial coronariana e s\u00edndromemetab\u00f3lica.<\/p>\n<p>14\/05\/2012 Marta Fernandes Lima (orient: Jeane Mije Tsutsui)<br \/>\nTema: Valor progn\u00f3stico da reserva de fluxo coron\u00e1rio e mioc\u00e1rdico obtida pela ecocardiografia contrastada em pacientes com cardiomiopatia dilatada de origem n\u00e3o isqu\u00eamica. <a href=\"https:\/\/www.pgcardiologiausp.com.br\/wp-content\/uploads\/2024\/12\/tese_dra_marta_fernandes_lima.pdf\" target=\"_blank\" rel=\"noopener noreferrer\">Tese<\/a> \/ <a href=\"http:\/\/www.ncbi.nlm.nih.gov\/pubmed\/23290499\" target=\"_blank\" rel=\"noopener\">Publica\u00e7\u00e3o<\/a> \/<a href=\"http:\/\/departamentos.cardiol.br\/dic\/publicacoes\/revistadic\/revista\/2015\/portugues\/Revista01\/05-original73.pdf\" target=\"_blank\" rel=\"noopener\">Publica\u00e7\u00e3o 2<\/a><\/p>\n<p>07\/05\/2012 Cristina C\u00edcero (orient: Ant\u00f4nio Augusto Barbosa Lopes)<br \/>\nTema: Qualidade de vida em hipertens\u00e3o arterial pulmonar e sua rela\u00e7\u00e3o com o desempenho fisico: avalia\u00e7\u00e3o lonfitudinal. <a href=\"https:\/\/www.pgcardiologiausp.com.br\/wp-content\/uploads\/2024\/12\/cristina_ccero.pdf\" target=\"_blank\" rel=\"noopener noreferrer\">Tese<\/a><\/p>\n<p>03\/05\/2012 Abr\u00e3o Abuhad (orient: Fernando Bacal)<br \/>\nTema: An\u00e1lise de dados de pacientes internados por insufici\u00eancia card\u00edaca descompensada &#8211; impacto sobre desfechos cl\u00ednicos e custos. <a href=\"https:\/\/www.pgcardiologiausp.com.br\/wp-content\/uploads\/2024\/12\/abraoabuhab2012.pdf\" target=\"_blank\" rel=\"noopener noreferrer\">Tese<\/a> <a href=\"http:\/\/www.ncbi.nlm.nih.gov\/pubmed\/23465560\" target=\"_blank\" rel=\"noopener\">Publica\u00e7\u00e3o<\/a><\/p>\n<p>27\/04\/2012 Cibele Larrosa Garzillo (orient: Whady Armindo Hueb)<br \/>\nTema: Evolu\u00e7\u00e3o da fun\u00e7\u00e3o ventr\u00edcular esquerda em pacientes portadores de coronariopatia cr\u00f4nica submetidos ao tratamento cl\u00ednico, cir\u00fargico ou angioplastia &#8211; Seguimento de 10 anos. <a href=\"https:\/\/www.pgcardiologiausp.com.br\/wp-content\/uploads\/2024\/12\/cibele_garzillo.pdf\" target=\"_blank\" rel=\"noopener noreferrer\">Tese<\/a> \/ <a href=\"http:\/\/www.ncbi.nlm.nih.gov\/pubmed\/23828828\" target=\"_blank\" rel=\"noopener\">Publica\u00e7\u00e3o<\/a><\/p>\n<p>24\/04\/2012 Carlos Eduardo Batista de Lima (orient: Martino Martinelli Filho)<br \/>\nTema: Papel do monitoramento remoto cont\u00ednuo na detec\u00e7\u00e3o e no manejo terap\u00eautico da fibrila\u00e7\u00e3o atrial em idosos com marca-passo definitivo. <a href=\"https:\/\/www.pgcardiologiausp.com.br\/wp-content\/uploads\/2024\/12\/carloseduardoblima2012.pdf\" target=\"_blank\" rel=\"noopener noreferrer\">Tese<\/a><\/p>\n<p>23\/04\/2012 Thiago Andrade de Mac\u00eado (orient: Luiz Aparecido Bortolotto)<br \/>\nTema: Estudo dos determinantes de doen\u00e7a arterial coron\u00e1ria grave em pacientes hipertensos com indica\u00e7\u00e3o de arteriografia renal por suspeita de astenose de art\u00e9ria renal. <a href=\"https:\/\/www.pgcardiologiausp.com.br\/wp-content\/uploads\/2024\/12\/thiago_andrade.pdf\" target=\"_blank\" rel=\"noopener noreferrer\">Tese<\/a> \/ <a href=\"http:\/\/www.ncbi.nlm.nih.gov\/pubmed\/23516521\" target=\"_blank\" rel=\"noopener\">Publica\u00e7\u00e3o<\/a><\/p>\n<p>19\/03\/2012 Fabiana Goulart Marcondes Braga (orient: Fernando Bacal)<br \/>\nTema: Acetona exalada como novo biomarcador do diagn\u00f3stico de insufici\u00eancia card\u00edaca. <a href=\"https:\/\/www.pgcardiologiausp.com.br\/wp-content\/uploads\/2024\/12\/marcondes-bragafg_tesedoutorado_sp2012.pdf\" target=\"_blank\" rel=\"noopener noreferrer\">Tese<\/a> \/ <a href=\"http:\/\/www.ncbi.nlm.nih.gov\/pubmed\/22345382\" target=\"_blank\" rel=\"noopener\">Publica\u00e7\u00e3o<\/a><\/p>\n<p>01\/03\/2012 Andr\u00e9 Coelho Marques (orient:Bruno Caramelli)<br \/>\nTema: Impacto da interconsulta C ardiol\u00f3gica na evolu\u00e7\u00e3o cl\u00ednica de pacientes hospitalizados. <a href=\"https:\/\/www.pgcardiologiausp.com.br\/wp-content\/uploads\/2024\/12\/AndreCMarques.pdf\" target=\"_blank\" rel=\"noopener\">Tese<\/a> \/ <a href=\"http:\/\/www.ncbi.nlm.nih.gov\/pubmed\/25518017\" target=\"_blank\" rel=\"noopener\">Publica\u00e7\u00e3o<\/a> \/ <a href=\"http:\/\/www.ncbi.nlm.nih.gov\/pubmed\/21686742\" target=\"_blank\" rel=\"noopener\">Publica\u00e7\u00e3o 2<\/a> \/<a href=\"http:\/\/www.sciencedirect.com\/science\/article\/pii\/S073510970702222X\" target=\"_blank\" rel=\"noopener\">Publica\u00e7\u00e3o 3<\/a><\/p>\n<p>15\/02\/2012 Victor Sarli Issa (orient: Edimar Alcides Bocchi)<br \/>\nTema: Solu\u00e7\u00e3o salina hipert\u00f4nica na insufici\u00eancia card\u00edaca descompensada <a href=\"https:\/\/www.pgcardiologiausp.com.br\/wp-content\/uploads\/2024\/12\/victorissa_tesedoutorado_sp2011.pdf\" target=\"_blank\" rel=\"noopener noreferrer\">Tese<\/a> \/ <a href=\"http:\/\/www.ncbi.nlm.nih.gov\/pubmed\/22243938\" target=\"_blank\" rel=\"noopener\">Publica\u00e7\u00e3o<\/a><\/p>\n<p dir=\"ltr\">10\/02\/2012 Fernanda Santos Pozzi (orient: Carmen Vinagre)<br \/>\nTema: Cin\u00e9tica plasm\u00e1tica da lipoprote\u00edna de baixa densidade e avalia\u00e7\u00e3o dos aspectos qualitativos da lipoprote\u00edna de alta densidade em indiv\u00edduos com artrite reumat\u00f3ide <a href=\"https:\/\/www.pgcardiologiausp.com.br\/wp-content\/uploads\/2024\/12\/pozzi_fs.pdf\" target=\"_blank\" rel=\"noopener noreferrer\">Tese<\/a> \/ <a href=\"http:\/\/www.ncbi.nlm.nih.gov\/pubmed\/?term=plasma+kinetics+of+an+LDL-like+non-protein+nanoemulsion+and+transfer+of+lipids+to+high-density+lipoprotein+(HDL)+in+patients+with+rheumatoid+arthritis\" target=\"_blank\" rel=\"noopener\">Publica\u00e7\u00e3o<\/a><\/p>\n<p>09\/02\/2012 Thiago Augusto Magalh\u00e3es (orient: Carlos Eduardo Rochitte)<br \/>\nTema: Angiografia coronariana e perfus\u00e3o mioc\u00e1rdica de estresse por tomografia computadorizada de 64 colunas de detectoresna avalia\u00e7\u00e3o luminal intra-stent<\/p>\n<p>03\/02\/2012 Luciana Pescatore Alves (orient: Francisco Rafael Martins Laurindo)<br \/>\nTema: Papel da dissulfeto isomerase proteica (PDI) na migra\u00e7\u00e3o de c\u00e9lulas musculares lisas vasculares: poss\u00edvel envolvimento de Nox1 NADPH oxidase e RhoGTPases. <a href=\"http:\/\/www.jbc.org\/content\/287\/35\/29290.long\" target=\"_blank\" rel=\"noopener\">Publica\u00e7\u00e3o<\/a><\/p>\n","protected":false},"excerpt":{"rendered":"<p>Disculpa, pero esta entrada est\u00e1 disponible s\u00f3lo en Portugu\u00eas. 2012 23\/10\/2012 Gilmar Valdir Greque (orient: Carlos Vicente Serrano J\u00fanior) Tema: Papel das estinas na les\u00e3o mioc\u00e1rdica<span class=\"excerpt-hellip\"> [\u2026]<\/span><\/p>\n","protected":false},"author":1,"featured_media":112,"parent":155,"menu_order":0,"comment_status":"closed","ping_status":"closed","template":"","meta":{"footnotes":""},"class_list":["post-1081","page","type-page","status-publish","has-post-thumbnail","hentry"],"yoast_head":"<!-- This site is optimized with the Yoast SEO plugin v25.8 - https:\/\/yoast.com\/wordpress\/plugins\/seo\/ -->\n<title>Postgrados y Tesis 2012 - P\u00f3s-Gradua\u00e7\u00e3o em Cardiologia FMUSP<\/title>\n<meta name=\"robots\" content=\"index, follow, max-snippet:-1, max-image-preview:large, max-video-preview:-1\" \/>\n<link rel=\"canonical\" href=\"https:\/\/www.pgcardiologiausp.com.br\/o-programa\/egressos\/egressos-e-teses-2012\/\" \/>\n<meta property=\"og:locale\" content=\"es_ES\" \/>\n<meta property=\"og:type\" content=\"article\" \/>\n<meta property=\"og:title\" content=\"Postgrados y Tesis 2012 - P\u00f3s-Gradua\u00e7\u00e3o em Cardiologia FMUSP\" \/>\n<meta property=\"og:description\" content=\"Disculpa, pero esta entrada est\u00e1 disponible s\u00f3lo en Portugu\u00eas. 2012 23\/10\/2012 Gilmar Valdir Greque (orient: Carlos Vicente Serrano J\u00fanior) Tema: Papel das estinas na les\u00e3o mioc\u00e1rdica [\u2026]\" \/>\n<meta property=\"og:url\" content=\"https:\/\/www.pgcardiologiausp.com.br\/o-programa\/egressos\/egressos-e-teses-2012\/\" \/>\n<meta property=\"og:site_name\" content=\"P\u00f3s-Gradua\u00e7\u00e3o em Cardiologia FMUSP\" \/>\n<meta property=\"article:modified_time\" content=\"2024-12-29T03:23:46+00:00\" \/>\n<meta property=\"og:image\" content=\"https:\/\/www.pgcardiologiausp.com.br\/wp-content\/uploads\/2024\/12\/bgheader_pgcardio_v1.2.jpg\" \/>\n\t<meta property=\"og:image:width\" content=\"1920\" \/>\n\t<meta property=\"og:image:height\" content=\"800\" \/>\n\t<meta property=\"og:image:type\" content=\"image\/jpeg\" \/>\n<meta name=\"twitter:card\" content=\"summary_large_image\" \/>\n<script type=\"application\/ld+json\" class=\"yoast-schema-graph\">{\"@context\":\"https:\/\/schema.org\",\"@graph\":[{\"@type\":\"WebPage\",\"@id\":\"https:\/\/www.pgcardiologiausp.com.br\/o-programa\/egressos\/egressos-e-teses-2012\/\",\"url\":\"https:\/\/www.pgcardiologiausp.com.br\/o-programa\/egressos\/egressos-e-teses-2012\/\",\"name\":\"Postgrados y Tesis 2012 - P\u00f3s-Gradua\u00e7\u00e3o em Cardiologia FMUSP\",\"isPartOf\":{\"@id\":\"https:\/\/www.pgcardiologiausp.com.br\/#website\"},\"primaryImageOfPage\":{\"@id\":\"https:\/\/www.pgcardiologiausp.com.br\/o-programa\/egressos\/egressos-e-teses-2012\/#primaryimage\"},\"image\":{\"@id\":\"https:\/\/www.pgcardiologiausp.com.br\/o-programa\/egressos\/egressos-e-teses-2012\/#primaryimage\"},\"thumbnailUrl\":\"https:\/\/www.pgcardiologiausp.com.br\/wp-content\/uploads\/2024\/12\/bgheader_pgcardio_v1.2.jpg\",\"datePublished\":\"2024-12-23T00:54:46+00:00\",\"dateModified\":\"2024-12-29T03:23:46+00:00\",\"breadcrumb\":{\"@id\":\"https:\/\/www.pgcardiologiausp.com.br\/o-programa\/egressos\/egressos-e-teses-2012\/#breadcrumb\"},\"inLanguage\":\"es\",\"potentialAction\":[{\"@type\":\"ReadAction\",\"target\":[\"https:\/\/www.pgcardiologiausp.com.br\/o-programa\/egressos\/egressos-e-teses-2012\/\"]}]},{\"@type\":\"ImageObject\",\"inLanguage\":\"es\",\"@id\":\"https:\/\/www.pgcardiologiausp.com.br\/o-programa\/egressos\/egressos-e-teses-2012\/#primaryimage\",\"url\":\"https:\/\/www.pgcardiologiausp.com.br\/wp-content\/uploads\/2024\/12\/bgheader_pgcardio_v1.2.jpg\",\"contentUrl\":\"https:\/\/www.pgcardiologiausp.com.br\/wp-content\/uploads\/2024\/12\/bgheader_pgcardio_v1.2.jpg\",\"width\":1920,\"height\":800},{\"@type\":\"BreadcrumbList\",\"@id\":\"https:\/\/www.pgcardiologiausp.com.br\/o-programa\/egressos\/egressos-e-teses-2012\/#breadcrumb\",\"itemListElement\":[{\"@type\":\"ListItem\",\"position\":1,\"name\":\"Home\",\"item\":\"https:\/\/www.pgcardiologiausp.com.br\/\"},{\"@type\":\"ListItem\",\"position\":2,\"name\":\"O Programa\",\"item\":\"https:\/\/www.pgcardiologiausp.com.br\/o-programa\/\"},{\"@type\":\"ListItem\",\"position\":3,\"name\":\"Egressos e teses\",\"item\":\"https:\/\/www.pgcardiologiausp.com.br\/o-programa\/egressos\/\"},{\"@type\":\"ListItem\",\"position\":4,\"name\":\"Egressos e Teses 2012\"}]},{\"@type\":\"WebSite\",\"@id\":\"https:\/\/www.pgcardiologiausp.com.br\/#website\",\"url\":\"https:\/\/www.pgcardiologiausp.com.br\/\",\"name\":\"P\u00f3s-Gradua\u00e7\u00e3o em Cardiologia FMUSP\",\"description\":\"\",\"publisher\":{\"@id\":\"https:\/\/www.pgcardiologiausp.com.br\/#organization\"},\"potentialAction\":[{\"@type\":\"SearchAction\",\"target\":{\"@type\":\"EntryPoint\",\"urlTemplate\":\"https:\/\/www.pgcardiologiausp.com.br\/?s={search_term_string}\"},\"query-input\":{\"@type\":\"PropertyValueSpecification\",\"valueRequired\":true,\"valueName\":\"search_term_string\"}}],\"inLanguage\":\"es\"},{\"@type\":\"Organization\",\"@id\":\"https:\/\/www.pgcardiologiausp.com.br\/#organization\",\"name\":\"P\u00f3s-Gradua\u00e7\u00e3o em Cardiologia FMUSP\",\"url\":\"https:\/\/www.pgcardiologiausp.com.br\/\",\"logo\":{\"@type\":\"ImageObject\",\"inLanguage\":\"es\",\"@id\":\"https:\/\/www.pgcardiologiausp.com.br\/#\/schema\/logo\/image\/\",\"url\":\"https:\/\/www.pgcardiologiausp.com.br\/wp-content\/uploads\/2024\/12\/pg_cardio_usp-logo-v1-clearbg-500x341-1.png\",\"contentUrl\":\"https:\/\/www.pgcardiologiausp.com.br\/wp-content\/uploads\/2024\/12\/pg_cardio_usp-logo-v1-clearbg-500x341-1.png\",\"width\":500,\"height\":177,\"caption\":\"P\u00f3s-Gradua\u00e7\u00e3o em Cardiologia FMUSP\"},\"image\":{\"@id\":\"https:\/\/www.pgcardiologiausp.com.br\/#\/schema\/logo\/image\/\"}}]}<\/script>\n<!-- \/ Yoast SEO plugin. -->","yoast_head_json":{"title":"Postgrados y Tesis 2012 - P\u00f3s-Gradua\u00e7\u00e3o em Cardiologia FMUSP","robots":{"index":"index","follow":"follow","max-snippet":"max-snippet:-1","max-image-preview":"max-image-preview:large","max-video-preview":"max-video-preview:-1"},"canonical":"https:\/\/www.pgcardiologiausp.com.br\/o-programa\/egressos\/egressos-e-teses-2012\/","og_locale":"es_ES","og_type":"article","og_title":"Postgrados y Tesis 2012 - P\u00f3s-Gradua\u00e7\u00e3o em Cardiologia FMUSP","og_description":"Disculpa, pero esta entrada est\u00e1 disponible s\u00f3lo en Portugu\u00eas. 2012 23\/10\/2012 Gilmar Valdir Greque (orient: Carlos Vicente Serrano J\u00fanior) Tema: Papel das estinas na les\u00e3o mioc\u00e1rdica [\u2026]","og_url":"https:\/\/www.pgcardiologiausp.com.br\/o-programa\/egressos\/egressos-e-teses-2012\/","og_site_name":"P\u00f3s-Gradua\u00e7\u00e3o em Cardiologia FMUSP","article_modified_time":"2024-12-29T03:23:46+00:00","og_image":[{"width":1920,"height":800,"url":"https:\/\/www.pgcardiologiausp.com.br\/wp-content\/uploads\/2024\/12\/bgheader_pgcardio_v1.2.jpg","type":"image\/jpeg"}],"twitter_card":"summary_large_image","schema":{"@context":"https:\/\/schema.org","@graph":[{"@type":"WebPage","@id":"https:\/\/www.pgcardiologiausp.com.br\/o-programa\/egressos\/egressos-e-teses-2012\/","url":"https:\/\/www.pgcardiologiausp.com.br\/o-programa\/egressos\/egressos-e-teses-2012\/","name":"Postgrados y Tesis 2012 - P\u00f3s-Gradua\u00e7\u00e3o em Cardiologia FMUSP","isPartOf":{"@id":"https:\/\/www.pgcardiologiausp.com.br\/#website"},"primaryImageOfPage":{"@id":"https:\/\/www.pgcardiologiausp.com.br\/o-programa\/egressos\/egressos-e-teses-2012\/#primaryimage"},"image":{"@id":"https:\/\/www.pgcardiologiausp.com.br\/o-programa\/egressos\/egressos-e-teses-2012\/#primaryimage"},"thumbnailUrl":"https:\/\/www.pgcardiologiausp.com.br\/wp-content\/uploads\/2024\/12\/bgheader_pgcardio_v1.2.jpg","datePublished":"2024-12-23T00:54:46+00:00","dateModified":"2024-12-29T03:23:46+00:00","breadcrumb":{"@id":"https:\/\/www.pgcardiologiausp.com.br\/o-programa\/egressos\/egressos-e-teses-2012\/#breadcrumb"},"inLanguage":"es","potentialAction":[{"@type":"ReadAction","target":["https:\/\/www.pgcardiologiausp.com.br\/o-programa\/egressos\/egressos-e-teses-2012\/"]}]},{"@type":"ImageObject","inLanguage":"es","@id":"https:\/\/www.pgcardiologiausp.com.br\/o-programa\/egressos\/egressos-e-teses-2012\/#primaryimage","url":"https:\/\/www.pgcardiologiausp.com.br\/wp-content\/uploads\/2024\/12\/bgheader_pgcardio_v1.2.jpg","contentUrl":"https:\/\/www.pgcardiologiausp.com.br\/wp-content\/uploads\/2024\/12\/bgheader_pgcardio_v1.2.jpg","width":1920,"height":800},{"@type":"BreadcrumbList","@id":"https:\/\/www.pgcardiologiausp.com.br\/o-programa\/egressos\/egressos-e-teses-2012\/#breadcrumb","itemListElement":[{"@type":"ListItem","position":1,"name":"Home","item":"https:\/\/www.pgcardiologiausp.com.br\/"},{"@type":"ListItem","position":2,"name":"O Programa","item":"https:\/\/www.pgcardiologiausp.com.br\/o-programa\/"},{"@type":"ListItem","position":3,"name":"Egressos e teses","item":"https:\/\/www.pgcardiologiausp.com.br\/o-programa\/egressos\/"},{"@type":"ListItem","position":4,"name":"Egressos e Teses 2012"}]},{"@type":"WebSite","@id":"https:\/\/www.pgcardiologiausp.com.br\/#website","url":"https:\/\/www.pgcardiologiausp.com.br\/","name":"P\u00f3s-Gradua\u00e7\u00e3o em Cardiologia FMUSP","description":"","publisher":{"@id":"https:\/\/www.pgcardiologiausp.com.br\/#organization"},"potentialAction":[{"@type":"SearchAction","target":{"@type":"EntryPoint","urlTemplate":"https:\/\/www.pgcardiologiausp.com.br\/?s={search_term_string}"},"query-input":{"@type":"PropertyValueSpecification","valueRequired":true,"valueName":"search_term_string"}}],"inLanguage":"es"},{"@type":"Organization","@id":"https:\/\/www.pgcardiologiausp.com.br\/#organization","name":"P\u00f3s-Gradua\u00e7\u00e3o em Cardiologia FMUSP","url":"https:\/\/www.pgcardiologiausp.com.br\/","logo":{"@type":"ImageObject","inLanguage":"es","@id":"https:\/\/www.pgcardiologiausp.com.br\/#\/schema\/logo\/image\/","url":"https:\/\/www.pgcardiologiausp.com.br\/wp-content\/uploads\/2024\/12\/pg_cardio_usp-logo-v1-clearbg-500x341-1.png","contentUrl":"https:\/\/www.pgcardiologiausp.com.br\/wp-content\/uploads\/2024\/12\/pg_cardio_usp-logo-v1-clearbg-500x341-1.png","width":500,"height":177,"caption":"P\u00f3s-Gradua\u00e7\u00e3o em Cardiologia FMUSP"},"image":{"@id":"https:\/\/www.pgcardiologiausp.com.br\/#\/schema\/logo\/image\/"}}]}},"_links":{"self":[{"href":"https:\/\/www.pgcardiologiausp.com.br\/es\/wp-json\/wp\/v2\/pages\/1081","targetHints":{"allow":["GET"]}}],"collection":[{"href":"https:\/\/www.pgcardiologiausp.com.br\/es\/wp-json\/wp\/v2\/pages"}],"about":[{"href":"https:\/\/www.pgcardiologiausp.com.br\/es\/wp-json\/wp\/v2\/types\/page"}],"author":[{"embeddable":true,"href":"https:\/\/www.pgcardiologiausp.com.br\/es\/wp-json\/wp\/v2\/users\/1"}],"replies":[{"embeddable":true,"href":"https:\/\/www.pgcardiologiausp.com.br\/es\/wp-json\/wp\/v2\/comments?post=1081"}],"version-history":[{"count":5,"href":"https:\/\/www.pgcardiologiausp.com.br\/es\/wp-json\/wp\/v2\/pages\/1081\/revisions"}],"predecessor-version":[{"id":1411,"href":"https:\/\/www.pgcardiologiausp.com.br\/es\/wp-json\/wp\/v2\/pages\/1081\/revisions\/1411"}],"up":[{"embeddable":true,"href":"https:\/\/www.pgcardiologiausp.com.br\/es\/wp-json\/wp\/v2\/pages\/155"}],"wp:featuredmedia":[{"embeddable":true,"href":"https:\/\/www.pgcardiologiausp.com.br\/es\/wp-json\/wp\/v2\/media\/112"}],"wp:attachment":[{"href":"https:\/\/www.pgcardiologiausp.com.br\/es\/wp-json\/wp\/v2\/media?parent=1081"}],"curies":[{"name":"wp","href":"https:\/\/api.w.org\/{rel}","templated":true}]}}