{"id":1103,"date":"2024-12-22T22:00:44","date_gmt":"2024-12-23T01:00:44","guid":{"rendered":"https:\/\/www.pgcardiologiausp.com.br\/?page_id=1103"},"modified":"2024-12-29T00:23:33","modified_gmt":"2024-12-29T03:23:33","slug":"egressos-e-teses-2011","status":"publish","type":"page","link":"https:\/\/www.pgcardiologiausp.com.br\/es\/o-programa\/egressos\/egressos-e-teses-2011\/","title":{"rendered":"Postgrados y Tesis 2011"},"content":{"rendered":"<p class=\"qtranxs-available-languages-message qtranxs-available-languages-message-es\">Disculpa, pero esta entrada est\u00e1 disponible s\u00f3lo en <a href=\"https:\/\/www.pgcardiologiausp.com.br\/pb\/wp-json\/wp\/v2\/pages\/1103\" class=\"qtranxs-available-language-link qtranxs-available-language-link-pb\" title=\"Portugu\u00eas\">Portugu\u00eas<\/a>.<\/p>\n<h3>2011<\/h3>\n<p>01\/12\/2011 Alessandra Costa Barreto (orient: Antonio Augusto Barbosa Lopes)<br \/>\nTema: Estudo de marcadores de disfun\u00e7\u00e3o endotelial e de inflama\u00e7\u00e3o em portadores de hipertens\u00e3o arterial pulmonar: implica\u00e7\u00f5es terap\u00eauticas e progn\u00f3sticas <a href=\"https:\/\/www.pgcardiologiausp.com.br\/wp-content\/uploads\/2024\/12\/barreto_ac1.pdf\" target=\"_blank\" rel=\"noopener noreferrer\">Tese<\/a><\/p>\n<p>06\/10\/2011 Raquel de Assis Sirvente (orient: Vera Maria Cury Salemi)<br \/>\nTema: Avalia\u00e7\u00e3o da fun\u00e7\u00e3o ventricular sist\u00f3lica e diast\u00f3lica pelo ecocardiograma transesof\u00e1gico e da capacidade funcional em ratos espontaneamente hipertensos submetidos \u00e0 desnerva\u00e7\u00e3o sino-a\u00f3rtica <a href=\"https:\/\/www.pgcardiologiausp.com.br\/wp-content\/uploads\/2024\/12\/raquel_-_tese.pdf\" target=\"_blank\" rel=\"noopener noreferrer\">Tese<\/a> \/ <a href=\"http:\/\/www.ncbi.nlm.nih.gov\/pubmed\/24828834\" target=\"_blank\" rel=\"noopener\">Publica\u00e7\u00e3o<\/a><\/p>\n<p>29\/10\/2011 Fernanda Coutinho Storti (orient: Paulo Jorge Moffa)<br \/>\nTema: Avalia\u00e7\u00e3o progn\u00f3stica da doen\u00e7a coron\u00e1ria est\u00e1vel atrav\u00e9s de um escore composto com dados cl\u00ednicos e o resultado do teste de esfor\u00e7o <a href=\"https:\/\/www.pgcardiologiausp.com.br\/wp-content\/uploads\/2024\/12\/dra_fernanda_c_storti_tese_2011.pdf\" target=\"_blank\" rel=\"noopener noreferrer\">Tese<\/a><\/p>\n<p>22\/09\/2011 F\u00e1bio Antero Pires (orient: Marco Antonio Gutierrez)<br \/>\nTema: Ambiente para extra\u00e7\u00e3o de informa\u00e7\u00e3o epidemiol\u00f3gica a partir da minera\u00e7\u00e3o de dez anos de dados do Sistema P\u00fablico de Sa\u00fade <a href=\"https:\/\/www.pgcardiologiausp.com.br\/wp-content\/uploads\/2024\/12\/piresfabioantero2011.pdf\" target=\"_blank\" rel=\"noopener noreferrer\">Tese<\/a><\/p>\n<p>15\/09\/2011 Ta\u00eds Le\u00e3o de Almeida (orient: Mauricio Wajngarten)<br \/>\nTema: Efeitos do treinamento f\u00edsico multimodal na preven\u00e7\u00e3o secund\u00e1ria de queda em idosos: treinamento supervisionado e semissupervisionado <a href=\"https:\/\/www.pgcardiologiausp.com.br\/wp-content\/uploads\/2024\/12\/doutoradoalmeidataisleao2011.pdf\" target=\"_blank\" rel=\"noopener noreferrer\">Tese<\/a> \/ <a href=\"http:\/\/www.ncbi.nlm.nih.gov\/pubmed\/22952201\" target=\"_blank\" rel=\"noopener\">Publica\u00e7\u00e3o<\/a><\/p>\n<p>13\/09\/2011 M\u00e1rcia Maria Carneiro (orient:Raul Dias dos Santos Filho)<br \/>\nTema: Metabolismo de quilom\u00edcrons e aterosclerose subcl\u00ednica em portadores de hipercolesterolemia familiar heterozig\u00f3tica. <a href=\"https:\/\/www.pgcardiologiausp.com.br\/wp-content\/uploads\/2024\/12\/carneiromarciamaria_doutorado.pdf\" target=\"_blank\" rel=\"noopener noreferrer\">Tese<\/a><\/p>\n<p>12\/09\/2011 Jeferson Luis da Silva (orient: Carmen Guilherme Christiano de Matos Vinagre)<br \/>\nTema: Os efeitos do exerc\u00edcio resistido no metabolismo da lipoprote\u00edna de baixa densidade (LDL) e da lipoprote\u00edna de alta densidade (HDL), utilizando uma nanoemuls\u00e3o semelhante a LDL <a href=\"https:\/\/www.pgcardiologiausp.com.br\/wp-content\/uploads\/2024\/12\/tese_doutorado_-_jeferson_luis_da_silva.pdf\" target=\"_blank\" rel=\"noopener noreferrer\">Tese_<\/a><\/p>\n<p>25\/08\/2011 Silvia Beatriz Paulino Cavasin de Souza (orient: Fernanda Marciano Consolim Colombo)<br \/>\nTema: Associa\u00e7\u00e3o da disfun\u00e7\u00e3o diast\u00f3lica de origem hipertensiva com a aividade card\u00edaca e perif\u00e9rica. <a href=\"https:\/\/www.pgcardiologiausp.com.br\/wp-content\/uploads\/2024\/12\/souzasilviabeatrizc.pdf\" target=\"_blank\" rel=\"noopener noreferrer\">Tese<\/a> \/ <a href=\"http:\/\/www.ncbi.nlm.nih.gov\/pubmed\/23475700\" target=\"_blank\" rel=\"noopener\">Publica\u00e7\u00e3o<\/a><\/p>\n<p>23\/08\/2011 Cristiane Maki Nunes (orient: Ivani Credidio Trombetta)<br \/>\nTema: Dieta hipocal\u00f3rica e treinamento f\u00edsico em pacientes com s\u00edndrome metab\u00f3lica e apn\u00e9ia do sono. <a href=\"https:\/\/www.pgcardiologiausp.com.br\/wp-content\/uploads\/2024\/12\/cristianemakinunes2011.pdf\" target=\"_blank\" rel=\"noopener noreferrer\">Tese<\/a> \/ <a href=\"http:\/\/www.ncbi.nlm.nih.gov\/pubmed\/26148219\" target=\"_blank\" rel=\"noopener\">Publica\u00e7\u00e3o<\/a><\/p>\n<p>22\/08\/2011 Rodrigo Tavares Silva (orient: Martino Martinelli Filho)<br \/>\nTema: Avalia\u00e7\u00e3o dos eventos arr\u00edtmicos em candidatos a transplante renal pela monitoriza\u00e7\u00e3o card\u00edaca com looper implant\u00e1vel. <a href=\"https:\/\/www.pgcardiologiausp.com.br\/wp-content\/uploads\/2024\/12\/rodrigotavaressilva2011.pdf\" target=\"_blank\" rel=\"noopener noreferrer\">Tese<\/a> \/ <a href=\"http:\/\/www.ncbi.nlm.nih.gov\/pubmed\/26351983\" target=\"_blank\" rel=\"noopener\">Publica\u00e7\u00e3o<\/a><\/p>\n<p>22\/08\/2011 Esteban Wisnivesky Rocca Rivarola (orient: Eduardo Argentino Sosa)<br \/>\nTema: An\u00e1lise espectral de sinais atriais e sua correla\u00e7\u00e3o topogr\u00e1fica com a inerva\u00e7\u00e3o parassimp\u00e1tica card\u00edaca. <a href=\"https:\/\/www.pgcardiologiausp.com.br\/wp-content\/uploads\/2024\/12\/rivarola_westebanr.pdf\" target=\"_blank\" rel=\"noopener noreferrer\">Tese<\/a><\/p>\n<p>16\/08\/2011 Leonardo Sara da Silva (orient: Carlos Eduardo Rochitte)<br \/>\nTema: Avalia\u00e7\u00e3o da tomografia computadorizada com 64 colunas de detectores em pacientes com s\u00edndrome coron\u00e1ria aguda. <a href=\"https:\/\/www.pgcardiologiausp.com.br\/wp-content\/uploads\/2024\/12\/leonardo_sara.pdf\" target=\"_blank\" rel=\"noopener noreferrer\">Tese<\/a><\/p>\n<p>11\/08\/2011 Luciene Ferreira Azevedo (orient: Luciana Diniz Nagem Janot de Matos<br \/>\nTema: Adapta\u00e7\u00f5es auton\u00f4micas e cardiovasculares em atletas de alto rendimento: influ\u00eancia da modalidade e periodiza\u00e7\u00e3o do treinamento f\u00edsico. <a href=\"https:\/\/www.pgcardiologiausp.com.br\/wp-content\/uploads\/2024\/12\/azevedolucienef_-_tese_doutorado.pdf\" target=\"_blank\" rel=\"noopener noreferrer\">Tese<\/a> <a href=\"http:\/\/www.ncbi.nlm.nih.gov\/pubmed\/24886917\" target=\"_blank\" rel=\"noopener\">Publica\u00e7\u00e3o<\/a><\/p>\n<p>09\/08\/2011 Afonso Akio Shiozaki (orient: Carlos Eduardo Rochitte)<br \/>\nTema: Avalia\u00e7\u00e3o da fibrose mioc\u00e1rdica pela resson\u00e2ncia magn\u00e9tica e tomografia computadorizada com m\u00faltiplos detectores na cardiomiopatia hipertr\u00f3fica. <a href=\"https:\/\/www.pgcardiologiausp.com.br\/wp-content\/uploads\/2024\/12\/shiozaki_afonsoa.pdf\" target=\"_blank\" rel=\"noopener noreferrer\">Tese<\/a> \/ <a href=\"http:\/\/www.ncbi.nlm.nih.gov\/pubmed\/23849490\" target=\"_blank\" rel=\"noopener\">Publica\u00e7\u00e3o<\/a><\/p>\n<p>07\/07\/2011 Danielle Menosi Gualandro (orient: Bruno Caramelli)<br \/>\nTema: Achados angiogr\u00e1ficos das s\u00edndromes coronarianas agudas no perioperat\u00f3rio de opera\u00e7\u00f5es n\u00e3o-card\u00edacas.\u00a0<a href=\"http:\/\/www.ncbi.nlm.nih.gov\/pubmed\/22410124\" target=\"_blank\" rel=\"noopener\">Publica\u00e7\u00e3o<\/a><\/p>\n<p>31\/05\/2011 Roberto Andrez Gomez Douglas (orient: Carlos Alberto Pastore)<br \/>\nTema: Estudo da repolariza\u00e7\u00e3o ventricular em pacientes submetidos \u00e0 terapia de ressincroniza\u00e7\u00e3o card\u00edaca, portadores de bloqueio de ramo esquerdo e insufici\u00eancia card\u00edaca, atrav\u00e9s do mapeamento eletrocardiogr\u00e1fico de superf\u00edcie<\/p>\n<p>11\/05\/2011 Eliza Kaori Uenishi (orient: Wilson Mathias Junior)<br \/>\nTema: Avalia\u00e7\u00e3o de Massas Card\u00edacas pela Ecocardiografia com perfus\u00e3o em tempo real. <a href=\"https:\/\/www.pgcardiologiausp.com.br\/wp-content\/uploads\/2024\/12\/eliza_kaori_uenishi.pdf\" target=\"_blank\" rel=\"noopener noreferrer\">Tese<\/a> \/ <a href=\"http:\/\/www.ncbi.nlm.nih.gov\/pubmed\/25933602\" target=\"_blank\" rel=\"noopener\">Publica\u00e7\u00e3o<\/a><\/p>\n<p>29\/04\/2011 Elaine Rufo Tavares (orient:Jayme Diament)<br \/>\nTema: Veicula\u00e7\u00e3o de quimioter\u00e1picos isolados ou em combina\u00e7\u00e3o atrav\u00e9s de nanoemuls\u00f5es lip\u00eddicas para o tratamento da aterosclerose: estudos em coelhos. <a href=\"https:\/\/www.pgcardiologiausp.com.br\/wp-content\/uploads\/2024\/12\/tavares_er_-_tese.pdf\" target=\"_blank\" rel=\"noopener noreferrer\">Tese<\/a> \/ <a href=\"http:\/\/www.ncbi.nlm.nih.gov\/pubmed\/22072867\" target=\"_blank\" rel=\"noopener\">Publica\u00e7\u00e3o<\/a><\/p>\n<p>27\/04\/2011 Janaina Paulini Aguiar ( orient:Maria Claudia Costa Irigoyen)<br \/>\nTema: Influ\u00eancia dos barorreceptores na evolu\u00e7\u00e3o da cardiomiopatia e da nefropatia diab\u00e9tica em ratos. <a href=\"https:\/\/www.pgcardiologiausp.com.br\/wp-content\/uploads\/2024\/12\/tese_janainapauliniaguiar.pdf\" target=\"_blank\" rel=\"noopener noreferrer\">Tese<\/a><\/p>\n<p>20\/04\/2011 J\u00falio Cesar Ayres Ferreira Filho (orient: Fernanda Marciano Consolim Colombo)<br \/>\nTema: Repercurss\u00e3o funcional da disfun\u00e7\u00e3o endotelial venosa na hipertens\u00e3o arterial sist\u00eamica &#8211; correl\u00e7\u00e3o entre fun\u00e7\u00e3o endotelial e complac\u00eancia venosas, e d\u00e9bito card\u00edaco. <a href=\"https:\/\/www.pgcardiologiausp.com.br\/wp-content\/uploads\/2024\/12\/jlio_csar_ayres_ferreira_filho.pdf\" target=\"_blank\" rel=\"noopener noreferrer\">Tese<\/a><\/p>\n<p>13\/04\/2011 Nelson Samesima (orient: Carlos Alberto Pastore)<br \/>\nTema: Caracteriza\u00e7\u00e3o do padr\u00e3o da ativa\u00e7\u00e3o el\u00e9trica ventricular de indiv\u00edduos portadores de ressincronizador card\u00edaco atrav\u00e9s do mapeamento eletrocardiogr\u00e1fico de superf\u00edcie. <a href=\"https:\/\/www.pgcardiologiausp.com.br\/wp-content\/uploads\/2024\/12\/tese_nelson_samesima.pdf\" target=\"_blank\" rel=\"noopener noreferrer\">Tese<\/a> \/ <a href=\"http:\/\/www.ncbi.nlm.nih.gov\/pubmed\/23917664\" target=\"_blank\" rel=\"noopener\">Publica\u00e7\u00e3o<\/a><\/p>\n<p>08\/04\/2011 Tan Chen Wu (orient: Denise Tessariol Hachul)<br \/>\nTema: Hipersensibilidade do seio carot\u00eddeo preval\u00eancia em pacientes com s\u00edmcope e pr\u00e9-s\u00edmcope e compara\u00e7\u00e3o com indiv\u00edduos assintom\u00e1ticos. <a href=\"https:\/\/www.pgcardiologiausp.com.br\/wp-content\/uploads\/2024\/12\/tan_chen_wu.pdf\" target=\"_blank\" rel=\"noopener noreferrer\">Tese<\/a><\/p>\n<p>31\/03\/2011 Italo Martins de Oliveira (orient: Paulo Sampaio Gutierrez)<br \/>\nTema: An\u00e1lise anatomopatol\u00f3gica do sistema nervoso aut\u00f4nomo card\u00edaco intr\u00edseco na fibrila\u00e7\u00e3o atrial permanente. <a href=\"https:\/\/www.pgcardiologiausp.com.br\/wp-content\/uploads\/2024\/12\/talomartins.pdf\" target=\"_blank\" rel=\"noopener noreferrer\">Tese<\/a> \/ <a href=\"http:\/\/www.ncbi.nlm.nih.gov\/pubmed\/22917538\" target=\"_blank\" rel=\"noopener\">Publica\u00e7\u00e3o<\/a><\/p>\n<p>25\/03\/2011 Domingos S\u00e1vio Barbosa de Melo ( orient: Antonio Carlos Pereira Barretto)<br \/>\nTema: Impacto do uso r\u00e1pido dos betabloqueadores sobre a mortalidade e remodelamento ventricular na insufici\u00eancia card\u00edaca avan\u00e7ada.<a href=\"https:\/\/www.pgcardiologiausp.com.br\/wp-content\/uploads\/2024\/12\/doutoradodomingossbmelo2011.pdf\" target=\"_blank\" rel=\"noopener noreferrer\"> Tese<\/a><\/p>\n<p>25\/03\/2011 Danielle Misumi Watanabe ( orient: Belkiss wilma Romano)<br \/>\nTema: O efeito da m\u00fasica na ansiedade de pacientes submetidos \u00e0 cineangiocoronariografia. <a href=\"https:\/\/www.pgcardiologiausp.com.br\/wp-content\/uploads\/2024\/12\/daniellemisumi.pdf\" target=\"_blank\" rel=\"noopener noreferrer\">Tese<\/a><\/p>\n<p>24\/03\/2011 Juliano Novaes Cardoso ( orient:Antonio Carlos Pereira Barretto)<br \/>\nTema: Dose de diur\u00e9ticos em pacientes com insufici\u00eancia card\u00edaca congestiva descompensada. <a href=\"https:\/\/www.pgcardiologiausp.com.br\/wp-content\/uploads\/2024\/12\/doutoradojulianonovaescardoso.pdf_juliano_novaes.pdf\" target=\"_blank\" rel=\"noopener noreferrer\">Tese<\/a> <a href=\"http:\/\/www.sciencedirect.com\/science\/article\/pii\/S016752731401078X\" target=\"_blank\" rel=\"noopener\">Publica\u00e7\u00e3o<\/a><\/p>\n<p>28\/02\/2011 Kl\u00e9bia Magalh\u00e3es Pereira Castello Branco (orient: Estela Azeka)<br \/>\nTema: An\u00e1lise cl\u00ednica evolutiva do uso do tacrolimus como droga imussupressora em transplante card\u00edaco pediatr\u00edco. <a href=\"https:\/\/www.pgcardiologiausp.com.br\/wp-content\/uploads\/2024\/12\/klbia_castello_branco.pdf\" target=\"_blank\" rel=\"noopener noreferrer\">Tese<\/a><\/p>\n<p>03\/02\/2011 Andr\u00e9 Gustavo Pires de Sousa (orient: Jos\u00e9 Eduardo Krieger)<br \/>\nTema: Associa\u00e7\u00e3o entre TCF7L2 e outras variantes gen\u00e9ticas de risco para Diabetes Mellitus Tipo 2 e doen\u00e7a cardiovascular. <a href=\"https:\/\/www.pgcardiologiausp.com.br\/wp-content\/uploads\/2024\/12\/andregustavopiresdesousa_doutorado.pdf\" target=\"_blank\" rel=\"noopener noreferrer\">Tese<\/a><\/p>\n<p>21\/01\/2011 Daniel Godoy Maryinez (orient: Maria Urbana Pinto Brand\u00e3o Rondon)<br \/>\nTema: Efeito do treinamento f\u00edsico no controle neurovascular em pacientes portadores de s\u00edndrome isqu\u00eamica mioc\u00e1rdica inst\u00e1vel. <a href=\"https:\/\/www.pgcardiologiausp.com.br\/wp-content\/uploads\/2024\/12\/daniel_martinez_dg-tese.pdf\" target=\"_blank\" rel=\"noopener noreferrer\">Tese<\/a> <a href=\"http:\/\/www.sciencedirect.com\/science\/article\/pii\/S0167527312010716\" target=\"_blank\" rel=\"noopener\">Publica\u00e7\u00e3o<\/a><\/p>\n<p>20\/01\/2011 Ana Claudia Ven\u00e2ncio (orient: Maur\u00edcio Ibrahim Scanavacca)<br \/>\nTema: Avalia\u00e7\u00e3o da viabilidade da t\u00e9cnica de acesso ao espa\u00e7o epic\u00e1rdico por pun\u00e3o transatrial para abla\u00e7\u00e3o epic\u00e1rdica por cateter. <a href=\"https:\/\/www.pgcardiologiausp.com.br\/wp-content\/uploads\/2024\/12\/anaclaudiavenanciodoutorado2010_completa.pdf\" target=\"_blank\" rel=\"noopener noreferrer\">Tese<\/a><\/p>\n<p>18\/01\/2011 Leandro reis Tavares (orient: Charles Mady)<br \/>\nTema: A a\u00e7\u00e3o do digital na fibrose mioc\u00e1rdica em modelo experimental. <a href=\"https:\/\/www.pgcardiologiausp.com.br\/wp-content\/uploads\/2024\/12\/leandro_reis_tavarestese_final.pdf\" target=\"_blank\" rel=\"noopener noreferrer\">Tese<\/a><\/p>\n<p>11\/01\/2011 Luciano Souza (orient: Bellkiss Wilma Romano)<br \/>\nTema: Prevalencia de sintomas depressivos, ansiosos e estresse em acad\u00eamicos de Medicina. <a href=\"https:\/\/www.pgcardiologiausp.com.br\/wp-content\/uploads\/2024\/12\/luciano_souza_tese.pdf\" target=\"_blank\" rel=\"noopener noreferrer\">Tese<\/a><\/p>\n","protected":false},"excerpt":{"rendered":"<p>Disculpa, pero esta entrada est\u00e1 disponible s\u00f3lo en Portugu\u00eas. 2011 01\/12\/2011 Alessandra Costa Barreto (orient: Antonio Augusto Barbosa Lopes) Tema: Estudo de marcadores de disfun\u00e7\u00e3o endotelial<span class=\"excerpt-hellip\"> [\u2026]<\/span><\/p>\n","protected":false},"author":1,"featured_media":112,"parent":155,"menu_order":0,"comment_status":"closed","ping_status":"closed","template":"","meta":{"footnotes":""},"class_list":["post-1103","page","type-page","status-publish","has-post-thumbnail","hentry"],"yoast_head":"<!-- This site is optimized with the Yoast SEO plugin v25.8 - https:\/\/yoast.com\/wordpress\/plugins\/seo\/ -->\n<title>Postgrados y Tesis 2011 - P\u00f3s-Gradua\u00e7\u00e3o em Cardiologia FMUSP<\/title>\n<meta name=\"robots\" content=\"index, follow, max-snippet:-1, max-image-preview:large, max-video-preview:-1\" \/>\n<link rel=\"canonical\" href=\"https:\/\/www.pgcardiologiausp.com.br\/o-programa\/egressos\/egressos-e-teses-2011\/\" \/>\n<meta property=\"og:locale\" content=\"es_ES\" \/>\n<meta property=\"og:type\" content=\"article\" \/>\n<meta property=\"og:title\" content=\"Postgrados y Tesis 2011 - P\u00f3s-Gradua\u00e7\u00e3o em Cardiologia FMUSP\" \/>\n<meta property=\"og:description\" content=\"Disculpa, pero esta entrada est\u00e1 disponible s\u00f3lo en Portugu\u00eas. 2011 01\/12\/2011 Alessandra Costa Barreto (orient: Antonio Augusto Barbosa Lopes) Tema: Estudo de marcadores de disfun\u00e7\u00e3o endotelial [\u2026]\" \/>\n<meta property=\"og:url\" content=\"https:\/\/www.pgcardiologiausp.com.br\/o-programa\/egressos\/egressos-e-teses-2011\/\" \/>\n<meta property=\"og:site_name\" content=\"P\u00f3s-Gradua\u00e7\u00e3o em Cardiologia FMUSP\" \/>\n<meta property=\"article:modified_time\" content=\"2024-12-29T03:23:33+00:00\" \/>\n<meta property=\"og:image\" content=\"https:\/\/www.pgcardiologiausp.com.br\/wp-content\/uploads\/2024\/12\/bgheader_pgcardio_v1.2.jpg\" \/>\n\t<meta property=\"og:image:width\" content=\"1920\" \/>\n\t<meta property=\"og:image:height\" content=\"800\" \/>\n\t<meta property=\"og:image:type\" content=\"image\/jpeg\" \/>\n<meta name=\"twitter:card\" content=\"summary_large_image\" \/>\n<script type=\"application\/ld+json\" class=\"yoast-schema-graph\">{\"@context\":\"https:\/\/schema.org\",\"@graph\":[{\"@type\":\"WebPage\",\"@id\":\"https:\/\/www.pgcardiologiausp.com.br\/o-programa\/egressos\/egressos-e-teses-2011\/\",\"url\":\"https:\/\/www.pgcardiologiausp.com.br\/o-programa\/egressos\/egressos-e-teses-2011\/\",\"name\":\"Postgrados y Tesis 2011 - P\u00f3s-Gradua\u00e7\u00e3o em Cardiologia FMUSP\",\"isPartOf\":{\"@id\":\"https:\/\/www.pgcardiologiausp.com.br\/#website\"},\"primaryImageOfPage\":{\"@id\":\"https:\/\/www.pgcardiologiausp.com.br\/o-programa\/egressos\/egressos-e-teses-2011\/#primaryimage\"},\"image\":{\"@id\":\"https:\/\/www.pgcardiologiausp.com.br\/o-programa\/egressos\/egressos-e-teses-2011\/#primaryimage\"},\"thumbnailUrl\":\"https:\/\/www.pgcardiologiausp.com.br\/wp-content\/uploads\/2024\/12\/bgheader_pgcardio_v1.2.jpg\",\"datePublished\":\"2024-12-23T01:00:44+00:00\",\"dateModified\":\"2024-12-29T03:23:33+00:00\",\"breadcrumb\":{\"@id\":\"https:\/\/www.pgcardiologiausp.com.br\/o-programa\/egressos\/egressos-e-teses-2011\/#breadcrumb\"},\"inLanguage\":\"es\",\"potentialAction\":[{\"@type\":\"ReadAction\",\"target\":[\"https:\/\/www.pgcardiologiausp.com.br\/o-programa\/egressos\/egressos-e-teses-2011\/\"]}]},{\"@type\":\"ImageObject\",\"inLanguage\":\"es\",\"@id\":\"https:\/\/www.pgcardiologiausp.com.br\/o-programa\/egressos\/egressos-e-teses-2011\/#primaryimage\",\"url\":\"https:\/\/www.pgcardiologiausp.com.br\/wp-content\/uploads\/2024\/12\/bgheader_pgcardio_v1.2.jpg\",\"contentUrl\":\"https:\/\/www.pgcardiologiausp.com.br\/wp-content\/uploads\/2024\/12\/bgheader_pgcardio_v1.2.jpg\",\"width\":1920,\"height\":800},{\"@type\":\"BreadcrumbList\",\"@id\":\"https:\/\/www.pgcardiologiausp.com.br\/o-programa\/egressos\/egressos-e-teses-2011\/#breadcrumb\",\"itemListElement\":[{\"@type\":\"ListItem\",\"position\":1,\"name\":\"Home\",\"item\":\"https:\/\/www.pgcardiologiausp.com.br\/\"},{\"@type\":\"ListItem\",\"position\":2,\"name\":\"O Programa\",\"item\":\"https:\/\/www.pgcardiologiausp.com.br\/o-programa\/\"},{\"@type\":\"ListItem\",\"position\":3,\"name\":\"Egressos e teses\",\"item\":\"https:\/\/www.pgcardiologiausp.com.br\/o-programa\/egressos\/\"},{\"@type\":\"ListItem\",\"position\":4,\"name\":\"Egressos e Teses 2011\"}]},{\"@type\":\"WebSite\",\"@id\":\"https:\/\/www.pgcardiologiausp.com.br\/#website\",\"url\":\"https:\/\/www.pgcardiologiausp.com.br\/\",\"name\":\"P\u00f3s-Gradua\u00e7\u00e3o em Cardiologia FMUSP\",\"description\":\"\",\"publisher\":{\"@id\":\"https:\/\/www.pgcardiologiausp.com.br\/#organization\"},\"potentialAction\":[{\"@type\":\"SearchAction\",\"target\":{\"@type\":\"EntryPoint\",\"urlTemplate\":\"https:\/\/www.pgcardiologiausp.com.br\/?s={search_term_string}\"},\"query-input\":{\"@type\":\"PropertyValueSpecification\",\"valueRequired\":true,\"valueName\":\"search_term_string\"}}],\"inLanguage\":\"es\"},{\"@type\":\"Organization\",\"@id\":\"https:\/\/www.pgcardiologiausp.com.br\/#organization\",\"name\":\"P\u00f3s-Gradua\u00e7\u00e3o em Cardiologia FMUSP\",\"url\":\"https:\/\/www.pgcardiologiausp.com.br\/\",\"logo\":{\"@type\":\"ImageObject\",\"inLanguage\":\"es\",\"@id\":\"https:\/\/www.pgcardiologiausp.com.br\/#\/schema\/logo\/image\/\",\"url\":\"https:\/\/www.pgcardiologiausp.com.br\/wp-content\/uploads\/2024\/12\/pg_cardio_usp-logo-v1-clearbg-500x341-1.png\",\"contentUrl\":\"https:\/\/www.pgcardiologiausp.com.br\/wp-content\/uploads\/2024\/12\/pg_cardio_usp-logo-v1-clearbg-500x341-1.png\",\"width\":500,\"height\":177,\"caption\":\"P\u00f3s-Gradua\u00e7\u00e3o em Cardiologia FMUSP\"},\"image\":{\"@id\":\"https:\/\/www.pgcardiologiausp.com.br\/#\/schema\/logo\/image\/\"}}]}<\/script>\n<!-- \/ Yoast SEO plugin. -->","yoast_head_json":{"title":"Postgrados y Tesis 2011 - P\u00f3s-Gradua\u00e7\u00e3o em Cardiologia FMUSP","robots":{"index":"index","follow":"follow","max-snippet":"max-snippet:-1","max-image-preview":"max-image-preview:large","max-video-preview":"max-video-preview:-1"},"canonical":"https:\/\/www.pgcardiologiausp.com.br\/o-programa\/egressos\/egressos-e-teses-2011\/","og_locale":"es_ES","og_type":"article","og_title":"Postgrados y Tesis 2011 - P\u00f3s-Gradua\u00e7\u00e3o em Cardiologia FMUSP","og_description":"Disculpa, pero esta entrada est\u00e1 disponible s\u00f3lo en Portugu\u00eas. 2011 01\/12\/2011 Alessandra Costa Barreto (orient: Antonio Augusto Barbosa Lopes) Tema: Estudo de marcadores de disfun\u00e7\u00e3o endotelial [\u2026]","og_url":"https:\/\/www.pgcardiologiausp.com.br\/o-programa\/egressos\/egressos-e-teses-2011\/","og_site_name":"P\u00f3s-Gradua\u00e7\u00e3o em Cardiologia FMUSP","article_modified_time":"2024-12-29T03:23:33+00:00","og_image":[{"width":1920,"height":800,"url":"https:\/\/www.pgcardiologiausp.com.br\/wp-content\/uploads\/2024\/12\/bgheader_pgcardio_v1.2.jpg","type":"image\/jpeg"}],"twitter_card":"summary_large_image","schema":{"@context":"https:\/\/schema.org","@graph":[{"@type":"WebPage","@id":"https:\/\/www.pgcardiologiausp.com.br\/o-programa\/egressos\/egressos-e-teses-2011\/","url":"https:\/\/www.pgcardiologiausp.com.br\/o-programa\/egressos\/egressos-e-teses-2011\/","name":"Postgrados y Tesis 2011 - P\u00f3s-Gradua\u00e7\u00e3o em Cardiologia FMUSP","isPartOf":{"@id":"https:\/\/www.pgcardiologiausp.com.br\/#website"},"primaryImageOfPage":{"@id":"https:\/\/www.pgcardiologiausp.com.br\/o-programa\/egressos\/egressos-e-teses-2011\/#primaryimage"},"image":{"@id":"https:\/\/www.pgcardiologiausp.com.br\/o-programa\/egressos\/egressos-e-teses-2011\/#primaryimage"},"thumbnailUrl":"https:\/\/www.pgcardiologiausp.com.br\/wp-content\/uploads\/2024\/12\/bgheader_pgcardio_v1.2.jpg","datePublished":"2024-12-23T01:00:44+00:00","dateModified":"2024-12-29T03:23:33+00:00","breadcrumb":{"@id":"https:\/\/www.pgcardiologiausp.com.br\/o-programa\/egressos\/egressos-e-teses-2011\/#breadcrumb"},"inLanguage":"es","potentialAction":[{"@type":"ReadAction","target":["https:\/\/www.pgcardiologiausp.com.br\/o-programa\/egressos\/egressos-e-teses-2011\/"]}]},{"@type":"ImageObject","inLanguage":"es","@id":"https:\/\/www.pgcardiologiausp.com.br\/o-programa\/egressos\/egressos-e-teses-2011\/#primaryimage","url":"https:\/\/www.pgcardiologiausp.com.br\/wp-content\/uploads\/2024\/12\/bgheader_pgcardio_v1.2.jpg","contentUrl":"https:\/\/www.pgcardiologiausp.com.br\/wp-content\/uploads\/2024\/12\/bgheader_pgcardio_v1.2.jpg","width":1920,"height":800},{"@type":"BreadcrumbList","@id":"https:\/\/www.pgcardiologiausp.com.br\/o-programa\/egressos\/egressos-e-teses-2011\/#breadcrumb","itemListElement":[{"@type":"ListItem","position":1,"name":"Home","item":"https:\/\/www.pgcardiologiausp.com.br\/"},{"@type":"ListItem","position":2,"name":"O Programa","item":"https:\/\/www.pgcardiologiausp.com.br\/o-programa\/"},{"@type":"ListItem","position":3,"name":"Egressos e teses","item":"https:\/\/www.pgcardiologiausp.com.br\/o-programa\/egressos\/"},{"@type":"ListItem","position":4,"name":"Egressos e Teses 2011"}]},{"@type":"WebSite","@id":"https:\/\/www.pgcardiologiausp.com.br\/#website","url":"https:\/\/www.pgcardiologiausp.com.br\/","name":"P\u00f3s-Gradua\u00e7\u00e3o em Cardiologia FMUSP","description":"","publisher":{"@id":"https:\/\/www.pgcardiologiausp.com.br\/#organization"},"potentialAction":[{"@type":"SearchAction","target":{"@type":"EntryPoint","urlTemplate":"https:\/\/www.pgcardiologiausp.com.br\/?s={search_term_string}"},"query-input":{"@type":"PropertyValueSpecification","valueRequired":true,"valueName":"search_term_string"}}],"inLanguage":"es"},{"@type":"Organization","@id":"https:\/\/www.pgcardiologiausp.com.br\/#organization","name":"P\u00f3s-Gradua\u00e7\u00e3o em Cardiologia FMUSP","url":"https:\/\/www.pgcardiologiausp.com.br\/","logo":{"@type":"ImageObject","inLanguage":"es","@id":"https:\/\/www.pgcardiologiausp.com.br\/#\/schema\/logo\/image\/","url":"https:\/\/www.pgcardiologiausp.com.br\/wp-content\/uploads\/2024\/12\/pg_cardio_usp-logo-v1-clearbg-500x341-1.png","contentUrl":"https:\/\/www.pgcardiologiausp.com.br\/wp-content\/uploads\/2024\/12\/pg_cardio_usp-logo-v1-clearbg-500x341-1.png","width":500,"height":177,"caption":"P\u00f3s-Gradua\u00e7\u00e3o em Cardiologia FMUSP"},"image":{"@id":"https:\/\/www.pgcardiologiausp.com.br\/#\/schema\/logo\/image\/"}}]}},"_links":{"self":[{"href":"https:\/\/www.pgcardiologiausp.com.br\/es\/wp-json\/wp\/v2\/pages\/1103","targetHints":{"allow":["GET"]}}],"collection":[{"href":"https:\/\/www.pgcardiologiausp.com.br\/es\/wp-json\/wp\/v2\/pages"}],"about":[{"href":"https:\/\/www.pgcardiologiausp.com.br\/es\/wp-json\/wp\/v2\/types\/page"}],"author":[{"embeddable":true,"href":"https:\/\/www.pgcardiologiausp.com.br\/es\/wp-json\/wp\/v2\/users\/1"}],"replies":[{"embeddable":true,"href":"https:\/\/www.pgcardiologiausp.com.br\/es\/wp-json\/wp\/v2\/comments?post=1103"}],"version-history":[{"count":4,"href":"https:\/\/www.pgcardiologiausp.com.br\/es\/wp-json\/wp\/v2\/pages\/1103\/revisions"}],"predecessor-version":[{"id":1410,"href":"https:\/\/www.pgcardiologiausp.com.br\/es\/wp-json\/wp\/v2\/pages\/1103\/revisions\/1410"}],"up":[{"embeddable":true,"href":"https:\/\/www.pgcardiologiausp.com.br\/es\/wp-json\/wp\/v2\/pages\/155"}],"wp:featuredmedia":[{"embeddable":true,"href":"https:\/\/www.pgcardiologiausp.com.br\/es\/wp-json\/wp\/v2\/media\/112"}],"wp:attachment":[{"href":"https:\/\/www.pgcardiologiausp.com.br\/es\/wp-json\/wp\/v2\/media?parent=1103"}],"curies":[{"name":"wp","href":"https:\/\/api.w.org\/{rel}","templated":true}]}}