{"id":1175,"date":"2024-12-23T11:28:58","date_gmt":"2024-12-23T14:28:58","guid":{"rendered":"https:\/\/www.pgcardiologiausp.com.br\/?page_id=1175"},"modified":"2024-12-29T00:23:02","modified_gmt":"2024-12-29T03:23:02","slug":"egressos-e-teses-2009","status":"publish","type":"page","link":"https:\/\/www.pgcardiologiausp.com.br\/es\/o-programa\/egressos\/egressos-e-teses-2009\/","title":{"rendered":"Postgrados y Tesis 2009"},"content":{"rendered":"<p class=\"qtranxs-available-languages-message qtranxs-available-languages-message-es\">Disculpa, pero esta entrada est\u00e1 disponible s\u00f3lo en <a href=\"https:\/\/www.pgcardiologiausp.com.br\/pb\/wp-json\/wp\/v2\/pages\/1175\" class=\"qtranxs-available-language-link qtranxs-available-language-link-pb\" title=\"Portugu\u00eas\">Portugu\u00eas<\/a>.<\/p>\n<h3>2009<\/h3>\n<p>18\/12\/2009 Augusto Hiroshi Uchida (orient: Paulo Jorge Moffa)<br \/>\nTema: Escore eletrocardiogr\u00e1fico para avalia\u00e7\u00e3o de isquemia mioc\u00e1rdica: aplica\u00e7\u00e3o em testes ergom\u00e9tricos sequenciais para avalia\u00e7\u00e3o do fen\u00f4meno do aquecimento <a href=\"https:\/\/www.pgcardiologiausp.com.br\/wp-content\/uploads\/2024\/12\/augusto_hiroshi_uchida_tese_nov_2009.pdf\" target=\"_blank\" rel=\"noopener noreferrer\">Tese<\/a><\/p>\n<p>15\/12\/2009 Maria Beatriz Fortunato Trotta (orient: Jo\u00e3o Batista Costa carvalho de Serro Azul<br \/>\nTema: Mecanismos inflamat\u00f3rios e imunol\u00f3gicos na s\u00edndrome de Down <a href=\"https:\/\/www.pgcardiologiausp.com.br\/wp-content\/uploads\/2024\/12\/maria_beatriz_fortunato_trottatese_final.pdf\" target=\"_blank\" rel=\"noopener noreferrer\">Tese<\/a><\/p>\n<p>16\/11\/2009 Ellena Christina Paulino (orient: Carlos Eduardo Negr\u00e3o)<br \/>\nTema: Efeito do treinamento f\u00edsico e da restri\u00e7\u00e3o alimentar na fun\u00e7\u00e3o card\u00edaca e resist\u00eancia \u00e0 insulina em ratos obesos. <a href=\"https:\/\/www.pgcardiologiausp.com.br\/wp-content\/uploads\/2024\/12\/ellena.pdf\" target=\"_blank\" rel=\"noopener noreferrer\">Tese<\/a><\/p>\n<p>10\/11\/2009 Mauricio Batista Paes Landim (orient: Antonio Carlos Palandri Chagas)<br \/>\nTema: A hipercolesterolemia abole o efeito cardioprotetor do pr\u00e9 e p\u00f3s- condicionamento isqu\u00eamico em um modelo experimental de isquemia e reperfus\u00e3o em ratos <a href=\"https:\/\/www.pgcardiologiausp.com.br\/wp-content\/uploads\/2024\/12\/tese_mauricio_paes_landim_cd.pdf\" target=\"_blank\" rel=\"noopener noreferrer\">Tese<\/a> \/ <a href=\"http:\/\/www.scielo.br\/scielo.php?script=sci_arttext&amp;pid=S0100-879X2013005032595&amp;lng=en&amp;nrm=iso&amp;tlng=en\" target=\"_blank\" rel=\"noopener\">Publica\u00e7\u00e3o<\/a><\/p>\n<p>03\/11\/2009 Daniela Ribeiro Aleixo Fernandes (orinet: Wilson Mathias Junior)<br \/>\nTema: Acur\u00e1cia da ecocardiografia com estudo da perfus\u00e3o mioc\u00e1rdica na avalia\u00e7\u00e3o de viabilidade em pacientes com disfun\u00e7\u00e3o ventricular esquerda cr\u00f4nica submetidos \u00e0 revasculariza\u00e7\u00e3o <a href=\"https:\/\/www.pgcardiologiausp.com.br\/wp-content\/uploads\/2024\/12\/dra_daniela_r_aleixo_fernandes_tese_08_09_09.pdf\" target=\"_blank\" rel=\"noopener noreferrer\">Tese<\/a><\/p>\n<p>23\/10\/2009 Fernando Jos\u00e9 Ribeiro Sales (orient: S\u00e9rgio Shiguemi Furuie \/ Co-orientador: Pedro Alves Lemos Neto)<br \/>\nTema: An\u00e1lise e quantifica\u00e7\u00e3o tridimensional em imagens de ultra-som intravascular <a href=\"https:\/\/www.pgcardiologiausp.com.br\/wp-content\/uploads\/2024\/12\/salesfjr_tese.pdf\" target=\"_blank\" rel=\"noopener noreferrer\">Tese<\/a><\/p>\n<p>01\/12\/2009 Antonio Sergio Cordeiro da Rocha (orient:Whady Armindo Hueb)<br \/>\nTema: Estudo comparativo entre os tratamentos: m\u00e9dico, angioplastia ou cirurgia em portadores de doen\u00e7a coron\u00e1ria multiarterial: estudo randomizado (MASS II) <a href=\"https:\/\/www.pgcardiologiausp.com.br\/wp-content\/uploads\/2024\/12\/tese_dr__antonio_sergio_cordeiro_da_rocha.pdf\" target=\"_blank\" rel=\"noopener noreferrer\">Tese<\/a><\/p>\n<p>25\/09\/2009 Priscila Raulickis de Mello (Orient: Fernanda Consolim Colombo)<br \/>\nTema: Efeito do treinamento da musculatura inspirat\u00f3ria na atividade simp\u00e1tica, hemodin\u00e2mica e qualidade de vida de pacientes com miocardiopatia hipertensiva. <a href=\"https:\/\/www.pgcardiologiausp.com.br\/wp-content\/uploads\/2024\/12\/priscilaraulickismelo1.pdf\" target=\"_blank\" rel=\"noopener noreferrer\">Tese<\/a><\/p>\n<p>18\/09\/2009 Rodolfo Leite Arantes (orient: Jos\u00e9 Jayme Galv\u00e3o de Lima)<br \/>\nTema: Compara\u00e7\u00e3o entre a estratifica\u00e7\u00e3o cl\u00ednica e a contilografia de perfus\u00e3o do mioc\u00e1rdio como preditores de eventos cardiovasculares em candidatos a transplante renal <a href=\"https:\/\/www.pgcardiologiausp.com.br\/wp-content\/uploads\/2024\/12\/rodolfo.pdf\" target=\"_blank\" rel=\"noopener noreferrer\">Tese<\/a><\/p>\n<p>13\/08\/2009 Solange de Sousa Andrade (orient: Mauricio Wajngarten)<br \/>\nTema: Associa\u00e7\u00e3o entre as vari\u00e1veis da monitoriza\u00e7\u00e3o ambulatorial da press\u00e3o arterial e a ocorr\u00eancia de eventos cardiovasculares em octogen\u00e1rios com hipertens\u00e3o arterial controlada <a href=\"https:\/\/www.pgcardiologiausp.com.br\/wp-content\/uploads\/2024\/12\/solange_de_sousa_andrade.pdf\" target=\"_blank\" rel=\"noopener noreferrer\">Tese<\/a><\/p>\n<p>10\/08\/2009 Joyce do Amaral Genta Mansano (orient: Max Grinberg)<br \/>\nTema: Fibrose mioc\u00e1rdica associada \u00e0 insufici\u00eancia mitral cr\u00f4nica: estudo pela resson\u00e2ncia magn\u00e9tica <a href=\"https:\/\/www.pgcardiologiausp.com.br\/wp-content\/uploads\/2024\/12\/joyce_do_amaral_genta_mansano_doutorado.pdf\" target=\"_blank\" rel=\"noopener noreferrer\">Tese<\/a><\/p>\n<p>21\/07\/2009 Fernanda Maniero (orient: Raul Cavalcante Maranh\u00e3o)<br \/>\nTema: Efeito em hamsters da suplementa\u00e7\u00e3o diet\u00e9tica com gorduras ricas em \u00e1cidos graxos saturados, monoinsaturados ou poliinsaturados sobre a transfer\u00eancia de l\u00edpides para a lipoprote\u00edna de alta densidade (HDL) <a href=\"https:\/\/www.pgcardiologiausp.com.br\/wp-content\/uploads\/2024\/12\/maniero_fernanda_tese_doutorado_cardiologia__2009_final.pdf\" target=\"_blank\" rel=\"noopener noreferrer\">Tese<\/a><\/p>\n<p>17\/07\/2009 Leila Maria Magalh\u00e3es Pessoa de Melo (orient: Jos\u00e9 Antonio Franchini Ramires)<br \/>\nTema: Estudo de fatores protromb\u00f3ticos e proinflamat\u00f3rios na cardiomiopatia chag\u00e1sica <a href=\"https:\/\/www.pgcardiologiausp.com.br\/wp-content\/uploads\/2024\/12\/leila_tese_completa.pdf\" target=\"_blank\" rel=\"noopener noreferrer\">Tese<\/a><\/p>\n<p>03\/07\/2009 Marcelo Katz (orient: Fl\u00e1vio Tarasoutchi)<br \/>\nTema: Valor progn\u00f3stico dos pept\u00eddeos natriur\u00e9ticos BNP e NT-proBNP na estratifica\u00e7\u00e3o de risco dos pacientes com estenose a\u00f3rtica grave <a href=\"https:\/\/www.pgcardiologiausp.com.br\/wp-content\/uploads\/2024\/12\/marcelo_katz.pdf\" target=\"_blank\" rel=\"noopener noreferrer\">Tese<\/a><\/p>\n<p>02\/07\/2009 Andr\u00e9 Andrade de Aguiar (orient: Max Grinberg)<br \/>\nTema: Avalia\u00e7\u00e3o da microbiota bucal em pacientes sob uso cr\u00f4nico de penicilina G benzatina <a href=\"https:\/\/www.pgcardiologiausp.com.br\/wp-content\/uploads\/2024\/12\/andre_aguiartese_completa.pdf\" target=\"_blank\" rel=\"noopener noreferrer\">Tese<\/a><\/p>\n<p>26\/06\/2009 Priscyla Borges Miyamoto de Ara\u00fajo Girardi (orient: Whady Hueb)<br \/>\nTema: Custos comparativos entre a revasculariza\u00e7\u00e3o mioc\u00e1rdica com e sem circula\u00e7\u00e3o extracorp\u00f3rea <a href=\"https:\/\/www.pgcardiologiausp.com.br\/wp-content\/uploads\/2024\/12\/tese_dra_priscyla_girardi.pdf\" target=\"_blank\" rel=\"noopener noreferrer\">Tese<\/a><\/p>\n<p>24\/06\/2009 Ang\u00e9lica Mastandr\u00e9a Amanso (orient: Francisco Rafael Martins Laurindo)<br \/>\nTema: Inibi\u00e7\u00e3o do proteasoma aumenta o estresse oxidativo e bloqueia a resposta da NADPH oxidase a est\u00edmulos em c\u00e9lulas musculares lisas vasculares.<\/p>\n<p>10\/06\/2009 Ricardo Alkmim Teixeira (orient: Martino Martinelli Filho)<br \/>\nTema: Eventos arr\u00edtmicos em pacientes com L\u00fapus Eritematoso Sist\u00eamico: correla\u00e7\u00f5es letrocardiogr\u00e1ficas e laboratoriais <a href=\"https:\/\/www.pgcardiologiausp.com.br\/wp-content\/uploads\/2024\/12\/ricardoateixeira1.pdf\" target=\"_blank\" rel=\"noopener noreferrer\">Tese<\/a> <a href=\"http:\/\/www.ncbi.nlm.nih.gov\/pubmed\/24050965\" target=\"_blank\" rel=\"noopener\">Publica\u00e7\u00e3o<\/a><\/p>\n<p>02\/06\/2009 F\u00e1bio Cerqueira Lario (orient: Wilson Mathias Junior)<br \/>\nTema: Estudo da reserva de perfus\u00e3o mioc\u00e1rdica pelo ecocardiograma com contraste em tempo real, em indiv\u00edduos com hipercolesterolemia grave, antes e ap\u00f3s tratamento com inibidores da HMG-CoA redutase. <a href=\"https:\/\/www.pgcardiologiausp.com.br\/wp-content\/uploads\/2024\/12\/dr_fbio_de_cerqueria_lario_tese_09_03_09.pdf\" target=\"_blank\" rel=\"noopener noreferrer\">Tese<\/a> <a href=\"http:\/\/www.ncbi.nlm.nih.gov\/pubmed\/22957727\" target=\"_blank\" rel=\"noopener\">Publica\u00e7\u00e3o<\/a><\/p>\n<p>08\/05\/2009 Antonio Marcus de Andrade Paes (orient: Francisco Rafael Martins Laurindo)<br \/>\nTema: Mecanismo da intera\u00e7\u00e3o entre a prote\u00edna dissulfeto isomerase e a NADPH oxidase : papel regulat\u00f3rio sobre a produ\u00e7\u00e3o de esp\u00e9cies reativas de oxig\u00eanio em fag\u00f3citos profissionais <a href=\"https:\/\/www.pgcardiologiausp.com.br\/wp-content\/uploads\/2024\/12\/paes_ama_-_cardiologia_tese.pdf\" target=\"_blank\" rel=\"noopener noreferrer\">Tese<\/a><\/p>\n<p>24\/04\/2009 Silmara Meneguin (orient: Luiz Ant\u00f4nio Machado C\u00e9sar)<br \/>\nTema: Avalia\u00e7\u00e3o de como os sujeitos da pesquisa entendem a sua participa\u00e7\u00e3o em ensaios cl\u00ednicos num hospital terci\u00e1rio. <a href=\"https:\/\/www.pgcardiologiausp.com.br\/wp-content\/uploads\/2024\/12\/silmara_27_01_091_final.pdf\" target=\"_blank\" rel=\"noopener noreferrer\">Tese<\/a><\/p>\n<p>17\/04\/2009 Bianca Nascimento Moraes (orient: Fernando Bacal)<br \/>\nTema: Perfil, cren\u00e7as, sentimentos e atitudes de familiares doadores e n\u00e3o-doadores de \u00f3rg\u00e3os <a href=\"https:\/\/www.pgcardiologiausp.com.br\/wp-content\/uploads\/2024\/12\/biancanmoraes1.pdf\" target=\"_blank\" rel=\"noopener noreferrer\">Tese<\/a><\/p>\n<p>30\/03\/2009 Maria Silvia Sanchez Bortolozzo (orient: Moacyr Roberto Cuce Nobre)<br \/>\nTema: Influ\u00eancia de programas de preven\u00e7\u00e3o da doen\u00e7a cardiovascular na concep\u00e7\u00e3o e pr\u00e1tica de docentes em escolas p\u00fablicas de ensino fundamental do ciclo II <a href=\"https:\/\/www.pgcardiologiausp.com.br\/wp-content\/uploads\/2024\/12\/bortolozzomss_tese_completa.pdf\" target=\"_blank\" rel=\"noopener noreferrer\">Tese<\/a><\/p>\n<p>20\/03\/2009 Raquel Nitrosi de La Fuente (orient: Maria Claudia Irigoyen<br \/>\nTema: Impacto da preserva\u00e7\u00e3o parassimp\u00e1tica sobre os aspectos morfofuncionais card\u00edaco em ratos infartados <a href=\"https:\/\/www.pgcardiologiausp.com.br\/wp-content\/uploads\/2024\/12\/tese_raquel_n_fuente.pdf\" target=\"_blank\" rel=\"noopener noreferrer\">Tese<\/a> <a href=\"http:\/\/www.ncbi.nlm.nih.gov\/pubmed\/23701019\" target=\"_blank\" rel=\"noopener\">Publica\u00e7\u00e3o<\/a><\/p>\n<p>11\/03\/2009 Jo\u00e3o Manoel Theotonio dos Santos (orient: Wilson Mathias Junior)<br \/>\nTema: Avalia\u00e7\u00e3o da reserva de fluxo mioc\u00e1rdico pela ecocardiografia com perfus\u00e3o mioc\u00e1rdica em tempo real em pacientes com disfun\u00e7\u00e3o ventricular esquerda antes e ap\u00f3s reabilita\u00e7\u00e3o cardiovascular por exerc\u00edcio f\u00edsico supervisionado. <a href=\"https:\/\/www.pgcardiologiausp.com.br\/wp-content\/uploads\/2024\/12\/joo_manoelsantos_jmt.pdf\" target=\"_blank\" rel=\"noopener noreferrer\">Tese<\/a><\/p>\n<p>05\/03\/2009 Cl\u00e9rio Francisco de Azevedo Filho (orient:Carlos Eduardo Rochitte)<br \/>\nTema: Avalia\u00e7\u00e3o da fibrose mioc\u00e1rdica pela resson\u00e2ncia magn\u00e9tica card\u00edaca na doen\u00e7a valvar a\u00f3rtica grave: valida\u00e7\u00e3o de um algoritmo de quantifica\u00e7\u00e3o e compara\u00e7\u00e3o com a histopatologia <a href=\"https:\/\/www.pgcardiologiausp.com.br\/wp-content\/uploads\/2024\/12\/dr_clerio_francisco_de_azevedo_filho.pdf\" target=\"_blank\" rel=\"noopener noreferrer\">Tese<\/a><\/p>\n<p>02\/03\/2009 Zilma Ver\u00e7osa de S\u00e1 Ribeiro (orient: Antonio Augusto Barbosa Lopes<br \/>\nTema: O ecocardiograma como preditor de vari\u00e1veis hemodin\u00e2micas nas cardiopatias cong\u00eanitas com hipertens\u00e3o pulmonar e nos candidatos a transplante card\u00edaco. <a href=\"https:\/\/www.pgcardiologiausp.com.br\/wp-content\/uploads\/2024\/12\/zilma-_tese_de_doutorado.pdf\" target=\"_blank\" rel=\"noopener noreferrer\">Tese<\/a><\/p>\n<p>19\/02\/2009 Vera Regina da Fonseca (orient: Moacyr Roberto Cuce Nobre)<br \/>\nTema: Atividade f\u00edsica, absente\u00edsmo e demanda por atendimento \u00e1 sa\u00fade de funcion\u00e1rios de ind\u00fastria automobil\u00edstica de S\u00e3o Caetano do Sul <a href=\"https:\/\/www.pgcardiologiausp.com.br\/wp-content\/uploads\/2024\/12\/vera_regina_fonseca.pdf\" target=\"_blank\" rel=\"noopener noreferrer\">Tese<\/a><\/p>\n<p>10\/02\/2009 Solange Bordignon (orient:Fernando Bacal)<br \/>\nTema: Correla\u00e7\u00e3o entre os n\u00edveis sangu\u00edneos da prote\u00edna S100B e do NT-proBNP em portadores de cardiomiopatia dilatada <a href=\"https:\/\/www.pgcardiologiausp.com.br\/wp-content\/uploads\/2024\/12\/solange_bordgnon.pdf\" target=\"_blank\" rel=\"noopener noreferrer\">Tese<\/a><\/p>\n<p>29\/01\/2009 Juliana Sanajotti Nakamuta (orient: Jos\u00e9 Eduardo Krieger)<br \/>\nTema: Terapia celular para isquemia card\u00edaca: efeitos da via de administra\u00e7\u00e3o, do tempo p\u00f3s-les\u00e3o e do uso de biopol\u00edmero para a reten\u00e7\u00e3o das c\u00e9lulas e fun\u00e7\u00e3o mioc\u00e1rdica <a href=\"https:\/\/www.pgcardiologiausp.com.br\/wp-content\/uploads\/2024\/12\/tese_julianasn-6.pdf\" target=\"_blank\" rel=\"noopener noreferrer\">Tese<\/a><\/p>\n<p>29\/01\/2009 Renata Teixeira Ladeira (orient: Jos\u00e9 Carlos Nicolau)<br \/>\nTema: Hiperglicemia no infarto agudo do mioc\u00e1rdio: correla\u00e7\u00f5es fisiopatol\u00f3gicas <a href=\"https:\/\/www.pgcardiologiausp.com.br\/wp-content\/uploads\/2024\/12\/tese_dra_renata_teixeira_ladeira.pdf\" target=\"_blank\" rel=\"noopener noreferrer\">Tese<\/a> \/ <a href=\"http:\/\/www.ncbi.nlm.nih.gov\/pubmed\/?term=ladeira+rt\" target=\"_blank\" rel=\"noopener\">Publica\u00e7\u00e3o<\/a><\/p>\n<p>28\/01\/2009 Carolina Leticia Zilli Vieira (orient: Bruno Caramelli)<br \/>\nTema: Rela\u00e7\u00e3o entre doen\u00e7as periodontais e aterosclerose subcl\u00ednica em individuos <a href=\"https:\/\/www.pgcardiologiausp.com.br\/wp-content\/uploads\/2024\/12\/carolina_leticia_zilli.pdf\" target=\"_blank\" rel=\"noopener noreferrer\">Tese<\/a><\/p>\n","protected":false},"excerpt":{"rendered":"<p>Disculpa, pero esta entrada est\u00e1 disponible s\u00f3lo en Portugu\u00eas. 2009 18\/12\/2009 Augusto Hiroshi Uchida (orient: Paulo Jorge Moffa) Tema: Escore eletrocardiogr\u00e1fico para avalia\u00e7\u00e3o de isquemia mioc\u00e1rdica:<span class=\"excerpt-hellip\"> [\u2026]<\/span><\/p>\n","protected":false},"author":1,"featured_media":112,"parent":155,"menu_order":0,"comment_status":"closed","ping_status":"closed","template":"","meta":{"footnotes":""},"class_list":["post-1175","page","type-page","status-publish","has-post-thumbnail","hentry"],"yoast_head":"<!-- This site is optimized with the Yoast SEO plugin v25.8 - https:\/\/yoast.com\/wordpress\/plugins\/seo\/ -->\n<title>Postgrados y Tesis 2009 - P\u00f3s-Gradua\u00e7\u00e3o em Cardiologia FMUSP<\/title>\n<meta name=\"robots\" content=\"index, follow, max-snippet:-1, max-image-preview:large, max-video-preview:-1\" \/>\n<link rel=\"canonical\" href=\"https:\/\/www.pgcardiologiausp.com.br\/o-programa\/egressos\/egressos-e-teses-2009\/\" \/>\n<meta property=\"og:locale\" content=\"es_ES\" \/>\n<meta property=\"og:type\" content=\"article\" \/>\n<meta property=\"og:title\" content=\"Postgrados y Tesis 2009 - P\u00f3s-Gradua\u00e7\u00e3o em Cardiologia FMUSP\" \/>\n<meta property=\"og:description\" content=\"Disculpa, pero esta entrada est\u00e1 disponible s\u00f3lo en Portugu\u00eas. 2009 18\/12\/2009 Augusto Hiroshi Uchida (orient: Paulo Jorge Moffa) Tema: Escore eletrocardiogr\u00e1fico para avalia\u00e7\u00e3o de isquemia mioc\u00e1rdica: [\u2026]\" \/>\n<meta property=\"og:url\" content=\"https:\/\/www.pgcardiologiausp.com.br\/o-programa\/egressos\/egressos-e-teses-2009\/\" \/>\n<meta property=\"og:site_name\" content=\"P\u00f3s-Gradua\u00e7\u00e3o em Cardiologia FMUSP\" \/>\n<meta property=\"article:modified_time\" content=\"2024-12-29T03:23:02+00:00\" \/>\n<meta property=\"og:image\" content=\"https:\/\/www.pgcardiologiausp.com.br\/wp-content\/uploads\/2024\/12\/bgheader_pgcardio_v1.2.jpg\" \/>\n\t<meta property=\"og:image:width\" content=\"1920\" \/>\n\t<meta property=\"og:image:height\" content=\"800\" \/>\n\t<meta property=\"og:image:type\" content=\"image\/jpeg\" \/>\n<meta name=\"twitter:card\" content=\"summary_large_image\" \/>\n<script type=\"application\/ld+json\" class=\"yoast-schema-graph\">{\"@context\":\"https:\/\/schema.org\",\"@graph\":[{\"@type\":\"WebPage\",\"@id\":\"https:\/\/www.pgcardiologiausp.com.br\/o-programa\/egressos\/egressos-e-teses-2009\/\",\"url\":\"https:\/\/www.pgcardiologiausp.com.br\/o-programa\/egressos\/egressos-e-teses-2009\/\",\"name\":\"Postgrados y Tesis 2009 - P\u00f3s-Gradua\u00e7\u00e3o em Cardiologia FMUSP\",\"isPartOf\":{\"@id\":\"https:\/\/www.pgcardiologiausp.com.br\/#website\"},\"primaryImageOfPage\":{\"@id\":\"https:\/\/www.pgcardiologiausp.com.br\/o-programa\/egressos\/egressos-e-teses-2009\/#primaryimage\"},\"image\":{\"@id\":\"https:\/\/www.pgcardiologiausp.com.br\/o-programa\/egressos\/egressos-e-teses-2009\/#primaryimage\"},\"thumbnailUrl\":\"https:\/\/www.pgcardiologiausp.com.br\/wp-content\/uploads\/2024\/12\/bgheader_pgcardio_v1.2.jpg\",\"datePublished\":\"2024-12-23T14:28:58+00:00\",\"dateModified\":\"2024-12-29T03:23:02+00:00\",\"breadcrumb\":{\"@id\":\"https:\/\/www.pgcardiologiausp.com.br\/o-programa\/egressos\/egressos-e-teses-2009\/#breadcrumb\"},\"inLanguage\":\"es\",\"potentialAction\":[{\"@type\":\"ReadAction\",\"target\":[\"https:\/\/www.pgcardiologiausp.com.br\/o-programa\/egressos\/egressos-e-teses-2009\/\"]}]},{\"@type\":\"ImageObject\",\"inLanguage\":\"es\",\"@id\":\"https:\/\/www.pgcardiologiausp.com.br\/o-programa\/egressos\/egressos-e-teses-2009\/#primaryimage\",\"url\":\"https:\/\/www.pgcardiologiausp.com.br\/wp-content\/uploads\/2024\/12\/bgheader_pgcardio_v1.2.jpg\",\"contentUrl\":\"https:\/\/www.pgcardiologiausp.com.br\/wp-content\/uploads\/2024\/12\/bgheader_pgcardio_v1.2.jpg\",\"width\":1920,\"height\":800},{\"@type\":\"BreadcrumbList\",\"@id\":\"https:\/\/www.pgcardiologiausp.com.br\/o-programa\/egressos\/egressos-e-teses-2009\/#breadcrumb\",\"itemListElement\":[{\"@type\":\"ListItem\",\"position\":1,\"name\":\"Home\",\"item\":\"https:\/\/www.pgcardiologiausp.com.br\/\"},{\"@type\":\"ListItem\",\"position\":2,\"name\":\"O Programa\",\"item\":\"https:\/\/www.pgcardiologiausp.com.br\/o-programa\/\"},{\"@type\":\"ListItem\",\"position\":3,\"name\":\"Egressos e teses\",\"item\":\"https:\/\/www.pgcardiologiausp.com.br\/o-programa\/egressos\/\"},{\"@type\":\"ListItem\",\"position\":4,\"name\":\"Egressos e Teses 2009\"}]},{\"@type\":\"WebSite\",\"@id\":\"https:\/\/www.pgcardiologiausp.com.br\/#website\",\"url\":\"https:\/\/www.pgcardiologiausp.com.br\/\",\"name\":\"P\u00f3s-Gradua\u00e7\u00e3o em Cardiologia FMUSP\",\"description\":\"\",\"publisher\":{\"@id\":\"https:\/\/www.pgcardiologiausp.com.br\/#organization\"},\"potentialAction\":[{\"@type\":\"SearchAction\",\"target\":{\"@type\":\"EntryPoint\",\"urlTemplate\":\"https:\/\/www.pgcardiologiausp.com.br\/?s={search_term_string}\"},\"query-input\":{\"@type\":\"PropertyValueSpecification\",\"valueRequired\":true,\"valueName\":\"search_term_string\"}}],\"inLanguage\":\"es\"},{\"@type\":\"Organization\",\"@id\":\"https:\/\/www.pgcardiologiausp.com.br\/#organization\",\"name\":\"P\u00f3s-Gradua\u00e7\u00e3o em Cardiologia FMUSP\",\"url\":\"https:\/\/www.pgcardiologiausp.com.br\/\",\"logo\":{\"@type\":\"ImageObject\",\"inLanguage\":\"es\",\"@id\":\"https:\/\/www.pgcardiologiausp.com.br\/#\/schema\/logo\/image\/\",\"url\":\"https:\/\/www.pgcardiologiausp.com.br\/wp-content\/uploads\/2024\/12\/pg_cardio_usp-logo-v1-clearbg-500x341-1.png\",\"contentUrl\":\"https:\/\/www.pgcardiologiausp.com.br\/wp-content\/uploads\/2024\/12\/pg_cardio_usp-logo-v1-clearbg-500x341-1.png\",\"width\":500,\"height\":177,\"caption\":\"P\u00f3s-Gradua\u00e7\u00e3o em Cardiologia FMUSP\"},\"image\":{\"@id\":\"https:\/\/www.pgcardiologiausp.com.br\/#\/schema\/logo\/image\/\"}}]}<\/script>\n<!-- \/ Yoast SEO plugin. -->","yoast_head_json":{"title":"Postgrados y Tesis 2009 - P\u00f3s-Gradua\u00e7\u00e3o em Cardiologia FMUSP","robots":{"index":"index","follow":"follow","max-snippet":"max-snippet:-1","max-image-preview":"max-image-preview:large","max-video-preview":"max-video-preview:-1"},"canonical":"https:\/\/www.pgcardiologiausp.com.br\/o-programa\/egressos\/egressos-e-teses-2009\/","og_locale":"es_ES","og_type":"article","og_title":"Postgrados y Tesis 2009 - P\u00f3s-Gradua\u00e7\u00e3o em Cardiologia FMUSP","og_description":"Disculpa, pero esta entrada est\u00e1 disponible s\u00f3lo en Portugu\u00eas. 2009 18\/12\/2009 Augusto Hiroshi Uchida (orient: Paulo Jorge Moffa) Tema: Escore eletrocardiogr\u00e1fico para avalia\u00e7\u00e3o de isquemia mioc\u00e1rdica: [\u2026]","og_url":"https:\/\/www.pgcardiologiausp.com.br\/o-programa\/egressos\/egressos-e-teses-2009\/","og_site_name":"P\u00f3s-Gradua\u00e7\u00e3o em Cardiologia FMUSP","article_modified_time":"2024-12-29T03:23:02+00:00","og_image":[{"width":1920,"height":800,"url":"https:\/\/www.pgcardiologiausp.com.br\/wp-content\/uploads\/2024\/12\/bgheader_pgcardio_v1.2.jpg","type":"image\/jpeg"}],"twitter_card":"summary_large_image","schema":{"@context":"https:\/\/schema.org","@graph":[{"@type":"WebPage","@id":"https:\/\/www.pgcardiologiausp.com.br\/o-programa\/egressos\/egressos-e-teses-2009\/","url":"https:\/\/www.pgcardiologiausp.com.br\/o-programa\/egressos\/egressos-e-teses-2009\/","name":"Postgrados y Tesis 2009 - P\u00f3s-Gradua\u00e7\u00e3o em Cardiologia FMUSP","isPartOf":{"@id":"https:\/\/www.pgcardiologiausp.com.br\/#website"},"primaryImageOfPage":{"@id":"https:\/\/www.pgcardiologiausp.com.br\/o-programa\/egressos\/egressos-e-teses-2009\/#primaryimage"},"image":{"@id":"https:\/\/www.pgcardiologiausp.com.br\/o-programa\/egressos\/egressos-e-teses-2009\/#primaryimage"},"thumbnailUrl":"https:\/\/www.pgcardiologiausp.com.br\/wp-content\/uploads\/2024\/12\/bgheader_pgcardio_v1.2.jpg","datePublished":"2024-12-23T14:28:58+00:00","dateModified":"2024-12-29T03:23:02+00:00","breadcrumb":{"@id":"https:\/\/www.pgcardiologiausp.com.br\/o-programa\/egressos\/egressos-e-teses-2009\/#breadcrumb"},"inLanguage":"es","potentialAction":[{"@type":"ReadAction","target":["https:\/\/www.pgcardiologiausp.com.br\/o-programa\/egressos\/egressos-e-teses-2009\/"]}]},{"@type":"ImageObject","inLanguage":"es","@id":"https:\/\/www.pgcardiologiausp.com.br\/o-programa\/egressos\/egressos-e-teses-2009\/#primaryimage","url":"https:\/\/www.pgcardiologiausp.com.br\/wp-content\/uploads\/2024\/12\/bgheader_pgcardio_v1.2.jpg","contentUrl":"https:\/\/www.pgcardiologiausp.com.br\/wp-content\/uploads\/2024\/12\/bgheader_pgcardio_v1.2.jpg","width":1920,"height":800},{"@type":"BreadcrumbList","@id":"https:\/\/www.pgcardiologiausp.com.br\/o-programa\/egressos\/egressos-e-teses-2009\/#breadcrumb","itemListElement":[{"@type":"ListItem","position":1,"name":"Home","item":"https:\/\/www.pgcardiologiausp.com.br\/"},{"@type":"ListItem","position":2,"name":"O Programa","item":"https:\/\/www.pgcardiologiausp.com.br\/o-programa\/"},{"@type":"ListItem","position":3,"name":"Egressos e teses","item":"https:\/\/www.pgcardiologiausp.com.br\/o-programa\/egressos\/"},{"@type":"ListItem","position":4,"name":"Egressos e Teses 2009"}]},{"@type":"WebSite","@id":"https:\/\/www.pgcardiologiausp.com.br\/#website","url":"https:\/\/www.pgcardiologiausp.com.br\/","name":"P\u00f3s-Gradua\u00e7\u00e3o em Cardiologia FMUSP","description":"","publisher":{"@id":"https:\/\/www.pgcardiologiausp.com.br\/#organization"},"potentialAction":[{"@type":"SearchAction","target":{"@type":"EntryPoint","urlTemplate":"https:\/\/www.pgcardiologiausp.com.br\/?s={search_term_string}"},"query-input":{"@type":"PropertyValueSpecification","valueRequired":true,"valueName":"search_term_string"}}],"inLanguage":"es"},{"@type":"Organization","@id":"https:\/\/www.pgcardiologiausp.com.br\/#organization","name":"P\u00f3s-Gradua\u00e7\u00e3o em Cardiologia FMUSP","url":"https:\/\/www.pgcardiologiausp.com.br\/","logo":{"@type":"ImageObject","inLanguage":"es","@id":"https:\/\/www.pgcardiologiausp.com.br\/#\/schema\/logo\/image\/","url":"https:\/\/www.pgcardiologiausp.com.br\/wp-content\/uploads\/2024\/12\/pg_cardio_usp-logo-v1-clearbg-500x341-1.png","contentUrl":"https:\/\/www.pgcardiologiausp.com.br\/wp-content\/uploads\/2024\/12\/pg_cardio_usp-logo-v1-clearbg-500x341-1.png","width":500,"height":177,"caption":"P\u00f3s-Gradua\u00e7\u00e3o em Cardiologia FMUSP"},"image":{"@id":"https:\/\/www.pgcardiologiausp.com.br\/#\/schema\/logo\/image\/"}}]}},"_links":{"self":[{"href":"https:\/\/www.pgcardiologiausp.com.br\/es\/wp-json\/wp\/v2\/pages\/1175","targetHints":{"allow":["GET"]}}],"collection":[{"href":"https:\/\/www.pgcardiologiausp.com.br\/es\/wp-json\/wp\/v2\/pages"}],"about":[{"href":"https:\/\/www.pgcardiologiausp.com.br\/es\/wp-json\/wp\/v2\/types\/page"}],"author":[{"embeddable":true,"href":"https:\/\/www.pgcardiologiausp.com.br\/es\/wp-json\/wp\/v2\/users\/1"}],"replies":[{"embeddable":true,"href":"https:\/\/www.pgcardiologiausp.com.br\/es\/wp-json\/wp\/v2\/comments?post=1175"}],"version-history":[{"count":3,"href":"https:\/\/www.pgcardiologiausp.com.br\/es\/wp-json\/wp\/v2\/pages\/1175\/revisions"}],"predecessor-version":[{"id":1408,"href":"https:\/\/www.pgcardiologiausp.com.br\/es\/wp-json\/wp\/v2\/pages\/1175\/revisions\/1408"}],"up":[{"embeddable":true,"href":"https:\/\/www.pgcardiologiausp.com.br\/es\/wp-json\/wp\/v2\/pages\/155"}],"wp:featuredmedia":[{"embeddable":true,"href":"https:\/\/www.pgcardiologiausp.com.br\/es\/wp-json\/wp\/v2\/media\/112"}],"wp:attachment":[{"href":"https:\/\/www.pgcardiologiausp.com.br\/es\/wp-json\/wp\/v2\/media?parent=1175"}],"curies":[{"name":"wp","href":"https:\/\/api.w.org\/{rel}","templated":true}]}}