{"id":123,"date":"2024-12-08T22:37:52","date_gmt":"2024-12-09T01:37:52","guid":{"rendered":"https:\/\/www.pgcardiologiausp.com.br\/?page_id=123"},"modified":"2025-10-29T14:23:21","modified_gmt":"2025-10-29T17:23:21","slug":"comissoes","status":"publish","type":"page","link":"https:\/\/www.pgcardiologiausp.com.br\/es\/o-programa\/comissoes\/","title":{"rendered":"Comisiones"},"content":{"rendered":"<h3 data-start=\"53\" data-end=\"91\">Comisi\u00f3n Coordinadora del Programa<\/h3>\n<p data-start=\"93\" data-end=\"566\">La Comisi\u00f3n Coordinadora del Programa es responsable de la coordinaci\u00f3n general del Programa. Su actuaci\u00f3n incluye el establecimiento de las normas de funcionamiento del Programa y de los criterios para la selecci\u00f3n e ingreso de nuevos alumnos, as\u00ed como el an\u00e1lisis de los proyectos de investigaci\u00f3n propuestos y de los procesos para la concesi\u00f3n de apoyo financiero. Esta Comisi\u00f3n est\u00e1 compuesta por la Coordinadora, su Suplente y cuatro Docentes Permanentes del Programa:<\/p>\n<ul data-start=\"568\" data-end=\"1060\">\n<li data-start=\"568\" data-end=\"622\">\n<p data-start=\"570\" data-end=\"622\">Prof. Dr. Roberto Kalil FilhoP \u2013 Coordinador<\/p>\n<\/li>\n<li data-start=\"623\" data-end=\"686\">\n<p data-start=\"625\" data-end=\"686\">Profa. Dra. Ludhmila Abrah\u00e3o Hajjar \u2013 Suplente de el Coordinador<\/p>\n<\/li>\n<li data-start=\"687\" data-end=\"745\">\n<p data-start=\"689\" data-end=\"745\">Prof. Dr. Luiz Antonio Machado C\u00e9sar \u2013 Miembro Titular<\/p>\n<\/li>\n<li data-start=\"746\" data-end=\"812\">\n<p data-start=\"748\" data-end=\"812\">Prof. Dr. Francisco Rafael Martins Laurindo \u2013 Miembro Suplente<\/p>\n<\/li>\n<li data-start=\"813\" data-end=\"875\">\n<p data-start=\"815\" data-end=\"875\">Prof. Dr. Antonio Augusto Barbosa Lopes \u2013 Miembro Suplente<\/p>\n<\/li>\n<li data-start=\"876\" data-end=\"935\">\n<p data-start=\"878\" data-end=\"935\">Prof. Dr. Luiz Aparecido Bortolotto \u2013 Miembro Suplente<\/p>\n<\/li>\n<li data-start=\"936\" data-end=\"994\">\n<p data-start=\"938\" data-end=\"994\">Jos\u00e9 David Le\u00f3n Rivas \u2013 Representante Estudiantil \u2013 Titular<\/p>\n<\/li>\n<li data-start=\"995\" data-end=\"1060\">\n<p data-start=\"997\" data-end=\"1060\">Brunna Pileggi Azevedo Sampaio \u2013 Representante Estudiantil \u2013 Suplente<\/p>\n<\/li>\n<\/ul>\n<h3 data-start=\"1062\" data-end=\"1095\">Comisi\u00f3n de Gesti\u00f3n del PROEX<\/h3>\n<p data-start=\"1097\" data-end=\"1333\">La Comisi\u00f3n de Gesti\u00f3n del PROEX tiene como objetivo establecer los criterios para la concesi\u00f3n de becas. Esta Comisi\u00f3n est\u00e1 formada por la Coordinadora del Programa (Presidenta), un Representante Docente y un Representante Estudiantil:<\/p>\n<ul data-start=\"1335\" data-end=\"1566\">\n<li data-start=\"1335\" data-end=\"1387\">\n<p data-start=\"1337\" data-end=\"1387\">Prof. Dr. Roberto Kalil Filho \u2013 Presidente<\/p>\n<\/li>\n<li data-start=\"1388\" data-end=\"1445\">\n<p data-start=\"1390\" data-end=\"1445\">Profa. Dra. Ludhmila Abrah\u00e3o Hajjar \u2013 Vice presidente<\/p>\n<\/li>\n<li data-start=\"1446\" data-end=\"1510\">\n<p data-start=\"1448\" data-end=\"1510\">Prof. Dr. Luiz Antonio Machado C\u00e9sar \u2013 Representante Docente<\/p>\n<\/li>\n<li data-start=\"1511\" data-end=\"1566\">\n<p data-start=\"1513\" data-end=\"1566\">Aline de Oliveira Silva \u2013 Representante Estudiantil<\/p>\n<\/li>\n<\/ul>\n","protected":false},"excerpt":{"rendered":"<p>Comisi\u00f3n Coordinadora del Programa La Comisi\u00f3n Coordinadora del Programa es responsable de la coordinaci\u00f3n general del Programa. Su actuaci\u00f3n incluye el establecimiento de las normas de<span class=\"excerpt-hellip\"> [\u2026]<\/span><\/p>\n","protected":false},"author":1,"featured_media":112,"parent":107,"menu_order":0,"comment_status":"closed","ping_status":"closed","template":"","meta":{"footnotes":""},"class_list":["post-123","page","type-page","status-publish","has-post-thumbnail","hentry"],"yoast_head":"<!-- This site is optimized with the Yoast SEO plugin v25.8 - https:\/\/yoast.com\/wordpress\/plugins\/seo\/ -->\n<title>Comisiones - P\u00f3s-Gradua\u00e7\u00e3o em Cardiologia FMUSP<\/title>\n<meta name=\"robots\" content=\"index, follow, max-snippet:-1, max-image-preview:large, max-video-preview:-1\" \/>\n<link rel=\"canonical\" href=\"https:\/\/www.pgcardiologiausp.com.br\/o-programa\/comissoes\/\" \/>\n<meta property=\"og:locale\" content=\"es_ES\" \/>\n<meta property=\"og:type\" content=\"article\" \/>\n<meta property=\"og:title\" content=\"Comisiones - P\u00f3s-Gradua\u00e7\u00e3o em Cardiologia FMUSP\" \/>\n<meta property=\"og:description\" content=\"Comisi\u00f3n Coordinadora del Programa La Comisi\u00f3n Coordinadora del Programa es responsable de la coordinaci\u00f3n general del Programa. Su actuaci\u00f3n incluye el establecimiento de las normas de [\u2026]\" \/>\n<meta property=\"og:url\" content=\"https:\/\/www.pgcardiologiausp.com.br\/o-programa\/comissoes\/\" \/>\n<meta property=\"og:site_name\" content=\"P\u00f3s-Gradua\u00e7\u00e3o em Cardiologia FMUSP\" \/>\n<meta property=\"article:modified_time\" content=\"2025-10-29T17:23:21+00:00\" \/>\n<meta property=\"og:image\" content=\"https:\/\/www.pgcardiologiausp.com.br\/wp-content\/uploads\/2024\/12\/bgheader_pgcardio_v1.2.jpg\" \/>\n\t<meta property=\"og:image:width\" content=\"1920\" \/>\n\t<meta property=\"og:image:height\" content=\"800\" \/>\n\t<meta property=\"og:image:type\" content=\"image\/jpeg\" \/>\n<meta name=\"twitter:card\" content=\"summary_large_image\" \/>\n<script type=\"application\/ld+json\" class=\"yoast-schema-graph\">{\"@context\":\"https:\/\/schema.org\",\"@graph\":[{\"@type\":\"WebPage\",\"@id\":\"https:\/\/www.pgcardiologiausp.com.br\/o-programa\/comissoes\/\",\"url\":\"https:\/\/www.pgcardiologiausp.com.br\/o-programa\/comissoes\/\",\"name\":\"Comisiones - P\u00f3s-Gradua\u00e7\u00e3o em Cardiologia FMUSP\",\"isPartOf\":{\"@id\":\"https:\/\/www.pgcardiologiausp.com.br\/#website\"},\"primaryImageOfPage\":{\"@id\":\"https:\/\/www.pgcardiologiausp.com.br\/o-programa\/comissoes\/#primaryimage\"},\"image\":{\"@id\":\"https:\/\/www.pgcardiologiausp.com.br\/o-programa\/comissoes\/#primaryimage\"},\"thumbnailUrl\":\"https:\/\/www.pgcardiologiausp.com.br\/wp-content\/uploads\/2024\/12\/bgheader_pgcardio_v1.2.jpg\",\"datePublished\":\"2024-12-09T01:37:52+00:00\",\"dateModified\":\"2025-10-29T17:23:21+00:00\",\"breadcrumb\":{\"@id\":\"https:\/\/www.pgcardiologiausp.com.br\/o-programa\/comissoes\/#breadcrumb\"},\"inLanguage\":\"es\",\"potentialAction\":[{\"@type\":\"ReadAction\",\"target\":[\"https:\/\/www.pgcardiologiausp.com.br\/o-programa\/comissoes\/\"]}]},{\"@type\":\"ImageObject\",\"inLanguage\":\"es\",\"@id\":\"https:\/\/www.pgcardiologiausp.com.br\/o-programa\/comissoes\/#primaryimage\",\"url\":\"https:\/\/www.pgcardiologiausp.com.br\/wp-content\/uploads\/2024\/12\/bgheader_pgcardio_v1.2.jpg\",\"contentUrl\":\"https:\/\/www.pgcardiologiausp.com.br\/wp-content\/uploads\/2024\/12\/bgheader_pgcardio_v1.2.jpg\",\"width\":1920,\"height\":800},{\"@type\":\"BreadcrumbList\",\"@id\":\"https:\/\/www.pgcardiologiausp.com.br\/o-programa\/comissoes\/#breadcrumb\",\"itemListElement\":[{\"@type\":\"ListItem\",\"position\":1,\"name\":\"Home\",\"item\":\"https:\/\/www.pgcardiologiausp.com.br\/\"},{\"@type\":\"ListItem\",\"position\":2,\"name\":\"O Programa\",\"item\":\"https:\/\/www.pgcardiologiausp.com.br\/o-programa\/\"},{\"@type\":\"ListItem\",\"position\":3,\"name\":\"Comiss\u00f5es\"}]},{\"@type\":\"WebSite\",\"@id\":\"https:\/\/www.pgcardiologiausp.com.br\/#website\",\"url\":\"https:\/\/www.pgcardiologiausp.com.br\/\",\"name\":\"P\u00f3s-Gradua\u00e7\u00e3o em Cardiologia FMUSP\",\"description\":\"\",\"publisher\":{\"@id\":\"https:\/\/www.pgcardiologiausp.com.br\/#organization\"},\"potentialAction\":[{\"@type\":\"SearchAction\",\"target\":{\"@type\":\"EntryPoint\",\"urlTemplate\":\"https:\/\/www.pgcardiologiausp.com.br\/?s={search_term_string}\"},\"query-input\":{\"@type\":\"PropertyValueSpecification\",\"valueRequired\":true,\"valueName\":\"search_term_string\"}}],\"inLanguage\":\"es\"},{\"@type\":\"Organization\",\"@id\":\"https:\/\/www.pgcardiologiausp.com.br\/#organization\",\"name\":\"P\u00f3s-Gradua\u00e7\u00e3o em Cardiologia FMUSP\",\"url\":\"https:\/\/www.pgcardiologiausp.com.br\/\",\"logo\":{\"@type\":\"ImageObject\",\"inLanguage\":\"es\",\"@id\":\"https:\/\/www.pgcardiologiausp.com.br\/#\/schema\/logo\/image\/\",\"url\":\"https:\/\/www.pgcardiologiausp.com.br\/wp-content\/uploads\/2024\/12\/pg_cardio_usp-logo-v1-clearbg-500x341-1.png\",\"contentUrl\":\"https:\/\/www.pgcardiologiausp.com.br\/wp-content\/uploads\/2024\/12\/pg_cardio_usp-logo-v1-clearbg-500x341-1.png\",\"width\":500,\"height\":177,\"caption\":\"P\u00f3s-Gradua\u00e7\u00e3o em Cardiologia FMUSP\"},\"image\":{\"@id\":\"https:\/\/www.pgcardiologiausp.com.br\/#\/schema\/logo\/image\/\"}}]}<\/script>\n<!-- \/ Yoast SEO plugin. -->","yoast_head_json":{"title":"Comisiones - P\u00f3s-Gradua\u00e7\u00e3o em Cardiologia FMUSP","robots":{"index":"index","follow":"follow","max-snippet":"max-snippet:-1","max-image-preview":"max-image-preview:large","max-video-preview":"max-video-preview:-1"},"canonical":"https:\/\/www.pgcardiologiausp.com.br\/o-programa\/comissoes\/","og_locale":"es_ES","og_type":"article","og_title":"Comisiones - P\u00f3s-Gradua\u00e7\u00e3o em Cardiologia FMUSP","og_description":"Comisi\u00f3n Coordinadora del Programa La Comisi\u00f3n Coordinadora del Programa es responsable de la coordinaci\u00f3n general del Programa. Su actuaci\u00f3n incluye el establecimiento de las normas de [\u2026]","og_url":"https:\/\/www.pgcardiologiausp.com.br\/o-programa\/comissoes\/","og_site_name":"P\u00f3s-Gradua\u00e7\u00e3o em Cardiologia FMUSP","article_modified_time":"2025-10-29T17:23:21+00:00","og_image":[{"width":1920,"height":800,"url":"https:\/\/www.pgcardiologiausp.com.br\/wp-content\/uploads\/2024\/12\/bgheader_pgcardio_v1.2.jpg","type":"image\/jpeg"}],"twitter_card":"summary_large_image","schema":{"@context":"https:\/\/schema.org","@graph":[{"@type":"WebPage","@id":"https:\/\/www.pgcardiologiausp.com.br\/o-programa\/comissoes\/","url":"https:\/\/www.pgcardiologiausp.com.br\/o-programa\/comissoes\/","name":"Comisiones - P\u00f3s-Gradua\u00e7\u00e3o em Cardiologia FMUSP","isPartOf":{"@id":"https:\/\/www.pgcardiologiausp.com.br\/#website"},"primaryImageOfPage":{"@id":"https:\/\/www.pgcardiologiausp.com.br\/o-programa\/comissoes\/#primaryimage"},"image":{"@id":"https:\/\/www.pgcardiologiausp.com.br\/o-programa\/comissoes\/#primaryimage"},"thumbnailUrl":"https:\/\/www.pgcardiologiausp.com.br\/wp-content\/uploads\/2024\/12\/bgheader_pgcardio_v1.2.jpg","datePublished":"2024-12-09T01:37:52+00:00","dateModified":"2025-10-29T17:23:21+00:00","breadcrumb":{"@id":"https:\/\/www.pgcardiologiausp.com.br\/o-programa\/comissoes\/#breadcrumb"},"inLanguage":"es","potentialAction":[{"@type":"ReadAction","target":["https:\/\/www.pgcardiologiausp.com.br\/o-programa\/comissoes\/"]}]},{"@type":"ImageObject","inLanguage":"es","@id":"https:\/\/www.pgcardiologiausp.com.br\/o-programa\/comissoes\/#primaryimage","url":"https:\/\/www.pgcardiologiausp.com.br\/wp-content\/uploads\/2024\/12\/bgheader_pgcardio_v1.2.jpg","contentUrl":"https:\/\/www.pgcardiologiausp.com.br\/wp-content\/uploads\/2024\/12\/bgheader_pgcardio_v1.2.jpg","width":1920,"height":800},{"@type":"BreadcrumbList","@id":"https:\/\/www.pgcardiologiausp.com.br\/o-programa\/comissoes\/#breadcrumb","itemListElement":[{"@type":"ListItem","position":1,"name":"Home","item":"https:\/\/www.pgcardiologiausp.com.br\/"},{"@type":"ListItem","position":2,"name":"O Programa","item":"https:\/\/www.pgcardiologiausp.com.br\/o-programa\/"},{"@type":"ListItem","position":3,"name":"Comiss\u00f5es"}]},{"@type":"WebSite","@id":"https:\/\/www.pgcardiologiausp.com.br\/#website","url":"https:\/\/www.pgcardiologiausp.com.br\/","name":"P\u00f3s-Gradua\u00e7\u00e3o em Cardiologia FMUSP","description":"","publisher":{"@id":"https:\/\/www.pgcardiologiausp.com.br\/#organization"},"potentialAction":[{"@type":"SearchAction","target":{"@type":"EntryPoint","urlTemplate":"https:\/\/www.pgcardiologiausp.com.br\/?s={search_term_string}"},"query-input":{"@type":"PropertyValueSpecification","valueRequired":true,"valueName":"search_term_string"}}],"inLanguage":"es"},{"@type":"Organization","@id":"https:\/\/www.pgcardiologiausp.com.br\/#organization","name":"P\u00f3s-Gradua\u00e7\u00e3o em Cardiologia FMUSP","url":"https:\/\/www.pgcardiologiausp.com.br\/","logo":{"@type":"ImageObject","inLanguage":"es","@id":"https:\/\/www.pgcardiologiausp.com.br\/#\/schema\/logo\/image\/","url":"https:\/\/www.pgcardiologiausp.com.br\/wp-content\/uploads\/2024\/12\/pg_cardio_usp-logo-v1-clearbg-500x341-1.png","contentUrl":"https:\/\/www.pgcardiologiausp.com.br\/wp-content\/uploads\/2024\/12\/pg_cardio_usp-logo-v1-clearbg-500x341-1.png","width":500,"height":177,"caption":"P\u00f3s-Gradua\u00e7\u00e3o em Cardiologia FMUSP"},"image":{"@id":"https:\/\/www.pgcardiologiausp.com.br\/#\/schema\/logo\/image\/"}}]}},"_links":{"self":[{"href":"https:\/\/www.pgcardiologiausp.com.br\/es\/wp-json\/wp\/v2\/pages\/123","targetHints":{"allow":["GET"]}}],"collection":[{"href":"https:\/\/www.pgcardiologiausp.com.br\/es\/wp-json\/wp\/v2\/pages"}],"about":[{"href":"https:\/\/www.pgcardiologiausp.com.br\/es\/wp-json\/wp\/v2\/types\/page"}],"author":[{"embeddable":true,"href":"https:\/\/www.pgcardiologiausp.com.br\/es\/wp-json\/wp\/v2\/users\/1"}],"replies":[{"embeddable":true,"href":"https:\/\/www.pgcardiologiausp.com.br\/es\/wp-json\/wp\/v2\/comments?post=123"}],"version-history":[{"count":8,"href":"https:\/\/www.pgcardiologiausp.com.br\/es\/wp-json\/wp\/v2\/pages\/123\/revisions"}],"predecessor-version":[{"id":2587,"href":"https:\/\/www.pgcardiologiausp.com.br\/es\/wp-json\/wp\/v2\/pages\/123\/revisions\/2587"}],"up":[{"embeddable":true,"href":"https:\/\/www.pgcardiologiausp.com.br\/es\/wp-json\/wp\/v2\/pages\/107"}],"wp:featuredmedia":[{"embeddable":true,"href":"https:\/\/www.pgcardiologiausp.com.br\/es\/wp-json\/wp\/v2\/media\/112"}],"wp:attachment":[{"href":"https:\/\/www.pgcardiologiausp.com.br\/es\/wp-json\/wp\/v2\/media?parent=123"}],"curies":[{"name":"wp","href":"https:\/\/api.w.org\/{rel}","templated":true}]}}