{"id":1248,"date":"2024-12-23T11:40:29","date_gmt":"2024-12-23T14:40:29","guid":{"rendered":"https:\/\/www.pgcardiologiausp.com.br\/?page_id=1248"},"modified":"2024-12-29T00:22:34","modified_gmt":"2024-12-29T03:22:34","slug":"egressos-e-teses-2007","status":"publish","type":"page","link":"https:\/\/www.pgcardiologiausp.com.br\/es\/o-programa\/egressos\/egressos-e-teses-2007\/","title":{"rendered":"Postgrados y Tesis 2007"},"content":{"rendered":"<p class=\"qtranxs-available-languages-message qtranxs-available-languages-message-es\">Disculpa, pero esta entrada est\u00e1 disponible s\u00f3lo en <a href=\"https:\/\/www.pgcardiologiausp.com.br\/pb\/wp-json\/wp\/v2\/pages\/1248\" class=\"qtranxs-available-language-link qtranxs-available-language-link-pb\" title=\"Portugu\u00eas\">Portugu\u00eas<\/a>.<\/p>\n<h3>2007<\/h3>\n<p>08\/01\/2007 Geodete Batista Costa (orient:Heno Ferreira Lopes)<br \/>\nTema: Impacto da mudan\u00e7a de estilo de vida no perfil pr\u00f3-ateroscler\u00f3tico em crian\u00e7as e adolescentes com sobrepeso e obesidade <a href=\"https:\/\/www.pgcardiologiausp.com.br\/wp-content\/uploads\/2024\/12\/geodete_batista_costa.pdf\" target=\"_blank\" rel=\"noopener noreferrer\">Tese<\/a><\/p>\n<p>07\/02\/2007 Alexandre do Canto Zago (orient: Eul\u00f3gio Em\u00edlio Martinez Filho)<br \/>\nTema: Import\u00e2ncia da Intera\u00e7\u00e3o entre a Integrina Mac-1 dos Leuc\u00f3citos e a Glicoprote\u00edna Ib\u03b1 das Plaquetas para o Recrutamento de Leuc\u00f3citos pelas Plaquetas e para a Resposta Inflamat\u00f3ria \u00e0 Les\u00e3o Vascular <a href=\"https:\/\/www.pgcardiologiausp.com.br\/wp-content\/uploads\/2024\/12\/tese_alexandre_zago_.pdf\" target=\"_blank\" rel=\"noopener noreferrer\">Tese<\/a><\/p>\n<p>09\/02\/2007 Teresa Cristina Barbosa Ferreira da Silva (orient:Antonio de Padua Mansur)<br \/>\nTema: Influ\u00eancia da obesidade e da doen\u00e7a arterial coron\u00e1ria nos n\u00edveis s\u00e9ricos de estrona nas mulheres na p\u00f3s-menopausa <a href=\"https:\/\/www.pgcardiologiausp.com.br\/wp-content\/uploads\/2024\/12\/teresa_cristina_b_ferreira_da_silva.pdf\" target=\"_blank\" rel=\"noopener noreferrer\">Tese<\/a><\/p>\n<p>15\/02\/2007 Itamara Lucia Itagiba Neves (orient: Walk\u00edria Samuel \u00c1vila)<br \/>\nTema: Monitoriza\u00e7\u00e3o materno-fetal da portadora de doen\u00e7a valvar reum\u00e1tica durante procedimento odontol\u00f3gico sob anestesia local <a href=\"https:\/\/www.pgcardiologiausp.com.br\/wp-content\/uploads\/2024\/12\/itamara_lucia_itagiba_neves.pdf\" target=\"_blank\" rel=\"noopener noreferrer\">Tese<\/a><\/p>\n<p>23\/02\/2007 Paula de Cassia Buck (orient: F\u00e1bio Fernandes)<br \/>\nTema: Correla\u00e7\u00e3o entre polimorfismo e atividade da enzima conversora da angiotensina com o grau de hipertrofia mioc\u00e1rdica nas formas familiar e n\u00e3o familiar em pacientes com cardiomiopatia hipertr\u00f3fica <a href=\"https:\/\/www.pgcardiologiausp.com.br\/wp-content\/uploads\/2024\/12\/paula_de_cssia_buck.pdf\" target=\"_blank\" rel=\"noopener noreferrer\">Tese<\/a><\/p>\n<p>23\/02\/2007 Maria Teresa Fernandez C\u00e1ceres (orient: Denise Tessariol Hachul)<br \/>\nTema: Estudo comparativo do uso de anest\u00e9sicos locais com e sem vasoconstritor em pacientes com arritmias card\u00edacas durante tratamento odontol\u00f3gico de rotina <a href=\"https:\/\/www.pgcardiologiausp.com.br\/wp-content\/uploads\/2024\/12\/maria_teresa.pdf\" target=\"_blank\" rel=\"noopener noreferrer\">Tese<\/a><\/p>\n<p>19\/03\/2007 Juliana Ascen\u00e7\u00e3o de Souza (orient: Carlos Vicente Serrano Junior \/ Anatol Kontush<br \/>\nTema: Heterogeneidade e mecanismos moleculares da atividade anti-apopt\u00f3tica das subfra\u00e7\u00f5es de HDL em c\u00e9lulas endoteliais humanas <a href=\"https:\/\/www.pgcardiologiausp.com.br\/wp-content\/uploads\/2024\/12\/juliana_asceno_de_souza.pdf\" target=\"_blank\" rel=\"noopener noreferrer\">Tese<\/a><\/p>\n<p>22\/03\/2007 Myrthes Emy Takiuti (orient: F\u00e1bio Fernandes)<br \/>\nTema: Qualidade de vida em pacientes com doen\u00e7a multiarterial coron\u00e1ria sintom\u00e1tica: estudo comparativo entre os tratamentos cl\u00ednico, angioplastia e cirurgia; seguimento de 48 meses <a href=\"https:\/\/www.pgcardiologiausp.com.br\/wp-content\/uploads\/2024\/12\/myrthes_emy_takiuti.pdf\" target=\"_blank\" rel=\"noopener noreferrer\">Tese<\/a><\/p>\n<p>29\/03\/2007 Guilherme Urpia Monte (orient: Roberto kalil Filho)<br \/>\nTema: Detec\u00e7\u00e3o de infarto do mioc\u00e1rdio perioperat\u00f3rio pela resson\u00e2ncia magn\u00e9tica em pacientes submetidos a cirurgia de revasculariza\u00e7\u00e3o mioc\u00e1rdica <a href=\"https:\/\/www.pgcardiologiausp.com.br\/wp-content\/uploads\/2024\/12\/guilherme_urpia_monte_2007.pdf\" target=\"_blank\" rel=\"noopener noreferrer\">Tese<\/a><\/p>\n<p>30\/03\/2007 Ricardo Ryoshim Kuniyoshi (orient: Martino Martinelli Filho)<br \/>\nTema: Efeitos da terapia de ressincroniza\u00e7\u00e3o card\u00edaca sobre o controle neurovascular em pacientes com insufici\u00eancia card\u00edaca avan\u00e7ada e bloqueio de ramo esquerdo <a href=\"https:\/\/www.pgcardiologiausp.com.br\/wp-content\/uploads\/2024\/12\/ricardo_kuniyoshi.pdf\" target=\"_blank\" rel=\"noopener noreferrer\">Tese<\/a> <a href=\"http:\/\/www.ncbi.nlm.nih.gov\/pubmed\/23952584\" target=\"_blank\" rel=\"noopener\">Publica\u00e7\u00e3o<\/a><\/p>\n<p>02\/05\/2007 Cristiana Marques de Araujo (orient: Maria Cecilia Solimene)<br \/>\nTema: Rela\u00e7\u00e3o entre apn\u00e9ia do sono, isquemia mioc\u00e1rdica, variabilidade da frequ\u00eancia card\u00edaca e arrtmias em portadores de doen\u00e7a arterial coron\u00e1ria <a href=\"https:\/\/www.pgcardiologiausp.com.br\/wp-content\/uploads\/2024\/12\/cristiana_marques_de_arajo.pdf\" target=\"_blank\" rel=\"noopener noreferrer\">Tese<\/a><\/p>\n<p>04\/05\/2007 Kenya Thiesen (orient: Francisco Rafael Martins Laurindo)<br \/>\nTema: Mecanismos fisiopatol\u00f3gicos do desequil\u00edbrio redox em c\u00e9lulas neointimais vasculares <a href=\"https:\/\/www.pgcardiologiausp.com.br\/wp-content\/uploads\/2024\/12\/kenya_thiesen.pdf\" target=\"_blank\" rel=\"noopener noreferrer\">Tese<\/a><\/p>\n<p>07\/05\/2007 Luciano Ferreira Drager (orient: Eduardo Moacyr Krieger)<br \/>\nTema: Influ\u00eancia do sitema renina-angiotensina-aldosterona e do barorreflexo no comportamento de PA durante o sono.<\/p>\n<p>16\/05\/2007 Roberto Tadeu Barcellos Betti (orient: Whady Armindo Hueb)<br \/>\nTema: Efeito da repaglinida sobre o pr\u00e9-condicionamento isqu\u00eamico <a href=\"https:\/\/www.pgcardiologiausp.com.br\/wp-content\/uploads\/2024\/12\/roberto_tadeu_barcellos_betti.pdf\" target=\"_blank\" rel=\"noopener noreferrer\">Tese<\/a><\/p>\n<p>30\/05\/2007 Raul Jos\u00e9 P\u00e1dua Sartini (orient: Maur\u00edcio Ibrahim Scanavacca)<br \/>\nTema: Abla\u00e7\u00e3o por radiofreq\u00fc\u00eancia da fibrila\u00e7\u00e3o atrial parox\u00edstica: fatores determinantes da efic\u00e1cia cl\u00ednica a longo-prazo <a href=\"https:\/\/www.pgcardiologiausp.com.br\/wp-content\/uploads\/2024\/12\/raul_sartini.pdf\" target=\"_blank\" rel=\"noopener noreferrer\">Tese<\/a><\/p>\n<p>31\/05\/2007 Marcia Maria Godoy Gowdak (orient: Carlos Eduardo Negr\u00e3o)<br \/>\nTema: Efeito da ingest\u00e3o aguda de gordura na resposta vasodilatadora muscular em portadores de polimorfismos nos receptores B2-adren\u00e9rgicos. <a href=\"https:\/\/www.pgcardiologiausp.com.br\/wp-content\/uploads\/2024\/12\/marcia_maria_godoy__pdf.pdf\" target=\"_blank\" rel=\"noopener noreferrer\">Tese<\/a><\/p>\n<p>24\/08\/2007 Felicio Savioli Neto (orient: Helio Maximiano de Magalh\u00e3es)<br \/>\nTema: Efeitos de diferentes doses de um inibidor da ECA nas concentra\u00e7\u00f5es plasm\u00e1ticas do pept\u00eddeo natriur\u00e9tico B, em idosos com insufici\u00eancia card\u00edaca <a href=\"https:\/\/www.pgcardiologiausp.com.br\/wp-content\/uploads\/2024\/12\/felicio_savioli_neto-usp-2007.pdf\" target=\"_blank\" rel=\"noopener noreferrer\">Tese<\/a><\/p>\n<p>30\/08\/2007 Raimundo Marques do Nascimento Neto (orient: Jose Eduardo Krieger)<br \/>\nTema: Estudo da associa\u00e7\u00e3o dos polimorfismos da ECA e do AGT e fen\u00f3tipos de risco cardiovascular em amostra feminina de Ouro Preto <a href=\"https:\/\/www.pgcardiologiausp.com.br\/wp-content\/uploads\/2024\/12\/rmnascimentoneto.pdf\" target=\"_blank\" rel=\"noopener noreferrer\">Tese<\/a><\/p>\n<p>10\/09\/2007 Amanda Felipe Padoveze (orient: Raul Cavalcante Maranh\u00e3o)<br \/>\nTema: Cin\u00e9tica plasm\u00e1tica e biodistribui\u00e7\u00e3o de colesterol livre e colesterol esterificado de uma nanoemuls\u00e3o (LDE) que se liga aos receptores de LDL em animais controle e com indu\u00e7\u00e3o de aterosclerose <a href=\"https:\/\/www.pgcardiologiausp.com.br\/wp-content\/uploads\/2024\/12\/amandafelippepadoveze.pdf\" target=\"_blank\" rel=\"noopener noreferrer\">Tese<\/a><\/p>\n<p>10\/09\/2007 J\u00falio C\u00e9sar de Oliveira (orient: Martino Martinelli Filho)<br \/>\nTema: Estudo prospectivo e randomizado de profilaxia antimicrobiana para procedimentos cir\u00fargicos em estimula\u00e7\u00e3o card\u00edaca artificial <a href=\"https:\/\/www.pgcardiologiausp.com.br\/wp-content\/uploads\/2024\/12\/julio_cesar.pdf\" target=\"_blank\" rel=\"noopener noreferrer\">Tese<\/a><\/p>\n<p>13\/09\/2007 Andre Coutinho Castilla (orient: Sergio Shiguemi Furuie)<br \/>\nTema: Instrumento de investiga\u00e7\u00e3o cl\u00ednico-epidemiol\u00f3gica em cardiologia fundamentado no processamento de linguagem natural. <a href=\"https:\/\/www.pgcardiologiausp.com.br\/wp-content\/uploads\/2024\/12\/andre_coutinho_castilla.pdf\" target=\"_blank\" rel=\"noopener noreferrer\">Tese<\/a><\/p>\n<p>21\/09\/2007 Antonio Casella Filho (orient: Antonio Carlos Palandri Chagas)<br \/>\nTema: Influ\u00eancia do exerc\u00edcio f\u00edsico nas lipoprote\u00ednas e no endot\u00e9lio de pacient\/images\/docs_pcardio\/andre_coutinho_castilla.pdfes com s\u00edndrome metab\u00f3lica <a href=\"https:\/\/www.pgcardiologiausp.com.br\/wp-content\/uploads\/2024\/12\/antonio_casella_filho.pdf\" target=\"_blank\" rel=\"noopener noreferrer\">Tese<\/a><\/p>\n<p>29\/10\/2007 Luciana Pereira de Almeida de Piano (orient: Silvia Helena Gelas Lage Pasqualucci)<br \/>\nTema: Valor do teste de dosagem do D\u00edmero &#8211; D plasm\u00e1tico no diagn\u00f3stico do tromboembolismo venoso agudo <a href=\"https:\/\/www.pgcardiologiausp.com.br\/wp-content\/uploads\/2024\/12\/luciana_pereira_almeida_de_piano.pdf\" target=\"_blank\" rel=\"noopener noreferrer\">Tese<\/a><\/p>\n<p>07\/11\/2007 Clarissa Almeida Sarmento (orient: Claudio Campi de Castro)<br \/>\nTema: Avalia\u00e7\u00e3o pela resson\u00e2ncia magn\u00e9tica do realce tardio e perfus\u00e3o mioc\u00e1rdica em pacientes com cardiomiopatia hipertr\u00f3fica (compara\u00e7\u00e3o entre os grupos obstrutivo e n\u00e3o obstrutivo) <a href=\"https:\/\/www.pgcardiologiausp.com.br\/wp-content\/uploads\/2024\/12\/clarissa_almeida_sarmento.pdf\" target=\"_blank\" rel=\"noopener noreferrer\">Tese<\/a><\/p>\n<p>21\/11\/2007 M\u00e1rio Marcondes dos Santos (orient: C\u00e9lia Maria Cassaro Strunz)<br \/>\nTema: Efeito do tratamento com benazepril e carvedilol administrado de forma isolada e em associa\u00e7\u00e3o com treinamento f\u00edsico supervisionado sobre a evolu\u00e7\u00e3o cl\u00ednica de c\u00e3es com insufici\u00eancia mitral cr\u00f4nica naturalmente adquirida <a href=\"https:\/\/www.pgcardiologiausp.com.br\/wp-content\/uploads\/2024\/12\/mario_marcondes_santos_doutorado.pdf\" target=\"_blank\" rel=\"noopener noreferrer\">Tese<\/a><\/p>\n<p>30\/11\/2007 Let\u00edcia Santos Bicudo (orient: Wilson Mathias J\u00fanior)<br \/>\nTema: Valor da ecocardiografia tridimensional em tempo real em portadores de cardiomiopatia hipertr\u00f3fica. Compara\u00e7\u00e3o com a ecocardiografia bidimensional e a resson\u00e2ncia magn\u00e9tica cardiovascular <a href=\"https:\/\/www.pgcardiologiausp.com.br\/wp-content\/uploads\/2024\/12\/dra.leticia_bicudo.pdf\" target=\"_blank\" rel=\"noopener noreferrer\">Tese<\/a><\/p>\n<p>03\/12\/2007 Lucimara Collodoro Rocha (orient: Consuelo Junqueira Rodrigues)<br \/>\nTema: An\u00e1lise de polimorfismos do gene da fibrilina-1 em indiv\u00edduos portadores de h\u00e9rnia inguinal atrav\u00e9s do seq\u00fcenciamento de DNA <a href=\"https:\/\/www.pgcardiologiausp.com.br\/wp-content\/uploads\/2024\/12\/dra.lucimara_collodoro.pdf\" target=\"_blank\" rel=\"noopener noreferrer\">Tese<\/a><\/p>\n<p>03\/12\/2007 Angela Cristina Silva dos Santos (orient: Maur\u00edcio Ibrahim Scanavacca)<br \/>\nTema: Valor dos instrumentos de avalia\u00e7\u00e3o de risco de quedas em idosos com fibrila\u00e7\u00e3o atrial <a href=\"https:\/\/www.pgcardiologiausp.com.br\/wp-content\/uploads\/2024\/12\/pdffilenameangelacristina.pdf\" target=\"_blank\" rel=\"noopener noreferrer\">Tese<\/a><\/p>\n<p>05\/12\/2007 Mateus Camaroti Laterza (orient: Maria Urbana Pinto Brand\u00e3o Rondon)<br \/>\nTema: Efeito do treinamento f\u00edsico no controle barorreflexo da atividade nervosa simp\u00e1tica e freq\u00fc\u00eancia card\u00edaca em indiv\u00edduos hipertensos <a href=\"https:\/\/www.pgcardiologiausp.com.br\/wp-content\/uploads\/2024\/12\/mateus.pdf\" target=\"_blank\" rel=\"noopener noreferrer\">Tese<\/a><\/p>\n<p>10\/12\/2007 Denise de Castro Fernandes (orient: Francisco Rafael Martins Laurindo)<br \/>\nTema: Modula\u00e7\u00e3o do estado redox em c\u00e9lulas endoteliais por for\u00e7as hemodin\u00e2micas: efeito do \u00abshear stress\u00bb na express\u00e3o e atividade da dissulfeto isomerase prot\u00e9ica <a href=\"https:\/\/www.pgcardiologiausp.com.br\/wp-content\/uploads\/2024\/12\/denisecastro.pdf\" target=\"_blank\" rel=\"noopener noreferrer\">Tese<\/a><\/p>\n<p>11\/12\/2007 Marcus Vinicius Herbst Rodrigues (orient: Maria Ignez Zanetti Feltrim)<br \/>\nTema: Estudo do comportamento hemodin\u00e2mico, da troca gasosa, da mec\u00e2nica respirat\u00f3ria e da an\u00e1lise do muco br\u00f4nquico na aplica\u00e7\u00e3o de t\u00e9cnicas de remo\u00e7\u00e3o de secre\u00e7\u00e3o br\u00f4nquica em pacientes sob ventila\u00e7\u00e3o mec\u00e2nica <a href=\"https:\/\/www.pgcardiologiausp.com.br\/wp-content\/uploads\/2024\/12\/pdffilenamemarcus20vinicius_herbst.pdf\" target=\"_blank\" rel=\"noopener noreferrer\">Tese<\/a><\/p>\n<p>11\/12\/2007 Camila Maciel de Oliveira (orient: Jos\u00e9 Eduardo Krieger)<br \/>\nTema: Herdabilidade dos fatores envolvidos na s\u00edndrome metab\u00f3lica <a href=\"https:\/\/www.pgcardiologiausp.com.br\/wp-content\/uploads\/2024\/12\/camila_maciel.pdf\" target=\"_blank\" rel=\"noopener noreferrer\">Tese<\/a><\/p>\n","protected":false},"excerpt":{"rendered":"<p>Disculpa, pero esta entrada est\u00e1 disponible s\u00f3lo en Portugu\u00eas. 2007 08\/01\/2007 Geodete Batista Costa (orient:Heno Ferreira Lopes) Tema: Impacto da mudan\u00e7a de estilo de vida no<span class=\"excerpt-hellip\"> [\u2026]<\/span><\/p>\n","protected":false},"author":1,"featured_media":112,"parent":155,"menu_order":0,"comment_status":"closed","ping_status":"closed","template":"","meta":{"footnotes":""},"class_list":["post-1248","page","type-page","status-publish","has-post-thumbnail","hentry"],"yoast_head":"<!-- This site is optimized with the Yoast SEO plugin v25.8 - https:\/\/yoast.com\/wordpress\/plugins\/seo\/ -->\n<title>Postgrados y Tesis 2007 - P\u00f3s-Gradua\u00e7\u00e3o em Cardiologia FMUSP<\/title>\n<meta name=\"robots\" content=\"index, follow, max-snippet:-1, max-image-preview:large, max-video-preview:-1\" \/>\n<link rel=\"canonical\" href=\"https:\/\/www.pgcardiologiausp.com.br\/o-programa\/egressos\/egressos-e-teses-2007\/\" \/>\n<meta property=\"og:locale\" content=\"es_ES\" \/>\n<meta property=\"og:type\" content=\"article\" \/>\n<meta property=\"og:title\" content=\"Postgrados y Tesis 2007 - P\u00f3s-Gradua\u00e7\u00e3o em Cardiologia FMUSP\" \/>\n<meta property=\"og:description\" content=\"Disculpa, pero esta entrada est\u00e1 disponible s\u00f3lo en Portugu\u00eas. 2007 08\/01\/2007 Geodete Batista Costa (orient:Heno Ferreira Lopes) Tema: Impacto da mudan\u00e7a de estilo de vida no [\u2026]\" \/>\n<meta property=\"og:url\" content=\"https:\/\/www.pgcardiologiausp.com.br\/o-programa\/egressos\/egressos-e-teses-2007\/\" \/>\n<meta property=\"og:site_name\" content=\"P\u00f3s-Gradua\u00e7\u00e3o em Cardiologia FMUSP\" \/>\n<meta property=\"article:modified_time\" content=\"2024-12-29T03:22:34+00:00\" \/>\n<meta property=\"og:image\" content=\"https:\/\/www.pgcardiologiausp.com.br\/wp-content\/uploads\/2024\/12\/bgheader_pgcardio_v1.2.jpg\" \/>\n\t<meta property=\"og:image:width\" content=\"1920\" \/>\n\t<meta property=\"og:image:height\" content=\"800\" \/>\n\t<meta property=\"og:image:type\" content=\"image\/jpeg\" \/>\n<meta name=\"twitter:card\" content=\"summary_large_image\" \/>\n<script type=\"application\/ld+json\" class=\"yoast-schema-graph\">{\"@context\":\"https:\/\/schema.org\",\"@graph\":[{\"@type\":\"WebPage\",\"@id\":\"https:\/\/www.pgcardiologiausp.com.br\/o-programa\/egressos\/egressos-e-teses-2007\/\",\"url\":\"https:\/\/www.pgcardiologiausp.com.br\/o-programa\/egressos\/egressos-e-teses-2007\/\",\"name\":\"Postgrados y Tesis 2007 - P\u00f3s-Gradua\u00e7\u00e3o em Cardiologia FMUSP\",\"isPartOf\":{\"@id\":\"https:\/\/www.pgcardiologiausp.com.br\/#website\"},\"primaryImageOfPage\":{\"@id\":\"https:\/\/www.pgcardiologiausp.com.br\/o-programa\/egressos\/egressos-e-teses-2007\/#primaryimage\"},\"image\":{\"@id\":\"https:\/\/www.pgcardiologiausp.com.br\/o-programa\/egressos\/egressos-e-teses-2007\/#primaryimage\"},\"thumbnailUrl\":\"https:\/\/www.pgcardiologiausp.com.br\/wp-content\/uploads\/2024\/12\/bgheader_pgcardio_v1.2.jpg\",\"datePublished\":\"2024-12-23T14:40:29+00:00\",\"dateModified\":\"2024-12-29T03:22:34+00:00\",\"breadcrumb\":{\"@id\":\"https:\/\/www.pgcardiologiausp.com.br\/o-programa\/egressos\/egressos-e-teses-2007\/#breadcrumb\"},\"inLanguage\":\"es\",\"potentialAction\":[{\"@type\":\"ReadAction\",\"target\":[\"https:\/\/www.pgcardiologiausp.com.br\/o-programa\/egressos\/egressos-e-teses-2007\/\"]}]},{\"@type\":\"ImageObject\",\"inLanguage\":\"es\",\"@id\":\"https:\/\/www.pgcardiologiausp.com.br\/o-programa\/egressos\/egressos-e-teses-2007\/#primaryimage\",\"url\":\"https:\/\/www.pgcardiologiausp.com.br\/wp-content\/uploads\/2024\/12\/bgheader_pgcardio_v1.2.jpg\",\"contentUrl\":\"https:\/\/www.pgcardiologiausp.com.br\/wp-content\/uploads\/2024\/12\/bgheader_pgcardio_v1.2.jpg\",\"width\":1920,\"height\":800},{\"@type\":\"BreadcrumbList\",\"@id\":\"https:\/\/www.pgcardiologiausp.com.br\/o-programa\/egressos\/egressos-e-teses-2007\/#breadcrumb\",\"itemListElement\":[{\"@type\":\"ListItem\",\"position\":1,\"name\":\"Home\",\"item\":\"https:\/\/www.pgcardiologiausp.com.br\/\"},{\"@type\":\"ListItem\",\"position\":2,\"name\":\"O Programa\",\"item\":\"https:\/\/www.pgcardiologiausp.com.br\/o-programa\/\"},{\"@type\":\"ListItem\",\"position\":3,\"name\":\"Egressos e teses\",\"item\":\"https:\/\/www.pgcardiologiausp.com.br\/o-programa\/egressos\/\"},{\"@type\":\"ListItem\",\"position\":4,\"name\":\"Egressos e Teses 2007\"}]},{\"@type\":\"WebSite\",\"@id\":\"https:\/\/www.pgcardiologiausp.com.br\/#website\",\"url\":\"https:\/\/www.pgcardiologiausp.com.br\/\",\"name\":\"P\u00f3s-Gradua\u00e7\u00e3o em Cardiologia FMUSP\",\"description\":\"\",\"publisher\":{\"@id\":\"https:\/\/www.pgcardiologiausp.com.br\/#organization\"},\"potentialAction\":[{\"@type\":\"SearchAction\",\"target\":{\"@type\":\"EntryPoint\",\"urlTemplate\":\"https:\/\/www.pgcardiologiausp.com.br\/?s={search_term_string}\"},\"query-input\":{\"@type\":\"PropertyValueSpecification\",\"valueRequired\":true,\"valueName\":\"search_term_string\"}}],\"inLanguage\":\"es\"},{\"@type\":\"Organization\",\"@id\":\"https:\/\/www.pgcardiologiausp.com.br\/#organization\",\"name\":\"P\u00f3s-Gradua\u00e7\u00e3o em Cardiologia FMUSP\",\"url\":\"https:\/\/www.pgcardiologiausp.com.br\/\",\"logo\":{\"@type\":\"ImageObject\",\"inLanguage\":\"es\",\"@id\":\"https:\/\/www.pgcardiologiausp.com.br\/#\/schema\/logo\/image\/\",\"url\":\"https:\/\/www.pgcardiologiausp.com.br\/wp-content\/uploads\/2024\/12\/pg_cardio_usp-logo-v1-clearbg-500x341-1.png\",\"contentUrl\":\"https:\/\/www.pgcardiologiausp.com.br\/wp-content\/uploads\/2024\/12\/pg_cardio_usp-logo-v1-clearbg-500x341-1.png\",\"width\":500,\"height\":177,\"caption\":\"P\u00f3s-Gradua\u00e7\u00e3o em Cardiologia FMUSP\"},\"image\":{\"@id\":\"https:\/\/www.pgcardiologiausp.com.br\/#\/schema\/logo\/image\/\"}}]}<\/script>\n<!-- \/ Yoast SEO plugin. -->","yoast_head_json":{"title":"Postgrados y Tesis 2007 - P\u00f3s-Gradua\u00e7\u00e3o em Cardiologia FMUSP","robots":{"index":"index","follow":"follow","max-snippet":"max-snippet:-1","max-image-preview":"max-image-preview:large","max-video-preview":"max-video-preview:-1"},"canonical":"https:\/\/www.pgcardiologiausp.com.br\/o-programa\/egressos\/egressos-e-teses-2007\/","og_locale":"es_ES","og_type":"article","og_title":"Postgrados y Tesis 2007 - P\u00f3s-Gradua\u00e7\u00e3o em Cardiologia FMUSP","og_description":"Disculpa, pero esta entrada est\u00e1 disponible s\u00f3lo en Portugu\u00eas. 2007 08\/01\/2007 Geodete Batista Costa (orient:Heno Ferreira Lopes) Tema: Impacto da mudan\u00e7a de estilo de vida no [\u2026]","og_url":"https:\/\/www.pgcardiologiausp.com.br\/o-programa\/egressos\/egressos-e-teses-2007\/","og_site_name":"P\u00f3s-Gradua\u00e7\u00e3o em Cardiologia FMUSP","article_modified_time":"2024-12-29T03:22:34+00:00","og_image":[{"width":1920,"height":800,"url":"https:\/\/www.pgcardiologiausp.com.br\/wp-content\/uploads\/2024\/12\/bgheader_pgcardio_v1.2.jpg","type":"image\/jpeg"}],"twitter_card":"summary_large_image","schema":{"@context":"https:\/\/schema.org","@graph":[{"@type":"WebPage","@id":"https:\/\/www.pgcardiologiausp.com.br\/o-programa\/egressos\/egressos-e-teses-2007\/","url":"https:\/\/www.pgcardiologiausp.com.br\/o-programa\/egressos\/egressos-e-teses-2007\/","name":"Postgrados y Tesis 2007 - P\u00f3s-Gradua\u00e7\u00e3o em Cardiologia FMUSP","isPartOf":{"@id":"https:\/\/www.pgcardiologiausp.com.br\/#website"},"primaryImageOfPage":{"@id":"https:\/\/www.pgcardiologiausp.com.br\/o-programa\/egressos\/egressos-e-teses-2007\/#primaryimage"},"image":{"@id":"https:\/\/www.pgcardiologiausp.com.br\/o-programa\/egressos\/egressos-e-teses-2007\/#primaryimage"},"thumbnailUrl":"https:\/\/www.pgcardiologiausp.com.br\/wp-content\/uploads\/2024\/12\/bgheader_pgcardio_v1.2.jpg","datePublished":"2024-12-23T14:40:29+00:00","dateModified":"2024-12-29T03:22:34+00:00","breadcrumb":{"@id":"https:\/\/www.pgcardiologiausp.com.br\/o-programa\/egressos\/egressos-e-teses-2007\/#breadcrumb"},"inLanguage":"es","potentialAction":[{"@type":"ReadAction","target":["https:\/\/www.pgcardiologiausp.com.br\/o-programa\/egressos\/egressos-e-teses-2007\/"]}]},{"@type":"ImageObject","inLanguage":"es","@id":"https:\/\/www.pgcardiologiausp.com.br\/o-programa\/egressos\/egressos-e-teses-2007\/#primaryimage","url":"https:\/\/www.pgcardiologiausp.com.br\/wp-content\/uploads\/2024\/12\/bgheader_pgcardio_v1.2.jpg","contentUrl":"https:\/\/www.pgcardiologiausp.com.br\/wp-content\/uploads\/2024\/12\/bgheader_pgcardio_v1.2.jpg","width":1920,"height":800},{"@type":"BreadcrumbList","@id":"https:\/\/www.pgcardiologiausp.com.br\/o-programa\/egressos\/egressos-e-teses-2007\/#breadcrumb","itemListElement":[{"@type":"ListItem","position":1,"name":"Home","item":"https:\/\/www.pgcardiologiausp.com.br\/"},{"@type":"ListItem","position":2,"name":"O Programa","item":"https:\/\/www.pgcardiologiausp.com.br\/o-programa\/"},{"@type":"ListItem","position":3,"name":"Egressos e teses","item":"https:\/\/www.pgcardiologiausp.com.br\/o-programa\/egressos\/"},{"@type":"ListItem","position":4,"name":"Egressos e Teses 2007"}]},{"@type":"WebSite","@id":"https:\/\/www.pgcardiologiausp.com.br\/#website","url":"https:\/\/www.pgcardiologiausp.com.br\/","name":"P\u00f3s-Gradua\u00e7\u00e3o em Cardiologia FMUSP","description":"","publisher":{"@id":"https:\/\/www.pgcardiologiausp.com.br\/#organization"},"potentialAction":[{"@type":"SearchAction","target":{"@type":"EntryPoint","urlTemplate":"https:\/\/www.pgcardiologiausp.com.br\/?s={search_term_string}"},"query-input":{"@type":"PropertyValueSpecification","valueRequired":true,"valueName":"search_term_string"}}],"inLanguage":"es"},{"@type":"Organization","@id":"https:\/\/www.pgcardiologiausp.com.br\/#organization","name":"P\u00f3s-Gradua\u00e7\u00e3o em Cardiologia FMUSP","url":"https:\/\/www.pgcardiologiausp.com.br\/","logo":{"@type":"ImageObject","inLanguage":"es","@id":"https:\/\/www.pgcardiologiausp.com.br\/#\/schema\/logo\/image\/","url":"https:\/\/www.pgcardiologiausp.com.br\/wp-content\/uploads\/2024\/12\/pg_cardio_usp-logo-v1-clearbg-500x341-1.png","contentUrl":"https:\/\/www.pgcardiologiausp.com.br\/wp-content\/uploads\/2024\/12\/pg_cardio_usp-logo-v1-clearbg-500x341-1.png","width":500,"height":177,"caption":"P\u00f3s-Gradua\u00e7\u00e3o em Cardiologia FMUSP"},"image":{"@id":"https:\/\/www.pgcardiologiausp.com.br\/#\/schema\/logo\/image\/"}}]}},"_links":{"self":[{"href":"https:\/\/www.pgcardiologiausp.com.br\/es\/wp-json\/wp\/v2\/pages\/1248","targetHints":{"allow":["GET"]}}],"collection":[{"href":"https:\/\/www.pgcardiologiausp.com.br\/es\/wp-json\/wp\/v2\/pages"}],"about":[{"href":"https:\/\/www.pgcardiologiausp.com.br\/es\/wp-json\/wp\/v2\/types\/page"}],"author":[{"embeddable":true,"href":"https:\/\/www.pgcardiologiausp.com.br\/es\/wp-json\/wp\/v2\/users\/1"}],"replies":[{"embeddable":true,"href":"https:\/\/www.pgcardiologiausp.com.br\/es\/wp-json\/wp\/v2\/comments?post=1248"}],"version-history":[{"count":4,"href":"https:\/\/www.pgcardiologiausp.com.br\/es\/wp-json\/wp\/v2\/pages\/1248\/revisions"}],"predecessor-version":[{"id":1406,"href":"https:\/\/www.pgcardiologiausp.com.br\/es\/wp-json\/wp\/v2\/pages\/1248\/revisions\/1406"}],"up":[{"embeddable":true,"href":"https:\/\/www.pgcardiologiausp.com.br\/es\/wp-json\/wp\/v2\/pages\/155"}],"wp:featuredmedia":[{"embeddable":true,"href":"https:\/\/www.pgcardiologiausp.com.br\/es\/wp-json\/wp\/v2\/media\/112"}],"wp:attachment":[{"href":"https:\/\/www.pgcardiologiausp.com.br\/es\/wp-json\/wp\/v2\/media?parent=1248"}],"curies":[{"name":"wp","href":"https:\/\/api.w.org\/{rel}","templated":true}]}}