{"id":125,"date":"2024-12-08T22:38:05","date_gmt":"2024-12-09T01:38:05","guid":{"rendered":"https:\/\/www.pgcardiologiausp.com.br\/?page_id=125"},"modified":"2025-06-09T15:02:54","modified_gmt":"2025-06-09T18:02:54","slug":"infraestrutura","status":"publish","type":"page","link":"https:\/\/www.pgcardiologiausp.com.br\/es\/o-programa\/infraestrutura\/","title":{"rendered":"Infraestructura"},"content":{"rendered":"<p data-start=\"70\" data-end=\"661\">El InCor se destaca como un centro de excelencia en cardiolog\u00eda por su infraestructura de vanguardia y reconocimiento internacional en rankings especializados. Seg\u00fan EduRanking, la Cardiolog\u00eda de la FMUSP ocupa el puesto n\u00famero 58 a nivel mundial. Cuenta con una infraestructura robusta que incluye aproximadamente 500 camas distribuidas en 7 alas de internaci\u00f3n, de las cuales 170 est\u00e1n destinadas a Unidades de Cuidados Intensivos (UCI) de alta complejidad.<\/p>\n<p data-start=\"663\" data-end=\"1250\"><strong data-start=\"663\" data-end=\"704\">Centros Quir\u00fargicos y de Diagn\u00f3stico:<\/strong> 14 quir\u00f3fanos, 7 salas de hemodinamia y estudios electrofisiol\u00f3gicos, 12 salas de diagn\u00f3stico de alta complejidad, incluyendo tomograf\u00eda, resonancia magn\u00e9tica y medicina nuclear.<br data-start=\"883\" data-end=\"886\" \/><strong data-start=\"886\" data-end=\"922\">Unidades de Cuidados Intensivos:<\/strong> 170 camas UCI equipadas con tecnolog\u00eda avanzada para monitoreo hemodin\u00e1mico, soporte ventilatorio, circulatorio y neurol\u00f3gico. El InCor es el \u00fanico hospital p\u00fablico universitario en Brasil que ofrece tecnolog\u00edas avanzadas de asistencia circulatoria como oxigenaci\u00f3n por membrana extracorp\u00f3rea (ECMO) y ventr\u00edculos artificiales.<\/p>\n<p data-start=\"1252\" data-end=\"1873\"><strong data-start=\"1252\" data-end=\"1286\">Laboratorios de Investigaci\u00f3n:<\/strong> Laboratorios de bioingenier\u00eda, biolog\u00eda molecular, inform\u00e1tica, inmunolog\u00eda, hemodinamia, electrofisiolog\u00eda, imagen (ecocardiograf\u00eda, radiois\u00f3topos, tomograf\u00eda, resonancia magn\u00e9tica), funci\u00f3n respiratoria, biolog\u00eda vascular y anatom\u00eda patol\u00f3gica.<br data-start=\"1533\" data-end=\"1536\" \/><strong data-start=\"1536\" data-end=\"1570\">Recursos Humanos y Acad\u00e9micos:<\/strong> Cuenta con un equipo de aproximadamente 3.300 funcionarios y una biblioteca con un acervo de 1.782 libros.<br data-start=\"1677\" data-end=\"1680\" \/>El InCor recibe anualmente cerca de 125 residentes en \u00e1reas como cardiolog\u00eda, cirug\u00eda cardiovascular, neumolog\u00eda, cirug\u00eda tor\u00e1cica y anestesiolog\u00eda, adem\u00e1s de 134 pasantes del \u00e1rea de la salud.<\/p>\n<p data-start=\"1875\" data-end=\"2642\">El reconocimiento internacional del InCor se evidencia por su posici\u00f3n en el ranking \u00abWorld&#8217;s Best Specialized Hospitals\u00bb de la revista estadounidense <em data-start=\"2026\" data-end=\"2036\">Newsweek<\/em>. En 2024 fue clasificado como el 22\u00ba mejor hospital del mundo en cardiolog\u00eda, y en el ranking de 2025 ascendi\u00f3 al puesto 19\u00ba en cardiolog\u00eda y al 37\u00ba en cirug\u00eda card\u00edaca, consolid\u00e1ndose como l\u00edder en Am\u00e9rica Latina en su especialidad. Esto refleja su compromiso continuo con la excelencia en la atenci\u00f3n, la ense\u00f1anza y la investigaci\u00f3n en cardiolog\u00eda.<br data-start=\"2388\" data-end=\"2391\" \/>La combinaci\u00f3n de infraestructura avanzada y reconocimiento internacional reafirma el papel del InCor como referencia global en cardiolog\u00eda, contribuyendo al avance de la medicina cardiovascular y a la formaci\u00f3n de profesionales altamente calificados.<\/p>\n<hr data-start=\"2644\" data-end=\"2647\" \/>\n<p data-start=\"2649\" data-end=\"2918\"><strong data-start=\"2649\" data-end=\"2699\">Infraestructura de investigaci\u00f3n para posgrado<\/strong><br data-start=\"2699\" data-end=\"2702\" \/>Destacamos para la posgraduaci\u00f3n la estructura de los laboratorios y la existencia de un \u00e1rea dedicada a la investigaci\u00f3n (Comisi\u00f3n Cient\u00edfica), con apoyo estructural y supervisi\u00f3n de los proyectos de la instituci\u00f3n.<\/p>\n<p data-start=\"2920\" data-end=\"3451\"><strong data-start=\"2920\" data-end=\"2937\">Laboratorios:<\/strong><br data-start=\"2937\" data-end=\"2940\" \/>Adem\u00e1s de toda la estructura asistencial del InCor, el programa cuenta con laboratorios dedicados a la actividad cl\u00ednica, de investigaci\u00f3n y ense\u00f1anza, funcionando como una plataforma para actividades de posgrado.<br data-start=\"3153\" data-end=\"3156\" \/>Es importante se\u00f1alar que aproximadamente el 10% de los 75 mil m\u00b2 del InCor est\u00e1n destinados exclusivamente al desarrollo de actividades de investigaci\u00f3n, incluyendo los laboratorios siguientes, as\u00ed como un Centro de Investigaci\u00f3n Traslacional y un Centro de Apoyo a la Investigaci\u00f3n Precl\u00ednica:<\/p>\n<ol data-start=\"3453\" data-end=\"4268\">\n<li data-start=\"3453\" data-end=\"3491\">\n<p data-start=\"3456\" data-end=\"3491\">Laboratorio de Inform\u00e1tica M\u00e9dica<\/p>\n<\/li>\n<li data-start=\"3492\" data-end=\"3523\">\n<p data-start=\"3495\" data-end=\"3523\">Laboratorio de Inmunolog\u00eda<\/p>\n<\/li>\n<li data-start=\"3524\" data-end=\"3576\">\n<p data-start=\"3527\" data-end=\"3576\">Laboratorio de Gen\u00e9tica y Cardiolog\u00eda Molecular<\/p>\n<\/li>\n<li data-start=\"3577\" data-end=\"3615\">\n<p data-start=\"3580\" data-end=\"3615\">Laboratorio de Patolog\u00eda Card\u00edaca<\/p>\n<\/li>\n<li data-start=\"3616\" data-end=\"3658\">\n<p data-start=\"3619\" data-end=\"3658\">Laboratorio de Metabolismo de L\u00edpidos<\/p>\n<\/li>\n<li data-start=\"3659\" data-end=\"3699\">\n<p data-start=\"3662\" data-end=\"3699\">Laboratorio de Ventilaci\u00f3n Pulmonar<\/p>\n<\/li>\n<li data-start=\"3700\" data-end=\"3744\">\n<p data-start=\"3703\" data-end=\"3744\">Laboratorio de Fisiolog\u00eda del Ejercicio<\/p>\n<\/li>\n<li data-start=\"3745\" data-end=\"3825\">\n<p data-start=\"3748\" data-end=\"3825\">Laboratorio de Investigaci\u00f3n M\u00e9dica en Biolog\u00eda Cardiovascular Traslacional<\/p>\n<\/li>\n<li data-start=\"3826\" data-end=\"3880\">\n<p data-start=\"3829\" data-end=\"3880\">Laboratorio de Investigaci\u00f3n en \u00d3rganos y Tejidos<\/p>\n<\/li>\n<li data-start=\"3881\" data-end=\"3961\">\n<p data-start=\"3885\" data-end=\"3961\">Laboratorio de Investigaci\u00f3n Experimental de la Cl\u00ednica de Miocardiopat\u00edas<\/p>\n<\/li>\n<li data-start=\"3962\" data-end=\"4022\">\n<p data-start=\"3966\" data-end=\"4022\">Laboratorios de Investigaci\u00f3n M\u00e9dica de la FMUSP (LIM)<\/p>\n<\/li>\n<li data-start=\"4023\" data-end=\"4076\">\n<p data-start=\"4027\" data-end=\"4076\">Laboratorio de Gen\u00e9tica y Cardiolog\u00eda Molecular<\/p>\n<\/li>\n<li data-start=\"4077\" data-end=\"4108\">\n<p data-start=\"4081\" data-end=\"4108\">Laboratorio de Neumolog\u00eda<\/p>\n<\/li>\n<li data-start=\"4109\" data-end=\"4152\">\n<p data-start=\"4113\" data-end=\"4152\">Laboratorio de Cirug\u00eda Cardiovascular<\/p>\n<\/li>\n<li data-start=\"4153\" data-end=\"4213\">\n<p data-start=\"4157\" data-end=\"4213\">Laboratorio de Histocompatibilidad e Inmunidad Celular<\/p>\n<\/li>\n<li data-start=\"4214\" data-end=\"4268\">\n<p data-start=\"4218\" data-end=\"4268\">Laboratorio de Investigaci\u00f3n en Cirug\u00eda Tor\u00e1cica<\/p>\n<\/li>\n<\/ol>\n<p data-start=\"4270\" data-end=\"4330\">Todos est\u00e1n vinculados al Departamento de Cardiopneumolog\u00eda.<\/p>\n<p data-start=\"4332\" data-end=\"4916\">Las 170 camas de UCI cuentan con monitoreo hemodin\u00e1mico de \u00faltima generaci\u00f3n, as\u00ed como monitoreo y soporte ventilatorio, circulatorio y neurol\u00f3gico.<br data-start=\"4480\" data-end=\"4483\" \/>La visi\u00f3n de investigaci\u00f3n multiusuario es inherente a la estructura del Hospital das Cl\u00ednicas, que de manera interdisciplinaria promueve la integraci\u00f3n de servicios y plataformas de investigaci\u00f3n entre los institutos que lo componen (InCor, Instituto Central, Instituto del C\u00e1ncer, Instituto de Ortopedia, Instituto de Pediatr\u00eda, Instituto de Psiquiatr\u00eda, Instituto de Radiolog\u00eda, Instituto de Rehabilitaci\u00f3n y hospitales de apoyo).<\/p>\n<hr data-start=\"4918\" data-end=\"4921\" \/>\n<p data-start=\"4923\" data-end=\"5390\"><strong data-start=\"4923\" data-end=\"4947\">Comisi\u00f3n Cient\u00edfica:<\/strong><br data-start=\"4947\" data-end=\"4950\" \/>La Comisi\u00f3n Cient\u00edfica coordina la investigaci\u00f3n y la innovaci\u00f3n, capta recursos y supervisa aspectos regulatorios. Ubicada en el primer piso del InCor, ocupa 1.000 m\u00b2 con consultorios cl\u00ednicos, salas para investigaci\u00f3n traslacional, telemedicina y atenci\u00f3n de emergencias. Cuenta con un equipo multidisciplinario, incluyendo 40 becarios y empleados dedicados. Hay 224 proyectos en curso con una captaci\u00f3n anual promedio de R$ 8,3 millones.<\/p>\n<p data-start=\"5392\" data-end=\"5617\">Se destacan las iniciativas en telemedicina como Tele-UCI y TAC, que promueven la asistencia remota y la innovaci\u00f3n tecnol\u00f3gica. La Comisi\u00f3n tambi\u00e9n interact\u00faa con la CAPPesq para el an\u00e1lisis \u00e9tico y t\u00e9cnico de los proyectos.<\/p>\n<hr data-start=\"5619\" data-end=\"5622\" \/>\n<p data-start=\"5624\" data-end=\"6116\"><strong data-start=\"5624\" data-end=\"5639\">Biblioteca:<\/strong><br data-start=\"5639\" data-end=\"5642\" \/>La biblioteca del InCor \u00abProf. Luiz Venere D\u00e9court\u00bb cuenta con un acervo especializado en cardiolog\u00eda, ofrece acceso a bases cient\u00edficas esenciales y mantiene asociaciones con instituciones internacionales. Semanalmente se env\u00eda una alerta bibliogr\u00e1fica a los profesionales del \u00e1rea.<br data-start=\"5925\" data-end=\"5928\" \/>Los alumnos tienen acceso al portal SiBi\/USP y a la ABCD (<a class=\"\" href=\"https:\/\/www.abcd.usp.br\/\" target=\"_new\" rel=\"noopener\" data-start=\"5986\" data-end=\"6010\">https:\/\/www.abcd.usp.br\/<\/a>). El acceso a la informaci\u00f3n del acervo est\u00e1 disponible en l\u00ednea a trav\u00e9s del sitio web de la Biblioteca.<\/p>\n","protected":false},"excerpt":{"rendered":"<p>El InCor se destaca como un centro de excelencia en cardiolog\u00eda por su infraestructura de vanguardia y reconocimiento internacional en rankings especializados. Seg\u00fan EduRanking, la Cardiolog\u00eda<span class=\"excerpt-hellip\"> [\u2026]<\/span><\/p>\n","protected":false},"author":1,"featured_media":112,"parent":107,"menu_order":0,"comment_status":"closed","ping_status":"closed","template":"","meta":{"footnotes":""},"class_list":["post-125","page","type-page","status-publish","has-post-thumbnail","hentry"],"yoast_head":"<!-- This site is optimized with the Yoast SEO plugin v25.8 - https:\/\/yoast.com\/wordpress\/plugins\/seo\/ -->\n<title>Infraestructura - P\u00f3s-Gradua\u00e7\u00e3o em Cardiologia FMUSP<\/title>\n<meta name=\"robots\" content=\"index, follow, max-snippet:-1, max-image-preview:large, max-video-preview:-1\" \/>\n<link rel=\"canonical\" href=\"https:\/\/www.pgcardiologiausp.com.br\/o-programa\/infraestrutura\/\" \/>\n<meta property=\"og:locale\" content=\"es_ES\" \/>\n<meta property=\"og:type\" content=\"article\" \/>\n<meta property=\"og:title\" content=\"Infraestructura - P\u00f3s-Gradua\u00e7\u00e3o em Cardiologia FMUSP\" \/>\n<meta property=\"og:description\" content=\"El InCor se destaca como un centro de excelencia en cardiolog\u00eda por su infraestructura de vanguardia y reconocimiento internacional en rankings especializados. Seg\u00fan EduRanking, la Cardiolog\u00eda [\u2026]\" \/>\n<meta property=\"og:url\" content=\"https:\/\/www.pgcardiologiausp.com.br\/o-programa\/infraestrutura\/\" \/>\n<meta property=\"og:site_name\" content=\"P\u00f3s-Gradua\u00e7\u00e3o em Cardiologia FMUSP\" \/>\n<meta property=\"article:modified_time\" content=\"2025-06-09T18:02:54+00:00\" \/>\n<meta property=\"og:image\" content=\"https:\/\/www.pgcardiologiausp.com.br\/wp-content\/uploads\/2024\/12\/bgheader_pgcardio_v1.2.jpg\" \/>\n\t<meta property=\"og:image:width\" content=\"1920\" \/>\n\t<meta property=\"og:image:height\" content=\"800\" \/>\n\t<meta property=\"og:image:type\" content=\"image\/jpeg\" \/>\n<meta name=\"twitter:card\" content=\"summary_large_image\" \/>\n<script type=\"application\/ld+json\" class=\"yoast-schema-graph\">{\"@context\":\"https:\/\/schema.org\",\"@graph\":[{\"@type\":\"WebPage\",\"@id\":\"https:\/\/www.pgcardiologiausp.com.br\/o-programa\/infraestrutura\/\",\"url\":\"https:\/\/www.pgcardiologiausp.com.br\/o-programa\/infraestrutura\/\",\"name\":\"Infraestructura - P\u00f3s-Gradua\u00e7\u00e3o em Cardiologia FMUSP\",\"isPartOf\":{\"@id\":\"https:\/\/www.pgcardiologiausp.com.br\/#website\"},\"primaryImageOfPage\":{\"@id\":\"https:\/\/www.pgcardiologiausp.com.br\/o-programa\/infraestrutura\/#primaryimage\"},\"image\":{\"@id\":\"https:\/\/www.pgcardiologiausp.com.br\/o-programa\/infraestrutura\/#primaryimage\"},\"thumbnailUrl\":\"https:\/\/www.pgcardiologiausp.com.br\/wp-content\/uploads\/2024\/12\/bgheader_pgcardio_v1.2.jpg\",\"datePublished\":\"2024-12-09T01:38:05+00:00\",\"dateModified\":\"2025-06-09T18:02:54+00:00\",\"breadcrumb\":{\"@id\":\"https:\/\/www.pgcardiologiausp.com.br\/o-programa\/infraestrutura\/#breadcrumb\"},\"inLanguage\":\"es\",\"potentialAction\":[{\"@type\":\"ReadAction\",\"target\":[\"https:\/\/www.pgcardiologiausp.com.br\/o-programa\/infraestrutura\/\"]}]},{\"@type\":\"ImageObject\",\"inLanguage\":\"es\",\"@id\":\"https:\/\/www.pgcardiologiausp.com.br\/o-programa\/infraestrutura\/#primaryimage\",\"url\":\"https:\/\/www.pgcardiologiausp.com.br\/wp-content\/uploads\/2024\/12\/bgheader_pgcardio_v1.2.jpg\",\"contentUrl\":\"https:\/\/www.pgcardiologiausp.com.br\/wp-content\/uploads\/2024\/12\/bgheader_pgcardio_v1.2.jpg\",\"width\":1920,\"height\":800},{\"@type\":\"BreadcrumbList\",\"@id\":\"https:\/\/www.pgcardiologiausp.com.br\/o-programa\/infraestrutura\/#breadcrumb\",\"itemListElement\":[{\"@type\":\"ListItem\",\"position\":1,\"name\":\"Home\",\"item\":\"https:\/\/www.pgcardiologiausp.com.br\/\"},{\"@type\":\"ListItem\",\"position\":2,\"name\":\"O Programa\",\"item\":\"https:\/\/www.pgcardiologiausp.com.br\/o-programa\/\"},{\"@type\":\"ListItem\",\"position\":3,\"name\":\"Infraestrutura\"}]},{\"@type\":\"WebSite\",\"@id\":\"https:\/\/www.pgcardiologiausp.com.br\/#website\",\"url\":\"https:\/\/www.pgcardiologiausp.com.br\/\",\"name\":\"P\u00f3s-Gradua\u00e7\u00e3o em Cardiologia FMUSP\",\"description\":\"\",\"publisher\":{\"@id\":\"https:\/\/www.pgcardiologiausp.com.br\/#organization\"},\"potentialAction\":[{\"@type\":\"SearchAction\",\"target\":{\"@type\":\"EntryPoint\",\"urlTemplate\":\"https:\/\/www.pgcardiologiausp.com.br\/?s={search_term_string}\"},\"query-input\":{\"@type\":\"PropertyValueSpecification\",\"valueRequired\":true,\"valueName\":\"search_term_string\"}}],\"inLanguage\":\"es\"},{\"@type\":\"Organization\",\"@id\":\"https:\/\/www.pgcardiologiausp.com.br\/#organization\",\"name\":\"P\u00f3s-Gradua\u00e7\u00e3o em Cardiologia FMUSP\",\"url\":\"https:\/\/www.pgcardiologiausp.com.br\/\",\"logo\":{\"@type\":\"ImageObject\",\"inLanguage\":\"es\",\"@id\":\"https:\/\/www.pgcardiologiausp.com.br\/#\/schema\/logo\/image\/\",\"url\":\"https:\/\/www.pgcardiologiausp.com.br\/wp-content\/uploads\/2024\/12\/pg_cardio_usp-logo-v1-clearbg-500x341-1.png\",\"contentUrl\":\"https:\/\/www.pgcardiologiausp.com.br\/wp-content\/uploads\/2024\/12\/pg_cardio_usp-logo-v1-clearbg-500x341-1.png\",\"width\":500,\"height\":177,\"caption\":\"P\u00f3s-Gradua\u00e7\u00e3o em Cardiologia FMUSP\"},\"image\":{\"@id\":\"https:\/\/www.pgcardiologiausp.com.br\/#\/schema\/logo\/image\/\"}}]}<\/script>\n<!-- \/ Yoast SEO plugin. -->","yoast_head_json":{"title":"Infraestructura - P\u00f3s-Gradua\u00e7\u00e3o em Cardiologia FMUSP","robots":{"index":"index","follow":"follow","max-snippet":"max-snippet:-1","max-image-preview":"max-image-preview:large","max-video-preview":"max-video-preview:-1"},"canonical":"https:\/\/www.pgcardiologiausp.com.br\/o-programa\/infraestrutura\/","og_locale":"es_ES","og_type":"article","og_title":"Infraestructura - P\u00f3s-Gradua\u00e7\u00e3o em Cardiologia FMUSP","og_description":"El InCor se destaca como un centro de excelencia en cardiolog\u00eda por su infraestructura de vanguardia y reconocimiento internacional en rankings especializados. Seg\u00fan EduRanking, la Cardiolog\u00eda [\u2026]","og_url":"https:\/\/www.pgcardiologiausp.com.br\/o-programa\/infraestrutura\/","og_site_name":"P\u00f3s-Gradua\u00e7\u00e3o em Cardiologia FMUSP","article_modified_time":"2025-06-09T18:02:54+00:00","og_image":[{"width":1920,"height":800,"url":"https:\/\/www.pgcardiologiausp.com.br\/wp-content\/uploads\/2024\/12\/bgheader_pgcardio_v1.2.jpg","type":"image\/jpeg"}],"twitter_card":"summary_large_image","schema":{"@context":"https:\/\/schema.org","@graph":[{"@type":"WebPage","@id":"https:\/\/www.pgcardiologiausp.com.br\/o-programa\/infraestrutura\/","url":"https:\/\/www.pgcardiologiausp.com.br\/o-programa\/infraestrutura\/","name":"Infraestructura - P\u00f3s-Gradua\u00e7\u00e3o em Cardiologia FMUSP","isPartOf":{"@id":"https:\/\/www.pgcardiologiausp.com.br\/#website"},"primaryImageOfPage":{"@id":"https:\/\/www.pgcardiologiausp.com.br\/o-programa\/infraestrutura\/#primaryimage"},"image":{"@id":"https:\/\/www.pgcardiologiausp.com.br\/o-programa\/infraestrutura\/#primaryimage"},"thumbnailUrl":"https:\/\/www.pgcardiologiausp.com.br\/wp-content\/uploads\/2024\/12\/bgheader_pgcardio_v1.2.jpg","datePublished":"2024-12-09T01:38:05+00:00","dateModified":"2025-06-09T18:02:54+00:00","breadcrumb":{"@id":"https:\/\/www.pgcardiologiausp.com.br\/o-programa\/infraestrutura\/#breadcrumb"},"inLanguage":"es","potentialAction":[{"@type":"ReadAction","target":["https:\/\/www.pgcardiologiausp.com.br\/o-programa\/infraestrutura\/"]}]},{"@type":"ImageObject","inLanguage":"es","@id":"https:\/\/www.pgcardiologiausp.com.br\/o-programa\/infraestrutura\/#primaryimage","url":"https:\/\/www.pgcardiologiausp.com.br\/wp-content\/uploads\/2024\/12\/bgheader_pgcardio_v1.2.jpg","contentUrl":"https:\/\/www.pgcardiologiausp.com.br\/wp-content\/uploads\/2024\/12\/bgheader_pgcardio_v1.2.jpg","width":1920,"height":800},{"@type":"BreadcrumbList","@id":"https:\/\/www.pgcardiologiausp.com.br\/o-programa\/infraestrutura\/#breadcrumb","itemListElement":[{"@type":"ListItem","position":1,"name":"Home","item":"https:\/\/www.pgcardiologiausp.com.br\/"},{"@type":"ListItem","position":2,"name":"O Programa","item":"https:\/\/www.pgcardiologiausp.com.br\/o-programa\/"},{"@type":"ListItem","position":3,"name":"Infraestrutura"}]},{"@type":"WebSite","@id":"https:\/\/www.pgcardiologiausp.com.br\/#website","url":"https:\/\/www.pgcardiologiausp.com.br\/","name":"P\u00f3s-Gradua\u00e7\u00e3o em Cardiologia FMUSP","description":"","publisher":{"@id":"https:\/\/www.pgcardiologiausp.com.br\/#organization"},"potentialAction":[{"@type":"SearchAction","target":{"@type":"EntryPoint","urlTemplate":"https:\/\/www.pgcardiologiausp.com.br\/?s={search_term_string}"},"query-input":{"@type":"PropertyValueSpecification","valueRequired":true,"valueName":"search_term_string"}}],"inLanguage":"es"},{"@type":"Organization","@id":"https:\/\/www.pgcardiologiausp.com.br\/#organization","name":"P\u00f3s-Gradua\u00e7\u00e3o em Cardiologia FMUSP","url":"https:\/\/www.pgcardiologiausp.com.br\/","logo":{"@type":"ImageObject","inLanguage":"es","@id":"https:\/\/www.pgcardiologiausp.com.br\/#\/schema\/logo\/image\/","url":"https:\/\/www.pgcardiologiausp.com.br\/wp-content\/uploads\/2024\/12\/pg_cardio_usp-logo-v1-clearbg-500x341-1.png","contentUrl":"https:\/\/www.pgcardiologiausp.com.br\/wp-content\/uploads\/2024\/12\/pg_cardio_usp-logo-v1-clearbg-500x341-1.png","width":500,"height":177,"caption":"P\u00f3s-Gradua\u00e7\u00e3o em Cardiologia FMUSP"},"image":{"@id":"https:\/\/www.pgcardiologiausp.com.br\/#\/schema\/logo\/image\/"}}]}},"_links":{"self":[{"href":"https:\/\/www.pgcardiologiausp.com.br\/es\/wp-json\/wp\/v2\/pages\/125","targetHints":{"allow":["GET"]}}],"collection":[{"href":"https:\/\/www.pgcardiologiausp.com.br\/es\/wp-json\/wp\/v2\/pages"}],"about":[{"href":"https:\/\/www.pgcardiologiausp.com.br\/es\/wp-json\/wp\/v2\/types\/page"}],"author":[{"embeddable":true,"href":"https:\/\/www.pgcardiologiausp.com.br\/es\/wp-json\/wp\/v2\/users\/1"}],"replies":[{"embeddable":true,"href":"https:\/\/www.pgcardiologiausp.com.br\/es\/wp-json\/wp\/v2\/comments?post=125"}],"version-history":[{"count":11,"href":"https:\/\/www.pgcardiologiausp.com.br\/es\/wp-json\/wp\/v2\/pages\/125\/revisions"}],"predecessor-version":[{"id":2354,"href":"https:\/\/www.pgcardiologiausp.com.br\/es\/wp-json\/wp\/v2\/pages\/125\/revisions\/2354"}],"up":[{"embeddable":true,"href":"https:\/\/www.pgcardiologiausp.com.br\/es\/wp-json\/wp\/v2\/pages\/107"}],"wp:featuredmedia":[{"embeddable":true,"href":"https:\/\/www.pgcardiologiausp.com.br\/es\/wp-json\/wp\/v2\/media\/112"}],"wp:attachment":[{"href":"https:\/\/www.pgcardiologiausp.com.br\/es\/wp-json\/wp\/v2\/media?parent=125"}],"curies":[{"name":"wp","href":"https:\/\/api.w.org\/{rel}","templated":true}]}}