{"id":1282,"date":"2024-12-23T11:48:29","date_gmt":"2024-12-23T14:48:29","guid":{"rendered":"https:\/\/www.pgcardiologiausp.com.br\/?page_id=1282"},"modified":"2024-12-29T00:22:20","modified_gmt":"2024-12-29T03:22:20","slug":"egressos-e-teses-2006","status":"publish","type":"page","link":"https:\/\/www.pgcardiologiausp.com.br\/es\/o-programa\/egressos\/egressos-e-teses-2006\/","title":{"rendered":"Postgrados y Tesis 2006"},"content":{"rendered":"<p class=\"qtranxs-available-languages-message qtranxs-available-languages-message-es\">Disculpa, pero esta entrada est\u00e1 disponible s\u00f3lo en <a href=\"https:\/\/www.pgcardiologiausp.com.br\/pb\/wp-json\/wp\/v2\/pages\/1282\" class=\"qtranxs-available-language-link qtranxs-available-language-link-pb\" title=\"Portugu\u00eas\">Portugu\u00eas<\/a>.<\/p>\n<h3>2006<\/h3>\n<p>13\/01\/2006 Fernando de Martino (orient: Whady Armindo Hueb)<br \/>\nTema: Estudo comparativo entre grupos de pacientes diab\u00e9ticos e n\u00e3o diab\u00e9ticos portadores de doen\u00e7a arterial coron\u00e1ria que receberam tratamento cl\u00ednico, cir\u00fargico ou atrav\u00e9s da angioplastia. Seguimento cl\u00ednico em longo prazo <a href=\"https:\/\/www.pgcardiologiausp.com.br\/wp-content\/uploads\/2024\/12\/fernando_de_martino.pdf\" target=\"_blank\" rel=\"noopener noreferrer\">Tese<\/a><\/p>\n<p>20\/01\/2006 Jos\u00e9 Luiz Barros Pena (orient:Vera Maria Cury Salemi)<br \/>\nTema: Altera\u00e7\u00f5es seq\u00fcenciais da deforma\u00e7\u00e3o mioc\u00e1rdica longitudinal e radial (strain\/strain rate) e das velocidades do Doppler tecidual pulsado em neonatos normais <a href=\"https:\/\/www.pgcardiologiausp.com.br\/wp-content\/uploads\/2024\/12\/jose_luiz_penaf.pdf\" target=\"_blank\" rel=\"noopener noreferrer\">Tese<\/a><\/p>\n<p>08\/02\/2006 Izabel Jos\u00e9 de Almeida (orient: Charles Mady)<br \/>\nTema: Avalia\u00e7\u00e3o da fun\u00e7\u00e3o card\u00edaca p\u00f3s-pericardiectomia por meio da ecocardiografia e dos n\u00edveis plasm\u00e1ticos de NT-proBNP <a href=\"https:\/\/www.pgcardiologiausp.com.br\/wp-content\/uploads\/2024\/12\/izabel_jose_de_almeida.pdf\" target=\"_blank\" rel=\"noopener noreferrer\">Tese<\/a><\/p>\n<p>10\/02\/2006 Simone Alves Dantas (orient: Barbara Maria Ianni)<br \/>\nTema: Avalia\u00e7\u00e3o do metabolismo de uma emuls\u00e3o lip\u00eddica rica em colesterol em pacientes com obesidade grau III <a href=\"https:\/\/www.pgcardiologiausp.com.br\/wp-content\/uploads\/2024\/12\/simone_alves_dantas.pdf\" target=\"_blank\" rel=\"noopener noreferrer\">Tese<\/a><\/p>\n<p>06\/03\/2006 Luciano de Figueiredo Borges (orient:Paulo Sampaio Gutierrez)<br \/>\nTema: Matriz extracelular na aorta ascendente humana: quantifica\u00e7\u00e3o morfom\u00e9trica do col\u00e1geno em aortas normais e an\u00e1lise topogr\u00e1fica da matrilisina, estromelisina e plasmina em dissec\u00e7\u00f5es e aneurismas n\u00e3o-inflamat\u00f3rios <a href=\"https:\/\/www.pgcardiologiausp.com.br\/wp-content\/uploads\/2024\/12\/luciano_borges.pdf\" target=\"_blank\" rel=\"noopener noreferrer\">Tese<\/a><\/p>\n<p>09\/03\/2006 Giulliano Gardenghi (orient: Denise Tessariol Hachul)<br \/>\nTema: Estudo comparativo entre o tratamento farmacol\u00f3gico, o treinamento f\u00edsico moderado e o treinamento postural passivo em pacientes portadores de s\u00edncope neurocardiog\u00eanica <a href=\"https:\/\/www.pgcardiologiausp.com.br\/wp-content\/uploads\/2024\/12\/giulliano_gardenchi.pdf\" target=\"_blank\" rel=\"noopener noreferrer\">Tese<\/a><\/p>\n<p>17\/03\/2006 Raquel de Queiroz Fagundes (orient: Maria de Lourdes Higuchi)<br \/>\nTema: Estudo da co-participa\u00e7\u00e3o de infec\u00e7\u00e3o natural pela Chlamydophila pneumoniae e Mycoplasma pneumoniae na aterog\u00eanese experimental em coelhos <a href=\"https:\/\/www.pgcardiologiausp.com.br\/wp-content\/uploads\/2024\/12\/raquel_fagundes.pdf\" target=\"_blank\" rel=\"noopener noreferrer\">Tese<\/a><\/p>\n<p>27\/03\/2006 Joicely Melo da Costa (orient: Wilson mathias Junior)<br \/>\nTema: Import\u00e2ncia da ecocardiografia com contraste por microbolhas em imagem fundamental na avalia\u00e7\u00e3o de pacientes sob ventila\u00e7\u00e3o mec\u00e2nica no per\u00edodo p\u00f3s-operat\u00f3rio de cirurgia card\u00edaca <a href=\"https:\/\/www.pgcardiologiausp.com.br\/wp-content\/uploads\/2024\/12\/pdffilenamejoicely20melo20da20costa.pdf\" target=\"_blank\" rel=\"noopener noreferrer\">Tese<\/a><\/p>\n<p>04\/05\/2006 Luciana Mara Pinto Kalil (orient: Denise Tessariol Hachul)<br \/>\nTema: Treinamento f\u00edsico e regula\u00e7\u00e3o da frequ\u00eancia card\u00edaca em ratos idosos: Avalia\u00e7\u00e3o auton\u00f4mica, da frequ\u00eancia card\u00edaca intr\u00ednseca e da morfometria do n\u00f3 sinoatrial. <a href=\"https:\/\/www.pgcardiologiausp.com.br\/wp-content\/uploads\/2024\/12\/luciana_kalil.pdf\" target=\"_blank\" rel=\"noopener noreferrer\">Tese<\/a><\/p>\n<p>17\/05\/2006 Juliano de Lara Fernandes (orient: Carlos Vicente Serrano Junior)<br \/>\nTema: Pentoxifilina reduz a atividade pr\u00f3-inflamat\u00f3ria e aumenta a atividade anti-inflamat\u00f3ria em pacientes com doen\u00e7a arterial coron\u00e1ria: um estudo duplo cego, randomizado e controlado por placebo <a href=\"https:\/\/www.pgcardiologiausp.com.br\/wp-content\/uploads\/2024\/12\/pdfjuliano_lara.pdf\" target=\"_blank\" rel=\"noopener noreferrer\">Tese<\/a><\/p>\n<p>03\/07\/2006 Fernando Mendes Sant&#8217;Anna (orient: Expedito Eust\u00e1quio Ribeiro da Silva<br \/>\nTema: Influ\u00eancia da avalia\u00e7\u00e3o rotineira do fluxo fracionado de reserva durante interven\u00e7\u00f5es coron\u00e1rias percut\u00e2neas na estrat\u00e9gia terap\u00eautica <a href=\"https:\/\/www.pgcardiologiausp.com.br\/wp-content\/uploads\/2024\/12\/fernando_mendes.pdf\" target=\"_blank\" rel=\"noopener noreferrer\">Tese<\/a><\/p>\n<p>24\/07\/2006 Lilian Claudia Souza Angelo (orient: Jose Eduardo Krieger)<br \/>\nTema: Massa card\u00edaca e fun\u00e7\u00e3o do ventr\u00edculo esquerdo em amostra da popula\u00e7\u00e3o brasileira: genes candidatos <a href=\"https:\/\/www.pgcardiologiausp.com.br\/wp-content\/uploads\/2024\/12\/lilian_claudia_angelo.pdf\" target=\"_blank\" rel=\"noopener noreferrer\">Tese<\/a><\/p>\n<p>21\/08\/2006 Irineu Luiz Maia (orient: Jos\u00e9 Carlos Nicolau)<br \/>\nTema: An\u00e1lise da preval\u00eancia de chlamydia pneumoniae e mycoplasma pneumoniae em diferentes formas de apresenta\u00e7\u00e3o da doen\u00e7a coron\u00e1ria obstrutiva.<\/p>\n<p>22\/08\/2006 Joalbo Matos de Andrade (orient: Carlos Eduardo Rochitte)<br \/>\nTema: Estudo de perfus\u00e3o e viabilidade mioc\u00e1rdicas por resson\u00e2ncia magn\u00e9tica em pacientes com doen\u00e7a renal cr\u00f4nica candidatos a transplante renal. <a href=\"https:\/\/www.pgcardiologiausp.com.br\/wp-content\/uploads\/2024\/12\/joalbo.pdf\" target=\"_blank\" rel=\"noopener noreferrer\">Tese<\/a><\/p>\n<p>22\/11\/2006 Ana Cristina Magalh\u00e3es Andrade (orient: Prot\u00e1sio Lemos da Luz)<br \/>\nTema: A\u00e7\u00e3o do vinho tinto sobre o sistema nervoso simp\u00e1tico e fun\u00e7\u00e3o endotelial em pacientes hipertensos e hipercolesterol\u00eamicos <a href=\"https:\/\/www.pgcardiologiausp.com.br\/wp-content\/uploads\/2024\/12\/ana_cristina_magalhes.pdf\" target=\"_blank\" rel=\"noopener noreferrer\">Tese<\/a><\/p>\n<p>04\/12\/2006 Fernando Augusto Alves da Costa (orient: Whady Armindo Hueb)<br \/>\nTema: Estudo comparativo entre grupos de pacientes diab\u00e9ticos e n\u00e3o diab\u00e9ticos portadores de doen\u00e7a arterial coron\u00e1ria que receberam tratamento cl\u00ednico, cir\u00fargico ou atrav\u00e9s da angioplastia. Seguimento cl\u00ednico em longo prazo <a href=\"https:\/\/www.pgcardiologiausp.com.br\/wp-content\/uploads\/2024\/12\/fernando_augusto.pdf\" target=\"_blank\" rel=\"noopener noreferrer\">Tese<\/a><\/p>\n<p>11\/12\/2006 Magda Maya Atala (orient:Fernanda Consolim Colombo)<br \/>\nTema: Influ\u00eancia dos polimorfismos do gene do receptor adren\u00e9rgico \u00e22 na regula\u00e7\u00e3o cardiovascular de jovens normotensos. <a href=\"https:\/\/www.pgcardiologiausp.com.br\/wp-content\/uploads\/2024\/12\/magda_maya.pdf\" target=\"_blank\" rel=\"noopener noreferrer\">Tese<\/a><\/p>\n<p>12\/12\/2006 Ricardo Sim\u00f5es Neves (orient: Max Grinberg)<br \/>\nTema: Estudo de par\u00e2metros eletrocardiogr\u00e1ficos e de press\u00e3o arterial durante procedimento odontol\u00f3gico restaurador sob anestesia local com e sem vasoconstritor em portadores de doen\u00e7a arterial coron\u00e1ria <a href=\"https:\/\/www.pgcardiologiausp.com.br\/wp-content\/uploads\/2024\/12\/ricardo_simes.pdf\" target=\"_blank\" rel=\"noopener noreferrer\">Tese<\/a><\/p>\n<p>13\/12\/2006 Maria Cristina Donadio Abduch (orient: Vera Demarchi Aiello)<br \/>\nTema: Avalia\u00e7\u00e3o dos mecanismos adaptativos do mioc\u00e1rdio durante sobrecarga de press\u00e3o induzida com o uso de bandagem do tronco pulmonar: participa\u00e7\u00e3o da prolifera\u00e7\u00e3o celular <a href=\"https:\/\/www.pgcardiologiausp.com.br\/wp-content\/uploads\/2024\/12\/maria_cristina_abduch.pdf\" target=\"_blank\" rel=\"noopener noreferrer\">Tese<\/a> <a href=\"http:\/\/www.ncbi.nlm.nih.gov\/pubmed\/24652090\" target=\"_blank\" rel=\"noopener\"><br \/>\n<\/a><\/p>\n<p>14\/12\/2006 Rosemeire Aparecida Silva (orient: Jorge Elias kalil Filho)<br \/>\nTema: Identifica\u00e7\u00e3o de novos fatores moleculares na patog\u00eanese da aterosclerose<\/p>\n","protected":false},"excerpt":{"rendered":"<p>Disculpa, pero esta entrada est\u00e1 disponible s\u00f3lo en Portugu\u00eas. 2006 13\/01\/2006 Fernando de Martino (orient: Whady Armindo Hueb) Tema: Estudo comparativo entre grupos de pacientes diab\u00e9ticos<span class=\"excerpt-hellip\"> [\u2026]<\/span><\/p>\n","protected":false},"author":1,"featured_media":112,"parent":155,"menu_order":0,"comment_status":"closed","ping_status":"closed","template":"","meta":{"footnotes":""},"class_list":["post-1282","page","type-page","status-publish","has-post-thumbnail","hentry"],"yoast_head":"<!-- This site is optimized with the Yoast SEO plugin v25.8 - https:\/\/yoast.com\/wordpress\/plugins\/seo\/ -->\n<title>Postgrados y Tesis 2006 - P\u00f3s-Gradua\u00e7\u00e3o em Cardiologia FMUSP<\/title>\n<meta name=\"robots\" content=\"index, follow, max-snippet:-1, max-image-preview:large, max-video-preview:-1\" \/>\n<link rel=\"canonical\" href=\"https:\/\/www.pgcardiologiausp.com.br\/o-programa\/egressos\/egressos-e-teses-2006\/\" \/>\n<meta property=\"og:locale\" content=\"es_ES\" \/>\n<meta property=\"og:type\" content=\"article\" \/>\n<meta property=\"og:title\" content=\"Postgrados y Tesis 2006 - P\u00f3s-Gradua\u00e7\u00e3o em Cardiologia FMUSP\" \/>\n<meta property=\"og:description\" content=\"Disculpa, pero esta entrada est\u00e1 disponible s\u00f3lo en Portugu\u00eas. 2006 13\/01\/2006 Fernando de Martino (orient: Whady Armindo Hueb) Tema: Estudo comparativo entre grupos de pacientes diab\u00e9ticos [\u2026]\" \/>\n<meta property=\"og:url\" content=\"https:\/\/www.pgcardiologiausp.com.br\/o-programa\/egressos\/egressos-e-teses-2006\/\" \/>\n<meta property=\"og:site_name\" content=\"P\u00f3s-Gradua\u00e7\u00e3o em Cardiologia FMUSP\" \/>\n<meta property=\"article:modified_time\" content=\"2024-12-29T03:22:20+00:00\" \/>\n<meta property=\"og:image\" content=\"https:\/\/www.pgcardiologiausp.com.br\/wp-content\/uploads\/2024\/12\/bgheader_pgcardio_v1.2.jpg\" \/>\n\t<meta property=\"og:image:width\" content=\"1920\" \/>\n\t<meta property=\"og:image:height\" content=\"800\" \/>\n\t<meta property=\"og:image:type\" content=\"image\/jpeg\" \/>\n<meta name=\"twitter:card\" content=\"summary_large_image\" \/>\n<script type=\"application\/ld+json\" class=\"yoast-schema-graph\">{\"@context\":\"https:\/\/schema.org\",\"@graph\":[{\"@type\":\"WebPage\",\"@id\":\"https:\/\/www.pgcardiologiausp.com.br\/o-programa\/egressos\/egressos-e-teses-2006\/\",\"url\":\"https:\/\/www.pgcardiologiausp.com.br\/o-programa\/egressos\/egressos-e-teses-2006\/\",\"name\":\"Postgrados y Tesis 2006 - P\u00f3s-Gradua\u00e7\u00e3o em Cardiologia FMUSP\",\"isPartOf\":{\"@id\":\"https:\/\/www.pgcardiologiausp.com.br\/#website\"},\"primaryImageOfPage\":{\"@id\":\"https:\/\/www.pgcardiologiausp.com.br\/o-programa\/egressos\/egressos-e-teses-2006\/#primaryimage\"},\"image\":{\"@id\":\"https:\/\/www.pgcardiologiausp.com.br\/o-programa\/egressos\/egressos-e-teses-2006\/#primaryimage\"},\"thumbnailUrl\":\"https:\/\/www.pgcardiologiausp.com.br\/wp-content\/uploads\/2024\/12\/bgheader_pgcardio_v1.2.jpg\",\"datePublished\":\"2024-12-23T14:48:29+00:00\",\"dateModified\":\"2024-12-29T03:22:20+00:00\",\"breadcrumb\":{\"@id\":\"https:\/\/www.pgcardiologiausp.com.br\/o-programa\/egressos\/egressos-e-teses-2006\/#breadcrumb\"},\"inLanguage\":\"es\",\"potentialAction\":[{\"@type\":\"ReadAction\",\"target\":[\"https:\/\/www.pgcardiologiausp.com.br\/o-programa\/egressos\/egressos-e-teses-2006\/\"]}]},{\"@type\":\"ImageObject\",\"inLanguage\":\"es\",\"@id\":\"https:\/\/www.pgcardiologiausp.com.br\/o-programa\/egressos\/egressos-e-teses-2006\/#primaryimage\",\"url\":\"https:\/\/www.pgcardiologiausp.com.br\/wp-content\/uploads\/2024\/12\/bgheader_pgcardio_v1.2.jpg\",\"contentUrl\":\"https:\/\/www.pgcardiologiausp.com.br\/wp-content\/uploads\/2024\/12\/bgheader_pgcardio_v1.2.jpg\",\"width\":1920,\"height\":800},{\"@type\":\"BreadcrumbList\",\"@id\":\"https:\/\/www.pgcardiologiausp.com.br\/o-programa\/egressos\/egressos-e-teses-2006\/#breadcrumb\",\"itemListElement\":[{\"@type\":\"ListItem\",\"position\":1,\"name\":\"Home\",\"item\":\"https:\/\/www.pgcardiologiausp.com.br\/\"},{\"@type\":\"ListItem\",\"position\":2,\"name\":\"O Programa\",\"item\":\"https:\/\/www.pgcardiologiausp.com.br\/o-programa\/\"},{\"@type\":\"ListItem\",\"position\":3,\"name\":\"Egressos e teses\",\"item\":\"https:\/\/www.pgcardiologiausp.com.br\/o-programa\/egressos\/\"},{\"@type\":\"ListItem\",\"position\":4,\"name\":\"Egressos e Teses 2006\"}]},{\"@type\":\"WebSite\",\"@id\":\"https:\/\/www.pgcardiologiausp.com.br\/#website\",\"url\":\"https:\/\/www.pgcardiologiausp.com.br\/\",\"name\":\"P\u00f3s-Gradua\u00e7\u00e3o em Cardiologia FMUSP\",\"description\":\"\",\"publisher\":{\"@id\":\"https:\/\/www.pgcardiologiausp.com.br\/#organization\"},\"potentialAction\":[{\"@type\":\"SearchAction\",\"target\":{\"@type\":\"EntryPoint\",\"urlTemplate\":\"https:\/\/www.pgcardiologiausp.com.br\/?s={search_term_string}\"},\"query-input\":{\"@type\":\"PropertyValueSpecification\",\"valueRequired\":true,\"valueName\":\"search_term_string\"}}],\"inLanguage\":\"es\"},{\"@type\":\"Organization\",\"@id\":\"https:\/\/www.pgcardiologiausp.com.br\/#organization\",\"name\":\"P\u00f3s-Gradua\u00e7\u00e3o em Cardiologia FMUSP\",\"url\":\"https:\/\/www.pgcardiologiausp.com.br\/\",\"logo\":{\"@type\":\"ImageObject\",\"inLanguage\":\"es\",\"@id\":\"https:\/\/www.pgcardiologiausp.com.br\/#\/schema\/logo\/image\/\",\"url\":\"https:\/\/www.pgcardiologiausp.com.br\/wp-content\/uploads\/2024\/12\/pg_cardio_usp-logo-v1-clearbg-500x341-1.png\",\"contentUrl\":\"https:\/\/www.pgcardiologiausp.com.br\/wp-content\/uploads\/2024\/12\/pg_cardio_usp-logo-v1-clearbg-500x341-1.png\",\"width\":500,\"height\":177,\"caption\":\"P\u00f3s-Gradua\u00e7\u00e3o em Cardiologia FMUSP\"},\"image\":{\"@id\":\"https:\/\/www.pgcardiologiausp.com.br\/#\/schema\/logo\/image\/\"}}]}<\/script>\n<!-- \/ Yoast SEO plugin. -->","yoast_head_json":{"title":"Postgrados y Tesis 2006 - P\u00f3s-Gradua\u00e7\u00e3o em Cardiologia FMUSP","robots":{"index":"index","follow":"follow","max-snippet":"max-snippet:-1","max-image-preview":"max-image-preview:large","max-video-preview":"max-video-preview:-1"},"canonical":"https:\/\/www.pgcardiologiausp.com.br\/o-programa\/egressos\/egressos-e-teses-2006\/","og_locale":"es_ES","og_type":"article","og_title":"Postgrados y Tesis 2006 - P\u00f3s-Gradua\u00e7\u00e3o em Cardiologia FMUSP","og_description":"Disculpa, pero esta entrada est\u00e1 disponible s\u00f3lo en Portugu\u00eas. 2006 13\/01\/2006 Fernando de Martino (orient: Whady Armindo Hueb) Tema: Estudo comparativo entre grupos de pacientes diab\u00e9ticos [\u2026]","og_url":"https:\/\/www.pgcardiologiausp.com.br\/o-programa\/egressos\/egressos-e-teses-2006\/","og_site_name":"P\u00f3s-Gradua\u00e7\u00e3o em Cardiologia FMUSP","article_modified_time":"2024-12-29T03:22:20+00:00","og_image":[{"width":1920,"height":800,"url":"https:\/\/www.pgcardiologiausp.com.br\/wp-content\/uploads\/2024\/12\/bgheader_pgcardio_v1.2.jpg","type":"image\/jpeg"}],"twitter_card":"summary_large_image","schema":{"@context":"https:\/\/schema.org","@graph":[{"@type":"WebPage","@id":"https:\/\/www.pgcardiologiausp.com.br\/o-programa\/egressos\/egressos-e-teses-2006\/","url":"https:\/\/www.pgcardiologiausp.com.br\/o-programa\/egressos\/egressos-e-teses-2006\/","name":"Postgrados y Tesis 2006 - P\u00f3s-Gradua\u00e7\u00e3o em Cardiologia FMUSP","isPartOf":{"@id":"https:\/\/www.pgcardiologiausp.com.br\/#website"},"primaryImageOfPage":{"@id":"https:\/\/www.pgcardiologiausp.com.br\/o-programa\/egressos\/egressos-e-teses-2006\/#primaryimage"},"image":{"@id":"https:\/\/www.pgcardiologiausp.com.br\/o-programa\/egressos\/egressos-e-teses-2006\/#primaryimage"},"thumbnailUrl":"https:\/\/www.pgcardiologiausp.com.br\/wp-content\/uploads\/2024\/12\/bgheader_pgcardio_v1.2.jpg","datePublished":"2024-12-23T14:48:29+00:00","dateModified":"2024-12-29T03:22:20+00:00","breadcrumb":{"@id":"https:\/\/www.pgcardiologiausp.com.br\/o-programa\/egressos\/egressos-e-teses-2006\/#breadcrumb"},"inLanguage":"es","potentialAction":[{"@type":"ReadAction","target":["https:\/\/www.pgcardiologiausp.com.br\/o-programa\/egressos\/egressos-e-teses-2006\/"]}]},{"@type":"ImageObject","inLanguage":"es","@id":"https:\/\/www.pgcardiologiausp.com.br\/o-programa\/egressos\/egressos-e-teses-2006\/#primaryimage","url":"https:\/\/www.pgcardiologiausp.com.br\/wp-content\/uploads\/2024\/12\/bgheader_pgcardio_v1.2.jpg","contentUrl":"https:\/\/www.pgcardiologiausp.com.br\/wp-content\/uploads\/2024\/12\/bgheader_pgcardio_v1.2.jpg","width":1920,"height":800},{"@type":"BreadcrumbList","@id":"https:\/\/www.pgcardiologiausp.com.br\/o-programa\/egressos\/egressos-e-teses-2006\/#breadcrumb","itemListElement":[{"@type":"ListItem","position":1,"name":"Home","item":"https:\/\/www.pgcardiologiausp.com.br\/"},{"@type":"ListItem","position":2,"name":"O Programa","item":"https:\/\/www.pgcardiologiausp.com.br\/o-programa\/"},{"@type":"ListItem","position":3,"name":"Egressos e teses","item":"https:\/\/www.pgcardiologiausp.com.br\/o-programa\/egressos\/"},{"@type":"ListItem","position":4,"name":"Egressos e Teses 2006"}]},{"@type":"WebSite","@id":"https:\/\/www.pgcardiologiausp.com.br\/#website","url":"https:\/\/www.pgcardiologiausp.com.br\/","name":"P\u00f3s-Gradua\u00e7\u00e3o em Cardiologia FMUSP","description":"","publisher":{"@id":"https:\/\/www.pgcardiologiausp.com.br\/#organization"},"potentialAction":[{"@type":"SearchAction","target":{"@type":"EntryPoint","urlTemplate":"https:\/\/www.pgcardiologiausp.com.br\/?s={search_term_string}"},"query-input":{"@type":"PropertyValueSpecification","valueRequired":true,"valueName":"search_term_string"}}],"inLanguage":"es"},{"@type":"Organization","@id":"https:\/\/www.pgcardiologiausp.com.br\/#organization","name":"P\u00f3s-Gradua\u00e7\u00e3o em Cardiologia FMUSP","url":"https:\/\/www.pgcardiologiausp.com.br\/","logo":{"@type":"ImageObject","inLanguage":"es","@id":"https:\/\/www.pgcardiologiausp.com.br\/#\/schema\/logo\/image\/","url":"https:\/\/www.pgcardiologiausp.com.br\/wp-content\/uploads\/2024\/12\/pg_cardio_usp-logo-v1-clearbg-500x341-1.png","contentUrl":"https:\/\/www.pgcardiologiausp.com.br\/wp-content\/uploads\/2024\/12\/pg_cardio_usp-logo-v1-clearbg-500x341-1.png","width":500,"height":177,"caption":"P\u00f3s-Gradua\u00e7\u00e3o em Cardiologia FMUSP"},"image":{"@id":"https:\/\/www.pgcardiologiausp.com.br\/#\/schema\/logo\/image\/"}}]}},"_links":{"self":[{"href":"https:\/\/www.pgcardiologiausp.com.br\/es\/wp-json\/wp\/v2\/pages\/1282","targetHints":{"allow":["GET"]}}],"collection":[{"href":"https:\/\/www.pgcardiologiausp.com.br\/es\/wp-json\/wp\/v2\/pages"}],"about":[{"href":"https:\/\/www.pgcardiologiausp.com.br\/es\/wp-json\/wp\/v2\/types\/page"}],"author":[{"embeddable":true,"href":"https:\/\/www.pgcardiologiausp.com.br\/es\/wp-json\/wp\/v2\/users\/1"}],"replies":[{"embeddable":true,"href":"https:\/\/www.pgcardiologiausp.com.br\/es\/wp-json\/wp\/v2\/comments?post=1282"}],"version-history":[{"count":3,"href":"https:\/\/www.pgcardiologiausp.com.br\/es\/wp-json\/wp\/v2\/pages\/1282\/revisions"}],"predecessor-version":[{"id":1405,"href":"https:\/\/www.pgcardiologiausp.com.br\/es\/wp-json\/wp\/v2\/pages\/1282\/revisions\/1405"}],"up":[{"embeddable":true,"href":"https:\/\/www.pgcardiologiausp.com.br\/es\/wp-json\/wp\/v2\/pages\/155"}],"wp:featuredmedia":[{"embeddable":true,"href":"https:\/\/www.pgcardiologiausp.com.br\/es\/wp-json\/wp\/v2\/media\/112"}],"wp:attachment":[{"href":"https:\/\/www.pgcardiologiausp.com.br\/es\/wp-json\/wp\/v2\/media?parent=1282"}],"curies":[{"name":"wp","href":"https:\/\/api.w.org\/{rel}","templated":true}]}}