{"id":1303,"date":"2024-12-23T11:55:11","date_gmt":"2024-12-23T14:55:11","guid":{"rendered":"https:\/\/www.pgcardiologiausp.com.br\/?page_id=1303"},"modified":"2024-12-29T00:22:02","modified_gmt":"2024-12-29T03:22:02","slug":"egressos-e-teses-2005","status":"publish","type":"page","link":"https:\/\/www.pgcardiologiausp.com.br\/es\/o-programa\/egressos\/egressos-e-teses-2005\/","title":{"rendered":"Postgrados y Tesis 2005"},"content":{"rendered":"<p class=\"qtranxs-available-languages-message qtranxs-available-languages-message-es\">Disculpa, pero esta entrada est\u00e1 disponible s\u00f3lo en <a href=\"https:\/\/www.pgcardiologiausp.com.br\/pb\/wp-json\/wp\/v2\/pages\/1303\" class=\"qtranxs-available-language-link qtranxs-available-language-link-pb\" title=\"Portugu\u00eas\">Portugu\u00eas<\/a>.<\/p>\n<h3>2005<\/h3>\n<p>19\/01\/2005 Abrah\u00e3o Afiune Neto (orient: Antonio de P\u00e1dua Mansur)<br \/>\nTema: Leucocitose e monocitose s\u00e3o marcadores de risco para doen\u00e7a arterial coron\u00e1ria <a href=\"https:\/\/www.pgcardiologiausp.com.br\/wp-content\/uploads\/2024\/12\/abrahao_afiune.pdf\" target=\"_blank\" rel=\"noopener noreferrer\">Tese<\/a><\/p>\n<p>21\/02\/2005 Sissy Lara Melo (orient: Eduardo Argentino Sosa)<br \/>\nTema: Abla\u00e7\u00e3o do istmo cavo-tricusp\u00eddeo para controle do flutter atrial: estudo prospectivo e randomizado comparando efic\u00e1cia e seguran\u00e7a de cateter irrigado com cateter de 8 mm.<a href=\"https:\/\/www.pgcardiologiausp.com.br\/wp-content\/uploads\/2024\/12\/sissy.pdf\" target=\"_blank\" rel=\"noopener noreferrer\">Tese<\/a><\/p>\n<p>22\/02\/2005 Jos\u00e9 Ramon Lanza Luces (orient: Jos\u00e9 Eduardo Krieger)<br \/>\nTema: Influ\u00eancia das Variantes Gen\u00e9ticas Funcionais do Sistema Renina-Angiotensina na Doen\u00e7a Arterial Coron\u00e1ria. <a href=\"https:\/\/www.pgcardiologiausp.com.br\/wp-content\/uploads\/2024\/12\/jose_ramon.pdf\" target=\"_blank\" rel=\"noopener noreferrer\">Tese<\/a><\/p>\n<p>28\/03\/2005 Epotamenides Maria Good Gody (orient: Antonio Carlos Pereira Barretto)<br \/>\nTema: Avalia\u00e7\u00e3o da influ\u00eancia da inclus\u00e3o da amiodarona na ocorr\u00eancia de arritmias ventriculares em pacientes com insufici\u00eancia card\u00edaca congestiva sob tratamento cl\u00ednico otimizado <a href=\"https:\/\/www.pgcardiologiausp.com.br\/wp-content\/uploads\/2024\/12\/epotamenides_maria_good_god.pdf\" target=\"_blank\" rel=\"noopener noreferrer\">Tese<\/a><\/p>\n<p>02\/05\/2005 Maria Sanali Moura de Oliveira (orient: Carlos Vicente Serrano Junior)<br \/>\nTema: Diferen\u00e7as na resposta inflamat\u00f3ria a implante eletivo de stent coron\u00e1rio entre pacientes com e sem diabetes <a href=\"https:\/\/www.pgcardiologiausp.com.br\/wp-content\/uploads\/2024\/12\/maria_sanali_moura.pdf\" target=\"_blank\" rel=\"noopener noreferrer\">Tese<\/a><\/p>\n<p>02\/05\/2005 Fernando Stuchi Devito (orient: Jose Eduardo Moraes Rego Sousa<br \/>\nTema: An\u00e1lise comparativa da hiperplasia intimal ap\u00f3s o implante de stents com e sem sirolimus em art\u00e9rias coron\u00e1rias de pequeno calibre <a href=\"https:\/\/www.pgcardiologiausp.com.br\/wp-content\/uploads\/2024\/12\/fernando_stuchi.pdf\" target=\"_blank\" rel=\"noopener noreferrer\">Tese<\/a><\/p>\n<p>30\/05\/2005 F\u00e1bio Gazelato de Mello Franco (orient: Antonio Carlos Pereira Barretto)<br \/>\nTema: Efeito do treinamento f\u00edsico n\u00e3o-supervisionado na qualidade de vida, capacidade f\u00edsica e controle neurovascular em pacientes com insufici\u00eancia card\u00edaca <a href=\"https:\/\/www.pgcardiologiausp.com.br\/wp-content\/uploads\/2024\/12\/fabio_gazelato.pdf\" target=\"_blank\" rel=\"noopener noreferrer\">Tese<\/a><\/p>\n<p>13\/06\/2005 Fernando Ganem (orient: Carlos Vicente Serrano Junior)<br \/>\nTema: Import\u00e2ncia dos n\u00edveis do fator natriur\u00e9tico tipo B e de marcadores inflamat\u00f3rios em pacientes com cardiomiopatia isqu\u00eamica submetidos \u00e0 revasculariza\u00e7\u00e3o mioc\u00e1rdica cir\u00fargica: correla\u00e7\u00e3o com a evolu\u00e7\u00e3o e progn\u00f3stico imediato <a href=\"https:\/\/www.pgcardiologiausp.com.br\/wp-content\/uploads\/2024\/12\/fernando_ganem.pdf\" target=\"_blank\" rel=\"noopener noreferrer\">Tese<\/a><\/p>\n<p>27\/06\/2005 J\u00falio C\u00e9sar Ronconi (orient: Paulo Jorge Moffa)<br \/>\nTema: Estudo comparativo de diferentes m\u00e9todos eletrocardiogr\u00e1ficos de diagn\u00f3stico de hipertrofia ventricular esquerda e sua associa\u00e7\u00e3o com caracter\u00edsticas anat\u00f4micas e histol\u00f3gicas do cora\u00e7\u00e3o <a href=\"https:\/\/www.pgcardiologiausp.com.br\/wp-content\/uploads\/2024\/12\/julio_csar_ronconi.pdf\" target=\"_blank\" rel=\"noopener noreferrer\">Tese<\/a><\/p>\n<p>29\/06\/2005 Altamiro Filho Os\u00f3rio (orient: Wilson Mathias Junior)<br \/>\nTema: Avalia\u00e7\u00e3o das reservas de fluxo coronariano e mioc\u00e1rdico pela ecocardiografia com Doppler e com contraste no territ\u00f3rio da art\u00e9ria descendente anterior <a href=\"https:\/\/www.pgcardiologiausp.com.br\/wp-content\/uploads\/2024\/12\/altamiro_filho.pdf\" target=\"_blank\" rel=\"noopener noreferrer\">Tese<\/a><\/p>\n<p>08\/07\/2005 Maria Luciana Zacarias Hannouche da Trindade (orient: Wilson Mathias Junior)<br \/>\nTema: Determina\u00e7\u00e3o do tamanho e extens\u00e3o do infarto agudo do mioc\u00e1rdio pela ecocardiografia com perfus\u00e3o em tempo real em seres humanos: compara\u00e7\u00e3o com a resson\u00e2ncia magn\u00e9tica <a href=\"https:\/\/www.pgcardiologiausp.com.br\/wp-content\/uploads\/2024\/12\/maria_luciana_trindade.pdf\" target=\"_blank\" rel=\"noopener noreferrer\">Tese<\/a><\/p>\n<p>11\/07\/2005 Marco Aur\u00e9lio Santos Cordeiro (orient:Carlos Eduardo Rochitte)<br \/>\nTema: Angiografia coron\u00e1ria n\u00e3o-invasiva por meio de tomografia computadorizada: determina\u00e7\u00e3o da acur\u00e1cia de sistema isotr\u00f3pico com 32 colunas de detectores em pacientes com doen\u00e7a arterial coronariana avan\u00e7ada <a href=\"https:\/\/www.pgcardiologiausp.com.br\/wp-content\/uploads\/2024\/12\/marco_aurlio_santos_cordeiro.pdf\" target=\"_blank\" rel=\"noopener noreferrer\">Tese<\/a><\/p>\n<p>28\/07\/2005 Roberto Chaves Castro (orient: Max Grienberg)<br \/>\nTema: Circula\u00e7\u00e3o perif\u00e9rica em pacientes com insufici\u00eancia a\u00f3rtica cr\u00f4nica e indica\u00e7\u00e3o de troca valvar <a href=\"https:\/\/www.pgcardiologiausp.com.br\/wp-content\/uploads\/2024\/12\/roberto_chaves.pdf\" target=\"_blank\" rel=\"noopener noreferrer\">Tese<\/a><\/p>\n<p>18\/08\/2005 Walter Antonio Melchior (orient: Eduardo Moacyr Krieger)<br \/>\nTema: Import\u00e2ncia do \u00edndice de \u00e1rea hiperb\u00e1rica obtido pela monitoriza\u00e7\u00e3o ambulatorial da press\u00e3o arterial (MAPA) e sua rela\u00e7\u00e3o com altera\u00e7\u00f5es card\u00edacas, anat\u00f4micas e funcionais <a href=\"https:\/\/www.pgcardiologiausp.com.br\/wp-content\/uploads\/2024\/12\/walter_antonio_melchior.pdf\" target=\"_blank\" rel=\"noopener noreferrer\">Tese<\/a><\/p>\n<p>19\/08\/2005 Marcos Val\u00e9rio Coimbra de Resende (orient: Edimar Alcides Bocchi)<br \/>\nTema: Diagn\u00f3stico de rejei\u00e7\u00e3o card\u00edaca celular em pacientes transplantados: utilidade do estudo regional da fun\u00e7\u00e3o card\u00edaca com Doppler tecidual <a href=\"https:\/\/www.pgcardiologiausp.com.br\/wp-content\/uploads\/2024\/12\/marcos_valerio_coimbra.pdf\" target=\"_blank\" rel=\"noopener noreferrer\">Tese<\/a><\/p>\n<p>22\/08\/2005 L\u00eddia Ana Zytynski Moura (orient: Edimar Alcides Bocchi)<br \/>\nTema: Modula\u00e7\u00e3o do quimioreflexo por hip\u00f3xia e hipercapnia durante exerc\u00edcio subm\u00e1ximo na insufici\u00eancia card\u00edaca <a href=\"https:\/\/www.pgcardiologiausp.com.br\/wp-content\/uploads\/2024\/12\/ldia_moura.pdf\" target=\"_blank\" rel=\"noopener noreferrer\">Tese<\/a><\/p>\n<p>23\/08\/2005 Ingrid kowatschi (orient: Wilson Mathias Junior)<br \/>\nTema: Acur\u00e1cia diagn\u00f3stica da ecocardiografia sob estresse associada ao estudo da perfus\u00e3o mioc\u00e1rdica com contraste na avalia\u00e7\u00e3o da isquemia mioc\u00e1rdica: estudo comparativo entre adenosina e dobutamina.<a href=\"https:\/\/www.pgcardiologiausp.com.br\/wp-content\/uploads\/2024\/12\/ingrid_kowatsch.pdf\" target=\"_blank\" rel=\"noopener noreferrer\">Tese<\/a><\/p>\n<p>23\/09\/2005 Aloir Queiroz de Ara\u00fajo Sobrinho (orient:Edmundo Arteaga Fernandez)<br \/>\nTema: Efeito do antagonismo de angiotensina II em pacientes portadores de cardiomiopatia hipertr\u00f3fica n\u00e3o obstrutiva <a href=\"https:\/\/www.pgcardiologiausp.com.br\/wp-content\/uploads\/2024\/12\/aloir_queiroz_de_araujo.pdf\" target=\"_blank\" rel=\"noopener noreferrer\">Tese<\/a><\/p>\n<p>09\/11\/2005 Antonio Carlos Avanza Junior (orient: Jos\u00e9 Antonio Franchini Ramires)<br \/>\nTema: Influ\u00eancia do sistema renina angiotensina na redu\u00e7\u00e3o da hipertrofia de ventr\u00edculo esquerdo em indiv\u00edduos hiperreatores <a href=\"https:\/\/www.pgcardiologiausp.com.br\/wp-content\/uploads\/2024\/12\/antonio_carlos_avanza.pdf\" target=\"_blank\" rel=\"noopener noreferrer\">Tese<\/a><\/p>\n<p>21\/11\/2005 Marcelo Ferraz Sampaio (orient:Michel Batlouni)<br \/>\nTema: Fun\u00e7\u00e3o endotelial em adultos jovens com infarto do mioc\u00e1rdio. Influ\u00eancias ambientais e gen\u00e9ticas <a href=\"https:\/\/www.pgcardiologiausp.com.br\/wp-content\/uploads\/2024\/12\/marcelo_ferraz_sampaio.pdf\" target=\"_blank\" rel=\"noopener noreferrer\">Tese<\/a><\/p>\n<p>22\/11\/2005 Luciana Savoy Fornari (orient: Bruno Caramelli)<br \/>\nTema: Fibrila\u00e7\u00e3o atrial e tratamento antitromb\u00f3tico em pacientes atendidos em hospital especializado em cardiologia no Brasil <a href=\"https:\/\/www.pgcardiologiausp.com.br\/wp-content\/uploads\/2024\/12\/luciana_savoy_fornari.pdf\" target=\"_blank\" rel=\"noopener noreferrer\">Tese<\/a><\/p>\n","protected":false},"excerpt":{"rendered":"<p>Disculpa, pero esta entrada est\u00e1 disponible s\u00f3lo en Portugu\u00eas. 2005 19\/01\/2005 Abrah\u00e3o Afiune Neto (orient: Antonio de P\u00e1dua Mansur) Tema: Leucocitose e monocitose s\u00e3o marcadores de<span class=\"excerpt-hellip\"> [\u2026]<\/span><\/p>\n","protected":false},"author":1,"featured_media":112,"parent":155,"menu_order":0,"comment_status":"closed","ping_status":"closed","template":"","meta":{"footnotes":""},"class_list":["post-1303","page","type-page","status-publish","has-post-thumbnail","hentry"],"yoast_head":"<!-- This site is optimized with the Yoast SEO plugin v25.8 - https:\/\/yoast.com\/wordpress\/plugins\/seo\/ -->\n<title>Postgrados y Tesis 2005 - P\u00f3s-Gradua\u00e7\u00e3o em Cardiologia FMUSP<\/title>\n<meta name=\"robots\" content=\"index, follow, max-snippet:-1, max-image-preview:large, max-video-preview:-1\" \/>\n<link rel=\"canonical\" href=\"https:\/\/www.pgcardiologiausp.com.br\/o-programa\/egressos\/egressos-e-teses-2005\/\" \/>\n<meta property=\"og:locale\" content=\"es_ES\" \/>\n<meta property=\"og:type\" content=\"article\" \/>\n<meta property=\"og:title\" content=\"Postgrados y Tesis 2005 - P\u00f3s-Gradua\u00e7\u00e3o em Cardiologia FMUSP\" \/>\n<meta property=\"og:description\" content=\"Disculpa, pero esta entrada est\u00e1 disponible s\u00f3lo en Portugu\u00eas. 2005 19\/01\/2005 Abrah\u00e3o Afiune Neto (orient: Antonio de P\u00e1dua Mansur) Tema: Leucocitose e monocitose s\u00e3o marcadores de [\u2026]\" \/>\n<meta property=\"og:url\" content=\"https:\/\/www.pgcardiologiausp.com.br\/o-programa\/egressos\/egressos-e-teses-2005\/\" \/>\n<meta property=\"og:site_name\" content=\"P\u00f3s-Gradua\u00e7\u00e3o em Cardiologia FMUSP\" \/>\n<meta property=\"article:modified_time\" content=\"2024-12-29T03:22:02+00:00\" \/>\n<meta property=\"og:image\" content=\"https:\/\/www.pgcardiologiausp.com.br\/wp-content\/uploads\/2024\/12\/bgheader_pgcardio_v1.2.jpg\" \/>\n\t<meta property=\"og:image:width\" content=\"1920\" \/>\n\t<meta property=\"og:image:height\" content=\"800\" \/>\n\t<meta property=\"og:image:type\" content=\"image\/jpeg\" \/>\n<meta name=\"twitter:card\" content=\"summary_large_image\" \/>\n<script type=\"application\/ld+json\" class=\"yoast-schema-graph\">{\"@context\":\"https:\/\/schema.org\",\"@graph\":[{\"@type\":\"WebPage\",\"@id\":\"https:\/\/www.pgcardiologiausp.com.br\/o-programa\/egressos\/egressos-e-teses-2005\/\",\"url\":\"https:\/\/www.pgcardiologiausp.com.br\/o-programa\/egressos\/egressos-e-teses-2005\/\",\"name\":\"Postgrados y Tesis 2005 - P\u00f3s-Gradua\u00e7\u00e3o em Cardiologia FMUSP\",\"isPartOf\":{\"@id\":\"https:\/\/www.pgcardiologiausp.com.br\/#website\"},\"primaryImageOfPage\":{\"@id\":\"https:\/\/www.pgcardiologiausp.com.br\/o-programa\/egressos\/egressos-e-teses-2005\/#primaryimage\"},\"image\":{\"@id\":\"https:\/\/www.pgcardiologiausp.com.br\/o-programa\/egressos\/egressos-e-teses-2005\/#primaryimage\"},\"thumbnailUrl\":\"https:\/\/www.pgcardiologiausp.com.br\/wp-content\/uploads\/2024\/12\/bgheader_pgcardio_v1.2.jpg\",\"datePublished\":\"2024-12-23T14:55:11+00:00\",\"dateModified\":\"2024-12-29T03:22:02+00:00\",\"breadcrumb\":{\"@id\":\"https:\/\/www.pgcardiologiausp.com.br\/o-programa\/egressos\/egressos-e-teses-2005\/#breadcrumb\"},\"inLanguage\":\"es\",\"potentialAction\":[{\"@type\":\"ReadAction\",\"target\":[\"https:\/\/www.pgcardiologiausp.com.br\/o-programa\/egressos\/egressos-e-teses-2005\/\"]}]},{\"@type\":\"ImageObject\",\"inLanguage\":\"es\",\"@id\":\"https:\/\/www.pgcardiologiausp.com.br\/o-programa\/egressos\/egressos-e-teses-2005\/#primaryimage\",\"url\":\"https:\/\/www.pgcardiologiausp.com.br\/wp-content\/uploads\/2024\/12\/bgheader_pgcardio_v1.2.jpg\",\"contentUrl\":\"https:\/\/www.pgcardiologiausp.com.br\/wp-content\/uploads\/2024\/12\/bgheader_pgcardio_v1.2.jpg\",\"width\":1920,\"height\":800},{\"@type\":\"BreadcrumbList\",\"@id\":\"https:\/\/www.pgcardiologiausp.com.br\/o-programa\/egressos\/egressos-e-teses-2005\/#breadcrumb\",\"itemListElement\":[{\"@type\":\"ListItem\",\"position\":1,\"name\":\"Home\",\"item\":\"https:\/\/www.pgcardiologiausp.com.br\/\"},{\"@type\":\"ListItem\",\"position\":2,\"name\":\"O Programa\",\"item\":\"https:\/\/www.pgcardiologiausp.com.br\/o-programa\/\"},{\"@type\":\"ListItem\",\"position\":3,\"name\":\"Egressos e teses\",\"item\":\"https:\/\/www.pgcardiologiausp.com.br\/o-programa\/egressos\/\"},{\"@type\":\"ListItem\",\"position\":4,\"name\":\"Egressos e Teses 2005\"}]},{\"@type\":\"WebSite\",\"@id\":\"https:\/\/www.pgcardiologiausp.com.br\/#website\",\"url\":\"https:\/\/www.pgcardiologiausp.com.br\/\",\"name\":\"P\u00f3s-Gradua\u00e7\u00e3o em Cardiologia FMUSP\",\"description\":\"\",\"publisher\":{\"@id\":\"https:\/\/www.pgcardiologiausp.com.br\/#organization\"},\"potentialAction\":[{\"@type\":\"SearchAction\",\"target\":{\"@type\":\"EntryPoint\",\"urlTemplate\":\"https:\/\/www.pgcardiologiausp.com.br\/?s={search_term_string}\"},\"query-input\":{\"@type\":\"PropertyValueSpecification\",\"valueRequired\":true,\"valueName\":\"search_term_string\"}}],\"inLanguage\":\"es\"},{\"@type\":\"Organization\",\"@id\":\"https:\/\/www.pgcardiologiausp.com.br\/#organization\",\"name\":\"P\u00f3s-Gradua\u00e7\u00e3o em Cardiologia FMUSP\",\"url\":\"https:\/\/www.pgcardiologiausp.com.br\/\",\"logo\":{\"@type\":\"ImageObject\",\"inLanguage\":\"es\",\"@id\":\"https:\/\/www.pgcardiologiausp.com.br\/#\/schema\/logo\/image\/\",\"url\":\"https:\/\/www.pgcardiologiausp.com.br\/wp-content\/uploads\/2024\/12\/pg_cardio_usp-logo-v1-clearbg-500x341-1.png\",\"contentUrl\":\"https:\/\/www.pgcardiologiausp.com.br\/wp-content\/uploads\/2024\/12\/pg_cardio_usp-logo-v1-clearbg-500x341-1.png\",\"width\":500,\"height\":177,\"caption\":\"P\u00f3s-Gradua\u00e7\u00e3o em Cardiologia FMUSP\"},\"image\":{\"@id\":\"https:\/\/www.pgcardiologiausp.com.br\/#\/schema\/logo\/image\/\"}}]}<\/script>\n<!-- \/ Yoast SEO plugin. -->","yoast_head_json":{"title":"Postgrados y Tesis 2005 - P\u00f3s-Gradua\u00e7\u00e3o em Cardiologia FMUSP","robots":{"index":"index","follow":"follow","max-snippet":"max-snippet:-1","max-image-preview":"max-image-preview:large","max-video-preview":"max-video-preview:-1"},"canonical":"https:\/\/www.pgcardiologiausp.com.br\/o-programa\/egressos\/egressos-e-teses-2005\/","og_locale":"es_ES","og_type":"article","og_title":"Postgrados y Tesis 2005 - P\u00f3s-Gradua\u00e7\u00e3o em Cardiologia FMUSP","og_description":"Disculpa, pero esta entrada est\u00e1 disponible s\u00f3lo en Portugu\u00eas. 2005 19\/01\/2005 Abrah\u00e3o Afiune Neto (orient: Antonio de P\u00e1dua Mansur) Tema: Leucocitose e monocitose s\u00e3o marcadores de [\u2026]","og_url":"https:\/\/www.pgcardiologiausp.com.br\/o-programa\/egressos\/egressos-e-teses-2005\/","og_site_name":"P\u00f3s-Gradua\u00e7\u00e3o em Cardiologia FMUSP","article_modified_time":"2024-12-29T03:22:02+00:00","og_image":[{"width":1920,"height":800,"url":"https:\/\/www.pgcardiologiausp.com.br\/wp-content\/uploads\/2024\/12\/bgheader_pgcardio_v1.2.jpg","type":"image\/jpeg"}],"twitter_card":"summary_large_image","schema":{"@context":"https:\/\/schema.org","@graph":[{"@type":"WebPage","@id":"https:\/\/www.pgcardiologiausp.com.br\/o-programa\/egressos\/egressos-e-teses-2005\/","url":"https:\/\/www.pgcardiologiausp.com.br\/o-programa\/egressos\/egressos-e-teses-2005\/","name":"Postgrados y Tesis 2005 - P\u00f3s-Gradua\u00e7\u00e3o em Cardiologia FMUSP","isPartOf":{"@id":"https:\/\/www.pgcardiologiausp.com.br\/#website"},"primaryImageOfPage":{"@id":"https:\/\/www.pgcardiologiausp.com.br\/o-programa\/egressos\/egressos-e-teses-2005\/#primaryimage"},"image":{"@id":"https:\/\/www.pgcardiologiausp.com.br\/o-programa\/egressos\/egressos-e-teses-2005\/#primaryimage"},"thumbnailUrl":"https:\/\/www.pgcardiologiausp.com.br\/wp-content\/uploads\/2024\/12\/bgheader_pgcardio_v1.2.jpg","datePublished":"2024-12-23T14:55:11+00:00","dateModified":"2024-12-29T03:22:02+00:00","breadcrumb":{"@id":"https:\/\/www.pgcardiologiausp.com.br\/o-programa\/egressos\/egressos-e-teses-2005\/#breadcrumb"},"inLanguage":"es","potentialAction":[{"@type":"ReadAction","target":["https:\/\/www.pgcardiologiausp.com.br\/o-programa\/egressos\/egressos-e-teses-2005\/"]}]},{"@type":"ImageObject","inLanguage":"es","@id":"https:\/\/www.pgcardiologiausp.com.br\/o-programa\/egressos\/egressos-e-teses-2005\/#primaryimage","url":"https:\/\/www.pgcardiologiausp.com.br\/wp-content\/uploads\/2024\/12\/bgheader_pgcardio_v1.2.jpg","contentUrl":"https:\/\/www.pgcardiologiausp.com.br\/wp-content\/uploads\/2024\/12\/bgheader_pgcardio_v1.2.jpg","width":1920,"height":800},{"@type":"BreadcrumbList","@id":"https:\/\/www.pgcardiologiausp.com.br\/o-programa\/egressos\/egressos-e-teses-2005\/#breadcrumb","itemListElement":[{"@type":"ListItem","position":1,"name":"Home","item":"https:\/\/www.pgcardiologiausp.com.br\/"},{"@type":"ListItem","position":2,"name":"O Programa","item":"https:\/\/www.pgcardiologiausp.com.br\/o-programa\/"},{"@type":"ListItem","position":3,"name":"Egressos e teses","item":"https:\/\/www.pgcardiologiausp.com.br\/o-programa\/egressos\/"},{"@type":"ListItem","position":4,"name":"Egressos e Teses 2005"}]},{"@type":"WebSite","@id":"https:\/\/www.pgcardiologiausp.com.br\/#website","url":"https:\/\/www.pgcardiologiausp.com.br\/","name":"P\u00f3s-Gradua\u00e7\u00e3o em Cardiologia FMUSP","description":"","publisher":{"@id":"https:\/\/www.pgcardiologiausp.com.br\/#organization"},"potentialAction":[{"@type":"SearchAction","target":{"@type":"EntryPoint","urlTemplate":"https:\/\/www.pgcardiologiausp.com.br\/?s={search_term_string}"},"query-input":{"@type":"PropertyValueSpecification","valueRequired":true,"valueName":"search_term_string"}}],"inLanguage":"es"},{"@type":"Organization","@id":"https:\/\/www.pgcardiologiausp.com.br\/#organization","name":"P\u00f3s-Gradua\u00e7\u00e3o em Cardiologia FMUSP","url":"https:\/\/www.pgcardiologiausp.com.br\/","logo":{"@type":"ImageObject","inLanguage":"es","@id":"https:\/\/www.pgcardiologiausp.com.br\/#\/schema\/logo\/image\/","url":"https:\/\/www.pgcardiologiausp.com.br\/wp-content\/uploads\/2024\/12\/pg_cardio_usp-logo-v1-clearbg-500x341-1.png","contentUrl":"https:\/\/www.pgcardiologiausp.com.br\/wp-content\/uploads\/2024\/12\/pg_cardio_usp-logo-v1-clearbg-500x341-1.png","width":500,"height":177,"caption":"P\u00f3s-Gradua\u00e7\u00e3o em Cardiologia FMUSP"},"image":{"@id":"https:\/\/www.pgcardiologiausp.com.br\/#\/schema\/logo\/image\/"}}]}},"_links":{"self":[{"href":"https:\/\/www.pgcardiologiausp.com.br\/es\/wp-json\/wp\/v2\/pages\/1303","targetHints":{"allow":["GET"]}}],"collection":[{"href":"https:\/\/www.pgcardiologiausp.com.br\/es\/wp-json\/wp\/v2\/pages"}],"about":[{"href":"https:\/\/www.pgcardiologiausp.com.br\/es\/wp-json\/wp\/v2\/types\/page"}],"author":[{"embeddable":true,"href":"https:\/\/www.pgcardiologiausp.com.br\/es\/wp-json\/wp\/v2\/users\/1"}],"replies":[{"embeddable":true,"href":"https:\/\/www.pgcardiologiausp.com.br\/es\/wp-json\/wp\/v2\/comments?post=1303"}],"version-history":[{"count":3,"href":"https:\/\/www.pgcardiologiausp.com.br\/es\/wp-json\/wp\/v2\/pages\/1303\/revisions"}],"predecessor-version":[{"id":1404,"href":"https:\/\/www.pgcardiologiausp.com.br\/es\/wp-json\/wp\/v2\/pages\/1303\/revisions\/1404"}],"up":[{"embeddable":true,"href":"https:\/\/www.pgcardiologiausp.com.br\/es\/wp-json\/wp\/v2\/pages\/155"}],"wp:featuredmedia":[{"embeddable":true,"href":"https:\/\/www.pgcardiologiausp.com.br\/es\/wp-json\/wp\/v2\/media\/112"}],"wp:attachment":[{"href":"https:\/\/www.pgcardiologiausp.com.br\/es\/wp-json\/wp\/v2\/media?parent=1303"}],"curies":[{"name":"wp","href":"https:\/\/api.w.org\/{rel}","templated":true}]}}