{"id":1327,"date":"2024-12-23T12:01:18","date_gmt":"2024-12-23T15:01:18","guid":{"rendered":"https:\/\/www.pgcardiologiausp.com.br\/?page_id=1327"},"modified":"2024-12-29T00:21:45","modified_gmt":"2024-12-29T03:21:45","slug":"egressos-e-teses-2004","status":"publish","type":"page","link":"https:\/\/www.pgcardiologiausp.com.br\/es\/o-programa\/egressos\/egressos-e-teses-2004\/","title":{"rendered":"Postgrados y Tesis 2004"},"content":{"rendered":"<p class=\"qtranxs-available-languages-message qtranxs-available-languages-message-es\">Disculpa, pero esta entrada est\u00e1 disponible s\u00f3lo en <a href=\"https:\/\/www.pgcardiologiausp.com.br\/pb\/wp-json\/wp\/v2\/pages\/1327\" class=\"qtranxs-available-language-link qtranxs-available-language-link-pb\" title=\"Portugu\u00eas\">Portugu\u00eas<\/a>.<\/p>\n<h3>2004<\/h3>\n<p>27\/01\/2004 Fl\u00e1vio Cure Palheiro (orient: Edimar Alcides Bocchi)<br \/>\nTema: Perfus\u00e3o mioc\u00e1rdica por ecocardiografia de contraste com microbolhas: valor progn\u00f3stico de m\u00e9dio a longo prazo em pacientes com baixa, m\u00e9dia e alta probabilidade de doen\u00e7a arterial coronariana.<\/p>\n<p>29\/01\/2004 Paulo Jos\u00e9 Bertini (orient: Antonio Carlos Palandri Chagas)<br \/>\nTema: Avalia\u00e7\u00e3o do grau de estenose coronariana e da placa ateroscler\u00f3tica atrav\u00e9s da resson\u00e2ncia magn\u00e9tica de coronarias, em compara\u00e7\u00e3o com a cinecoronariografia e sua correla\u00e7\u00e3o com ultra-sonografia de car\u00f3tidas.<\/p>\n<p>06\/02\/2004 Marcelo de Almeida Pedro (orient: Francisco Rafael Martins Laurindo)<br \/>\nTema: Micropart\u00edculas plasm\u00e1ticas carreadoras de oxidases: novos microambientes de sinaliza\u00e7\u00e3o redox intercelular.<\/p>\n<p>18\/02\/2004 Antonio Carlos Mugayar Bianco (orient: Ari Timerman)<br \/>\nTema: An\u00e1lise prospectiva de risco em pacientes submetidos \u00e0 cirurgia de revasculariza\u00e7\u00e3o mioc\u00e1rdica: valida\u00e7\u00e3o de um escore Brasileiro.<\/p>\n<p>26\/02\/2004 Guilherme Sobreira Spina (orient: Flavio Tarasoutchi)<br \/>\nTema: N\u00edveis de citocinas proinflamat\u00f3rias e seus antagonistas em pacientes com insufici\u00eancia a\u00f3rtica cr\u00f4nica importante.<a href=\"https:\/\/www.pgcardiologiausp.com.br\/wp-content\/uploads\/2024\/12\/guilherme_sobreira.pdf\" target=\"_blank\" rel=\"noopener noreferrer\">Tese<\/a><\/p>\n<p>05\/03\/2004 Andr\u00e9 Mansur de Carvalho Guanaes Gomes (orient:Ari Timerman)<br \/>\nTema: Fatores progn\u00f3sticos de sobrevida p\u00f3s-reanima\u00e7\u00e3o cardiorrespirat\u00f3ria cerebral em hospital geral <a href=\"https:\/\/www.pgcardiologiausp.com.br\/wp-content\/uploads\/2024\/12\/andre_guanaes.pdf\" target=\"_blank\" rel=\"noopener noreferrer\">Tese<\/a><\/p>\n<p>10\/03\/2004 Solange Coppola Gimenez (orient: Miguel Lorenzo Barbero Marcial)<br \/>\nTema: Avalia\u00e7\u00e3o das altera\u00e7\u00f5es pulmonares no p\u00f3s-operat\u00f3rio de cirurgia card\u00edaca pedi\u00e1trica atrav\u00e9s de tomografia computadorizada.<\/p>\n<p>11\/03\/2004 Robespierre Queiroz da Costa Ribeiro (orient: Paulo Andrade Lotufo)<br \/>\nTema: Adiposidade e fatores de risco cardiovascular em crian\u00e7as e adolescentes: Estudo de base populacional, Belo Horizonte, Brasil.<\/p>\n<p>08\/04\/2004 Dimas Tadahiro Ikeoka (orient: Bruno Caramelli)<br \/>\nTema: Terap\u00eautica anti-chlamydia na ocorr\u00eancia de reestenose ap\u00f3s angioplastia com stent-estudo actor.<\/p>\n<p>20\/04\/2004 Lara Vilela de Souza (orient: Cl\u00e1udio campi de Castro)<br \/>\nTema: Avalia\u00e7\u00e3o de aterosclerose carot\u00eddea atrav\u00e9s de ultra-sonografia e resson\u00e2ncia magn\u00e9tica <a href=\"https:\/\/www.pgcardiologiausp.com.br\/wp-content\/uploads\/2024\/12\/lara_vilela.pdf\" target=\"_blank\" rel=\"noopener noreferrer\">Tese<\/a><\/p>\n<p>12\/05\/2004 Marcos Roberto Andrade Costa Barros (orient: Marcelo Chiara Bertolami)<br \/>\nTema: Detec\u00e7\u00e3o de lipoprote\u00ednas de baixa densidade minimamente oxidadas (LDL eletronegativas) e de seus autoanticorpos IgG em crian\u00e7as e adolescentes filhos de hipercolesterol\u00eamicos <a href=\"https:\/\/www.pgcardiologiausp.com.br\/wp-content\/uploads\/2024\/12\/marcos_roberto_andrade.pdf\" target=\"_blank\" rel=\"noopener noreferrer\">Tese<\/a><\/p>\n<p>07\/06\/2004 Antonio da Silva Menezes Junior (orient: Martino Martinelli Filho)<br \/>\nTema: Efeitos da sobreestimula\u00e7\u00e3o atrial din\u00e2mica associada ao marcapasso duplos\u00edtio atrial e ao uso de \u00df-bloqueador na preven\u00e7\u00e3o da fibrila\u00e7\u00e3o atrial recorrente <a href=\"https:\/\/www.pgcardiologiausp.com.br\/wp-content\/uploads\/2024\/12\/antonio_da_silva_menezes_junior.pdf\" target=\"_blank\" rel=\"noopener noreferrer\">Tese<\/a><\/p>\n<p>28\/06\/2004 Simone Rolim Fernandes Fontes Pedra (orient: Jos\u00e9 Eduardo Moraes Rego Sousa)<br \/>\nTema: Estudo da fun\u00e7\u00e3o ventricular esquerda e da circula\u00e7\u00e3o coron\u00e1ria em pacientes com transposi\u00e7\u00e3o das grandes art\u00e9rias corrigida pela t\u00e9cnica de Jatene: resultados tardios <a href=\"https:\/\/www.pgcardiologiausp.com.br\/wp-content\/uploads\/2024\/12\/simone_pedra.pdf\" target=\"_blank\" rel=\"noopener noreferrer\">Tese<\/a><\/p>\n<p>02\/07\/2004 Julio Cesar Kreling (orient: Willian Azem Chalela)<br \/>\nTema: Valor do teste ergom\u00e9trico p\u00f3s angioplastia coron\u00e1ria percut\u00e2nea. An\u00e1lise dos primeiros e 6 meses de evolu\u00e7\u00e3o.<\/p>\n<p>05\/07\/2004 Carlos Augusto Cardoso Pedra (orient: Jos\u00e9 Eduardo Moraes Rego Sousa)<br \/>\nTema: An\u00e1lise dos resultados imediatos e tardios do tratamento percut\u00e2neo da coarta\u00e7\u00e3o da aorta em adolescentes e adultos: compara\u00e7\u00e3o entre bal\u00f5es e stents <a href=\"https:\/\/www.pgcardiologiausp.com.br\/wp-content\/uploads\/2024\/12\/carlos_augusto_cardoso_pedra.pdf\" target=\"_blank\" rel=\"noopener noreferrer\">Tese<\/a><\/p>\n<p>15\/07\/2004 Jo\u00e3o Manoel Rossi Neto (orient: Leopoldo Soares Piegas)<br \/>\nTema: Prote\u00e7\u00e3o mioc\u00e1rdica com betabloqueador oral em cirurgia de revasculariza\u00e7\u00e3o mioc\u00e1rdica: avalia\u00e7\u00e3o pela troponina I <a href=\"https:\/\/www.pgcardiologiausp.com.br\/wp-content\/uploads\/2024\/12\/joo_manoel_rossi.pdf\" target=\"_blank\" rel=\"noopener noreferrer\">Tese<\/a><\/p>\n<p>19\/07\/2004 Aurea Jacob Chaves (orient: Amanda Guerra de Moraes Rego Sousa)<br \/>\nTema: An\u00e1lise volum\u00e9trica da hiperplasia intimal intra-stent em pacientes diab\u00e9ticos tratados com e sem abciximab <a href=\"https:\/\/www.pgcardiologiausp.com.br\/wp-content\/uploads\/2024\/12\/aurea_jacob.pdf\" target=\"_blank\" rel=\"noopener noreferrer\">Tese<\/a><\/p>\n<p>29\/07\/2004 Vera Lopes Nunes (orient: Felix Jose Alvarez Ramires)<br \/>\nTema: O papel do ac\u00famulo do col\u00e1geno mioc\u00e1rdico intersticial na sobrevida dos pacientes com miocardiopatia dilatada idiop\u00e1tica e chag\u00e1sica. <a href=\"https:\/\/www.pgcardiologiausp.com.br\/wp-content\/uploads\/2024\/12\/vera_lopes.pdf\" target=\"_blank\" rel=\"noopener noreferrer\">Tese<\/a><\/p>\n<p>10\/08\/2004 Alexandre Miguel Benj\u00f3 (orient: Prot\u00e1sio Lemos da Luz)<br \/>\nTema: Avalia\u00e7\u00e3o da fun\u00e7\u00e3o endotelial e da cin\u00e9tica de quilom\u00edcrons em homens saud\u00e1veis com redu\u00e7\u00e3o isolada do HDL-colesterol: efeitos da niacina <a href=\"https:\/\/www.pgcardiologiausp.com.br\/wp-content\/uploads\/2024\/12\/alexandre_benjo.pdf\" target=\"_blank\" rel=\"noopener noreferrer\">Tese<\/a><\/p>\n<p>11\/08\/2004 Rubens Fraga Alves Pinto (orient: Vera Demarchi Aiello)<br \/>\nTema: Avalia\u00e7\u00e3o imunohistoqu\u00edmica das c\u00e9lulas inflamat\u00f3rias presentes na parede de art\u00e9rias pulmonares perif\u00e9ricas de pacientes com doen\u00e7a vaso-oclusiva pulmonar secund\u00e1ria a defeitos card\u00edacos cong\u00eanitos <a href=\"https:\/\/www.pgcardiologiausp.com.br\/wp-content\/uploads\/2024\/12\/rubens_fraga.pdf\" target=\"_blank\" rel=\"noopener noreferrer\">Tese<\/a><\/p>\n<p>10\/09\/2004 L\u00facia Helena Caramuru (orient: Antonio Augusto Barbosa Lopes)<br \/>\nTema: Estudo do impacto da disfun\u00e7\u00e3o endotelial e fatores correlacionados sobre a evolu\u00e7\u00e3o de pacientes com s\u00edndrome de Eisenmenger <a href=\"https:\/\/www.pgcardiologiausp.com.br\/wp-content\/uploads\/2024\/12\/lucia_caramuru.pdf\" target=\"_blank\" rel=\"noopener noreferrer\">Tese<\/a><\/p>\n<p>08\/10\/2004 Divina Seila de Oliveira Marques (orient: Antonio Carlos Pereira Barretto)<br \/>\nTema: Avalia\u00e7\u00e3o de pacientes assintom\u00e1ticos com formas card\u00edacas iniciais da doen\u00e7a de Chagas, atrav\u00e9s da an\u00e1lise do eletrocardiograma din\u00e2mico, ecocardiograma e pept\u00eddeo natriur\u00e9tico tipo B <a href=\"https:\/\/www.pgcardiologiausp.com.br\/wp-content\/uploads\/2024\/12\/divina_seila.pdf\" target=\"_blank\" rel=\"noopener noreferrer\">Tese<\/a><\/p>\n<p>09\/12\/2004 Isa Dietrich (orient: Consuelo Junqueira Rodrigues)<br \/>\nTema: Influ\u00eancia da composi\u00e7\u00e3o de carreador biodegrad\u00e1vel na viabilidade do implante de c\u00e9lulas mesenquimais indiferenciadas do tecido adiposo humano <a href=\"https:\/\/www.pgcardiologiausp.com.br\/wp-content\/uploads\/2024\/12\/isa_dietrich.pdf\" target=\"_blank\" rel=\"noopener noreferrer\">Tese<\/a><\/p>\n<p>10\/12\/2004 Paulo de Tarso Jorge Medeiros (orient: Martino Martinelli Filho)<br \/>\nTema: Cardiomiopatia hipertr\u00f3fica: import\u00e2ncia dos eventos arr\u00edtmicos em pacientes com risco de morte s\u00fabita <a href=\"https:\/\/www.pgcardiologiausp.com.br\/wp-content\/uploads\/2024\/12\/paulo_de_tarso.pdf\" target=\"_blank\" rel=\"noopener noreferrer\">Tese<\/a><\/p>\n<p>16\/12\/2004 Marcelo Nigri (orient: Max Grinberg)<br \/>\nTema: Fibrose mioc\u00e1rdica em valvopatia a\u00f3rtica. Estudo comparado pela resson\u00e2ncia magn\u00e9tica card\u00edaca e bi\u00f3psia intra-operat\u00f3ria mioc\u00e1rdica. <a href=\"https:\/\/www.pgcardiologiausp.com.br\/wp-content\/uploads\/2024\/12\/marcelo_nigri.pdf\" target=\"_blank\" rel=\"noopener noreferrer\">Tese<\/a><\/p>\n","protected":false},"excerpt":{"rendered":"<p>Disculpa, pero esta entrada est\u00e1 disponible s\u00f3lo en Portugu\u00eas. 2004 27\/01\/2004 Fl\u00e1vio Cure Palheiro (orient: Edimar Alcides Bocchi) Tema: Perfus\u00e3o mioc\u00e1rdica por ecocardiografia de contraste com<span class=\"excerpt-hellip\"> [\u2026]<\/span><\/p>\n","protected":false},"author":1,"featured_media":112,"parent":155,"menu_order":0,"comment_status":"closed","ping_status":"closed","template":"","meta":{"footnotes":""},"class_list":["post-1327","page","type-page","status-publish","has-post-thumbnail","hentry"],"yoast_head":"<!-- This site is optimized with the Yoast SEO plugin v25.8 - https:\/\/yoast.com\/wordpress\/plugins\/seo\/ -->\n<title>Postgrados y Tesis 2004 - P\u00f3s-Gradua\u00e7\u00e3o em Cardiologia FMUSP<\/title>\n<meta name=\"robots\" content=\"index, follow, max-snippet:-1, max-image-preview:large, max-video-preview:-1\" \/>\n<link rel=\"canonical\" href=\"https:\/\/www.pgcardiologiausp.com.br\/o-programa\/egressos\/egressos-e-teses-2004\/\" \/>\n<meta property=\"og:locale\" content=\"es_ES\" \/>\n<meta property=\"og:type\" content=\"article\" \/>\n<meta property=\"og:title\" content=\"Postgrados y Tesis 2004 - P\u00f3s-Gradua\u00e7\u00e3o em Cardiologia FMUSP\" \/>\n<meta property=\"og:description\" content=\"Disculpa, pero esta entrada est\u00e1 disponible s\u00f3lo en Portugu\u00eas. 2004 27\/01\/2004 Fl\u00e1vio Cure Palheiro (orient: Edimar Alcides Bocchi) Tema: Perfus\u00e3o mioc\u00e1rdica por ecocardiografia de contraste com [\u2026]\" \/>\n<meta property=\"og:url\" content=\"https:\/\/www.pgcardiologiausp.com.br\/o-programa\/egressos\/egressos-e-teses-2004\/\" \/>\n<meta property=\"og:site_name\" content=\"P\u00f3s-Gradua\u00e7\u00e3o em Cardiologia FMUSP\" \/>\n<meta property=\"article:modified_time\" content=\"2024-12-29T03:21:45+00:00\" \/>\n<meta property=\"og:image\" content=\"https:\/\/www.pgcardiologiausp.com.br\/wp-content\/uploads\/2024\/12\/bgheader_pgcardio_v1.2.jpg\" \/>\n\t<meta property=\"og:image:width\" content=\"1920\" \/>\n\t<meta property=\"og:image:height\" content=\"800\" \/>\n\t<meta property=\"og:image:type\" content=\"image\/jpeg\" \/>\n<meta name=\"twitter:card\" content=\"summary_large_image\" \/>\n<script type=\"application\/ld+json\" class=\"yoast-schema-graph\">{\"@context\":\"https:\/\/schema.org\",\"@graph\":[{\"@type\":\"WebPage\",\"@id\":\"https:\/\/www.pgcardiologiausp.com.br\/o-programa\/egressos\/egressos-e-teses-2004\/\",\"url\":\"https:\/\/www.pgcardiologiausp.com.br\/o-programa\/egressos\/egressos-e-teses-2004\/\",\"name\":\"Postgrados y Tesis 2004 - P\u00f3s-Gradua\u00e7\u00e3o em Cardiologia FMUSP\",\"isPartOf\":{\"@id\":\"https:\/\/www.pgcardiologiausp.com.br\/#website\"},\"primaryImageOfPage\":{\"@id\":\"https:\/\/www.pgcardiologiausp.com.br\/o-programa\/egressos\/egressos-e-teses-2004\/#primaryimage\"},\"image\":{\"@id\":\"https:\/\/www.pgcardiologiausp.com.br\/o-programa\/egressos\/egressos-e-teses-2004\/#primaryimage\"},\"thumbnailUrl\":\"https:\/\/www.pgcardiologiausp.com.br\/wp-content\/uploads\/2024\/12\/bgheader_pgcardio_v1.2.jpg\",\"datePublished\":\"2024-12-23T15:01:18+00:00\",\"dateModified\":\"2024-12-29T03:21:45+00:00\",\"breadcrumb\":{\"@id\":\"https:\/\/www.pgcardiologiausp.com.br\/o-programa\/egressos\/egressos-e-teses-2004\/#breadcrumb\"},\"inLanguage\":\"es\",\"potentialAction\":[{\"@type\":\"ReadAction\",\"target\":[\"https:\/\/www.pgcardiologiausp.com.br\/o-programa\/egressos\/egressos-e-teses-2004\/\"]}]},{\"@type\":\"ImageObject\",\"inLanguage\":\"es\",\"@id\":\"https:\/\/www.pgcardiologiausp.com.br\/o-programa\/egressos\/egressos-e-teses-2004\/#primaryimage\",\"url\":\"https:\/\/www.pgcardiologiausp.com.br\/wp-content\/uploads\/2024\/12\/bgheader_pgcardio_v1.2.jpg\",\"contentUrl\":\"https:\/\/www.pgcardiologiausp.com.br\/wp-content\/uploads\/2024\/12\/bgheader_pgcardio_v1.2.jpg\",\"width\":1920,\"height\":800},{\"@type\":\"BreadcrumbList\",\"@id\":\"https:\/\/www.pgcardiologiausp.com.br\/o-programa\/egressos\/egressos-e-teses-2004\/#breadcrumb\",\"itemListElement\":[{\"@type\":\"ListItem\",\"position\":1,\"name\":\"Home\",\"item\":\"https:\/\/www.pgcardiologiausp.com.br\/\"},{\"@type\":\"ListItem\",\"position\":2,\"name\":\"O Programa\",\"item\":\"https:\/\/www.pgcardiologiausp.com.br\/o-programa\/\"},{\"@type\":\"ListItem\",\"position\":3,\"name\":\"Egressos e teses\",\"item\":\"https:\/\/www.pgcardiologiausp.com.br\/o-programa\/egressos\/\"},{\"@type\":\"ListItem\",\"position\":4,\"name\":\"Egressos e Teses 2004\"}]},{\"@type\":\"WebSite\",\"@id\":\"https:\/\/www.pgcardiologiausp.com.br\/#website\",\"url\":\"https:\/\/www.pgcardiologiausp.com.br\/\",\"name\":\"P\u00f3s-Gradua\u00e7\u00e3o em Cardiologia FMUSP\",\"description\":\"\",\"publisher\":{\"@id\":\"https:\/\/www.pgcardiologiausp.com.br\/#organization\"},\"potentialAction\":[{\"@type\":\"SearchAction\",\"target\":{\"@type\":\"EntryPoint\",\"urlTemplate\":\"https:\/\/www.pgcardiologiausp.com.br\/?s={search_term_string}\"},\"query-input\":{\"@type\":\"PropertyValueSpecification\",\"valueRequired\":true,\"valueName\":\"search_term_string\"}}],\"inLanguage\":\"es\"},{\"@type\":\"Organization\",\"@id\":\"https:\/\/www.pgcardiologiausp.com.br\/#organization\",\"name\":\"P\u00f3s-Gradua\u00e7\u00e3o em Cardiologia FMUSP\",\"url\":\"https:\/\/www.pgcardiologiausp.com.br\/\",\"logo\":{\"@type\":\"ImageObject\",\"inLanguage\":\"es\",\"@id\":\"https:\/\/www.pgcardiologiausp.com.br\/#\/schema\/logo\/image\/\",\"url\":\"https:\/\/www.pgcardiologiausp.com.br\/wp-content\/uploads\/2024\/12\/pg_cardio_usp-logo-v1-clearbg-500x341-1.png\",\"contentUrl\":\"https:\/\/www.pgcardiologiausp.com.br\/wp-content\/uploads\/2024\/12\/pg_cardio_usp-logo-v1-clearbg-500x341-1.png\",\"width\":500,\"height\":177,\"caption\":\"P\u00f3s-Gradua\u00e7\u00e3o em Cardiologia FMUSP\"},\"image\":{\"@id\":\"https:\/\/www.pgcardiologiausp.com.br\/#\/schema\/logo\/image\/\"}}]}<\/script>\n<!-- \/ Yoast SEO plugin. -->","yoast_head_json":{"title":"Postgrados y Tesis 2004 - P\u00f3s-Gradua\u00e7\u00e3o em Cardiologia FMUSP","robots":{"index":"index","follow":"follow","max-snippet":"max-snippet:-1","max-image-preview":"max-image-preview:large","max-video-preview":"max-video-preview:-1"},"canonical":"https:\/\/www.pgcardiologiausp.com.br\/o-programa\/egressos\/egressos-e-teses-2004\/","og_locale":"es_ES","og_type":"article","og_title":"Postgrados y Tesis 2004 - P\u00f3s-Gradua\u00e7\u00e3o em Cardiologia FMUSP","og_description":"Disculpa, pero esta entrada est\u00e1 disponible s\u00f3lo en Portugu\u00eas. 2004 27\/01\/2004 Fl\u00e1vio Cure Palheiro (orient: Edimar Alcides Bocchi) Tema: Perfus\u00e3o mioc\u00e1rdica por ecocardiografia de contraste com [\u2026]","og_url":"https:\/\/www.pgcardiologiausp.com.br\/o-programa\/egressos\/egressos-e-teses-2004\/","og_site_name":"P\u00f3s-Gradua\u00e7\u00e3o em Cardiologia FMUSP","article_modified_time":"2024-12-29T03:21:45+00:00","og_image":[{"width":1920,"height":800,"url":"https:\/\/www.pgcardiologiausp.com.br\/wp-content\/uploads\/2024\/12\/bgheader_pgcardio_v1.2.jpg","type":"image\/jpeg"}],"twitter_card":"summary_large_image","schema":{"@context":"https:\/\/schema.org","@graph":[{"@type":"WebPage","@id":"https:\/\/www.pgcardiologiausp.com.br\/o-programa\/egressos\/egressos-e-teses-2004\/","url":"https:\/\/www.pgcardiologiausp.com.br\/o-programa\/egressos\/egressos-e-teses-2004\/","name":"Postgrados y Tesis 2004 - P\u00f3s-Gradua\u00e7\u00e3o em Cardiologia FMUSP","isPartOf":{"@id":"https:\/\/www.pgcardiologiausp.com.br\/#website"},"primaryImageOfPage":{"@id":"https:\/\/www.pgcardiologiausp.com.br\/o-programa\/egressos\/egressos-e-teses-2004\/#primaryimage"},"image":{"@id":"https:\/\/www.pgcardiologiausp.com.br\/o-programa\/egressos\/egressos-e-teses-2004\/#primaryimage"},"thumbnailUrl":"https:\/\/www.pgcardiologiausp.com.br\/wp-content\/uploads\/2024\/12\/bgheader_pgcardio_v1.2.jpg","datePublished":"2024-12-23T15:01:18+00:00","dateModified":"2024-12-29T03:21:45+00:00","breadcrumb":{"@id":"https:\/\/www.pgcardiologiausp.com.br\/o-programa\/egressos\/egressos-e-teses-2004\/#breadcrumb"},"inLanguage":"es","potentialAction":[{"@type":"ReadAction","target":["https:\/\/www.pgcardiologiausp.com.br\/o-programa\/egressos\/egressos-e-teses-2004\/"]}]},{"@type":"ImageObject","inLanguage":"es","@id":"https:\/\/www.pgcardiologiausp.com.br\/o-programa\/egressos\/egressos-e-teses-2004\/#primaryimage","url":"https:\/\/www.pgcardiologiausp.com.br\/wp-content\/uploads\/2024\/12\/bgheader_pgcardio_v1.2.jpg","contentUrl":"https:\/\/www.pgcardiologiausp.com.br\/wp-content\/uploads\/2024\/12\/bgheader_pgcardio_v1.2.jpg","width":1920,"height":800},{"@type":"BreadcrumbList","@id":"https:\/\/www.pgcardiologiausp.com.br\/o-programa\/egressos\/egressos-e-teses-2004\/#breadcrumb","itemListElement":[{"@type":"ListItem","position":1,"name":"Home","item":"https:\/\/www.pgcardiologiausp.com.br\/"},{"@type":"ListItem","position":2,"name":"O Programa","item":"https:\/\/www.pgcardiologiausp.com.br\/o-programa\/"},{"@type":"ListItem","position":3,"name":"Egressos e teses","item":"https:\/\/www.pgcardiologiausp.com.br\/o-programa\/egressos\/"},{"@type":"ListItem","position":4,"name":"Egressos e Teses 2004"}]},{"@type":"WebSite","@id":"https:\/\/www.pgcardiologiausp.com.br\/#website","url":"https:\/\/www.pgcardiologiausp.com.br\/","name":"P\u00f3s-Gradua\u00e7\u00e3o em Cardiologia FMUSP","description":"","publisher":{"@id":"https:\/\/www.pgcardiologiausp.com.br\/#organization"},"potentialAction":[{"@type":"SearchAction","target":{"@type":"EntryPoint","urlTemplate":"https:\/\/www.pgcardiologiausp.com.br\/?s={search_term_string}"},"query-input":{"@type":"PropertyValueSpecification","valueRequired":true,"valueName":"search_term_string"}}],"inLanguage":"es"},{"@type":"Organization","@id":"https:\/\/www.pgcardiologiausp.com.br\/#organization","name":"P\u00f3s-Gradua\u00e7\u00e3o em Cardiologia FMUSP","url":"https:\/\/www.pgcardiologiausp.com.br\/","logo":{"@type":"ImageObject","inLanguage":"es","@id":"https:\/\/www.pgcardiologiausp.com.br\/#\/schema\/logo\/image\/","url":"https:\/\/www.pgcardiologiausp.com.br\/wp-content\/uploads\/2024\/12\/pg_cardio_usp-logo-v1-clearbg-500x341-1.png","contentUrl":"https:\/\/www.pgcardiologiausp.com.br\/wp-content\/uploads\/2024\/12\/pg_cardio_usp-logo-v1-clearbg-500x341-1.png","width":500,"height":177,"caption":"P\u00f3s-Gradua\u00e7\u00e3o em Cardiologia FMUSP"},"image":{"@id":"https:\/\/www.pgcardiologiausp.com.br\/#\/schema\/logo\/image\/"}}]}},"_links":{"self":[{"href":"https:\/\/www.pgcardiologiausp.com.br\/es\/wp-json\/wp\/v2\/pages\/1327","targetHints":{"allow":["GET"]}}],"collection":[{"href":"https:\/\/www.pgcardiologiausp.com.br\/es\/wp-json\/wp\/v2\/pages"}],"about":[{"href":"https:\/\/www.pgcardiologiausp.com.br\/es\/wp-json\/wp\/v2\/types\/page"}],"author":[{"embeddable":true,"href":"https:\/\/www.pgcardiologiausp.com.br\/es\/wp-json\/wp\/v2\/users\/1"}],"replies":[{"embeddable":true,"href":"https:\/\/www.pgcardiologiausp.com.br\/es\/wp-json\/wp\/v2\/comments?post=1327"}],"version-history":[{"count":4,"href":"https:\/\/www.pgcardiologiausp.com.br\/es\/wp-json\/wp\/v2\/pages\/1327\/revisions"}],"predecessor-version":[{"id":1403,"href":"https:\/\/www.pgcardiologiausp.com.br\/es\/wp-json\/wp\/v2\/pages\/1327\/revisions\/1403"}],"up":[{"embeddable":true,"href":"https:\/\/www.pgcardiologiausp.com.br\/es\/wp-json\/wp\/v2\/pages\/155"}],"wp:featuredmedia":[{"embeddable":true,"href":"https:\/\/www.pgcardiologiausp.com.br\/es\/wp-json\/wp\/v2\/media\/112"}],"wp:attachment":[{"href":"https:\/\/www.pgcardiologiausp.com.br\/es\/wp-json\/wp\/v2\/media?parent=1327"}],"curies":[{"name":"wp","href":"https:\/\/api.w.org\/{rel}","templated":true}]}}