{"id":141,"date":"2024-12-08T22:40:24","date_gmt":"2024-12-09T01:40:24","guid":{"rendered":"https:\/\/www.pgcardiologiausp.com.br\/?page_id=141"},"modified":"2025-06-12T14:12:57","modified_gmt":"2025-06-12T17:12:57","slug":"exame-de-qualificacao","status":"publish","type":"page","link":"https:\/\/www.pgcardiologiausp.com.br\/es\/procedimentos\/exame-de-qualificacao\/","title":{"rendered":"Examen de Calificaci\u00f3n"},"content":{"rendered":"<p>El Examen de Calificaci\u00f3n consistir\u00e1 en el an\u00e1lisis de los cr\u00e9ditos obtenidos, as\u00ed como en la presentaci\u00f3n del proyecto de tesis, compuesto por: Introducci\u00f3n, Materiales y M\u00e9todos, Resultados Parciales y Referencias Bibliogr\u00e1ficas.<\/p>\n<p>En el examen de calificaci\u00f3n, el alumno puede ser aprobado o reprobado, sin asignaci\u00f3n de calificaci\u00f3n o concepto.<\/p>\n<p>El alumno que sea reprobado en el examen podr\u00e1 repetirlo una sola vez y deber\u00e1 consultar en su reglamento el plazo para realizar la inscripci\u00f3n y la aplicaci\u00f3n del nuevo examen.<\/p>\n<h4><strong>Sugerencia de Comisi\u00f3n para el Examen de Calificaci\u00f3n<\/strong><\/h4>\n<p>La sugerencia de comisi\u00f3n de calificaci\u00f3n debe estar compuesta por un total de 05 miembros: 03 Titulares y 02 Suplentes, debiendo haber al menos un Director(a) del Programa indicado como titular y suplente.<\/p>\n<p>El director y\/o codirector no podr\u00e1 formar parte del tribunal evaluador del Examen de Calificaci\u00f3n.<\/p>\n<p>La composici\u00f3n de la Comisi\u00f3n Examinadora deber\u00e1 ser enviada por el\/la Director(a) a la CCP al correo electr\u00f3nico: <a href=\"mailto:pos-graduacao@incor.usp.br\">pos-graduacao@incor.usp.br<\/a>, debidamente completada y en archivo Word, con una antelaci\u00f3n m\u00ednima de 30 (treinta) d\u00edas a la fecha de inscripci\u00f3n al referido examen.<\/p>\n<h4><strong>Inscripci\u00f3n al Examen de Calificaci\u00f3n<\/strong><\/h4>\n<p>El alumno debe verificar su plazo para la inscripci\u00f3n al examen (pudiendo anticiparse o inscribirse en la fecha estipulada en el sistema Janus).<\/p>\n<p>Debe entregarse en la coordinaci\u00f3n del Programa el formulario de inscripci\u00f3n, en el cual se debe informar el d\u00eda en que el alumno desea inscribirse al examen.<\/p>\n<p>Una vez realizada la inscripci\u00f3n, el alumno tiene un plazo \u2013 conforme al reglamento correspondiente \u2013 para efectuar el examen.<\/p>\n<h4><strong>Para los alumnos que optaron por el Reglamento del Programa:<\/strong><\/h4>\n<h5><strong>Resoluci\u00f3n 7688<\/strong><\/h5>\n<p>La inscripci\u00f3n al Examen de Calificaci\u00f3n (EQ) debe realizarse al alcanzar hasta el 50% del plazo del curso, y el examen debe efectuarse en un plazo de hasta 90 d\u00edas tras la fecha de inscripci\u00f3n.<\/p>\n<p>a. Inscripci\u00f3n para alumnos de doctorado con maestr\u00eda: 24 meses<br \/>\nb. Inscripci\u00f3n para alumnos de doctorado directo: 24 meses<\/p>\n<p>Para poder realizar el EQ, el alumno deber\u00e1 haber cumplido con el 50% del total de cr\u00e9ditos requeridos en asignaturas.<\/p>\n<h5><strong>Resoluci\u00f3n 8300<\/strong><\/h5>\n<p>La inscripci\u00f3n al Examen de Calificaci\u00f3n (EQ) debe realizarse al alcanzar hasta el 50% del plazo del curso, y el examen debe efectuarse en un plazo de hasta 90 d\u00edas tras la fecha de inscripci\u00f3n.<\/p>\n<p>a. Inscripci\u00f3n para alumnos de doctorado: 24 meses<br \/>\nb. Inscripci\u00f3n para alumnos de doctorado directo: 24 meses<\/p>\n<p>Para poder realizar el EQ, el alumno deber\u00e1 haber cumplido con 4 (cuatro) cr\u00e9ditos del total exigido en el curso de doctorado y 12 (doce) en el caso del doctorado directo.<\/p>\n<p><a href=\"https:\/\/www.pgcardiologiausp.com.br\/wp-content\/uploads\/2024\/12\/Oficio_Orientacoes_para_Exame_de_Qualificacao.CPG-_11.05.17.pdf\"><strong>Orientaciones para el Examen de Calificaci\u00f3n aprobadas por la CPG\/FM el 11\/05\/2017.<\/strong><\/a><\/p>\n<p>La informaci\u00f3n adicional se encuentra en el Reglamento del Programa de Cardiolog\u00eda, \u00edtem VIII, p\u00e1g. 5, disponible en las <a href=\"https:\/\/www.pgcardiologiausp.com.br\/procedimentos\/normas\/\">Normas<\/a>.<\/p>\n","protected":false},"excerpt":{"rendered":"<p>El Examen de Calificaci\u00f3n consistir\u00e1 en el an\u00e1lisis de los cr\u00e9ditos obtenidos, as\u00ed como en la presentaci\u00f3n del proyecto de tesis, compuesto por: Introducci\u00f3n, Materiales y<span class=\"excerpt-hellip\"> [\u2026]<\/span><\/p>\n","protected":false},"author":1,"featured_media":112,"parent":133,"menu_order":0,"comment_status":"closed","ping_status":"closed","template":"","meta":{"footnotes":""},"class_list":["post-141","page","type-page","status-publish","has-post-thumbnail","hentry"],"yoast_head":"<!-- This site is optimized with the Yoast SEO plugin v25.8 - https:\/\/yoast.com\/wordpress\/plugins\/seo\/ -->\n<title>Examen de Calificaci\u00f3n - P\u00f3s-Gradua\u00e7\u00e3o em Cardiologia FMUSP<\/title>\n<meta name=\"robots\" content=\"index, follow, max-snippet:-1, max-image-preview:large, max-video-preview:-1\" \/>\n<link rel=\"canonical\" href=\"https:\/\/www.pgcardiologiausp.com.br\/procedimentos\/exame-de-qualificacao\/\" \/>\n<meta property=\"og:locale\" content=\"es_ES\" \/>\n<meta property=\"og:type\" content=\"article\" \/>\n<meta property=\"og:title\" content=\"Examen de Calificaci\u00f3n - P\u00f3s-Gradua\u00e7\u00e3o em Cardiologia FMUSP\" \/>\n<meta property=\"og:description\" content=\"El Examen de Calificaci\u00f3n consistir\u00e1 en el an\u00e1lisis de los cr\u00e9ditos obtenidos, as\u00ed como en la presentaci\u00f3n del proyecto de tesis, compuesto por: Introducci\u00f3n, Materiales y [\u2026]\" \/>\n<meta property=\"og:url\" content=\"https:\/\/www.pgcardiologiausp.com.br\/procedimentos\/exame-de-qualificacao\/\" \/>\n<meta property=\"og:site_name\" content=\"P\u00f3s-Gradua\u00e7\u00e3o em Cardiologia FMUSP\" \/>\n<meta property=\"article:modified_time\" content=\"2025-06-12T17:12:57+00:00\" \/>\n<meta property=\"og:image\" content=\"https:\/\/www.pgcardiologiausp.com.br\/wp-content\/uploads\/2024\/12\/bgheader_pgcardio_v1.2.jpg\" \/>\n\t<meta property=\"og:image:width\" content=\"1920\" \/>\n\t<meta property=\"og:image:height\" content=\"800\" \/>\n\t<meta property=\"og:image:type\" content=\"image\/jpeg\" \/>\n<meta name=\"twitter:card\" content=\"summary_large_image\" \/>\n<script type=\"application\/ld+json\" class=\"yoast-schema-graph\">{\"@context\":\"https:\/\/schema.org\",\"@graph\":[{\"@type\":\"WebPage\",\"@id\":\"https:\/\/www.pgcardiologiausp.com.br\/procedimentos\/exame-de-qualificacao\/\",\"url\":\"https:\/\/www.pgcardiologiausp.com.br\/procedimentos\/exame-de-qualificacao\/\",\"name\":\"Examen de Calificaci\u00f3n - P\u00f3s-Gradua\u00e7\u00e3o em Cardiologia FMUSP\",\"isPartOf\":{\"@id\":\"https:\/\/www.pgcardiologiausp.com.br\/#website\"},\"primaryImageOfPage\":{\"@id\":\"https:\/\/www.pgcardiologiausp.com.br\/procedimentos\/exame-de-qualificacao\/#primaryimage\"},\"image\":{\"@id\":\"https:\/\/www.pgcardiologiausp.com.br\/procedimentos\/exame-de-qualificacao\/#primaryimage\"},\"thumbnailUrl\":\"https:\/\/www.pgcardiologiausp.com.br\/wp-content\/uploads\/2024\/12\/bgheader_pgcardio_v1.2.jpg\",\"datePublished\":\"2024-12-09T01:40:24+00:00\",\"dateModified\":\"2025-06-12T17:12:57+00:00\",\"breadcrumb\":{\"@id\":\"https:\/\/www.pgcardiologiausp.com.br\/procedimentos\/exame-de-qualificacao\/#breadcrumb\"},\"inLanguage\":\"es\",\"potentialAction\":[{\"@type\":\"ReadAction\",\"target\":[\"https:\/\/www.pgcardiologiausp.com.br\/procedimentos\/exame-de-qualificacao\/\"]}]},{\"@type\":\"ImageObject\",\"inLanguage\":\"es\",\"@id\":\"https:\/\/www.pgcardiologiausp.com.br\/procedimentos\/exame-de-qualificacao\/#primaryimage\",\"url\":\"https:\/\/www.pgcardiologiausp.com.br\/wp-content\/uploads\/2024\/12\/bgheader_pgcardio_v1.2.jpg\",\"contentUrl\":\"https:\/\/www.pgcardiologiausp.com.br\/wp-content\/uploads\/2024\/12\/bgheader_pgcardio_v1.2.jpg\",\"width\":1920,\"height\":800},{\"@type\":\"BreadcrumbList\",\"@id\":\"https:\/\/www.pgcardiologiausp.com.br\/procedimentos\/exame-de-qualificacao\/#breadcrumb\",\"itemListElement\":[{\"@type\":\"ListItem\",\"position\":1,\"name\":\"Home\",\"item\":\"https:\/\/www.pgcardiologiausp.com.br\/\"},{\"@type\":\"ListItem\",\"position\":2,\"name\":\"Procedimentos\",\"item\":\"https:\/\/www.pgcardiologiausp.com.br\/procedimentos\/\"},{\"@type\":\"ListItem\",\"position\":3,\"name\":\"Exame de Qualifica\u00e7\u00e3o\"}]},{\"@type\":\"WebSite\",\"@id\":\"https:\/\/www.pgcardiologiausp.com.br\/#website\",\"url\":\"https:\/\/www.pgcardiologiausp.com.br\/\",\"name\":\"P\u00f3s-Gradua\u00e7\u00e3o em Cardiologia FMUSP\",\"description\":\"\",\"publisher\":{\"@id\":\"https:\/\/www.pgcardiologiausp.com.br\/#organization\"},\"potentialAction\":[{\"@type\":\"SearchAction\",\"target\":{\"@type\":\"EntryPoint\",\"urlTemplate\":\"https:\/\/www.pgcardiologiausp.com.br\/?s={search_term_string}\"},\"query-input\":{\"@type\":\"PropertyValueSpecification\",\"valueRequired\":true,\"valueName\":\"search_term_string\"}}],\"inLanguage\":\"es\"},{\"@type\":\"Organization\",\"@id\":\"https:\/\/www.pgcardiologiausp.com.br\/#organization\",\"name\":\"P\u00f3s-Gradua\u00e7\u00e3o em Cardiologia FMUSP\",\"url\":\"https:\/\/www.pgcardiologiausp.com.br\/\",\"logo\":{\"@type\":\"ImageObject\",\"inLanguage\":\"es\",\"@id\":\"https:\/\/www.pgcardiologiausp.com.br\/#\/schema\/logo\/image\/\",\"url\":\"https:\/\/www.pgcardiologiausp.com.br\/wp-content\/uploads\/2024\/12\/pg_cardio_usp-logo-v1-clearbg-500x341-1.png\",\"contentUrl\":\"https:\/\/www.pgcardiologiausp.com.br\/wp-content\/uploads\/2024\/12\/pg_cardio_usp-logo-v1-clearbg-500x341-1.png\",\"width\":500,\"height\":177,\"caption\":\"P\u00f3s-Gradua\u00e7\u00e3o em Cardiologia FMUSP\"},\"image\":{\"@id\":\"https:\/\/www.pgcardiologiausp.com.br\/#\/schema\/logo\/image\/\"}}]}<\/script>\n<!-- \/ Yoast SEO plugin. -->","yoast_head_json":{"title":"Examen de Calificaci\u00f3n - P\u00f3s-Gradua\u00e7\u00e3o em Cardiologia FMUSP","robots":{"index":"index","follow":"follow","max-snippet":"max-snippet:-1","max-image-preview":"max-image-preview:large","max-video-preview":"max-video-preview:-1"},"canonical":"https:\/\/www.pgcardiologiausp.com.br\/procedimentos\/exame-de-qualificacao\/","og_locale":"es_ES","og_type":"article","og_title":"Examen de Calificaci\u00f3n - P\u00f3s-Gradua\u00e7\u00e3o em Cardiologia FMUSP","og_description":"El Examen de Calificaci\u00f3n consistir\u00e1 en el an\u00e1lisis de los cr\u00e9ditos obtenidos, as\u00ed como en la presentaci\u00f3n del proyecto de tesis, compuesto por: Introducci\u00f3n, Materiales y [\u2026]","og_url":"https:\/\/www.pgcardiologiausp.com.br\/procedimentos\/exame-de-qualificacao\/","og_site_name":"P\u00f3s-Gradua\u00e7\u00e3o em Cardiologia FMUSP","article_modified_time":"2025-06-12T17:12:57+00:00","og_image":[{"width":1920,"height":800,"url":"https:\/\/www.pgcardiologiausp.com.br\/wp-content\/uploads\/2024\/12\/bgheader_pgcardio_v1.2.jpg","type":"image\/jpeg"}],"twitter_card":"summary_large_image","schema":{"@context":"https:\/\/schema.org","@graph":[{"@type":"WebPage","@id":"https:\/\/www.pgcardiologiausp.com.br\/procedimentos\/exame-de-qualificacao\/","url":"https:\/\/www.pgcardiologiausp.com.br\/procedimentos\/exame-de-qualificacao\/","name":"Examen de Calificaci\u00f3n - P\u00f3s-Gradua\u00e7\u00e3o em Cardiologia FMUSP","isPartOf":{"@id":"https:\/\/www.pgcardiologiausp.com.br\/#website"},"primaryImageOfPage":{"@id":"https:\/\/www.pgcardiologiausp.com.br\/procedimentos\/exame-de-qualificacao\/#primaryimage"},"image":{"@id":"https:\/\/www.pgcardiologiausp.com.br\/procedimentos\/exame-de-qualificacao\/#primaryimage"},"thumbnailUrl":"https:\/\/www.pgcardiologiausp.com.br\/wp-content\/uploads\/2024\/12\/bgheader_pgcardio_v1.2.jpg","datePublished":"2024-12-09T01:40:24+00:00","dateModified":"2025-06-12T17:12:57+00:00","breadcrumb":{"@id":"https:\/\/www.pgcardiologiausp.com.br\/procedimentos\/exame-de-qualificacao\/#breadcrumb"},"inLanguage":"es","potentialAction":[{"@type":"ReadAction","target":["https:\/\/www.pgcardiologiausp.com.br\/procedimentos\/exame-de-qualificacao\/"]}]},{"@type":"ImageObject","inLanguage":"es","@id":"https:\/\/www.pgcardiologiausp.com.br\/procedimentos\/exame-de-qualificacao\/#primaryimage","url":"https:\/\/www.pgcardiologiausp.com.br\/wp-content\/uploads\/2024\/12\/bgheader_pgcardio_v1.2.jpg","contentUrl":"https:\/\/www.pgcardiologiausp.com.br\/wp-content\/uploads\/2024\/12\/bgheader_pgcardio_v1.2.jpg","width":1920,"height":800},{"@type":"BreadcrumbList","@id":"https:\/\/www.pgcardiologiausp.com.br\/procedimentos\/exame-de-qualificacao\/#breadcrumb","itemListElement":[{"@type":"ListItem","position":1,"name":"Home","item":"https:\/\/www.pgcardiologiausp.com.br\/"},{"@type":"ListItem","position":2,"name":"Procedimentos","item":"https:\/\/www.pgcardiologiausp.com.br\/procedimentos\/"},{"@type":"ListItem","position":3,"name":"Exame de Qualifica\u00e7\u00e3o"}]},{"@type":"WebSite","@id":"https:\/\/www.pgcardiologiausp.com.br\/#website","url":"https:\/\/www.pgcardiologiausp.com.br\/","name":"P\u00f3s-Gradua\u00e7\u00e3o em Cardiologia FMUSP","description":"","publisher":{"@id":"https:\/\/www.pgcardiologiausp.com.br\/#organization"},"potentialAction":[{"@type":"SearchAction","target":{"@type":"EntryPoint","urlTemplate":"https:\/\/www.pgcardiologiausp.com.br\/?s={search_term_string}"},"query-input":{"@type":"PropertyValueSpecification","valueRequired":true,"valueName":"search_term_string"}}],"inLanguage":"es"},{"@type":"Organization","@id":"https:\/\/www.pgcardiologiausp.com.br\/#organization","name":"P\u00f3s-Gradua\u00e7\u00e3o em Cardiologia FMUSP","url":"https:\/\/www.pgcardiologiausp.com.br\/","logo":{"@type":"ImageObject","inLanguage":"es","@id":"https:\/\/www.pgcardiologiausp.com.br\/#\/schema\/logo\/image\/","url":"https:\/\/www.pgcardiologiausp.com.br\/wp-content\/uploads\/2024\/12\/pg_cardio_usp-logo-v1-clearbg-500x341-1.png","contentUrl":"https:\/\/www.pgcardiologiausp.com.br\/wp-content\/uploads\/2024\/12\/pg_cardio_usp-logo-v1-clearbg-500x341-1.png","width":500,"height":177,"caption":"P\u00f3s-Gradua\u00e7\u00e3o em Cardiologia FMUSP"},"image":{"@id":"https:\/\/www.pgcardiologiausp.com.br\/#\/schema\/logo\/image\/"}}]}},"_links":{"self":[{"href":"https:\/\/www.pgcardiologiausp.com.br\/es\/wp-json\/wp\/v2\/pages\/141","targetHints":{"allow":["GET"]}}],"collection":[{"href":"https:\/\/www.pgcardiologiausp.com.br\/es\/wp-json\/wp\/v2\/pages"}],"about":[{"href":"https:\/\/www.pgcardiologiausp.com.br\/es\/wp-json\/wp\/v2\/types\/page"}],"author":[{"embeddable":true,"href":"https:\/\/www.pgcardiologiausp.com.br\/es\/wp-json\/wp\/v2\/users\/1"}],"replies":[{"embeddable":true,"href":"https:\/\/www.pgcardiologiausp.com.br\/es\/wp-json\/wp\/v2\/comments?post=141"}],"version-history":[{"count":6,"href":"https:\/\/www.pgcardiologiausp.com.br\/es\/wp-json\/wp\/v2\/pages\/141\/revisions"}],"predecessor-version":[{"id":2399,"href":"https:\/\/www.pgcardiologiausp.com.br\/es\/wp-json\/wp\/v2\/pages\/141\/revisions\/2399"}],"up":[{"embeddable":true,"href":"https:\/\/www.pgcardiologiausp.com.br\/es\/wp-json\/wp\/v2\/pages\/133"}],"wp:featuredmedia":[{"embeddable":true,"href":"https:\/\/www.pgcardiologiausp.com.br\/es\/wp-json\/wp\/v2\/media\/112"}],"wp:attachment":[{"href":"https:\/\/www.pgcardiologiausp.com.br\/es\/wp-json\/wp\/v2\/media?parent=141"}],"curies":[{"name":"wp","href":"https:\/\/api.w.org\/{rel}","templated":true}]}}