{"id":143,"date":"2024-12-08T22:40:38","date_gmt":"2024-12-09T01:40:38","guid":{"rendered":"https:\/\/www.pgcardiologiausp.com.br\/?page_id=143"},"modified":"2025-06-12T13:51:10","modified_gmt":"2025-06-12T16:51:10","slug":"defesa-de-tese","status":"publish","type":"page","link":"https:\/\/www.pgcardiologiausp.com.br\/es\/procedimentos\/defesa-de-tese\/","title":{"rendered":"Defensa de tesis"},"content":{"rendered":"<h5><strong>Defensa de Tesis<\/strong><\/h5>\n<p>El estudiante de posgrado que haya cumplido con todos los requisitos reglamentarios deber\u00e1 solicitar, con autorizaci\u00f3n de su asesor y aprobaci\u00f3n del Coordinador del Programa, la evaluaci\u00f3n de la tesis a trav\u00e9s del formulario <strong>Declaraci\u00f3n de Aptitud<\/strong>.<\/p>\n<p>Para la presentaci\u00f3n de la tesis, siga las siguientes instrucciones en la portada y hoja de rostro:<\/p>\n<ul>\n<li>Tesis presentada a la <strong>Facultad de Medicina de la Universidad de S\u00e3o Paulo<\/strong>, para la obtenci\u00f3n del t\u00edtulo de <strong>Doctor en Ciencias<\/strong>.<\/li>\n<li>Programa: nombre completo del programa (Cardiolog\u00eda).<\/li>\n<li>T\u00edtulo de la tesis: exactamente igual a la ficha catalogr\u00e1fica \u2014 <a href=\"https:\/\/www.fm.usp.br\/biblioteca\/pos-graduandos\">consulte las instrucciones para elaborar la ficha catalogr\u00e1fica<\/a>.<\/li>\n<li>La co-asesor\u00eda debe mencionarse \u00fanicamente si la acreditaci\u00f3n fue aprobada por el Comit\u00e9 del Programa de Posgrado (CPG); verificar en la Ficha del Alumno en el sistema Janus.<\/li>\n<li>Para normalizar su material, consulte la <strong>Gu\u00eda para la Presentaci\u00f3n de Disertaciones, Tesis y Monograf\u00edas<\/strong> de FMUSP (<a href=\"https:\/\/www.livrosabertos.sibi.usp.br\/portaldelivrosUSP\/catalog\/book\/115\">versi\u00f3n PDF<\/a>).<\/li>\n<\/ul>\n<p><strong>Informaci\u00f3n sobre la correcci\u00f3n de Disertaciones y Tesis \u2013 <a href=\"https:\/\/www2.fm.usp.br\/gdc\/docs\/biblioteca_228_Resolucao-CoPGr-6018[1].pdf\">Resoluci\u00f3n CoPGr 6018, del 13 de octubre de 2011.<\/a><\/strong><\/p>\n<p><strong><a href=\"https:\/\/pesquisa.in.gov.br\/imprensa\/jsp\/visualiza\/index.jsp?data=05\/09\/2018&amp;jornal=515&amp;pagina=22\">Informaci\u00f3n sobre la Ordenanza CAPES n\u00ba 206, del 4 de septiembre de 2018, que establece la obligatoriedad de citar a CAPES.<\/a><\/strong><\/p>\n<h5>Instrucciones para completar el formulario de Sugerencia de Comisi\u00f3n Evaluadora:<\/h5>\n<p>El formulario de <strong>Sugerencia de Comisi\u00f3n Evaluadora<\/strong> debe enviarse a esta Coordinaci\u00f3n al correo electr\u00f3nico <a href=\"mailto:pos-graduacao@incor.usp.br\">pos-graduacao@incor.usp.br<\/a>, con al menos un mes de anticipaci\u00f3n a la fecha prevista para la entrega de la tesis, para aprobaci\u00f3n por parte de la CCP.<\/p>\n<ul>\n<li>Al sugerir egresados del programa, la CCP solo aceptar\u00e1 aquellos que hayan publicado su tesis en revista indexada.<\/li>\n<li>Los profesores deben tener, como m\u00ednimo, el t\u00edtulo de doctor.<\/li>\n<li>La Comisi\u00f3n Evaluadora debe incluir miembros que hayan participado en el Examen de Calificaci\u00f3n.<\/li>\n<\/ul>\n<p>El asesor, como miembro nato, ser\u00e1 el presidente de la Comisi\u00f3n Evaluadora. La sugerencia debe contener seis nombres completos, con c\u00f3digo USP e instituci\u00f3n donde trabajan (IES).<\/p>\n<p>Los miembros sugeridos que no posean n\u00famero USP o cuyo registro est\u00e9 desactualizado deben completar el formulario de profesor visitante.<\/p>\n<h5>Composici\u00f3n de la Comisi\u00f3n:<\/h5>\n<p><strong>Titulares:<\/strong><\/p>\n<ul>\n<li>1 miembro interno: asesores o co-asesores acreditados en el programa y responsables de asignaturas de posgrado;<\/li>\n<li>1 miembro externo al programa: miembros externos con v\u00ednculo con USP o servidores del Complejo HC;<\/li>\n<li>1 miembro externo perteneciente a otra instituci\u00f3n.<\/li>\n<\/ul>\n<p><strong>Suplentes:<\/strong><\/p>\n<ul>\n<li>1 miembro interno: asesores o co-asesores acreditados en el programa y responsables de asignaturas de posgrado;<\/li>\n<li>1 miembro externo al programa: miembros externos con v\u00ednculo con USP o servidores del Complejo HC;<\/li>\n<li>1 miembro externo perteneciente a otra instituci\u00f3n.<\/li>\n<\/ul>\n<p><strong>Observaci\u00f3n:<\/strong> Preste atenci\u00f3n a las orientaciones contenidas en el formulario de sugerencia de Comisi\u00f3n Evaluadora.<\/p>\n<p>En caso de ausencia o impedimento del asesor, la CPG designar\u00e1 un sustituto, que podr\u00e1 ser el co-asesor o colaborador, seg\u00fan el caso. No podr\u00e1n formar parte de las comisiones evaluadoras familiares consangu\u00edneos del alumno.<\/p>\n<h5>Documentaci\u00f3n para el dep\u00f3sito de la tesis (online en el sistema Janus):<\/h5>\n<ul>\n<li>PDF de la tesis;<\/li>\n<li>Declaraci\u00f3n de verificaci\u00f3n de similitud y plagio \u2014 consulte el sitio: <a href=\"https:\/\/www.fm.usp.br\/biblioteca\/pos-graduandos\">https:\/\/www.fm.usp.br\/biblioteca\/pos-graduandos<\/a> para informaci\u00f3n sobre Turnitin;<\/li>\n<li>Documento comprobatorio de la publicaci\u00f3n y\/o env\u00edo de art\u00edculos derivados de la tesis en revistas con factor de impacto seg\u00fan Journal Citation Reports (JCR) o SCImago Journal Rank (SJR) superior a la mediana del \u00e1rea;<\/li>\n<li>Declaraci\u00f3n de Aptitud.<\/li>\n<\/ul>\n<h5>Financiamiento para revisi\u00f3n en ingl\u00e9s:<\/h5>\n<p>El programa financia dos revisiones en ingl\u00e9s de los art\u00edculos a trav\u00e9s de <a href=\"https:\/\/www.aje.com\/\">https:\/\/www.aje.com\/<\/a> en el servicio de edici\u00f3n Premium con plazo normal, hasta un a\u00f1o despu\u00e9s de la defensa de la tesis.<\/p>\n<p>El alumno realiza el pago con tarjeta de cr\u00e9dito y luego solicita el reembolso. Para solicitar el reembolso, deber\u00e1 completar un formulario y adjuntar la factura, el estado de cuenta de la tarjeta y comprobante de pago, con la aprobaci\u00f3n del asesor.<\/p>\n<h5>Requisitos para la cita:<\/h5>\n<p>En art\u00edculos, libros, res\u00famenes presentados en congresos y cualquier otra publicaci\u00f3n o difusi\u00f3n que resulte total o parcialmente de la tesis, debe constar que es producto de una tesis doctoral, seg\u00fan lo especificado (<a href=\"https:\/\/www.pgcardiologiausp.com.br\/wp-content\/uploads\/2024\/12\/Portaria_n_2309_-_Padronizacao_da_nomina_institucional_para_publicacao_de_artigos_cientificos.pdf\">Ordenanza n\u00ba 2309<\/a>), y debe figurar el nombre del asesor entre los autores:<\/p>\n<p style=\"text-align: center;\"><strong>Instituto del Coraz\u00f3n (InCor), Hospital das Cl\u00ednicas HCFMUSP, Facultad de Medicina, <\/strong><\/p>\n<p style=\"text-align: center;\"><strong>Universidad de S\u00e3o Paulo, S\u00e3o Paulo, SP, Brasil.<\/strong><\/p>\n<p>Si el art\u00edculo no se publica en el plazo de un a\u00f1o y el alumno ya no muestra inter\u00e9s, el asesor podr\u00e1 publicarlo siendo el primer autor.<\/p>\n<h5>Tesis basada en Compilaci\u00f3n de Art\u00edculos \u2013 Resoluci\u00f3n 8300, del 24\/08\/2022<\/h5>\n<p>La Comisi\u00f3n de Posgrado de FMUSP aprob\u00f3 las normas para presentaci\u00f3n de disertaciones y tesis en forma de compilaci\u00f3n de art\u00edculos (<a href=\"https:\/\/www.pgcardiologiausp.com.br\/wp-content\/uploads\/2024\/12\/Tese_dissertacao_com_compilacao_de_artigos_VERSAO_2_DE_21112013__2.docx\">Oficio 0278-11-CPGE<\/a>).<\/p>\n<ol>\n<li>Las tesis deben contener al menos dos art\u00edculos aceptados para publicaci\u00f3n, pudiendo incluir art\u00edculos en proceso de env\u00edo.<\/li>\n<li>La fecha de env\u00edo de los art\u00edculos debe ser posterior a la matr\u00edcula en el programa.<\/li>\n<li>Los art\u00edculos aceptados\/publicados deben contener datos relacionados con el proyecto de investigaci\u00f3n presentado a la CPG.<\/li>\n<li>El alumno debe ser primer autor de al menos dos art\u00edculos aceptados y coautor de los dem\u00e1s.<\/li>\n<li>El asesor debe ser coautor de todos los art\u00edculos.<\/li>\n<li>La indexaci\u00f3n de las revistas debe seguir las normas del programa para el dep\u00f3sito de la tesis; al menos uno de los art\u00edculos debe estar publicado en revista con estrato A4 o superior seg\u00fan Qualis Peri\u00f3dicos Referencia.<\/li>\n<li>Los candidatos que puedan estar sujetos al art\u00edculo 7\u00ba del Reglamento de Posgrado (Resoluci\u00f3n 7493, 27 de marzo de 2018) tendr\u00e1n su proyecto de tesis evaluado por la Comisi\u00f3n de Posgrado y luego enviado a la Congregaci\u00f3n. En este caso, los puntos 4, 5, 6 y 7 no ser\u00e1n exigidos.<\/li>\n<li>La tesis podr\u00e1 elaborarse en portugu\u00e9s, ingl\u00e9s, espa\u00f1ol o franc\u00e9s y debe contener:\n<ul>\n<li>Portada con nombre del autor, t\u00edtulo, lugar y fecha;<\/li>\n<li>Contraportada con nombre de la unidad, autor, t\u00edtulo, programa, asesor, lugar y fecha;<\/li>\n<li>Ficha catalogr\u00e1fica;<\/li>\n<li>Resumen en portugu\u00e9s;<\/li>\n<li>Abstract en ingl\u00e9s;<\/li>\n<li>Cap\u00edtulo introductorio justificando la inclusi\u00f3n de los art\u00edculos compilados;<\/li>\n<li>Citas completas de los art\u00edculos manuscritos incluidos, respetando las normas de copyright;<\/li>\n<li>Cap\u00edtulo de an\u00e1lisis cr\u00edtico donde se discutan y sinteticen las contribuciones de los art\u00edculos.<\/li>\n<\/ul>\n<\/li>\n<\/ol>\n<h5>Procedimiento de Defensa de Tesis:<\/h5>\n<ul>\n<li>La evaluaci\u00f3n ser\u00e1 en sesi\u00f3n p\u00fablica, con duraci\u00f3n m\u00e1xima de cinco horas.<\/li>\n<li>Las defensas p\u00fablicas pueden realizarse de manera remota por videoconferencia para agilizar la formaci\u00f3n y ejecuci\u00f3n de las Comisiones Evaluadoras (<a href=\"https:\/\/www.pgcardiologiausp.com.br\/wp-content\/uploads\/2024\/12\/circ._copgr_24_2011-1.pdf\">Circular CoPGR 24 2011<\/a>).<\/li>\n<li>El alumno expone su trabajo durante un m\u00e1ximo de 60 minutos antes de la defensa.<\/li>\n<li>Cada examinador dispone de 20 minutos para preguntas, y el candidato 20 minutos para responder o dialogar si ambas partes est\u00e1n de acuerdo. El tiempo total para preguntas no debe superar los 40 minutos.<\/li>\n<li>Los examinadores votan aprobado o reprobado en sesi\u00f3n secreta inmediatamente posterior a la defensa. La exposici\u00f3n inicial no cuenta para la votaci\u00f3n.<\/li>\n<li>Se considera habilitado el candidato que obtenga la mayor\u00eda de votos favorables.<\/li>\n<li>La Comisi\u00f3n Evaluadora enviar\u00e1 el Acta de Evaluaci\u00f3n a la CCP para conocimiento y luego a la CPG para homologaci\u00f3n.<\/li>\n<\/ul>\n<p>El candidato aprobado en la defensa recibir\u00e1 el t\u00edtulo de <strong>Doctor en Ciencias \u2013 Cardiolog\u00eda<\/strong>, emitido autom\u00e1ticamente junto con el historial acad\u00e9mico.<\/p>\n<p>Los diplomas listados en <a href=\"https:\/\/www.spg.fm.usp.br\/spg\/#\/diploma\">https:\/\/www.spg.fm.usp.br\/spg\/#\/diploma<\/a> pueden retirarse en el Servicio de Posgrado de FMUSP o descargarse v\u00eda sitio <a href=\"https:\/\/www.alumni.usp.br\/\">Alumni<\/a>.<\/p>\n<p>&nbsp;<\/p>\n","protected":false},"excerpt":{"rendered":"<p>Defensa de Tesis El estudiante de posgrado que haya cumplido con todos los requisitos reglamentarios deber\u00e1 solicitar, con autorizaci\u00f3n de su asesor y aprobaci\u00f3n del Coordinador<span class=\"excerpt-hellip\"> [\u2026]<\/span><\/p>\n","protected":false},"author":1,"featured_media":112,"parent":133,"menu_order":0,"comment_status":"closed","ping_status":"closed","template":"","meta":{"footnotes":""},"class_list":["post-143","page","type-page","status-publish","has-post-thumbnail","hentry"],"yoast_head":"<!-- This site is optimized with the Yoast SEO plugin v25.8 - https:\/\/yoast.com\/wordpress\/plugins\/seo\/ -->\n<title>Defensa de tesis - P\u00f3s-Gradua\u00e7\u00e3o em Cardiologia FMUSP<\/title>\n<meta name=\"robots\" content=\"index, follow, max-snippet:-1, max-image-preview:large, max-video-preview:-1\" \/>\n<link rel=\"canonical\" href=\"https:\/\/www.pgcardiologiausp.com.br\/procedimentos\/defesa-de-tese\/\" \/>\n<meta property=\"og:locale\" content=\"es_ES\" \/>\n<meta property=\"og:type\" content=\"article\" \/>\n<meta property=\"og:title\" content=\"Defensa de tesis - P\u00f3s-Gradua\u00e7\u00e3o em Cardiologia FMUSP\" \/>\n<meta property=\"og:description\" content=\"Defensa de Tesis El estudiante de posgrado que haya cumplido con todos los requisitos reglamentarios deber\u00e1 solicitar, con autorizaci\u00f3n de su asesor y aprobaci\u00f3n del Coordinador [\u2026]\" \/>\n<meta property=\"og:url\" content=\"https:\/\/www.pgcardiologiausp.com.br\/procedimentos\/defesa-de-tese\/\" \/>\n<meta property=\"og:site_name\" content=\"P\u00f3s-Gradua\u00e7\u00e3o em Cardiologia FMUSP\" \/>\n<meta property=\"article:modified_time\" content=\"2025-06-12T16:51:10+00:00\" \/>\n<meta property=\"og:image\" content=\"https:\/\/www.pgcardiologiausp.com.br\/wp-content\/uploads\/2024\/12\/bgheader_pgcardio_v1.2.jpg\" \/>\n\t<meta property=\"og:image:width\" content=\"1920\" \/>\n\t<meta property=\"og:image:height\" content=\"800\" \/>\n\t<meta property=\"og:image:type\" content=\"image\/jpeg\" \/>\n<meta name=\"twitter:card\" content=\"summary_large_image\" \/>\n<script type=\"application\/ld+json\" class=\"yoast-schema-graph\">{\"@context\":\"https:\/\/schema.org\",\"@graph\":[{\"@type\":\"WebPage\",\"@id\":\"https:\/\/www.pgcardiologiausp.com.br\/procedimentos\/defesa-de-tese\/\",\"url\":\"https:\/\/www.pgcardiologiausp.com.br\/procedimentos\/defesa-de-tese\/\",\"name\":\"Defensa de tesis - P\u00f3s-Gradua\u00e7\u00e3o em Cardiologia FMUSP\",\"isPartOf\":{\"@id\":\"https:\/\/www.pgcardiologiausp.com.br\/#website\"},\"primaryImageOfPage\":{\"@id\":\"https:\/\/www.pgcardiologiausp.com.br\/procedimentos\/defesa-de-tese\/#primaryimage\"},\"image\":{\"@id\":\"https:\/\/www.pgcardiologiausp.com.br\/procedimentos\/defesa-de-tese\/#primaryimage\"},\"thumbnailUrl\":\"https:\/\/www.pgcardiologiausp.com.br\/wp-content\/uploads\/2024\/12\/bgheader_pgcardio_v1.2.jpg\",\"datePublished\":\"2024-12-09T01:40:38+00:00\",\"dateModified\":\"2025-06-12T16:51:10+00:00\",\"breadcrumb\":{\"@id\":\"https:\/\/www.pgcardiologiausp.com.br\/procedimentos\/defesa-de-tese\/#breadcrumb\"},\"inLanguage\":\"es\",\"potentialAction\":[{\"@type\":\"ReadAction\",\"target\":[\"https:\/\/www.pgcardiologiausp.com.br\/procedimentos\/defesa-de-tese\/\"]}]},{\"@type\":\"ImageObject\",\"inLanguage\":\"es\",\"@id\":\"https:\/\/www.pgcardiologiausp.com.br\/procedimentos\/defesa-de-tese\/#primaryimage\",\"url\":\"https:\/\/www.pgcardiologiausp.com.br\/wp-content\/uploads\/2024\/12\/bgheader_pgcardio_v1.2.jpg\",\"contentUrl\":\"https:\/\/www.pgcardiologiausp.com.br\/wp-content\/uploads\/2024\/12\/bgheader_pgcardio_v1.2.jpg\",\"width\":1920,\"height\":800},{\"@type\":\"BreadcrumbList\",\"@id\":\"https:\/\/www.pgcardiologiausp.com.br\/procedimentos\/defesa-de-tese\/#breadcrumb\",\"itemListElement\":[{\"@type\":\"ListItem\",\"position\":1,\"name\":\"Home\",\"item\":\"https:\/\/www.pgcardiologiausp.com.br\/\"},{\"@type\":\"ListItem\",\"position\":2,\"name\":\"Procedimentos\",\"item\":\"https:\/\/www.pgcardiologiausp.com.br\/procedimentos\/\"},{\"@type\":\"ListItem\",\"position\":3,\"name\":\"Defesa de Tese\"}]},{\"@type\":\"WebSite\",\"@id\":\"https:\/\/www.pgcardiologiausp.com.br\/#website\",\"url\":\"https:\/\/www.pgcardiologiausp.com.br\/\",\"name\":\"P\u00f3s-Gradua\u00e7\u00e3o em Cardiologia FMUSP\",\"description\":\"\",\"publisher\":{\"@id\":\"https:\/\/www.pgcardiologiausp.com.br\/#organization\"},\"potentialAction\":[{\"@type\":\"SearchAction\",\"target\":{\"@type\":\"EntryPoint\",\"urlTemplate\":\"https:\/\/www.pgcardiologiausp.com.br\/?s={search_term_string}\"},\"query-input\":{\"@type\":\"PropertyValueSpecification\",\"valueRequired\":true,\"valueName\":\"search_term_string\"}}],\"inLanguage\":\"es\"},{\"@type\":\"Organization\",\"@id\":\"https:\/\/www.pgcardiologiausp.com.br\/#organization\",\"name\":\"P\u00f3s-Gradua\u00e7\u00e3o em Cardiologia FMUSP\",\"url\":\"https:\/\/www.pgcardiologiausp.com.br\/\",\"logo\":{\"@type\":\"ImageObject\",\"inLanguage\":\"es\",\"@id\":\"https:\/\/www.pgcardiologiausp.com.br\/#\/schema\/logo\/image\/\",\"url\":\"https:\/\/www.pgcardiologiausp.com.br\/wp-content\/uploads\/2024\/12\/pg_cardio_usp-logo-v1-clearbg-500x341-1.png\",\"contentUrl\":\"https:\/\/www.pgcardiologiausp.com.br\/wp-content\/uploads\/2024\/12\/pg_cardio_usp-logo-v1-clearbg-500x341-1.png\",\"width\":500,\"height\":177,\"caption\":\"P\u00f3s-Gradua\u00e7\u00e3o em Cardiologia FMUSP\"},\"image\":{\"@id\":\"https:\/\/www.pgcardiologiausp.com.br\/#\/schema\/logo\/image\/\"}}]}<\/script>\n<!-- \/ Yoast SEO plugin. -->","yoast_head_json":{"title":"Defensa de tesis - P\u00f3s-Gradua\u00e7\u00e3o em Cardiologia FMUSP","robots":{"index":"index","follow":"follow","max-snippet":"max-snippet:-1","max-image-preview":"max-image-preview:large","max-video-preview":"max-video-preview:-1"},"canonical":"https:\/\/www.pgcardiologiausp.com.br\/procedimentos\/defesa-de-tese\/","og_locale":"es_ES","og_type":"article","og_title":"Defensa de tesis - P\u00f3s-Gradua\u00e7\u00e3o em Cardiologia FMUSP","og_description":"Defensa de Tesis El estudiante de posgrado que haya cumplido con todos los requisitos reglamentarios deber\u00e1 solicitar, con autorizaci\u00f3n de su asesor y aprobaci\u00f3n del Coordinador [\u2026]","og_url":"https:\/\/www.pgcardiologiausp.com.br\/procedimentos\/defesa-de-tese\/","og_site_name":"P\u00f3s-Gradua\u00e7\u00e3o em Cardiologia FMUSP","article_modified_time":"2025-06-12T16:51:10+00:00","og_image":[{"width":1920,"height":800,"url":"https:\/\/www.pgcardiologiausp.com.br\/wp-content\/uploads\/2024\/12\/bgheader_pgcardio_v1.2.jpg","type":"image\/jpeg"}],"twitter_card":"summary_large_image","schema":{"@context":"https:\/\/schema.org","@graph":[{"@type":"WebPage","@id":"https:\/\/www.pgcardiologiausp.com.br\/procedimentos\/defesa-de-tese\/","url":"https:\/\/www.pgcardiologiausp.com.br\/procedimentos\/defesa-de-tese\/","name":"Defensa de tesis - P\u00f3s-Gradua\u00e7\u00e3o em Cardiologia FMUSP","isPartOf":{"@id":"https:\/\/www.pgcardiologiausp.com.br\/#website"},"primaryImageOfPage":{"@id":"https:\/\/www.pgcardiologiausp.com.br\/procedimentos\/defesa-de-tese\/#primaryimage"},"image":{"@id":"https:\/\/www.pgcardiologiausp.com.br\/procedimentos\/defesa-de-tese\/#primaryimage"},"thumbnailUrl":"https:\/\/www.pgcardiologiausp.com.br\/wp-content\/uploads\/2024\/12\/bgheader_pgcardio_v1.2.jpg","datePublished":"2024-12-09T01:40:38+00:00","dateModified":"2025-06-12T16:51:10+00:00","breadcrumb":{"@id":"https:\/\/www.pgcardiologiausp.com.br\/procedimentos\/defesa-de-tese\/#breadcrumb"},"inLanguage":"es","potentialAction":[{"@type":"ReadAction","target":["https:\/\/www.pgcardiologiausp.com.br\/procedimentos\/defesa-de-tese\/"]}]},{"@type":"ImageObject","inLanguage":"es","@id":"https:\/\/www.pgcardiologiausp.com.br\/procedimentos\/defesa-de-tese\/#primaryimage","url":"https:\/\/www.pgcardiologiausp.com.br\/wp-content\/uploads\/2024\/12\/bgheader_pgcardio_v1.2.jpg","contentUrl":"https:\/\/www.pgcardiologiausp.com.br\/wp-content\/uploads\/2024\/12\/bgheader_pgcardio_v1.2.jpg","width":1920,"height":800},{"@type":"BreadcrumbList","@id":"https:\/\/www.pgcardiologiausp.com.br\/procedimentos\/defesa-de-tese\/#breadcrumb","itemListElement":[{"@type":"ListItem","position":1,"name":"Home","item":"https:\/\/www.pgcardiologiausp.com.br\/"},{"@type":"ListItem","position":2,"name":"Procedimentos","item":"https:\/\/www.pgcardiologiausp.com.br\/procedimentos\/"},{"@type":"ListItem","position":3,"name":"Defesa de Tese"}]},{"@type":"WebSite","@id":"https:\/\/www.pgcardiologiausp.com.br\/#website","url":"https:\/\/www.pgcardiologiausp.com.br\/","name":"P\u00f3s-Gradua\u00e7\u00e3o em Cardiologia FMUSP","description":"","publisher":{"@id":"https:\/\/www.pgcardiologiausp.com.br\/#organization"},"potentialAction":[{"@type":"SearchAction","target":{"@type":"EntryPoint","urlTemplate":"https:\/\/www.pgcardiologiausp.com.br\/?s={search_term_string}"},"query-input":{"@type":"PropertyValueSpecification","valueRequired":true,"valueName":"search_term_string"}}],"inLanguage":"es"},{"@type":"Organization","@id":"https:\/\/www.pgcardiologiausp.com.br\/#organization","name":"P\u00f3s-Gradua\u00e7\u00e3o em Cardiologia FMUSP","url":"https:\/\/www.pgcardiologiausp.com.br\/","logo":{"@type":"ImageObject","inLanguage":"es","@id":"https:\/\/www.pgcardiologiausp.com.br\/#\/schema\/logo\/image\/","url":"https:\/\/www.pgcardiologiausp.com.br\/wp-content\/uploads\/2024\/12\/pg_cardio_usp-logo-v1-clearbg-500x341-1.png","contentUrl":"https:\/\/www.pgcardiologiausp.com.br\/wp-content\/uploads\/2024\/12\/pg_cardio_usp-logo-v1-clearbg-500x341-1.png","width":500,"height":177,"caption":"P\u00f3s-Gradua\u00e7\u00e3o em Cardiologia FMUSP"},"image":{"@id":"https:\/\/www.pgcardiologiausp.com.br\/#\/schema\/logo\/image\/"}}]}},"_links":{"self":[{"href":"https:\/\/www.pgcardiologiausp.com.br\/es\/wp-json\/wp\/v2\/pages\/143","targetHints":{"allow":["GET"]}}],"collection":[{"href":"https:\/\/www.pgcardiologiausp.com.br\/es\/wp-json\/wp\/v2\/pages"}],"about":[{"href":"https:\/\/www.pgcardiologiausp.com.br\/es\/wp-json\/wp\/v2\/types\/page"}],"author":[{"embeddable":true,"href":"https:\/\/www.pgcardiologiausp.com.br\/es\/wp-json\/wp\/v2\/users\/1"}],"replies":[{"embeddable":true,"href":"https:\/\/www.pgcardiologiausp.com.br\/es\/wp-json\/wp\/v2\/comments?post=143"}],"version-history":[{"count":13,"href":"https:\/\/www.pgcardiologiausp.com.br\/es\/wp-json\/wp\/v2\/pages\/143\/revisions"}],"predecessor-version":[{"id":2396,"href":"https:\/\/www.pgcardiologiausp.com.br\/es\/wp-json\/wp\/v2\/pages\/143\/revisions\/2396"}],"up":[{"embeddable":true,"href":"https:\/\/www.pgcardiologiausp.com.br\/es\/wp-json\/wp\/v2\/pages\/133"}],"wp:featuredmedia":[{"embeddable":true,"href":"https:\/\/www.pgcardiologiausp.com.br\/es\/wp-json\/wp\/v2\/media\/112"}],"wp:attachment":[{"href":"https:\/\/www.pgcardiologiausp.com.br\/es\/wp-json\/wp\/v2\/media?parent=143"}],"curies":[{"name":"wp","href":"https:\/\/api.w.org\/{rel}","templated":true}]}}