{"id":1459,"date":"2025-01-13T12:06:58","date_gmt":"2025-01-13T15:06:58","guid":{"rendered":"https:\/\/www.pgcardiologiausp.com.br\/?page_id=1459"},"modified":"2026-04-02T14:50:42","modified_gmt":"2026-04-02T17:50:42","slug":"editais","status":"publish","type":"page","link":"https:\/\/www.pgcardiologiausp.com.br\/es\/procedimentos\/editais\/","title":{"rendered":"Avisos"},"content":{"rendered":"<h4><strong>2026<\/strong><\/h4>\n<ul>\n<li><a href=\"https:\/\/www.pgcardiologiausp.com.br\/wp-content\/uploads\/2026\/03\/EDITAL-PREMIO-MAES-PESQUISADORAS_2026_2.pdf\">Pr\u00eamio USP M\u00e3es Pesquisadoras &#8211; Edi\u00e7\u00e3o 2026<\/a><\/li>\n<li><a href=\"https:\/\/www.pgcardiologiausp.com.br\/wp-content\/uploads\/2026\/03\/SEI_CNPq-2625129-Edital_0.pdf\">Edital Pr\u00eamio Jovem Cientista 32\u00aa edi\u00e7\u00e3o (CNPq)<\/a><\/li>\n<li><a href=\"https:\/\/www.pgcardiologiausp.com.br\/wp-content\/uploads\/2026\/01\/Edital_CARDIOLOGIA_2026N.pdf\">Edital de Inscri\u00e7\u00e3o para o Programa de Cardiologia 2026<\/a><\/li>\n<\/ul>\n<h4><strong>2025<\/strong><\/h4>\n<ul>\n<li><a href=\"https:\/\/www.pgcardiologiausp.com.br\/wp-content\/uploads\/2025\/09\/1_Edital-PRPG-No-13.pdf\">Aviso PRPG n.\u00ba 13\/2025<\/a> \/ <a href=\"https:\/\/www.pgcardiologiausp.com.br\/wp-content\/uploads\/2025\/09\/1_Edital-PRPG-No-13.pdf\">CAPES No. 17\/2025<\/a> &#8211; Programa de Doctorado en el Extranjero de Capes Sandwich (PDSE)<\/li>\n<li><a href=\"https:\/\/www.pgcardiologiausp.com.br\/wp-content\/uploads\/2025\/07\/Aucani-Idiomas_Language-Education-at-USP_2o-sem_2025.pdf\" target=\"_blank\" rel=\"noopener\">Convocatoria 2141 \u2013 Ense\u00f1anza de Idiomas en la USP \u2013 Ingl\u00e9s \u2013 Comunicaci\u00f3n Acad\u00e9mica en Lectura y Escritura y Comprensi\u00f3n Auditiva y Oral \u2013 Posgrado (2.\u00ba semestre\/2025)<\/a><\/li>\n<li><a href=\"https:\/\/www.pgcardiologiausp.com.br\/wp-content\/uploads\/2025\/04\/Edital-No-9_2025_CAPES_COFECUB_09042025_Edital_2578055_SEI_2577896_Edital_n__9_2025.pdf\" target=\"_blank\" rel=\"noopener\">Aviso PRPG 09\/2025 &#8211; Programa CAPES\/COFECUB<\/a><\/li>\n<li><a href=\"https:\/\/www.pgcardiologiausp.com.br\/wp-content\/uploads\/2025\/04\/Edital-PRPG-5-2025-UNIVESP-Discentes.pdf\" target=\"_blank\" rel=\"noopener\">Edital PRPG N\u00ba 05\/2025 Sele\u00e7\u00e3o de Alunos de P\u00f3s-Gradua\u00e7\u00e3o para o Programa \u201cForma\u00e7\u00e3o Did\u00e1tico<br \/>\nPedag\u00f3gica para Cursos de Modalidade a Dist\u00e2ncia\u201d \u2013 UNIVESP\/USP\u00a0<\/a><\/li>\n<li><a href=\"https:\/\/www.pgcardiologiausp.com.br\/wp-content\/uploads\/2025\/01\/EDITAL-NA\u00b0-01-2025-Bolsas-CNPq.pdf\" target=\"_blank\" rel=\"noopener\">Convocatoria 01\/2025 \u2013 Becas CNPq \u2013 Proyectos Interdisciplinarios<\/a><br \/>\n<strong data-start=\"51\" data-end=\"148\">CONVOCATORIA CNPq No 50\/2024 \u2013 Programa Institucional de Becas de Posgrado (PIBPG) Ciclo 2025<\/strong><br data-start=\"148\" data-end=\"151\" \/><strong data-start=\"151\" data-end=\"167\">OBSERVACI\u00d3N:<\/strong> Los docentes interesados en participar deben enviar los documentos antes del 17\/02\/2025 a la Secretar\u00eda de Posgrado. Cada programa podr\u00e1 participar con solo una propuesta.<\/li>\n<\/ul>\n<p>M\u00e1s informaci\u00f3n: <a href=\"https:\/\/www.pgcardiologiausp.com.br\/procedimentos\/ingresso\/\">Ingresso<\/a><\/p>\n","protected":false},"excerpt":{"rendered":"<p>2026 Pr\u00eamio USP M\u00e3es Pesquisadoras &#8211; Edi\u00e7\u00e3o 2026 Edital Pr\u00eamio Jovem Cientista 32\u00aa edi\u00e7\u00e3o (CNPq) Edital de Inscri\u00e7\u00e3o para o Programa de Cardiologia 2026 2025 Aviso<span class=\"excerpt-hellip\"> [\u2026]<\/span><\/p>\n","protected":false},"author":1,"featured_media":112,"parent":133,"menu_order":0,"comment_status":"closed","ping_status":"closed","template":"","meta":{"footnotes":""},"class_list":["post-1459","page","type-page","status-publish","has-post-thumbnail","hentry"],"yoast_head":"<!-- This site is optimized with the Yoast SEO plugin v25.8 - https:\/\/yoast.com\/wordpress\/plugins\/seo\/ -->\n<title>Avisos - P\u00f3s-Gradua\u00e7\u00e3o em Cardiologia FMUSP<\/title>\n<meta name=\"robots\" content=\"index, follow, max-snippet:-1, max-image-preview:large, max-video-preview:-1\" \/>\n<link rel=\"canonical\" href=\"https:\/\/www.pgcardiologiausp.com.br\/procedimentos\/editais\/\" \/>\n<meta property=\"og:locale\" content=\"es_ES\" \/>\n<meta property=\"og:type\" content=\"article\" \/>\n<meta property=\"og:title\" content=\"Avisos - P\u00f3s-Gradua\u00e7\u00e3o em Cardiologia FMUSP\" \/>\n<meta property=\"og:description\" content=\"2026 Pr\u00eamio USP M\u00e3es Pesquisadoras &#8211; Edi\u00e7\u00e3o 2026 Edital Pr\u00eamio Jovem Cientista 32\u00aa edi\u00e7\u00e3o (CNPq) Edital de Inscri\u00e7\u00e3o para o Programa de Cardiologia 2026 2025 Aviso [\u2026]\" \/>\n<meta property=\"og:url\" content=\"https:\/\/www.pgcardiologiausp.com.br\/procedimentos\/editais\/\" \/>\n<meta property=\"og:site_name\" content=\"P\u00f3s-Gradua\u00e7\u00e3o em Cardiologia FMUSP\" \/>\n<meta property=\"article:modified_time\" content=\"2026-04-02T17:50:42+00:00\" \/>\n<meta property=\"og:image\" content=\"https:\/\/www.pgcardiologiausp.com.br\/wp-content\/uploads\/2024\/12\/bgheader_pgcardio_v1.2.jpg\" \/>\n\t<meta property=\"og:image:width\" content=\"1920\" \/>\n\t<meta property=\"og:image:height\" content=\"800\" \/>\n\t<meta property=\"og:image:type\" content=\"image\/jpeg\" \/>\n<meta name=\"twitter:card\" content=\"summary_large_image\" \/>\n<script type=\"application\/ld+json\" class=\"yoast-schema-graph\">{\"@context\":\"https:\/\/schema.org\",\"@graph\":[{\"@type\":\"WebPage\",\"@id\":\"https:\/\/www.pgcardiologiausp.com.br\/procedimentos\/editais\/\",\"url\":\"https:\/\/www.pgcardiologiausp.com.br\/procedimentos\/editais\/\",\"name\":\"Avisos - P\u00f3s-Gradua\u00e7\u00e3o em Cardiologia FMUSP\",\"isPartOf\":{\"@id\":\"https:\/\/www.pgcardiologiausp.com.br\/#website\"},\"primaryImageOfPage\":{\"@id\":\"https:\/\/www.pgcardiologiausp.com.br\/procedimentos\/editais\/#primaryimage\"},\"image\":{\"@id\":\"https:\/\/www.pgcardiologiausp.com.br\/procedimentos\/editais\/#primaryimage\"},\"thumbnailUrl\":\"https:\/\/www.pgcardiologiausp.com.br\/wp-content\/uploads\/2024\/12\/bgheader_pgcardio_v1.2.jpg\",\"datePublished\":\"2025-01-13T15:06:58+00:00\",\"dateModified\":\"2026-04-02T17:50:42+00:00\",\"breadcrumb\":{\"@id\":\"https:\/\/www.pgcardiologiausp.com.br\/procedimentos\/editais\/#breadcrumb\"},\"inLanguage\":\"es\",\"potentialAction\":[{\"@type\":\"ReadAction\",\"target\":[\"https:\/\/www.pgcardiologiausp.com.br\/procedimentos\/editais\/\"]}]},{\"@type\":\"ImageObject\",\"inLanguage\":\"es\",\"@id\":\"https:\/\/www.pgcardiologiausp.com.br\/procedimentos\/editais\/#primaryimage\",\"url\":\"https:\/\/www.pgcardiologiausp.com.br\/wp-content\/uploads\/2024\/12\/bgheader_pgcardio_v1.2.jpg\",\"contentUrl\":\"https:\/\/www.pgcardiologiausp.com.br\/wp-content\/uploads\/2024\/12\/bgheader_pgcardio_v1.2.jpg\",\"width\":1920,\"height\":800},{\"@type\":\"BreadcrumbList\",\"@id\":\"https:\/\/www.pgcardiologiausp.com.br\/procedimentos\/editais\/#breadcrumb\",\"itemListElement\":[{\"@type\":\"ListItem\",\"position\":1,\"name\":\"Home\",\"item\":\"https:\/\/www.pgcardiologiausp.com.br\/\"},{\"@type\":\"ListItem\",\"position\":2,\"name\":\"Procedimentos\",\"item\":\"https:\/\/www.pgcardiologiausp.com.br\/procedimentos\/\"},{\"@type\":\"ListItem\",\"position\":3,\"name\":\"Editais\"}]},{\"@type\":\"WebSite\",\"@id\":\"https:\/\/www.pgcardiologiausp.com.br\/#website\",\"url\":\"https:\/\/www.pgcardiologiausp.com.br\/\",\"name\":\"P\u00f3s-Gradua\u00e7\u00e3o em Cardiologia FMUSP\",\"description\":\"\",\"publisher\":{\"@id\":\"https:\/\/www.pgcardiologiausp.com.br\/#organization\"},\"potentialAction\":[{\"@type\":\"SearchAction\",\"target\":{\"@type\":\"EntryPoint\",\"urlTemplate\":\"https:\/\/www.pgcardiologiausp.com.br\/?s={search_term_string}\"},\"query-input\":{\"@type\":\"PropertyValueSpecification\",\"valueRequired\":true,\"valueName\":\"search_term_string\"}}],\"inLanguage\":\"es\"},{\"@type\":\"Organization\",\"@id\":\"https:\/\/www.pgcardiologiausp.com.br\/#organization\",\"name\":\"P\u00f3s-Gradua\u00e7\u00e3o em Cardiologia FMUSP\",\"url\":\"https:\/\/www.pgcardiologiausp.com.br\/\",\"logo\":{\"@type\":\"ImageObject\",\"inLanguage\":\"es\",\"@id\":\"https:\/\/www.pgcardiologiausp.com.br\/#\/schema\/logo\/image\/\",\"url\":\"https:\/\/www.pgcardiologiausp.com.br\/wp-content\/uploads\/2024\/12\/pg_cardio_usp-logo-v1-clearbg-500x341-1.png\",\"contentUrl\":\"https:\/\/www.pgcardiologiausp.com.br\/wp-content\/uploads\/2024\/12\/pg_cardio_usp-logo-v1-clearbg-500x341-1.png\",\"width\":500,\"height\":177,\"caption\":\"P\u00f3s-Gradua\u00e7\u00e3o em Cardiologia FMUSP\"},\"image\":{\"@id\":\"https:\/\/www.pgcardiologiausp.com.br\/#\/schema\/logo\/image\/\"}}]}<\/script>\n<!-- \/ Yoast SEO plugin. -->","yoast_head_json":{"title":"Avisos - P\u00f3s-Gradua\u00e7\u00e3o em Cardiologia FMUSP","robots":{"index":"index","follow":"follow","max-snippet":"max-snippet:-1","max-image-preview":"max-image-preview:large","max-video-preview":"max-video-preview:-1"},"canonical":"https:\/\/www.pgcardiologiausp.com.br\/procedimentos\/editais\/","og_locale":"es_ES","og_type":"article","og_title":"Avisos - P\u00f3s-Gradua\u00e7\u00e3o em Cardiologia FMUSP","og_description":"2026 Pr\u00eamio USP M\u00e3es Pesquisadoras &#8211; Edi\u00e7\u00e3o 2026 Edital Pr\u00eamio Jovem Cientista 32\u00aa edi\u00e7\u00e3o (CNPq) Edital de Inscri\u00e7\u00e3o para o Programa de Cardiologia 2026 2025 Aviso [\u2026]","og_url":"https:\/\/www.pgcardiologiausp.com.br\/procedimentos\/editais\/","og_site_name":"P\u00f3s-Gradua\u00e7\u00e3o em Cardiologia FMUSP","article_modified_time":"2026-04-02T17:50:42+00:00","og_image":[{"width":1920,"height":800,"url":"https:\/\/www.pgcardiologiausp.com.br\/wp-content\/uploads\/2024\/12\/bgheader_pgcardio_v1.2.jpg","type":"image\/jpeg"}],"twitter_card":"summary_large_image","schema":{"@context":"https:\/\/schema.org","@graph":[{"@type":"WebPage","@id":"https:\/\/www.pgcardiologiausp.com.br\/procedimentos\/editais\/","url":"https:\/\/www.pgcardiologiausp.com.br\/procedimentos\/editais\/","name":"Avisos - P\u00f3s-Gradua\u00e7\u00e3o em Cardiologia FMUSP","isPartOf":{"@id":"https:\/\/www.pgcardiologiausp.com.br\/#website"},"primaryImageOfPage":{"@id":"https:\/\/www.pgcardiologiausp.com.br\/procedimentos\/editais\/#primaryimage"},"image":{"@id":"https:\/\/www.pgcardiologiausp.com.br\/procedimentos\/editais\/#primaryimage"},"thumbnailUrl":"https:\/\/www.pgcardiologiausp.com.br\/wp-content\/uploads\/2024\/12\/bgheader_pgcardio_v1.2.jpg","datePublished":"2025-01-13T15:06:58+00:00","dateModified":"2026-04-02T17:50:42+00:00","breadcrumb":{"@id":"https:\/\/www.pgcardiologiausp.com.br\/procedimentos\/editais\/#breadcrumb"},"inLanguage":"es","potentialAction":[{"@type":"ReadAction","target":["https:\/\/www.pgcardiologiausp.com.br\/procedimentos\/editais\/"]}]},{"@type":"ImageObject","inLanguage":"es","@id":"https:\/\/www.pgcardiologiausp.com.br\/procedimentos\/editais\/#primaryimage","url":"https:\/\/www.pgcardiologiausp.com.br\/wp-content\/uploads\/2024\/12\/bgheader_pgcardio_v1.2.jpg","contentUrl":"https:\/\/www.pgcardiologiausp.com.br\/wp-content\/uploads\/2024\/12\/bgheader_pgcardio_v1.2.jpg","width":1920,"height":800},{"@type":"BreadcrumbList","@id":"https:\/\/www.pgcardiologiausp.com.br\/procedimentos\/editais\/#breadcrumb","itemListElement":[{"@type":"ListItem","position":1,"name":"Home","item":"https:\/\/www.pgcardiologiausp.com.br\/"},{"@type":"ListItem","position":2,"name":"Procedimentos","item":"https:\/\/www.pgcardiologiausp.com.br\/procedimentos\/"},{"@type":"ListItem","position":3,"name":"Editais"}]},{"@type":"WebSite","@id":"https:\/\/www.pgcardiologiausp.com.br\/#website","url":"https:\/\/www.pgcardiologiausp.com.br\/","name":"P\u00f3s-Gradua\u00e7\u00e3o em Cardiologia FMUSP","description":"","publisher":{"@id":"https:\/\/www.pgcardiologiausp.com.br\/#organization"},"potentialAction":[{"@type":"SearchAction","target":{"@type":"EntryPoint","urlTemplate":"https:\/\/www.pgcardiologiausp.com.br\/?s={search_term_string}"},"query-input":{"@type":"PropertyValueSpecification","valueRequired":true,"valueName":"search_term_string"}}],"inLanguage":"es"},{"@type":"Organization","@id":"https:\/\/www.pgcardiologiausp.com.br\/#organization","name":"P\u00f3s-Gradua\u00e7\u00e3o em Cardiologia FMUSP","url":"https:\/\/www.pgcardiologiausp.com.br\/","logo":{"@type":"ImageObject","inLanguage":"es","@id":"https:\/\/www.pgcardiologiausp.com.br\/#\/schema\/logo\/image\/","url":"https:\/\/www.pgcardiologiausp.com.br\/wp-content\/uploads\/2024\/12\/pg_cardio_usp-logo-v1-clearbg-500x341-1.png","contentUrl":"https:\/\/www.pgcardiologiausp.com.br\/wp-content\/uploads\/2024\/12\/pg_cardio_usp-logo-v1-clearbg-500x341-1.png","width":500,"height":177,"caption":"P\u00f3s-Gradua\u00e7\u00e3o em Cardiologia FMUSP"},"image":{"@id":"https:\/\/www.pgcardiologiausp.com.br\/#\/schema\/logo\/image\/"}}]}},"_links":{"self":[{"href":"https:\/\/www.pgcardiologiausp.com.br\/es\/wp-json\/wp\/v2\/pages\/1459","targetHints":{"allow":["GET"]}}],"collection":[{"href":"https:\/\/www.pgcardiologiausp.com.br\/es\/wp-json\/wp\/v2\/pages"}],"about":[{"href":"https:\/\/www.pgcardiologiausp.com.br\/es\/wp-json\/wp\/v2\/types\/page"}],"author":[{"embeddable":true,"href":"https:\/\/www.pgcardiologiausp.com.br\/es\/wp-json\/wp\/v2\/users\/1"}],"replies":[{"embeddable":true,"href":"https:\/\/www.pgcardiologiausp.com.br\/es\/wp-json\/wp\/v2\/comments?post=1459"}],"version-history":[{"count":25,"href":"https:\/\/www.pgcardiologiausp.com.br\/es\/wp-json\/wp\/v2\/pages\/1459\/revisions"}],"predecessor-version":[{"id":3017,"href":"https:\/\/www.pgcardiologiausp.com.br\/es\/wp-json\/wp\/v2\/pages\/1459\/revisions\/3017"}],"up":[{"embeddable":true,"href":"https:\/\/www.pgcardiologiausp.com.br\/es\/wp-json\/wp\/v2\/pages\/133"}],"wp:featuredmedia":[{"embeddable":true,"href":"https:\/\/www.pgcardiologiausp.com.br\/es\/wp-json\/wp\/v2\/media\/112"}],"wp:attachment":[{"href":"https:\/\/www.pgcardiologiausp.com.br\/es\/wp-json\/wp\/v2\/media?parent=1459"}],"curies":[{"name":"wp","href":"https:\/\/api.w.org\/{rel}","templated":true}]}}