{"id":147,"date":"2024-12-08T22:41:02","date_gmt":"2024-12-09T01:41:02","guid":{"rendered":"https:\/\/www.pgcardiologiausp.com.br\/?page_id=147"},"modified":"2026-04-29T09:54:54","modified_gmt":"2026-04-29T12:54:54","slug":"formularios","status":"publish","type":"page","link":"https:\/\/www.pgcardiologiausp.com.br\/es\/procedimentos\/formularios\/","title":{"rendered":"Formularios"},"content":{"rendered":"<h4 style=\"text-align: center;\"><strong>**No incluya una fecha en los formularios a continuaci\u00f3n**<\/strong><\/h4>\n<hr \/>\n<h4><strong>ENLACE PARA INSCRIPCI\u00d3N E MATR\u00cdCULA<\/strong><\/h4>\n<p><a href=\"https:\/\/digital.fm.usp.br\/alunoregular\" target=\"_blank\" rel=\"noopener\">https:\/\/digital.fm.usp.br\/alunoregular<\/a><\/p>\n<hr \/>\n<h4><strong>INSCRIPCI\u00d3N<\/strong><\/h4>\n<ul>\n<li><a href=\"https:\/\/www.pgcardiologiausp.com.br\/wp-content\/uploads\/2024\/12\/FORMULARIO_DE_INSCRICAO_ATUAL.docx\" target=\"_blank\" rel=\"noopener\">Formulario de inscripci\u00f3n<\/a><\/li>\n<\/ul>\n<hr \/>\n<h4><strong>REGISTRO<\/strong><\/h4>\n<ul>\n<li><a href=\"https:\/\/www.pgcardiologiausp.com.br\/wp-content\/uploads\/2024\/12\/Matricula_Inicial_Aluno_Novo_atualizado_em_22072016_2.doc\" target=\"_blank\" rel=\"noopener noreferrer\">Inscripci\u00f3n inicial de nuevos estudiantes<\/a><\/li>\n<li><a href=\"https:\/\/www.pgcardiologiausp.com.br\/wp-content\/uploads\/2024\/12\/matrcula_aluno_regularmente_matriculado.doc\" target=\"_blank\" rel=\"noopener\">Inscripci\u00f3n en una asignatura para un alumno matriculado regularmente<\/a><\/li>\n<li><a href=\"https:\/\/www.pgcardiologiausp.com.br\/wp-content\/uploads\/2024\/12\/Matricula_de_aluno_especial.doc\" target=\"_blank\" rel=\"noopener noreferrer\">Inscripci\u00f3n especial de estudiantes<\/a><\/li>\n<li><a href=\"https:\/\/www.pgcardiologiausp.com.br\/wp-content\/uploads\/2024\/12\/Solicitacao_de_acesso_ao_HC-FMUSP.pdf\" target=\"_blank\" rel=\"noopener\">Solicitud de acceso a SIGH<\/a><\/li>\n<li><a href=\"https:\/\/prip.usp.br\/transporte\/\" target=\"_blank\" rel=\"noopener\">Instrucciones para solicitar un billete escolar (SPTrans)<\/a><\/li>\n<li><a href=\"https:\/\/www.pgcardiologiausp.com.br\/wp-content\/uploads\/2024\/12\/Formularios_Formulario_bilhete_escolar.27.03.2019.docx\" target=\"_blank\" rel=\"noopener\">Formulario de boleto escolar<\/a><\/li>\n<li><a href=\"https:\/\/www.pgcardiologiausp.com.br\/wp-content\/uploads\/2024\/12\/HCNOT_2024_edicao_extra_marco_2024.pdf\" target=\"_blank\" rel=\"noopener\">Presta\u00e7\u00e3o de Servi\u00e7os Volunt\u00e1rios<\/a> (actividad espont\u00e1nea no remunerada prestada al HCFMUSP por una persona f\u00edsica, que no genere una relaci\u00f3n laboral ni de car\u00e1cter laboral y de seguridad social, siendo clasificados como: profesionales de la salud, profesionales no sanitarios, investigadores, acciones ecum\u00e9nicas y sociales)<\/li>\n<li><a href=\"https:\/\/www.pgcardiologiausp.com.br\/wp-content\/uploads\/2024\/12\/termo_de_comprimisso_de_acesso_ao_si3_alunos_de_ps-graduao-2019-2.doc\" target=\"_blank\" rel=\"noopener\">Plazo de compromiso de acceso al SI3 para estudiantes de posgrado<\/a>(Obligatorio para los estudiantes que utilizar\u00e1n SI3)<\/li>\n<li><a href=\"https:\/\/www.pgcardiologiausp.com.br\/wp-content\/uploads\/2024\/12\/ATUALI_Declaracao_de_ciencia_das_normas_-_cardiologia.doc\" target=\"_blank\" rel=\"noopener\">Declaraci\u00f3n cient\u00edfica de normas &#8211; Cardiolog\u00eda<\/a><\/li>\n<li><a href=\"https:\/\/www.pgcardiologiausp.com.br\/wp-content\/uploads\/2024\/12\/ATUALI_Termo_compromisso_cardiologia.doc\" target=\"_blank\" rel=\"noopener\">Plazo de compromiso de publicaci\u00f3n de la tesis<\/a><\/li>\n<li><a href=\"https:\/\/www.pgcardiologiausp.com.br\/wp-content\/uploads\/2024\/12\/Formulario_projeto_pesquisa_atualizado_em_12022021-1.docx\" target=\"_blank\" rel=\"noopener\">Formulario de proyecto de investigaci\u00f3n<\/a><\/li>\n<li>Plazo de concesi\u00f3n del proyecto de tesis (obligatorio para proyectos que cuentan con financiaci\u00f3n)<\/li>\n<li><a href=\"https:\/\/www.pgcardiologiausp.com.br\/wp-content\/uploads\/2024\/12\/ATUALI_Formularios_Aceitacao_de_Titulo_de_Mestre.doc\" target=\"_blank\" rel=\"noopener\">Aceptaci\u00f3n del t\u00edtulo de maestr\u00eda<\/a><\/li>\n<\/ul>\n<p><strong>Los cr\u00e9ditos obtenidos como estudiante especial deben solicitarse despu\u00e9s de la inscripci\u00f3n.<\/strong><\/p>\n<hr \/>\n<h4><strong>BECAS<\/strong><\/h4>\n<ul>\n<li><a href=\"https:\/\/www.pgcardiologiausp.com.br\/wp-content\/uploads\/2024\/12\/Novo_Formulario_solicitacao_BOLSAS.doc\" target=\"_blank\" rel=\"noopener noreferrer\">Formulario de solicitud de beca<\/a><\/li>\n<li><a href=\"https:\/\/www.pgcardiologiausp.com.br\/wp-content\/uploads\/2024\/12\/CRITERIOS_CONCESSAO__DE_BOLSA_CARDIOLOGIA.pdf\" target=\"_blank\" rel=\"noopener noreferrer\">Criterios y requisitos para la concesi\u00f3n de becas<\/a><\/li>\n<li><a href=\"https:\/\/www.pgcardiologiausp.com.br\/wp-content\/uploads\/2024\/12\/03102023_TermodeCompromissoVersoVigente_PROEX.pdf\" target=\"_blank\" rel=\"noopener\">Per\u00edodo de compromiso de beca PROEX &#8211; cardiolog\u00eda<\/a><\/li>\n<li><a href=\"https:\/\/www.pgcardiologiausp.com.br\/wp-content\/uploads\/2024\/12\/03102023_DeclaraodeAcmulos_PROEX.pdf\" target=\"_blank\" rel=\"noopener noreferrer\">Declaraci\u00f3n de relaci\u00f3n laboral<\/a><\/li>\n<\/ul>\n<hr \/>\n<h4><strong>PROGRAMA DE APERFEI\u00c7OAMENTO DE ENSINO (PAE)<\/strong><\/h4>\n<p><a href=\"https:\/\/www.fm.usp.br\/pae\/\" target=\"_blank\" rel=\"noopener\">https:\/\/www.fm.usp.br\/pae\/<\/a><\/p>\n<hr \/>\n<h4><strong>SOLICITUD DE ESTUDIANTES<\/strong><\/h4>\n<p><strong><a href=\"https:\/\/www.pgcardiologiausp.com.br\/wp-content\/uploads\/2024\/12\/Tutorial-_Requerimento_On_Line_FMUSP_ALUNOS.pdf\" target=\"_blank\" rel=\"noopener\">Tutorial de presentaci\u00f3n de solicitudes en l\u00ednea<\/a><\/strong><\/p>\n<p>Solicitudes de: declaraci\u00f3n de matr\u00edcula en ingl\u00e9s, utilizaci\u00f3n de cr\u00e9ditos en disciplina cursada en la USP y en otra Instituci\u00f3n, cesi\u00f3n de cr\u00e9ditos especiales, suspensi\u00f3n de matr\u00edcula y otras Solicitudes (baja del Programa, pr\u00f3rroga).<br \/>\nplazo de dep\u00f3sito e inscripci\u00f3n en una asignatura y el seguimiento fuera de plazo) deber\u00e1 realizarse a trav\u00e9s de la <a href=\"https:\/\/uspdigital.usp.br\/janus\/componente\/autenticar.jsf\" target=\"_blank\" rel=\"noopener\">Sistema Janus<\/a>. A continuaci\u00f3n se muestran los formularios obligatorios para realizar solicitudes a trav\u00e9s del sistema:<\/p>\n<ul>\n<li><a href=\"https:\/\/www.pgcardiologiausp.com.br\/wp-content\/uploads\/2024\/12\/Formularios_Formulario_para_alteracao_no_projeto_pesquisa_inicial.27.03.2019.docx\" target=\"_blank\" rel=\"noopener\">Formulario de cambio de proyecto de investigaci\u00f3n inicial<\/a><\/li>\n<li><a href=\"https:\/\/www.pgcardiologiausp.com.br\/wp-content\/uploads\/2024\/12\/orientaes_trancamento_de_matrcula_por_motivo_de_sade.pdf\" target=\"_blank\" rel=\"noopener noreferrer\">Pautas para la cancelaci\u00f3n de la inscripci\u00f3n por motivos de salud<\/a><\/li>\n<li><a href=\"https:\/\/www.pgcardiologiausp.com.br\/wp-content\/uploads\/2024\/12\/Formularios_Formulario_trancamento_matricula.27.03.2019.docx\" target=\"_blank\" rel=\"noopener noreferrer\">Formulario de suspensi\u00f3n de registro<\/a> (compa\u00f1ado del formulario de estudiante emitido por el Sistema Janus)<\/li>\n<li><a href=\"https:\/\/www.pgcardiologiausp.com.br\/wp-content\/uploads\/2024\/12\/FORMULARIO_SOLICITACAO_DE_PRORROGACAO_DE_PRAZO_PELO_PROGRAMA.doc\" target=\"_blank\" rel=\"noopener\">Formulario de solicitud de extensi\u00f3n de plazo del programa de cardiolog\u00eda<\/a><\/li>\n<\/ul>\n<hr \/>\n<h4><strong>INFORME ACAD\u00c9MICO Y CIENT\u00cdFICO<\/strong><\/h4>\n<ul>\n<li><a href=\"https:\/\/www.pgcardiologiausp.com.br\/wp-content\/uploads\/2024\/12\/Relatorio_academico_e_cientifico-Cardiologia.doc\" target=\"_blank\" rel=\"noopener noreferrer\">Informe<\/a><\/li>\n<li><a href=\"https:\/\/www.pgcardiologiausp.com.br\/wp-content\/uploads\/2024\/12\/Relatorio_academico_e_cientifico-_PNPD_Cardiologia.docx\" target=\"_blank\" rel=\"noopener\">Informe para los becarios del PNPD<\/a><\/li>\n<\/ul>\n<hr \/>\n<h4><strong>EXAMEN DE CALIFICACI\u00d3N<\/strong><\/h4>\n<ul>\n<li><a href=\"https:\/\/www.pgcardiologiausp.com.br\/wp-content\/uploads\/2024\/12\/ATUALI_Inscricao_para_o_EQ_Novo_Regimento.09.10.2019_1_cardio.doc\" target=\"_blank\" rel=\"noopener\">Inscripci\u00f3n para el examen de calificaci\u00f3n<\/a><\/li>\n<li><a href=\"https:\/\/www.pgcardiologiausp.com.br\/wp-content\/uploads\/2024\/12\/form_sugest_banc_exam_qualif.doc\" target=\"_blank\" rel=\"noopener noreferrer\">Sugerencia de junta para examen de calificaci\u00f3n<\/a> (Los miembros de la junta directiva deben tener un CV actualizado Lattes en <a href=\"https:\/\/lattes.cnpq.br\/\" target=\"_blank\" rel=\"noopener\">Sitio web del CNPq<\/a>)<\/li>\n<li><a href=\"https:\/\/www.pgcardiologiausp.com.br\/wp-content\/uploads\/2024\/12\/CADASTRO_CONVIDADOS_EXTERNO_01junho2023-1.doc\" target=\"_blank\" rel=\"noopener\">Inscripci\u00f3n de Profesores Visitantes<\/a><\/li>\n<li><a href=\"https:\/\/www.pgcardiologiausp.com.br\/wp-content\/uploads\/2024\/12\/CADASTRO_CONVIDADOS_EXTERNO_ESTRANGEIRO_02junho2023.doc\" target=\"_blank\" rel=\"noopener\">Inscripci\u00f3n de profesor visitante internacional<\/a><\/li>\n<li><a href=\"https:\/\/www.pgcardiologiausp.com.br\/wp-content\/uploads\/2026\/03\/ORIENTADORES_CARDIOLOGIA_SEM_CPF.xls\">Supervisores del Programa de Cardiolog\u00eda<\/a><\/li>\n<li><a href=\"https:\/\/www.pgcardiologiausp.com.br\/wp-content\/uploads\/2026\/03\/ORIENTADORES_CIRURGIA_SEM_CPF.xls\">Supervisores del programa de cirug\u00eda<\/a><\/li>\n<li><a href=\"https:\/\/www.pgcardiologiausp.com.br\/wp-content\/uploads\/2026\/03\/ORIENTADORES_CIENCIAS_DA_RESPIRACAO_SEM_CPF.xls\">Supervisores del Programa de Ciencias Respiratorias<\/a><\/li>\n<li><a href=\"https:\/\/www.pgcardiologiausp.com.br\/wp-content\/uploads\/2026\/03\/Sugestao-de-Professores-de-fora-SEM-CPF.xls\">Lista de profesores de otros estados (sujeta a cambios)<\/a><\/li>\n<\/ul>\n<hr \/>\n<h4><strong>DEFENSA DE TESIS<\/strong><\/h4>\n<ul>\n<li><a href=\"https:\/\/www.pgcardiologiausp.com.br\/wp-content\/uploads\/2024\/12\/SUGESTAO_banca_25.06.19.doc\" target=\"_blank\" rel=\"noopener\">Sugerencia para un comit\u00e9 de doctorado<\/a> (Los miembros de la junta directiva deben tener un CV actualizado Lattes en <a href=\"https:\/\/lattes.cnpq.br\/\" target=\"_blank\" rel=\"noopener\">Sitio web del CNPq<\/a>)<\/li>\n<li><a href=\"https:\/\/www.pgcardiologiausp.com.br\/wp-content\/uploads\/2024\/12\/formulario_de_agendamento_2023_atualizado_em_18012023.docx\" target=\"_blank\" rel=\"noopener\">Formulario de programaci\u00f3n de defensa de tesis<\/a><\/li>\n<li><a href=\"https:\/\/www.pgcardiologiausp.com.br\/wp-content\/uploads\/2024\/12\/CADASTRO_CONVIDADOS_EXTERNO_01junho2023-1.doc\" target=\"_blank\" rel=\"noopener\">Inscripci\u00f3n de Profesores Visitantes<\/a><\/li>\n<li><a href=\"https:\/\/www.pgcardiologiausp.com.br\/wp-content\/uploads\/2024\/12\/CADASTRO_CONVIDADOS_EXTERNO_ESTRANGEIRO_02junho2023.doc\" target=\"_blank\" rel=\"noopener\">Inscripci\u00f3n de profesor visitante internacional<\/a><\/li>\n<li><a href=\"https:\/\/sucupira-legado.capes.gov.br\/sucupira\/public\/consultas\/coleta\/veiculoPublicacaoQualis\/listaConsultaGeralPeriodicos.jsf\" target=\"_blank\" rel=\"noopener noreferrer\">Qualis das revistas<\/a><\/li>\n<li><a href=\"https:\/\/www.pgcardiologiausp.com.br\/wp-content\/uploads\/2026\/03\/ORIENTADORES_CARDIOLOGIA_SEM_CPF.xls\">Supervisores del Programa de Cardiolog\u00eda<\/a><\/li>\n<li><a href=\"https:\/\/www.pgcardiologiausp.com.br\/wp-content\/uploads\/2026\/03\/ORIENTADORES_CIRURGIA_SEM_CPF.xls\">Supervisores del programa de cirug\u00eda<\/a><\/li>\n<li><a href=\"https:\/\/www.pgcardiologiausp.com.br\/wp-content\/uploads\/2026\/03\/ORIENTADORES_CIENCIAS_DA_RESPIRACAO_SEM_CPF.xls\">Asesores del Programa de Ciencias Respiratorias<\/a><\/li>\n<li><a href=\"https:\/\/www.pgcardiologiausp.com.br\/wp-content\/uploads\/2026\/03\/Sugestao-de-Professores-de-fora-SEM-CPF.xls\">Lista de profesores de otros estados (sujeta a cambios)<\/a><\/li>\n<li><a href=\"https:\/\/www.pgcardiologiausp.com.br\/wp-content\/uploads\/2024\/12\/Formularios_Carta_de_deposito_nova_versao.04.05.21.docx\" target=\"_blank\" rel=\"noopener\">Declaraci\u00f3n de aptitud<\/a><\/li>\n<li><a href=\"https:\/\/www.pgcardiologiausp.com.br\/wp-content\/uploads\/2024\/12\/DECLARACAO_DE_SIMILARIDADE_E_PLAGIO.doc\" target=\"_blank\" rel=\"noopener\">Declaraci\u00f3n de similitud y plagio<\/a> &#8211; Acceder al sitio web: <a href=\"https:\/\/www.fm.usp.br\/biblioteca\/pos-graduandos\" target=\"_blank\" rel=\"noopener\">https:\/\/www.fm.usp.br\/biblioteca\/pos-graduandos<\/a> y consultar la informaci\u00f3n sobre Turnitin<\/li>\n<\/ul>\n<hr \/>\n<h4><strong>SUPERVISOR<\/strong><\/h4>\n<ul>\n<li><a href=\"https:\/\/www.pgcardiologiausp.com.br\/wp-content\/uploads\/2024\/12\/CRITERIOS_PARA_CREDENCIAMENTO_E_RECREDENCIAMENTO_DE_ORIENTADORES_E_COORIENTADORES.pdf\" target=\"_blank\" rel=\"noopener\">Criterios para la acreditaci\u00f3n y reacreditaci\u00f3n de supervisores de cardiolog\u00eda<\/a><\/li>\n<li><a href=\"https:\/\/www.pgcardiologiausp.com.br\/wp-content\/uploads\/2024\/12\/FORMULARIO_CREDENCIAMENTO_ORIENTADOR_Cardiologia4anos.doc\" target=\"_blank\" rel=\"noopener\">Solicitud de acreditaci\u00f3n de supervisor<\/a><\/li>\n<li><a href=\"https:\/\/www.pgcardiologiausp.com.br\/wp-content\/uploads\/2024\/12\/circ.copgr_.25-05_credenciamento_de_orientadores_no_contratados_pela_usp.doc\" target=\"_blank\" rel=\"noopener noreferrer\">Acreditaci\u00f3n de supervisores no contratados por la USP<\/a><\/li>\n<li><a href=\"https:\/\/www.pgcardiologiausp.com.br\/wp-content\/uploads\/2024\/12\/Formularios_Normatizacao_do_Credenciamento_dos_Tecnicos_de_Nivel_Superior.27.03.19.pdf\" target=\"_blank\" rel=\"noopener noreferrer\">Directrices para la acreditaci\u00f3n de supervisores de nivel t\u00e9cnico en la USP<\/a><\/li>\n<\/ul>\n<hr \/>\n<h4><strong>DISCIPLINA<\/strong><\/h4>\n<ul>\n<li><a href=\"https:\/\/www.pgcardiologiausp.com.br\/wp-content\/uploads\/2024\/12\/FORMULARIO_PARA_CRED_RECRED_DE_DISCIPLINAS_12112021.docx\" target=\"_blank\" rel=\"noopener\">Acreditaci\u00f3n y reacreditaci\u00f3n de disciplinas<\/a><\/li>\n<li><a href=\"https:\/\/www.pgcardiologiausp.com.br\/wp-content\/uploads\/2024\/12\/Criterios_utilizados_para_credenciamento_de_disciplina.pdf\" target=\"_blank\" rel=\"noopener\">Criterios utilizados para la acreditaci\u00f3n y reacreditaci\u00f3n<\/a><\/li>\n<\/ul>\n<hr \/>\n<h4><strong>SOLICITUD DE AYUDA<\/strong><\/h4>\n<ul>\n<li><a href=\"https:\/\/www.pgcardiologiausp.com.br\/wp-content\/uploads\/2024\/12\/Criterios_auxilios.CARDIOLOGIA_15.pdf\" target=\"_blank\" rel=\"noopener\">Criterios para solicitar ayuda<\/a><\/li>\n<li><a href=\"https:\/\/www.pgcardiologiausp.com.br\/wp-content\/uploads\/2024\/12\/ATUALI_Formulario_solicitacao_de_verba__-_Auxlio_Congresso_Internacional.doc\" target=\"_blank\" rel=\"noopener\">Solicitud de financiaci\u00f3n para asistencia al Congreso Internacional<\/a> <strong><br \/>\n<\/strong><\/li>\n<li><a href=\"https:\/\/www.pgcardiologiausp.com.br\/wp-content\/uploads\/2024\/12\/ATUALI_Formulario_solicitacao_de_reembolso_pagamento_Publicacao.doc\" target=\"_blank\" rel=\"noopener\">Solicitud de financiaci\u00f3n para publicaci\u00f3n y revisi\u00f3n de art\u00edculos<\/a><\/li>\n<\/ul>\n","protected":false},"excerpt":{"rendered":"<p>**No incluya una fecha en los formularios a continuaci\u00f3n** ENLACE PARA INSCRIPCI\u00d3N E MATR\u00cdCULA https:\/\/digital.fm.usp.br\/alunoregular INSCRIPCI\u00d3N Formulario de inscripci\u00f3n REGISTRO Inscripci\u00f3n inicial de nuevos estudiantes Inscripci\u00f3n<span class=\"excerpt-hellip\"> [\u2026]<\/span><\/p>\n","protected":false},"author":1,"featured_media":112,"parent":133,"menu_order":0,"comment_status":"closed","ping_status":"closed","template":"","meta":{"footnotes":""},"class_list":["post-147","page","type-page","status-publish","has-post-thumbnail","hentry"],"yoast_head":"<!-- This site is optimized with the Yoast SEO plugin v25.8 - https:\/\/yoast.com\/wordpress\/plugins\/seo\/ -->\n<title>Formularios - P\u00f3s-Gradua\u00e7\u00e3o em Cardiologia FMUSP<\/title>\n<meta name=\"robots\" content=\"index, follow, max-snippet:-1, max-image-preview:large, max-video-preview:-1\" \/>\n<link rel=\"canonical\" href=\"https:\/\/www.pgcardiologiausp.com.br\/procedimentos\/formularios\/\" \/>\n<meta property=\"og:locale\" content=\"es_ES\" \/>\n<meta property=\"og:type\" content=\"article\" \/>\n<meta property=\"og:title\" content=\"Formularios - P\u00f3s-Gradua\u00e7\u00e3o em Cardiologia FMUSP\" \/>\n<meta property=\"og:description\" content=\"**No incluya una fecha en los formularios a continuaci\u00f3n** ENLACE PARA INSCRIPCI\u00d3N E MATR\u00cdCULA https:\/\/digital.fm.usp.br\/alunoregular INSCRIPCI\u00d3N Formulario de inscripci\u00f3n REGISTRO Inscripci\u00f3n inicial de nuevos estudiantes Inscripci\u00f3n [\u2026]\" \/>\n<meta property=\"og:url\" content=\"https:\/\/www.pgcardiologiausp.com.br\/procedimentos\/formularios\/\" \/>\n<meta property=\"og:site_name\" content=\"P\u00f3s-Gradua\u00e7\u00e3o em Cardiologia FMUSP\" \/>\n<meta property=\"article:modified_time\" content=\"2026-04-29T12:54:54+00:00\" \/>\n<meta property=\"og:image\" content=\"https:\/\/www.pgcardiologiausp.com.br\/wp-content\/uploads\/2024\/12\/bgheader_pgcardio_v1.2.jpg\" \/>\n\t<meta property=\"og:image:width\" content=\"1920\" \/>\n\t<meta property=\"og:image:height\" content=\"800\" \/>\n\t<meta property=\"og:image:type\" content=\"image\/jpeg\" \/>\n<meta name=\"twitter:card\" content=\"summary_large_image\" \/>\n<script type=\"application\/ld+json\" class=\"yoast-schema-graph\">{\"@context\":\"https:\/\/schema.org\",\"@graph\":[{\"@type\":\"WebPage\",\"@id\":\"https:\/\/www.pgcardiologiausp.com.br\/procedimentos\/formularios\/\",\"url\":\"https:\/\/www.pgcardiologiausp.com.br\/procedimentos\/formularios\/\",\"name\":\"Formularios - P\u00f3s-Gradua\u00e7\u00e3o em Cardiologia FMUSP\",\"isPartOf\":{\"@id\":\"https:\/\/www.pgcardiologiausp.com.br\/#website\"},\"primaryImageOfPage\":{\"@id\":\"https:\/\/www.pgcardiologiausp.com.br\/procedimentos\/formularios\/#primaryimage\"},\"image\":{\"@id\":\"https:\/\/www.pgcardiologiausp.com.br\/procedimentos\/formularios\/#primaryimage\"},\"thumbnailUrl\":\"https:\/\/www.pgcardiologiausp.com.br\/wp-content\/uploads\/2024\/12\/bgheader_pgcardio_v1.2.jpg\",\"datePublished\":\"2024-12-09T01:41:02+00:00\",\"dateModified\":\"2026-04-29T12:54:54+00:00\",\"breadcrumb\":{\"@id\":\"https:\/\/www.pgcardiologiausp.com.br\/procedimentos\/formularios\/#breadcrumb\"},\"inLanguage\":\"es\",\"potentialAction\":[{\"@type\":\"ReadAction\",\"target\":[\"https:\/\/www.pgcardiologiausp.com.br\/procedimentos\/formularios\/\"]}]},{\"@type\":\"ImageObject\",\"inLanguage\":\"es\",\"@id\":\"https:\/\/www.pgcardiologiausp.com.br\/procedimentos\/formularios\/#primaryimage\",\"url\":\"https:\/\/www.pgcardiologiausp.com.br\/wp-content\/uploads\/2024\/12\/bgheader_pgcardio_v1.2.jpg\",\"contentUrl\":\"https:\/\/www.pgcardiologiausp.com.br\/wp-content\/uploads\/2024\/12\/bgheader_pgcardio_v1.2.jpg\",\"width\":1920,\"height\":800},{\"@type\":\"BreadcrumbList\",\"@id\":\"https:\/\/www.pgcardiologiausp.com.br\/procedimentos\/formularios\/#breadcrumb\",\"itemListElement\":[{\"@type\":\"ListItem\",\"position\":1,\"name\":\"Home\",\"item\":\"https:\/\/www.pgcardiologiausp.com.br\/\"},{\"@type\":\"ListItem\",\"position\":2,\"name\":\"Procedimentos\",\"item\":\"https:\/\/www.pgcardiologiausp.com.br\/procedimentos\/\"},{\"@type\":\"ListItem\",\"position\":3,\"name\":\"Formul\u00e1rios\"}]},{\"@type\":\"WebSite\",\"@id\":\"https:\/\/www.pgcardiologiausp.com.br\/#website\",\"url\":\"https:\/\/www.pgcardiologiausp.com.br\/\",\"name\":\"P\u00f3s-Gradua\u00e7\u00e3o em Cardiologia FMUSP\",\"description\":\"\",\"publisher\":{\"@id\":\"https:\/\/www.pgcardiologiausp.com.br\/#organization\"},\"potentialAction\":[{\"@type\":\"SearchAction\",\"target\":{\"@type\":\"EntryPoint\",\"urlTemplate\":\"https:\/\/www.pgcardiologiausp.com.br\/?s={search_term_string}\"},\"query-input\":{\"@type\":\"PropertyValueSpecification\",\"valueRequired\":true,\"valueName\":\"search_term_string\"}}],\"inLanguage\":\"es\"},{\"@type\":\"Organization\",\"@id\":\"https:\/\/www.pgcardiologiausp.com.br\/#organization\",\"name\":\"P\u00f3s-Gradua\u00e7\u00e3o em Cardiologia FMUSP\",\"url\":\"https:\/\/www.pgcardiologiausp.com.br\/\",\"logo\":{\"@type\":\"ImageObject\",\"inLanguage\":\"es\",\"@id\":\"https:\/\/www.pgcardiologiausp.com.br\/#\/schema\/logo\/image\/\",\"url\":\"https:\/\/www.pgcardiologiausp.com.br\/wp-content\/uploads\/2024\/12\/pg_cardio_usp-logo-v1-clearbg-500x341-1.png\",\"contentUrl\":\"https:\/\/www.pgcardiologiausp.com.br\/wp-content\/uploads\/2024\/12\/pg_cardio_usp-logo-v1-clearbg-500x341-1.png\",\"width\":500,\"height\":177,\"caption\":\"P\u00f3s-Gradua\u00e7\u00e3o em Cardiologia FMUSP\"},\"image\":{\"@id\":\"https:\/\/www.pgcardiologiausp.com.br\/#\/schema\/logo\/image\/\"}}]}<\/script>\n<!-- \/ Yoast SEO plugin. -->","yoast_head_json":{"title":"Formularios - P\u00f3s-Gradua\u00e7\u00e3o em Cardiologia FMUSP","robots":{"index":"index","follow":"follow","max-snippet":"max-snippet:-1","max-image-preview":"max-image-preview:large","max-video-preview":"max-video-preview:-1"},"canonical":"https:\/\/www.pgcardiologiausp.com.br\/procedimentos\/formularios\/","og_locale":"es_ES","og_type":"article","og_title":"Formularios - P\u00f3s-Gradua\u00e7\u00e3o em Cardiologia FMUSP","og_description":"**No incluya una fecha en los formularios a continuaci\u00f3n** ENLACE PARA INSCRIPCI\u00d3N E MATR\u00cdCULA https:\/\/digital.fm.usp.br\/alunoregular INSCRIPCI\u00d3N Formulario de inscripci\u00f3n REGISTRO Inscripci\u00f3n inicial de nuevos estudiantes Inscripci\u00f3n [\u2026]","og_url":"https:\/\/www.pgcardiologiausp.com.br\/procedimentos\/formularios\/","og_site_name":"P\u00f3s-Gradua\u00e7\u00e3o em Cardiologia FMUSP","article_modified_time":"2026-04-29T12:54:54+00:00","og_image":[{"width":1920,"height":800,"url":"https:\/\/www.pgcardiologiausp.com.br\/wp-content\/uploads\/2024\/12\/bgheader_pgcardio_v1.2.jpg","type":"image\/jpeg"}],"twitter_card":"summary_large_image","schema":{"@context":"https:\/\/schema.org","@graph":[{"@type":"WebPage","@id":"https:\/\/www.pgcardiologiausp.com.br\/procedimentos\/formularios\/","url":"https:\/\/www.pgcardiologiausp.com.br\/procedimentos\/formularios\/","name":"Formularios - P\u00f3s-Gradua\u00e7\u00e3o em Cardiologia FMUSP","isPartOf":{"@id":"https:\/\/www.pgcardiologiausp.com.br\/#website"},"primaryImageOfPage":{"@id":"https:\/\/www.pgcardiologiausp.com.br\/procedimentos\/formularios\/#primaryimage"},"image":{"@id":"https:\/\/www.pgcardiologiausp.com.br\/procedimentos\/formularios\/#primaryimage"},"thumbnailUrl":"https:\/\/www.pgcardiologiausp.com.br\/wp-content\/uploads\/2024\/12\/bgheader_pgcardio_v1.2.jpg","datePublished":"2024-12-09T01:41:02+00:00","dateModified":"2026-04-29T12:54:54+00:00","breadcrumb":{"@id":"https:\/\/www.pgcardiologiausp.com.br\/procedimentos\/formularios\/#breadcrumb"},"inLanguage":"es","potentialAction":[{"@type":"ReadAction","target":["https:\/\/www.pgcardiologiausp.com.br\/procedimentos\/formularios\/"]}]},{"@type":"ImageObject","inLanguage":"es","@id":"https:\/\/www.pgcardiologiausp.com.br\/procedimentos\/formularios\/#primaryimage","url":"https:\/\/www.pgcardiologiausp.com.br\/wp-content\/uploads\/2024\/12\/bgheader_pgcardio_v1.2.jpg","contentUrl":"https:\/\/www.pgcardiologiausp.com.br\/wp-content\/uploads\/2024\/12\/bgheader_pgcardio_v1.2.jpg","width":1920,"height":800},{"@type":"BreadcrumbList","@id":"https:\/\/www.pgcardiologiausp.com.br\/procedimentos\/formularios\/#breadcrumb","itemListElement":[{"@type":"ListItem","position":1,"name":"Home","item":"https:\/\/www.pgcardiologiausp.com.br\/"},{"@type":"ListItem","position":2,"name":"Procedimentos","item":"https:\/\/www.pgcardiologiausp.com.br\/procedimentos\/"},{"@type":"ListItem","position":3,"name":"Formul\u00e1rios"}]},{"@type":"WebSite","@id":"https:\/\/www.pgcardiologiausp.com.br\/#website","url":"https:\/\/www.pgcardiologiausp.com.br\/","name":"P\u00f3s-Gradua\u00e7\u00e3o em Cardiologia FMUSP","description":"","publisher":{"@id":"https:\/\/www.pgcardiologiausp.com.br\/#organization"},"potentialAction":[{"@type":"SearchAction","target":{"@type":"EntryPoint","urlTemplate":"https:\/\/www.pgcardiologiausp.com.br\/?s={search_term_string}"},"query-input":{"@type":"PropertyValueSpecification","valueRequired":true,"valueName":"search_term_string"}}],"inLanguage":"es"},{"@type":"Organization","@id":"https:\/\/www.pgcardiologiausp.com.br\/#organization","name":"P\u00f3s-Gradua\u00e7\u00e3o em Cardiologia FMUSP","url":"https:\/\/www.pgcardiologiausp.com.br\/","logo":{"@type":"ImageObject","inLanguage":"es","@id":"https:\/\/www.pgcardiologiausp.com.br\/#\/schema\/logo\/image\/","url":"https:\/\/www.pgcardiologiausp.com.br\/wp-content\/uploads\/2024\/12\/pg_cardio_usp-logo-v1-clearbg-500x341-1.png","contentUrl":"https:\/\/www.pgcardiologiausp.com.br\/wp-content\/uploads\/2024\/12\/pg_cardio_usp-logo-v1-clearbg-500x341-1.png","width":500,"height":177,"caption":"P\u00f3s-Gradua\u00e7\u00e3o em Cardiologia FMUSP"},"image":{"@id":"https:\/\/www.pgcardiologiausp.com.br\/#\/schema\/logo\/image\/"}}]}},"_links":{"self":[{"href":"https:\/\/www.pgcardiologiausp.com.br\/es\/wp-json\/wp\/v2\/pages\/147","targetHints":{"allow":["GET"]}}],"collection":[{"href":"https:\/\/www.pgcardiologiausp.com.br\/es\/wp-json\/wp\/v2\/pages"}],"about":[{"href":"https:\/\/www.pgcardiologiausp.com.br\/es\/wp-json\/wp\/v2\/types\/page"}],"author":[{"embeddable":true,"href":"https:\/\/www.pgcardiologiausp.com.br\/es\/wp-json\/wp\/v2\/users\/1"}],"replies":[{"embeddable":true,"href":"https:\/\/www.pgcardiologiausp.com.br\/es\/wp-json\/wp\/v2\/comments?post=147"}],"version-history":[{"count":28,"href":"https:\/\/www.pgcardiologiausp.com.br\/es\/wp-json\/wp\/v2\/pages\/147\/revisions"}],"predecessor-version":[{"id":3050,"href":"https:\/\/www.pgcardiologiausp.com.br\/es\/wp-json\/wp\/v2\/pages\/147\/revisions\/3050"}],"up":[{"embeddable":true,"href":"https:\/\/www.pgcardiologiausp.com.br\/es\/wp-json\/wp\/v2\/pages\/133"}],"wp:featuredmedia":[{"embeddable":true,"href":"https:\/\/www.pgcardiologiausp.com.br\/es\/wp-json\/wp\/v2\/media\/112"}],"wp:attachment":[{"href":"https:\/\/www.pgcardiologiausp.com.br\/es\/wp-json\/wp\/v2\/media?parent=147"}],"curies":[{"name":"wp","href":"https:\/\/api.w.org\/{rel}","templated":true}]}}