{"id":163,"date":"2024-12-08T22:45:09","date_gmt":"2024-12-09T01:45:09","guid":{"rendered":"https:\/\/www.pgcardiologiausp.com.br\/?page_id=163"},"modified":"2025-06-12T13:13:25","modified_gmt":"2025-06-12T16:13:25","slug":"politica-de-privacidade","status":"publish","type":"page","link":"https:\/\/www.pgcardiologiausp.com.br\/es\/politica-de-privacidade\/","title":{"rendered":"Pol\u00edtica de Privacidad"},"content":{"rendered":"<h4 data-start=\"73\" data-end=\"90\">Qui\u00e9nes somos<\/h4>\n<p data-start=\"92\" data-end=\"558\">Tu privacidad es importante para nosotros. Es pol\u00edtica del Programa de Posgrado en Cardiolog\u00eda de la Facultad de Medicina de la Universidad de S\u00e3o Paulo respetar tu privacidad con respecto a cualquier informaci\u00f3n que podamos recopilar en este sitio web. El uso continuo de nuestro sitio ser\u00e1 considerado como aceptaci\u00f3n de esta Pol\u00edtica de Privacidad. Si tienes alguna duda sobre c\u00f3mo manejamos los datos del usuario y la informaci\u00f3n personal, por favor cont\u00e1ctanos.<\/p>\n<hr data-start=\"560\" data-end=\"563\" \/>\n<h4 data-start=\"565\" data-end=\"576\">Cookies<\/h4>\n<p data-start=\"578\" data-end=\"829\">Cuando dejas un comentario en el sitio, puedes optar por guardar tu nombre, correo electr\u00f3nico y sitio web en cookies. Esto es para tu comodidad, para que no tengas que volver a completar tus datos al dejar otro comentario. Estas cookies duran un a\u00f1o.<\/p>\n<p data-start=\"831\" data-end=\"1040\">Si tienes una cuenta e inicias sesi\u00f3n en este sitio, se crear\u00e1 una cookie temporal para determinar si tu navegador acepta cookies. Esta cookie no contiene datos personales y se descarta al cerrar el navegador.<\/p>\n<p data-start=\"1042\" data-end=\"1467\">Cuando accedes a tu cuenta en el sitio, tambi\u00e9n configuramos varias cookies para guardar los datos de tu cuenta y tus preferencias de visualizaci\u00f3n de pantalla. Las cookies de inicio de sesi\u00f3n se mantienen durante dos d\u00edas y las cookies de opciones de pantalla durante un a\u00f1o. Si seleccionas \u00abRecordarme\u00bb, tu sesi\u00f3n se mantendr\u00e1 activa durante dos semanas. Si cierras sesi\u00f3n, las cookies de inicio de sesi\u00f3n ser\u00e1n eliminadas.<\/p>\n<p data-start=\"1469\" data-end=\"2117\">Si editas o publicas un art\u00edculo, se guardar\u00e1 una cookie adicional en tu navegador. Esta cookie no incluye ning\u00fan dato personal y simplemente indica el ID del post del art\u00edculo que acabas de editar. Expira despu\u00e9s de un d\u00eda. Utilizamos el servicio Google Analytics para monitorear el tr\u00e1fico del sitio, lo que nos permite mejorar nuestro contenido peri\u00f3dicamente. Se graba una cookie en tu ordenador, conforme a la pol\u00edtica de privacidad y los t\u00e9rminos de uso de este proveedor. Esta cookie no permite identificarte individualmente, ya que no almacena informaci\u00f3n sensible, pero permite identificar visitas recurrentes que realices a nuestro sitio.<\/p>\n<hr data-start=\"2119\" data-end=\"2122\" \/>\n<h4 data-start=\"2124\" data-end=\"2168\">Contenido incrustado de otros sitios web<\/h4>\n<p data-start=\"2170\" data-end=\"2420\">Los art\u00edculos en este sitio pueden incluir contenido incrustado, como por ejemplo videos, im\u00e1genes, art\u00edculos, etc. El contenido incrustado de otros sitios se comporta exactamente de la misma manera que si el visitante hubiera visitado el otro sitio.<\/p>\n<p data-start=\"2422\" data-end=\"2664\">Estos sitios pueden recopilar datos sobre ti, usar cookies, incorporar seguimiento adicional de terceros y monitorear tu interacci\u00f3n con ese contenido incrustado, incluida tu interacci\u00f3n si tienes una cuenta y est\u00e1s conectado a ese sitio web.<\/p>\n<hr data-start=\"2666\" data-end=\"2669\" \/>\n<h4 data-start=\"2671\" data-end=\"2706\">Con qui\u00e9n compartimos tus datos<\/h4>\n<p data-start=\"2708\" data-end=\"2831\">Si solicitas un restablecimiento de contrase\u00f1a, tu direcci\u00f3n IP ser\u00e1 incluida en el correo electr\u00f3nico de restablecimiento.<\/p>\n<hr data-start=\"2833\" data-end=\"2836\" \/>\n<h4 data-start=\"2838\" data-end=\"2877\">Cu\u00e1nto tiempo conservamos tus datos<\/h4>\n<p data-start=\"2879\" data-end=\"3086\">Si dejas un comentario, el comentario y sus metadatos se conservan indefinidamente. Hacemos esto para poder reconocer y aprobar autom\u00e1ticamente comentarios posteriores en lugar de retenerlos para moderaci\u00f3n.<\/p>\n<p data-start=\"3088\" data-end=\"3440\">Para los usuarios que se registran en nuestro sitio (si los hay), tambi\u00e9n almacenamos la informaci\u00f3n personal que proporcionan en su perfil de usuario. Todos los usuarios pueden ver, editar o eliminar su informaci\u00f3n personal en cualquier momento (excepto el nombre de usuario). Los administradores del sitio tambi\u00e9n pueden ver y editar esa informaci\u00f3n.<\/p>\n<hr data-start=\"3442\" data-end=\"3445\" \/>\n<h4 data-start=\"3447\" data-end=\"3490\">Cu\u00e1les son tus derechos sobre tus datos<\/h4>\n<p data-start=\"3492\" data-end=\"3991\">Si tienes una cuenta en este sitio o has dejado comentarios, puedes solicitar un archivo exportado con los datos personales que tenemos sobre ti, incluyendo cualquier dato que nos hayas proporcionado. Tambi\u00e9n puedes solicitar que eliminemos cualquier dato personal que tengamos sobre ti. Esto no incluye ning\u00fan dato que estemos obligados a conservar por razones administrativas, legales o de seguridad. Para ello, simplemente cont\u00e1ctanos a trav\u00e9s de los canales disponibles en la p\u00e1gina de Contacto.<\/p>\n<hr data-start=\"3993\" data-end=\"3996\" \/>\n<h4 data-start=\"3998\" data-end=\"4027\">D\u00f3nde se env\u00edan tus datos<\/h4>\n<p data-start=\"4029\" data-end=\"4134\" data-is-last-node=\"\" data-is-only-node=\"\">Los comentarios de los visitantes pueden ser verificados por un servicio autom\u00e1tico de detecci\u00f3n de spam.<\/p>\n<hr \/>\n<p data-start=\"4029\" data-end=\"4134\" data-is-last-node=\"\" data-is-only-node=\"\">\u00a0<\/p>\n","protected":false},"excerpt":{"rendered":"<p>Qui\u00e9nes somos Tu privacidad es importante para nosotros. Es pol\u00edtica del Programa de Posgrado en Cardiolog\u00eda de la Facultad de Medicina de la Universidad de S\u00e3o<span class=\"excerpt-hellip\"> [\u2026]<\/span><\/p>\n","protected":false},"author":1,"featured_media":112,"parent":0,"menu_order":0,"comment_status":"closed","ping_status":"closed","template":"","meta":{"footnotes":""},"class_list":["post-163","page","type-page","status-publish","has-post-thumbnail","hentry"],"yoast_head":"<!-- This site is optimized with the Yoast SEO plugin v25.8 - https:\/\/yoast.com\/wordpress\/plugins\/seo\/ -->\n<title>Pol\u00edtica de Privacidad - P\u00f3s-Gradua\u00e7\u00e3o em Cardiologia FMUSP<\/title>\n<meta name=\"robots\" content=\"index, follow, max-snippet:-1, max-image-preview:large, max-video-preview:-1\" \/>\n<link rel=\"canonical\" href=\"https:\/\/www.pgcardiologiausp.com.br\/politica-de-privacidade\/\" \/>\n<meta property=\"og:locale\" content=\"es_ES\" \/>\n<meta property=\"og:type\" content=\"article\" \/>\n<meta property=\"og:title\" content=\"Pol\u00edtica de Privacidad - P\u00f3s-Gradua\u00e7\u00e3o em Cardiologia FMUSP\" \/>\n<meta property=\"og:description\" content=\"Qui\u00e9nes somos Tu privacidad es importante para nosotros. Es pol\u00edtica del Programa de Posgrado en Cardiolog\u00eda de la Facultad de Medicina de la Universidad de S\u00e3o [\u2026]\" \/>\n<meta property=\"og:url\" content=\"https:\/\/www.pgcardiologiausp.com.br\/politica-de-privacidade\/\" \/>\n<meta property=\"og:site_name\" content=\"P\u00f3s-Gradua\u00e7\u00e3o em Cardiologia FMUSP\" \/>\n<meta property=\"article:modified_time\" content=\"2025-06-12T16:13:25+00:00\" \/>\n<meta property=\"og:image\" content=\"https:\/\/www.pgcardiologiausp.com.br\/wp-content\/uploads\/2024\/12\/bgheader_pgcardio_v1.2.jpg\" \/>\n\t<meta property=\"og:image:width\" content=\"1920\" \/>\n\t<meta property=\"og:image:height\" content=\"800\" \/>\n\t<meta property=\"og:image:type\" content=\"image\/jpeg\" \/>\n<meta name=\"twitter:card\" content=\"summary_large_image\" \/>\n<script type=\"application\/ld+json\" class=\"yoast-schema-graph\">{\"@context\":\"https:\/\/schema.org\",\"@graph\":[{\"@type\":\"WebPage\",\"@id\":\"https:\/\/www.pgcardiologiausp.com.br\/politica-de-privacidade\/\",\"url\":\"https:\/\/www.pgcardiologiausp.com.br\/politica-de-privacidade\/\",\"name\":\"Pol\u00edtica de Privacidad - P\u00f3s-Gradua\u00e7\u00e3o em Cardiologia FMUSP\",\"isPartOf\":{\"@id\":\"https:\/\/www.pgcardiologiausp.com.br\/#website\"},\"primaryImageOfPage\":{\"@id\":\"https:\/\/www.pgcardiologiausp.com.br\/politica-de-privacidade\/#primaryimage\"},\"image\":{\"@id\":\"https:\/\/www.pgcardiologiausp.com.br\/politica-de-privacidade\/#primaryimage\"},\"thumbnailUrl\":\"https:\/\/www.pgcardiologiausp.com.br\/wp-content\/uploads\/2024\/12\/bgheader_pgcardio_v1.2.jpg\",\"datePublished\":\"2024-12-09T01:45:09+00:00\",\"dateModified\":\"2025-06-12T16:13:25+00:00\",\"breadcrumb\":{\"@id\":\"https:\/\/www.pgcardiologiausp.com.br\/politica-de-privacidade\/#breadcrumb\"},\"inLanguage\":\"es\",\"potentialAction\":[{\"@type\":\"ReadAction\",\"target\":[\"https:\/\/www.pgcardiologiausp.com.br\/politica-de-privacidade\/\"]}]},{\"@type\":\"ImageObject\",\"inLanguage\":\"es\",\"@id\":\"https:\/\/www.pgcardiologiausp.com.br\/politica-de-privacidade\/#primaryimage\",\"url\":\"https:\/\/www.pgcardiologiausp.com.br\/wp-content\/uploads\/2024\/12\/bgheader_pgcardio_v1.2.jpg\",\"contentUrl\":\"https:\/\/www.pgcardiologiausp.com.br\/wp-content\/uploads\/2024\/12\/bgheader_pgcardio_v1.2.jpg\",\"width\":1920,\"height\":800},{\"@type\":\"BreadcrumbList\",\"@id\":\"https:\/\/www.pgcardiologiausp.com.br\/politica-de-privacidade\/#breadcrumb\",\"itemListElement\":[{\"@type\":\"ListItem\",\"position\":1,\"name\":\"Home\",\"item\":\"https:\/\/www.pgcardiologiausp.com.br\/\"},{\"@type\":\"ListItem\",\"position\":2,\"name\":\"Pol\u00edtica de Privacidade\"}]},{\"@type\":\"WebSite\",\"@id\":\"https:\/\/www.pgcardiologiausp.com.br\/#website\",\"url\":\"https:\/\/www.pgcardiologiausp.com.br\/\",\"name\":\"P\u00f3s-Gradua\u00e7\u00e3o em Cardiologia FMUSP\",\"description\":\"\",\"publisher\":{\"@id\":\"https:\/\/www.pgcardiologiausp.com.br\/#organization\"},\"potentialAction\":[{\"@type\":\"SearchAction\",\"target\":{\"@type\":\"EntryPoint\",\"urlTemplate\":\"https:\/\/www.pgcardiologiausp.com.br\/?s={search_term_string}\"},\"query-input\":{\"@type\":\"PropertyValueSpecification\",\"valueRequired\":true,\"valueName\":\"search_term_string\"}}],\"inLanguage\":\"es\"},{\"@type\":\"Organization\",\"@id\":\"https:\/\/www.pgcardiologiausp.com.br\/#organization\",\"name\":\"P\u00f3s-Gradua\u00e7\u00e3o em Cardiologia FMUSP\",\"url\":\"https:\/\/www.pgcardiologiausp.com.br\/\",\"logo\":{\"@type\":\"ImageObject\",\"inLanguage\":\"es\",\"@id\":\"https:\/\/www.pgcardiologiausp.com.br\/#\/schema\/logo\/image\/\",\"url\":\"https:\/\/www.pgcardiologiausp.com.br\/wp-content\/uploads\/2024\/12\/pg_cardio_usp-logo-v1-clearbg-500x341-1.png\",\"contentUrl\":\"https:\/\/www.pgcardiologiausp.com.br\/wp-content\/uploads\/2024\/12\/pg_cardio_usp-logo-v1-clearbg-500x341-1.png\",\"width\":500,\"height\":177,\"caption\":\"P\u00f3s-Gradua\u00e7\u00e3o em Cardiologia FMUSP\"},\"image\":{\"@id\":\"https:\/\/www.pgcardiologiausp.com.br\/#\/schema\/logo\/image\/\"}}]}<\/script>\n<!-- \/ Yoast SEO plugin. -->","yoast_head_json":{"title":"Pol\u00edtica de Privacidad - P\u00f3s-Gradua\u00e7\u00e3o em Cardiologia FMUSP","robots":{"index":"index","follow":"follow","max-snippet":"max-snippet:-1","max-image-preview":"max-image-preview:large","max-video-preview":"max-video-preview:-1"},"canonical":"https:\/\/www.pgcardiologiausp.com.br\/politica-de-privacidade\/","og_locale":"es_ES","og_type":"article","og_title":"Pol\u00edtica de Privacidad - P\u00f3s-Gradua\u00e7\u00e3o em Cardiologia FMUSP","og_description":"Qui\u00e9nes somos Tu privacidad es importante para nosotros. Es pol\u00edtica del Programa de Posgrado en Cardiolog\u00eda de la Facultad de Medicina de la Universidad de S\u00e3o [\u2026]","og_url":"https:\/\/www.pgcardiologiausp.com.br\/politica-de-privacidade\/","og_site_name":"P\u00f3s-Gradua\u00e7\u00e3o em Cardiologia FMUSP","article_modified_time":"2025-06-12T16:13:25+00:00","og_image":[{"width":1920,"height":800,"url":"https:\/\/www.pgcardiologiausp.com.br\/wp-content\/uploads\/2024\/12\/bgheader_pgcardio_v1.2.jpg","type":"image\/jpeg"}],"twitter_card":"summary_large_image","schema":{"@context":"https:\/\/schema.org","@graph":[{"@type":"WebPage","@id":"https:\/\/www.pgcardiologiausp.com.br\/politica-de-privacidade\/","url":"https:\/\/www.pgcardiologiausp.com.br\/politica-de-privacidade\/","name":"Pol\u00edtica de Privacidad - P\u00f3s-Gradua\u00e7\u00e3o em Cardiologia FMUSP","isPartOf":{"@id":"https:\/\/www.pgcardiologiausp.com.br\/#website"},"primaryImageOfPage":{"@id":"https:\/\/www.pgcardiologiausp.com.br\/politica-de-privacidade\/#primaryimage"},"image":{"@id":"https:\/\/www.pgcardiologiausp.com.br\/politica-de-privacidade\/#primaryimage"},"thumbnailUrl":"https:\/\/www.pgcardiologiausp.com.br\/wp-content\/uploads\/2024\/12\/bgheader_pgcardio_v1.2.jpg","datePublished":"2024-12-09T01:45:09+00:00","dateModified":"2025-06-12T16:13:25+00:00","breadcrumb":{"@id":"https:\/\/www.pgcardiologiausp.com.br\/politica-de-privacidade\/#breadcrumb"},"inLanguage":"es","potentialAction":[{"@type":"ReadAction","target":["https:\/\/www.pgcardiologiausp.com.br\/politica-de-privacidade\/"]}]},{"@type":"ImageObject","inLanguage":"es","@id":"https:\/\/www.pgcardiologiausp.com.br\/politica-de-privacidade\/#primaryimage","url":"https:\/\/www.pgcardiologiausp.com.br\/wp-content\/uploads\/2024\/12\/bgheader_pgcardio_v1.2.jpg","contentUrl":"https:\/\/www.pgcardiologiausp.com.br\/wp-content\/uploads\/2024\/12\/bgheader_pgcardio_v1.2.jpg","width":1920,"height":800},{"@type":"BreadcrumbList","@id":"https:\/\/www.pgcardiologiausp.com.br\/politica-de-privacidade\/#breadcrumb","itemListElement":[{"@type":"ListItem","position":1,"name":"Home","item":"https:\/\/www.pgcardiologiausp.com.br\/"},{"@type":"ListItem","position":2,"name":"Pol\u00edtica de Privacidade"}]},{"@type":"WebSite","@id":"https:\/\/www.pgcardiologiausp.com.br\/#website","url":"https:\/\/www.pgcardiologiausp.com.br\/","name":"P\u00f3s-Gradua\u00e7\u00e3o em Cardiologia FMUSP","description":"","publisher":{"@id":"https:\/\/www.pgcardiologiausp.com.br\/#organization"},"potentialAction":[{"@type":"SearchAction","target":{"@type":"EntryPoint","urlTemplate":"https:\/\/www.pgcardiologiausp.com.br\/?s={search_term_string}"},"query-input":{"@type":"PropertyValueSpecification","valueRequired":true,"valueName":"search_term_string"}}],"inLanguage":"es"},{"@type":"Organization","@id":"https:\/\/www.pgcardiologiausp.com.br\/#organization","name":"P\u00f3s-Gradua\u00e7\u00e3o em Cardiologia FMUSP","url":"https:\/\/www.pgcardiologiausp.com.br\/","logo":{"@type":"ImageObject","inLanguage":"es","@id":"https:\/\/www.pgcardiologiausp.com.br\/#\/schema\/logo\/image\/","url":"https:\/\/www.pgcardiologiausp.com.br\/wp-content\/uploads\/2024\/12\/pg_cardio_usp-logo-v1-clearbg-500x341-1.png","contentUrl":"https:\/\/www.pgcardiologiausp.com.br\/wp-content\/uploads\/2024\/12\/pg_cardio_usp-logo-v1-clearbg-500x341-1.png","width":500,"height":177,"caption":"P\u00f3s-Gradua\u00e7\u00e3o em Cardiologia FMUSP"},"image":{"@id":"https:\/\/www.pgcardiologiausp.com.br\/#\/schema\/logo\/image\/"}}]}},"_links":{"self":[{"href":"https:\/\/www.pgcardiologiausp.com.br\/es\/wp-json\/wp\/v2\/pages\/163","targetHints":{"allow":["GET"]}}],"collection":[{"href":"https:\/\/www.pgcardiologiausp.com.br\/es\/wp-json\/wp\/v2\/pages"}],"about":[{"href":"https:\/\/www.pgcardiologiausp.com.br\/es\/wp-json\/wp\/v2\/types\/page"}],"author":[{"embeddable":true,"href":"https:\/\/www.pgcardiologiausp.com.br\/es\/wp-json\/wp\/v2\/users\/1"}],"replies":[{"embeddable":true,"href":"https:\/\/www.pgcardiologiausp.com.br\/es\/wp-json\/wp\/v2\/comments?post=163"}],"version-history":[{"count":8,"href":"https:\/\/www.pgcardiologiausp.com.br\/es\/wp-json\/wp\/v2\/pages\/163\/revisions"}],"predecessor-version":[{"id":2392,"href":"https:\/\/www.pgcardiologiausp.com.br\/es\/wp-json\/wp\/v2\/pages\/163\/revisions\/2392"}],"wp:featuredmedia":[{"embeddable":true,"href":"https:\/\/www.pgcardiologiausp.com.br\/es\/wp-json\/wp\/v2\/media\/112"}],"wp:attachment":[{"href":"https:\/\/www.pgcardiologiausp.com.br\/es\/wp-json\/wp\/v2\/media?parent=163"}],"curies":[{"name":"wp","href":"https:\/\/api.w.org\/{rel}","templated":true}]}}