{"id":1700,"date":"2025-03-11T11:24:19","date_gmt":"2025-03-11T14:24:19","guid":{"rendered":"https:\/\/www.pgcardiologiausp.com.br\/?page_id=1700"},"modified":"2025-03-11T11:24:19","modified_gmt":"2025-03-11T14:24:19","slug":"pesquisadores-pos-doutoral-2019","status":"publish","type":"page","link":"https:\/\/www.pgcardiologiausp.com.br\/es\/o-programa\/pesquisadores-pos-doutoral\/pesquisadores-pos-doutoral-2019\/","title":{"rendered":"Investigadores Postdoctorales 2019"},"content":{"rendered":"<p class=\"qtranxs-available-languages-message qtranxs-available-languages-message-es\">Disculpa, pero esta entrada est\u00e1 disponible s\u00f3lo en <a href=\"https:\/\/www.pgcardiologiausp.com.br\/pb\/wp-json\/wp\/v2\/pages\/1700\" class=\"qtranxs-available-language-link qtranxs-available-language-link-pb\" title=\"Portugu\u00eas\">Portugu\u00eas<\/a>.<\/p>\n<h3>2019<\/h3>\n<p><a href=\"http:\/\/lattes.cnpq.br\/9588654630997528\"><strong>ALLAN ROBSON KLUSER SALES<\/strong><\/a><br \/>\nPer\u00edodo: 01\/10\/2014 a 30\/09\/2019<br \/>\n<strong>Linha de Pesquisa:<\/strong> FISIOLOGIA, REABILITA\u00c7\u00c3O E QUALIDADE DE VIDA NAS DOEN\u00c7AS CARDIOVASCULARES<br \/>\n<strong>Projeto de Pesquisa:<\/strong> EFEITO DO TREINAMENTO INTERCALADO DE ALTA INTENSIDADE VERSUS MODERADO CONT\u00cdNUO NOS MECANISMOS REFLEXOS PERF\u00c9RICOS DE CONTROLE DA ATIVIDADE SIMP\u00c1TICA EM PACIENTES COM INSUFICI\u00caNCIA CARD\u00cdACA<\/p>\n<hr \/>\n<p><a href=\"http:\/\/lattes.cnpq.br\/8304694908699214\"><strong>ANA BARBOSA MARCONDES DE MATTOS<\/strong><\/a><br \/>\nPer\u00edodo: 01\/05\/2015 a 30\/04\/2019<br \/>\n<strong>Linha de Pesquisa:<\/strong> BASES GEN\u00c9TICAS E BIOL\u00d3GICAS DAS DOEN\u00c7AS DO CORA\u00c7\u00c3O E VASOS<br \/>\n<strong>Projeto de Pesquisa:<\/strong> PARTICIPA\u00c7\u00c3O DO CRP3 NO PROCESSO DA ANEURISMA DE AORTA ABDOMINAL<\/p>\n<hr \/>\n<p><a href=\"http:\/\/lattes.cnpq.br\/2869049817798044\"><strong>CAMILA ZOGBI NOGUEIRA PEREZ<\/strong><\/a><br \/>\nPer\u00edodo: 01\/07\/2017 a 30\/06\/2019<br \/>\n<strong>Linha de Pesquisa: <\/strong>BASES GEN\u00c9TICAS E BIOL\u00d3GICAS DAS DOEN\u00c7AS DO CORA\u00c7\u00c3O E VASOS<br \/>\n<strong>Projeto de Pesquisa: <\/strong>AVALIA\u00c7\u00c3O DOS BENEF\u00cdCIOS DA TERAPIA CELULAR COM USO DE COPOL\u00cdMETROS INTELIGENTES \u00c0 BASE DE PROTE\u00cdNAS RECOMBIANNTES NO P\u00d3S-INFARTO DO MIOC\u00c1RDIO DE RATOS ADULTOS<\/p>\n<hr \/>\n<p><a href=\"http:\/\/lattes.cnpq.br\/3485761765407913\"><strong>EDUESLEY SANTANA SANTOS<\/strong><\/a><br \/>\nPer\u00edodo: 01\/02\/2015 a 31\/01\/2019<br \/>\n<strong>Linha de Pesquisa: <\/strong>CARDIOLOGIA INTENSIVA \/ CARDIO-ONCOLOGIA<br \/>\n<strong>Projeto de Pesquisa: <\/strong>ESTRAT\u00c9GIA GUIADA PARA PREVEN\u00c7\u00c3O DA LES\u00c3O RENAL AGUDA AP\u00d3S CIRURGIA CARD\u00cdACA: ENSAIO CL\u00cdNICO RANDOMIZADO<\/p>\n<hr \/>\n<p><a href=\"http:\/\/lattes.cnpq.br\/1665879506366648\"><strong>L\u00cdVIA STOCCO SANCHES VALENTIN<\/strong><\/a><br \/>\nPer\u00edodo: 01\/06\/2017 a 31\/12\/2019<br \/>\n<strong>Linha de Pesquisa: <\/strong>DOEN\u00c7A ARTERIAL CORONARIANA. FISIOLOGIA E FISIOPATOLOGIA<br \/>\n<strong>Projeto de Pesquisa: <\/strong>EFEITOS DA ELETROESTIMULA\u00c7\u00c3O TRANSCRANIANA POR CORRENTE CONT\u00cdNUA NA PREVEN\u00c7\u00c3O DE DISFUN\u00c7\u00c3O COGNITIVA P\u00d3S-OPERAT\u00d3RIA DE PACIENTES SUBMETIDOS A CIRURGIA CARD\u00cdACA: ESTUDO PROSPECTIVO, RANDOMIZADO E DUPLO-CEGO<\/p>\n<hr \/>\n<p><a href=\"http:\/\/lattes.cnpq.br\/1552598182009478\"><strong>MATEUS DINIZ MARQUES<\/strong><\/a><br \/>\nPer\u00edodo: 01\/12\/2016 a 31\/10\/2019<br \/>\n<strong>Linha de Pesquisa: <\/strong>DIAGN\u00d3STICO FISIOL\u00d3GICOS E CL\u00cdNICOS POR IMAGEM EM CARDIOLOGIA<br \/>\n<strong>Projeto de Pesquisa: <\/strong>CORRELA\u00c7\u00c3O ENTRE A ATENUA\u00c7\u00c3O DA GORDURA PERICORON\u00c1RIA E ATEROSCLEROSE CRON\u00c1RIA AVALIADAS POR TOMOGRAFIA COMPUTADORIZADA<\/p>\n<hr \/>\n<p><a href=\"http:\/\/lattes.cnpq.br\/2793589339694151\"><strong>MAXIMILIANO ISOPPO SCHAUN<\/strong><\/a><br \/>\nPer\u00edodo: 01\/03\/2018 a 01\/03\/2019<br \/>\n<strong>Linha de Pesquisa: <\/strong>BASES CL\u00cdNICAS, FISIOL\u00d3GICAS E EXPERIMENTAIS DA HIPERTENS\u00c3O<br \/>\n<strong>Projeto de Pesquisa: <\/strong>EFEITOS DE TR\u00caS TIPOS DE TREINAMENTO F\u00cdSICO SOBRE PAR\u00c2METROS CL\u00cdNICOS E MOLECULARES DE FUN\u00c7\u00c3O ENDOTELIAL VASCULAR DE SUJEITOS COM SOBREPESO E OBESIDADE: ENSAIO CL\u00cdNICO RANDOMIZADO<\/p>\n<hr \/>\n<p><a href=\"http:\/\/lattes.cnpq.br\/4787709600036302\"><strong>MONETE RAJ\u00c3O GOMES<\/strong><\/a><br \/>\nPer\u00edodo: 01\/10\/2019 a 30\/09\/2019<br \/>\n<strong>Linha de Pesquisa: <\/strong>BASES GEN\u00c9TICAS E BIOL\u00d3GICAS DAS DOEN\u00c7AS DO CORA\u00c7\u00c3O E VASOS<br \/>\n<strong>Projeto de Pesquisa: <\/strong>IDENTIFICA\u00c7\u00c3O DE VARIANTES GEN\u00c9TICAS N\u00c3O SIN\u00d4NIMAS RARAS EM GENES CANDIDATOS PARA PRESS\u00c3O ARTERIAL EM POPULA\u00c7\u00c3O HUMANA COM FEN\u00d3TIPOS EXTREMOS<\/p>\n<hr \/>\n<p><a href=\"http:\/\/lattes.cnpq.br\/9218122493060757\"><strong>PAULO CURY REZENDE<\/strong><\/a><br \/>\nPer\u00edodo: 02\/07\/2018 a 26\/07\/2019<br \/>\n<strong>Linha de Pesquisa: <\/strong>DOEN\u00c7A ARTERIAL CORONARIANA. FISIOLOGIA E FISIOPATOLOGIA<br \/>\n<strong>Projeto de Pesquisa: <\/strong>ESTUDO DOS N\u00cdVEIS DE HEMOGLOBINA GLICOSILADA E EVENTOS CARDIOVASCULARES EM PACIENTES COM DIABETES MELITTUS TIPO 2 E DOEN\u00c7A CORONARIANA MULTIARTERIAL EM SEGUIMENTO CL\u00cdNICO DE LONGO PRAZO<\/p>\n<hr \/>\n<p><a href=\"http:\/\/lattes.cnpq.br\/3594719394623409\"><strong>ROBERTO BRAZ PONTES J\u00daNIOR<\/strong><\/a><br \/>\nPer\u00edodo: 01\/05\/2017 a 31\/01\/2019<br \/>\n<strong>Linha de Pesquisa: <\/strong>BASES GEN\u00c9TICAS E BIOL\u00d3GICAS DAS DOEN\u00c7AS DO CORA\u00c7\u00c3O E VASOS<br \/>\n<strong>Projeto de Pesquisa: <\/strong>CARACTERIZA\u00c7\u00c3O E LOCALIZA\u00c7\u00c3O DOS GENES CONTROLADORES DA PRESS\u00c3O ARTERIAL PELA METODOLOGIA ENU<\/p>\n","protected":false},"excerpt":{"rendered":"<p>Disculpa, pero esta entrada est\u00e1 disponible s\u00f3lo en Portugu\u00eas. 2019 ALLAN ROBSON KLUSER SALES Per\u00edodo: 01\/10\/2014 a 30\/09\/2019 Linha de Pesquisa: FISIOLOGIA, REABILITA\u00c7\u00c3O E QUALIDADE DE<span class=\"excerpt-hellip\"> [\u2026]<\/span><\/p>\n","protected":false},"author":1,"featured_media":112,"parent":386,"menu_order":0,"comment_status":"closed","ping_status":"closed","template":"","meta":{"footnotes":""},"class_list":["post-1700","page","type-page","status-publish","has-post-thumbnail","hentry"],"yoast_head":"<!-- This site is optimized with the Yoast SEO plugin v25.8 - https:\/\/yoast.com\/wordpress\/plugins\/seo\/ -->\n<title>Investigadores Postdoctorales 2019 - P\u00f3s-Gradua\u00e7\u00e3o em Cardiologia FMUSP<\/title>\n<meta name=\"robots\" content=\"index, follow, max-snippet:-1, max-image-preview:large, max-video-preview:-1\" \/>\n<link rel=\"canonical\" href=\"https:\/\/www.pgcardiologiausp.com.br\/o-programa\/pesquisadores-pos-doutoral\/pesquisadores-pos-doutoral-2019\/\" \/>\n<meta property=\"og:locale\" content=\"es_ES\" \/>\n<meta property=\"og:type\" content=\"article\" \/>\n<meta property=\"og:title\" content=\"Investigadores Postdoctorales 2019 - P\u00f3s-Gradua\u00e7\u00e3o em Cardiologia FMUSP\" \/>\n<meta property=\"og:description\" content=\"Disculpa, pero esta entrada est\u00e1 disponible s\u00f3lo en Portugu\u00eas. 2019 ALLAN ROBSON KLUSER SALES Per\u00edodo: 01\/10\/2014 a 30\/09\/2019 Linha de Pesquisa: FISIOLOGIA, REABILITA\u00c7\u00c3O E QUALIDADE DE [\u2026]\" \/>\n<meta property=\"og:url\" content=\"https:\/\/www.pgcardiologiausp.com.br\/o-programa\/pesquisadores-pos-doutoral\/pesquisadores-pos-doutoral-2019\/\" \/>\n<meta property=\"og:site_name\" content=\"P\u00f3s-Gradua\u00e7\u00e3o em Cardiologia FMUSP\" \/>\n<meta property=\"og:image\" content=\"https:\/\/www.pgcardiologiausp.com.br\/wp-content\/uploads\/2024\/12\/bgheader_pgcardio_v1.2.jpg\" \/>\n\t<meta property=\"og:image:width\" content=\"1920\" \/>\n\t<meta property=\"og:image:height\" content=\"800\" \/>\n\t<meta property=\"og:image:type\" content=\"image\/jpeg\" \/>\n<meta name=\"twitter:card\" content=\"summary_large_image\" \/>\n<script type=\"application\/ld+json\" class=\"yoast-schema-graph\">{\"@context\":\"https:\/\/schema.org\",\"@graph\":[{\"@type\":\"WebPage\",\"@id\":\"https:\/\/www.pgcardiologiausp.com.br\/o-programa\/pesquisadores-pos-doutoral\/pesquisadores-pos-doutoral-2019\/\",\"url\":\"https:\/\/www.pgcardiologiausp.com.br\/o-programa\/pesquisadores-pos-doutoral\/pesquisadores-pos-doutoral-2019\/\",\"name\":\"Investigadores Postdoctorales 2019 - P\u00f3s-Gradua\u00e7\u00e3o em Cardiologia FMUSP\",\"isPartOf\":{\"@id\":\"https:\/\/www.pgcardiologiausp.com.br\/#website\"},\"primaryImageOfPage\":{\"@id\":\"https:\/\/www.pgcardiologiausp.com.br\/o-programa\/pesquisadores-pos-doutoral\/pesquisadores-pos-doutoral-2019\/#primaryimage\"},\"image\":{\"@id\":\"https:\/\/www.pgcardiologiausp.com.br\/o-programa\/pesquisadores-pos-doutoral\/pesquisadores-pos-doutoral-2019\/#primaryimage\"},\"thumbnailUrl\":\"https:\/\/www.pgcardiologiausp.com.br\/wp-content\/uploads\/2024\/12\/bgheader_pgcardio_v1.2.jpg\",\"datePublished\":\"2025-03-11T14:24:19+00:00\",\"breadcrumb\":{\"@id\":\"https:\/\/www.pgcardiologiausp.com.br\/o-programa\/pesquisadores-pos-doutoral\/pesquisadores-pos-doutoral-2019\/#breadcrumb\"},\"inLanguage\":\"es\",\"potentialAction\":[{\"@type\":\"ReadAction\",\"target\":[\"https:\/\/www.pgcardiologiausp.com.br\/o-programa\/pesquisadores-pos-doutoral\/pesquisadores-pos-doutoral-2019\/\"]}]},{\"@type\":\"ImageObject\",\"inLanguage\":\"es\",\"@id\":\"https:\/\/www.pgcardiologiausp.com.br\/o-programa\/pesquisadores-pos-doutoral\/pesquisadores-pos-doutoral-2019\/#primaryimage\",\"url\":\"https:\/\/www.pgcardiologiausp.com.br\/wp-content\/uploads\/2024\/12\/bgheader_pgcardio_v1.2.jpg\",\"contentUrl\":\"https:\/\/www.pgcardiologiausp.com.br\/wp-content\/uploads\/2024\/12\/bgheader_pgcardio_v1.2.jpg\",\"width\":1920,\"height\":800},{\"@type\":\"BreadcrumbList\",\"@id\":\"https:\/\/www.pgcardiologiausp.com.br\/o-programa\/pesquisadores-pos-doutoral\/pesquisadores-pos-doutoral-2019\/#breadcrumb\",\"itemListElement\":[{\"@type\":\"ListItem\",\"position\":1,\"name\":\"Home\",\"item\":\"https:\/\/www.pgcardiologiausp.com.br\/\"},{\"@type\":\"ListItem\",\"position\":2,\"name\":\"O Programa\",\"item\":\"https:\/\/www.pgcardiologiausp.com.br\/o-programa\/\"},{\"@type\":\"ListItem\",\"position\":3,\"name\":\"Pesquisadores P\u00f3s-Doutoral\",\"item\":\"https:\/\/www.pgcardiologiausp.com.br\/o-programa\/pesquisadores-pos-doutoral\/\"},{\"@type\":\"ListItem\",\"position\":4,\"name\":\"Pesquisadores P\u00f3s-Doutoral 2019\"}]},{\"@type\":\"WebSite\",\"@id\":\"https:\/\/www.pgcardiologiausp.com.br\/#website\",\"url\":\"https:\/\/www.pgcardiologiausp.com.br\/\",\"name\":\"P\u00f3s-Gradua\u00e7\u00e3o em Cardiologia FMUSP\",\"description\":\"\",\"publisher\":{\"@id\":\"https:\/\/www.pgcardiologiausp.com.br\/#organization\"},\"potentialAction\":[{\"@type\":\"SearchAction\",\"target\":{\"@type\":\"EntryPoint\",\"urlTemplate\":\"https:\/\/www.pgcardiologiausp.com.br\/?s={search_term_string}\"},\"query-input\":{\"@type\":\"PropertyValueSpecification\",\"valueRequired\":true,\"valueName\":\"search_term_string\"}}],\"inLanguage\":\"es\"},{\"@type\":\"Organization\",\"@id\":\"https:\/\/www.pgcardiologiausp.com.br\/#organization\",\"name\":\"P\u00f3s-Gradua\u00e7\u00e3o em Cardiologia FMUSP\",\"url\":\"https:\/\/www.pgcardiologiausp.com.br\/\",\"logo\":{\"@type\":\"ImageObject\",\"inLanguage\":\"es\",\"@id\":\"https:\/\/www.pgcardiologiausp.com.br\/#\/schema\/logo\/image\/\",\"url\":\"https:\/\/www.pgcardiologiausp.com.br\/wp-content\/uploads\/2024\/12\/pg_cardio_usp-logo-v1-clearbg-500x341-1.png\",\"contentUrl\":\"https:\/\/www.pgcardiologiausp.com.br\/wp-content\/uploads\/2024\/12\/pg_cardio_usp-logo-v1-clearbg-500x341-1.png\",\"width\":500,\"height\":177,\"caption\":\"P\u00f3s-Gradua\u00e7\u00e3o em Cardiologia FMUSP\"},\"image\":{\"@id\":\"https:\/\/www.pgcardiologiausp.com.br\/#\/schema\/logo\/image\/\"}}]}<\/script>\n<!-- \/ Yoast SEO plugin. -->","yoast_head_json":{"title":"Investigadores Postdoctorales 2019 - P\u00f3s-Gradua\u00e7\u00e3o em Cardiologia FMUSP","robots":{"index":"index","follow":"follow","max-snippet":"max-snippet:-1","max-image-preview":"max-image-preview:large","max-video-preview":"max-video-preview:-1"},"canonical":"https:\/\/www.pgcardiologiausp.com.br\/o-programa\/pesquisadores-pos-doutoral\/pesquisadores-pos-doutoral-2019\/","og_locale":"es_ES","og_type":"article","og_title":"Investigadores Postdoctorales 2019 - P\u00f3s-Gradua\u00e7\u00e3o em Cardiologia FMUSP","og_description":"Disculpa, pero esta entrada est\u00e1 disponible s\u00f3lo en Portugu\u00eas. 2019 ALLAN ROBSON KLUSER SALES Per\u00edodo: 01\/10\/2014 a 30\/09\/2019 Linha de Pesquisa: FISIOLOGIA, REABILITA\u00c7\u00c3O E QUALIDADE DE [\u2026]","og_url":"https:\/\/www.pgcardiologiausp.com.br\/o-programa\/pesquisadores-pos-doutoral\/pesquisadores-pos-doutoral-2019\/","og_site_name":"P\u00f3s-Gradua\u00e7\u00e3o em Cardiologia FMUSP","og_image":[{"width":1920,"height":800,"url":"https:\/\/www.pgcardiologiausp.com.br\/wp-content\/uploads\/2024\/12\/bgheader_pgcardio_v1.2.jpg","type":"image\/jpeg"}],"twitter_card":"summary_large_image","schema":{"@context":"https:\/\/schema.org","@graph":[{"@type":"WebPage","@id":"https:\/\/www.pgcardiologiausp.com.br\/o-programa\/pesquisadores-pos-doutoral\/pesquisadores-pos-doutoral-2019\/","url":"https:\/\/www.pgcardiologiausp.com.br\/o-programa\/pesquisadores-pos-doutoral\/pesquisadores-pos-doutoral-2019\/","name":"Investigadores Postdoctorales 2019 - P\u00f3s-Gradua\u00e7\u00e3o em Cardiologia FMUSP","isPartOf":{"@id":"https:\/\/www.pgcardiologiausp.com.br\/#website"},"primaryImageOfPage":{"@id":"https:\/\/www.pgcardiologiausp.com.br\/o-programa\/pesquisadores-pos-doutoral\/pesquisadores-pos-doutoral-2019\/#primaryimage"},"image":{"@id":"https:\/\/www.pgcardiologiausp.com.br\/o-programa\/pesquisadores-pos-doutoral\/pesquisadores-pos-doutoral-2019\/#primaryimage"},"thumbnailUrl":"https:\/\/www.pgcardiologiausp.com.br\/wp-content\/uploads\/2024\/12\/bgheader_pgcardio_v1.2.jpg","datePublished":"2025-03-11T14:24:19+00:00","breadcrumb":{"@id":"https:\/\/www.pgcardiologiausp.com.br\/o-programa\/pesquisadores-pos-doutoral\/pesquisadores-pos-doutoral-2019\/#breadcrumb"},"inLanguage":"es","potentialAction":[{"@type":"ReadAction","target":["https:\/\/www.pgcardiologiausp.com.br\/o-programa\/pesquisadores-pos-doutoral\/pesquisadores-pos-doutoral-2019\/"]}]},{"@type":"ImageObject","inLanguage":"es","@id":"https:\/\/www.pgcardiologiausp.com.br\/o-programa\/pesquisadores-pos-doutoral\/pesquisadores-pos-doutoral-2019\/#primaryimage","url":"https:\/\/www.pgcardiologiausp.com.br\/wp-content\/uploads\/2024\/12\/bgheader_pgcardio_v1.2.jpg","contentUrl":"https:\/\/www.pgcardiologiausp.com.br\/wp-content\/uploads\/2024\/12\/bgheader_pgcardio_v1.2.jpg","width":1920,"height":800},{"@type":"BreadcrumbList","@id":"https:\/\/www.pgcardiologiausp.com.br\/o-programa\/pesquisadores-pos-doutoral\/pesquisadores-pos-doutoral-2019\/#breadcrumb","itemListElement":[{"@type":"ListItem","position":1,"name":"Home","item":"https:\/\/www.pgcardiologiausp.com.br\/"},{"@type":"ListItem","position":2,"name":"O Programa","item":"https:\/\/www.pgcardiologiausp.com.br\/o-programa\/"},{"@type":"ListItem","position":3,"name":"Pesquisadores P\u00f3s-Doutoral","item":"https:\/\/www.pgcardiologiausp.com.br\/o-programa\/pesquisadores-pos-doutoral\/"},{"@type":"ListItem","position":4,"name":"Pesquisadores P\u00f3s-Doutoral 2019"}]},{"@type":"WebSite","@id":"https:\/\/www.pgcardiologiausp.com.br\/#website","url":"https:\/\/www.pgcardiologiausp.com.br\/","name":"P\u00f3s-Gradua\u00e7\u00e3o em Cardiologia FMUSP","description":"","publisher":{"@id":"https:\/\/www.pgcardiologiausp.com.br\/#organization"},"potentialAction":[{"@type":"SearchAction","target":{"@type":"EntryPoint","urlTemplate":"https:\/\/www.pgcardiologiausp.com.br\/?s={search_term_string}"},"query-input":{"@type":"PropertyValueSpecification","valueRequired":true,"valueName":"search_term_string"}}],"inLanguage":"es"},{"@type":"Organization","@id":"https:\/\/www.pgcardiologiausp.com.br\/#organization","name":"P\u00f3s-Gradua\u00e7\u00e3o em Cardiologia FMUSP","url":"https:\/\/www.pgcardiologiausp.com.br\/","logo":{"@type":"ImageObject","inLanguage":"es","@id":"https:\/\/www.pgcardiologiausp.com.br\/#\/schema\/logo\/image\/","url":"https:\/\/www.pgcardiologiausp.com.br\/wp-content\/uploads\/2024\/12\/pg_cardio_usp-logo-v1-clearbg-500x341-1.png","contentUrl":"https:\/\/www.pgcardiologiausp.com.br\/wp-content\/uploads\/2024\/12\/pg_cardio_usp-logo-v1-clearbg-500x341-1.png","width":500,"height":177,"caption":"P\u00f3s-Gradua\u00e7\u00e3o em Cardiologia FMUSP"},"image":{"@id":"https:\/\/www.pgcardiologiausp.com.br\/#\/schema\/logo\/image\/"}}]}},"_links":{"self":[{"href":"https:\/\/www.pgcardiologiausp.com.br\/es\/wp-json\/wp\/v2\/pages\/1700","targetHints":{"allow":["GET"]}}],"collection":[{"href":"https:\/\/www.pgcardiologiausp.com.br\/es\/wp-json\/wp\/v2\/pages"}],"about":[{"href":"https:\/\/www.pgcardiologiausp.com.br\/es\/wp-json\/wp\/v2\/types\/page"}],"author":[{"embeddable":true,"href":"https:\/\/www.pgcardiologiausp.com.br\/es\/wp-json\/wp\/v2\/users\/1"}],"replies":[{"embeddable":true,"href":"https:\/\/www.pgcardiologiausp.com.br\/es\/wp-json\/wp\/v2\/comments?post=1700"}],"version-history":[{"count":1,"href":"https:\/\/www.pgcardiologiausp.com.br\/es\/wp-json\/wp\/v2\/pages\/1700\/revisions"}],"predecessor-version":[{"id":1701,"href":"https:\/\/www.pgcardiologiausp.com.br\/es\/wp-json\/wp\/v2\/pages\/1700\/revisions\/1701"}],"up":[{"embeddable":true,"href":"https:\/\/www.pgcardiologiausp.com.br\/es\/wp-json\/wp\/v2\/pages\/386"}],"wp:featuredmedia":[{"embeddable":true,"href":"https:\/\/www.pgcardiologiausp.com.br\/es\/wp-json\/wp\/v2\/media\/112"}],"wp:attachment":[{"href":"https:\/\/www.pgcardiologiausp.com.br\/es\/wp-json\/wp\/v2\/media?parent=1700"}],"curies":[{"name":"wp","href":"https:\/\/api.w.org\/{rel}","templated":true}]}}