{"id":1839,"date":"2025-04-22T11:24:41","date_gmt":"2025-04-22T14:24:41","guid":{"rendered":"https:\/\/www.pgcardiologiausp.com.br\/?page_id=1839"},"modified":"2026-03-09T14:57:41","modified_gmt":"2026-03-09T17:57:41","slug":"artigos-de-interesse","status":"publish","type":"page","link":"https:\/\/www.pgcardiologiausp.com.br\/es\/o-programa\/artigos-de-interesse\/","title":{"rendered":"Art\u00edculos de Inter\u00e9s"},"content":{"rendered":"<h4 style=\"text-align: center;\"><span style=\"color: #333399;\"><img loading=\"lazy\" decoding=\"async\" class=\"size-full wp-image-2125 alignleft\" src=\"https:\/\/www.pgcardiologiausp.com.br\/wp-content\/uploads\/2025\/05\/Captura-de-tela-2025-05-21-150424.jpg\" alt=\"\" width=\"342\" height=\"292\" srcset=\"https:\/\/www.pgcardiologiausp.com.br\/wp-content\/uploads\/2025\/05\/Captura-de-tela-2025-05-21-150424.jpg 342w, https:\/\/www.pgcardiologiausp.com.br\/wp-content\/uploads\/2025\/05\/Captura-de-tela-2025-05-21-150424-300x256.jpg 300w, https:\/\/www.pgcardiologiausp.com.br\/wp-content\/uploads\/2025\/05\/Captura-de-tela-2025-05-21-150424-88x75.jpg 88w\" sizes=\"auto, (max-width:767px) 342px, 342px\" \/><\/span><\/h4>\n<h4><\/h4>\n<h2><\/h2>\n<h2 style=\"text-align: center;\"><span style=\"color: #333399;\">Descargue los art\u00edculos de inter\u00e9s a continuaci\u00f3n:<\/span><\/h2>\n<p>&nbsp;<\/p>\n<p>&nbsp;<\/p>\n<p>&nbsp;<\/p>\n<p>&nbsp;<\/p>\n<ul>\n<li><strong><a href=\"https:\/\/pubmed.ncbi.nlm.nih.gov\/41796783\/\">Outcomes in Patients with Acute Coronary Syndromes and Cancer Undergoing Percutaneous Coronary Intervention: A Systematic Review and Meta-Analysis<\/a><\/strong><\/li>\n<li><a href=\"https:\/\/www.pgcardiologiausp.com.br\/wp-content\/uploads\/2025\/04\/jama_hopewell_2025_sc_250003_1744230151.85133.pdf\" target=\"_blank\" rel=\"noopener\"><strong>CONSORT 2025 Statement &#8211; Updated Guideline for Reporting Randomized Trials<\/strong><\/a><\/li>\n<li><strong><a href=\"https:\/\/www.pgcardiologiausp.com.br\/wp-content\/uploads\/2025\/05\/ijms-26-00419.pdf\">The Role of Exercise-Based Cardiac Rehabilitation After Myocardial Infarction on Cholesterol Transfer to HDL <\/a>(Prof. Dr. Jos\u00e9 Carlos Nicolau)<\/strong><\/li>\n<li><strong><a href=\"https:\/\/www.pgcardiologiausp.com.br\/wp-content\/uploads\/2025\/05\/Cathet-Cardio-Intervent-2025-Muniz-Fasting-Versus-Non\u2010Fasting-Before-Cardiac-Catheterization-A-Systematic-Review-and.pdf\">Fasting Versus Non\u2010Fasting Before CardiacCatheterization: A Systematic Review and Meta\u2010Analysisof Randomized Controlled Trials<\/a> (Dr. Henrique Barbosa Ribeiro)<\/strong><\/li>\n<li><strong><a href=\"https:\/\/www.pgcardiologiausp.com.br\/wp-content\/uploads\/2025\/05\/Coronary-artery-bypass-grafting-with-or.pdf\">Coronary artery bypass grafting with or without preoperative physiological stenosis assessment: a SWEDEHEART study<\/a><\/strong><\/li>\n<li><strong><a href=\"https:\/\/www.pgcardiologiausp.com.br\/wp-content\/uploads\/2025\/06\/PUBLICACAO_JAQUELINE_2025.pdf\">Nicotine Dependence in a Banned Market: Biomarker Evidence from E-Cigarette Users in S\u00e3o Paulo, Brazil<\/a> (Profa. Dra. Jaqueline Ribeiro Scholz)<\/strong><\/li>\n<\/ul>\n<p>&nbsp;<\/p>\n<p>&nbsp;<\/p>\n<p>&nbsp;<\/p>\n<p>&nbsp;<\/p>\n","protected":false},"excerpt":{"rendered":"<p>Descargue los art\u00edculos de inter\u00e9s a continuaci\u00f3n: &nbsp; &nbsp; &nbsp; &nbsp; Outcomes in Patients with Acute Coronary Syndromes and Cancer Undergoing Percutaneous Coronary Intervention: A Systematic<span class=\"excerpt-hellip\"> [\u2026]<\/span><\/p>\n","protected":false},"author":1,"featured_media":112,"parent":107,"menu_order":0,"comment_status":"closed","ping_status":"closed","template":"","meta":{"footnotes":""},"class_list":["post-1839","page","type-page","status-publish","has-post-thumbnail","hentry"],"yoast_head":"<!-- This site is optimized with the Yoast SEO plugin v25.8 - https:\/\/yoast.com\/wordpress\/plugins\/seo\/ -->\n<title>Art\u00edculos de Inter\u00e9s - P\u00f3s-Gradua\u00e7\u00e3o em Cardiologia FMUSP<\/title>\n<meta name=\"robots\" content=\"index, follow, max-snippet:-1, max-image-preview:large, max-video-preview:-1\" \/>\n<link rel=\"canonical\" href=\"https:\/\/www.pgcardiologiausp.com.br\/o-programa\/artigos-de-interesse\/\" \/>\n<meta property=\"og:locale\" content=\"es_ES\" \/>\n<meta property=\"og:type\" content=\"article\" \/>\n<meta property=\"og:title\" content=\"Art\u00edculos de Inter\u00e9s - P\u00f3s-Gradua\u00e7\u00e3o em Cardiologia FMUSP\" \/>\n<meta property=\"og:description\" content=\"Descargue los art\u00edculos de inter\u00e9s a continuaci\u00f3n: &nbsp; &nbsp; &nbsp; &nbsp; Outcomes in Patients with Acute Coronary Syndromes and Cancer Undergoing Percutaneous Coronary Intervention: A Systematic [\u2026]\" \/>\n<meta property=\"og:url\" content=\"https:\/\/www.pgcardiologiausp.com.br\/o-programa\/artigos-de-interesse\/\" \/>\n<meta property=\"og:site_name\" content=\"P\u00f3s-Gradua\u00e7\u00e3o em Cardiologia FMUSP\" \/>\n<meta property=\"article:modified_time\" content=\"2026-03-09T17:57:41+00:00\" \/>\n<meta property=\"og:image\" content=\"https:\/\/www.pgcardiologiausp.com.br\/wp-content\/uploads\/2024\/12\/bgheader_pgcardio_v1.2.jpg\" \/>\n\t<meta property=\"og:image:width\" content=\"1920\" \/>\n\t<meta property=\"og:image:height\" content=\"800\" \/>\n\t<meta property=\"og:image:type\" content=\"image\/jpeg\" \/>\n<meta name=\"twitter:card\" content=\"summary_large_image\" \/>\n<script type=\"application\/ld+json\" class=\"yoast-schema-graph\">{\"@context\":\"https:\/\/schema.org\",\"@graph\":[{\"@type\":\"WebPage\",\"@id\":\"https:\/\/www.pgcardiologiausp.com.br\/o-programa\/artigos-de-interesse\/\",\"url\":\"https:\/\/www.pgcardiologiausp.com.br\/o-programa\/artigos-de-interesse\/\",\"name\":\"Art\u00edculos de Inter\u00e9s - P\u00f3s-Gradua\u00e7\u00e3o em Cardiologia FMUSP\",\"isPartOf\":{\"@id\":\"https:\/\/www.pgcardiologiausp.com.br\/#website\"},\"primaryImageOfPage\":{\"@id\":\"https:\/\/www.pgcardiologiausp.com.br\/o-programa\/artigos-de-interesse\/#primaryimage\"},\"image\":{\"@id\":\"https:\/\/www.pgcardiologiausp.com.br\/o-programa\/artigos-de-interesse\/#primaryimage\"},\"thumbnailUrl\":\"https:\/\/www.pgcardiologiausp.com.br\/wp-content\/uploads\/2024\/12\/bgheader_pgcardio_v1.2.jpg\",\"datePublished\":\"2025-04-22T14:24:41+00:00\",\"dateModified\":\"2026-03-09T17:57:41+00:00\",\"breadcrumb\":{\"@id\":\"https:\/\/www.pgcardiologiausp.com.br\/o-programa\/artigos-de-interesse\/#breadcrumb\"},\"inLanguage\":\"es\",\"potentialAction\":[{\"@type\":\"ReadAction\",\"target\":[\"https:\/\/www.pgcardiologiausp.com.br\/o-programa\/artigos-de-interesse\/\"]}]},{\"@type\":\"ImageObject\",\"inLanguage\":\"es\",\"@id\":\"https:\/\/www.pgcardiologiausp.com.br\/o-programa\/artigos-de-interesse\/#primaryimage\",\"url\":\"https:\/\/www.pgcardiologiausp.com.br\/wp-content\/uploads\/2024\/12\/bgheader_pgcardio_v1.2.jpg\",\"contentUrl\":\"https:\/\/www.pgcardiologiausp.com.br\/wp-content\/uploads\/2024\/12\/bgheader_pgcardio_v1.2.jpg\",\"width\":1920,\"height\":800},{\"@type\":\"BreadcrumbList\",\"@id\":\"https:\/\/www.pgcardiologiausp.com.br\/o-programa\/artigos-de-interesse\/#breadcrumb\",\"itemListElement\":[{\"@type\":\"ListItem\",\"position\":1,\"name\":\"Home\",\"item\":\"https:\/\/www.pgcardiologiausp.com.br\/\"},{\"@type\":\"ListItem\",\"position\":2,\"name\":\"O Programa\",\"item\":\"https:\/\/www.pgcardiologiausp.com.br\/o-programa\/\"},{\"@type\":\"ListItem\",\"position\":3,\"name\":\"Artigos de Interesse\"}]},{\"@type\":\"WebSite\",\"@id\":\"https:\/\/www.pgcardiologiausp.com.br\/#website\",\"url\":\"https:\/\/www.pgcardiologiausp.com.br\/\",\"name\":\"P\u00f3s-Gradua\u00e7\u00e3o em Cardiologia FMUSP\",\"description\":\"\",\"publisher\":{\"@id\":\"https:\/\/www.pgcardiologiausp.com.br\/#organization\"},\"potentialAction\":[{\"@type\":\"SearchAction\",\"target\":{\"@type\":\"EntryPoint\",\"urlTemplate\":\"https:\/\/www.pgcardiologiausp.com.br\/?s={search_term_string}\"},\"query-input\":{\"@type\":\"PropertyValueSpecification\",\"valueRequired\":true,\"valueName\":\"search_term_string\"}}],\"inLanguage\":\"es\"},{\"@type\":\"Organization\",\"@id\":\"https:\/\/www.pgcardiologiausp.com.br\/#organization\",\"name\":\"P\u00f3s-Gradua\u00e7\u00e3o em Cardiologia FMUSP\",\"url\":\"https:\/\/www.pgcardiologiausp.com.br\/\",\"logo\":{\"@type\":\"ImageObject\",\"inLanguage\":\"es\",\"@id\":\"https:\/\/www.pgcardiologiausp.com.br\/#\/schema\/logo\/image\/\",\"url\":\"https:\/\/www.pgcardiologiausp.com.br\/wp-content\/uploads\/2024\/12\/pg_cardio_usp-logo-v1-clearbg-500x341-1.png\",\"contentUrl\":\"https:\/\/www.pgcardiologiausp.com.br\/wp-content\/uploads\/2024\/12\/pg_cardio_usp-logo-v1-clearbg-500x341-1.png\",\"width\":500,\"height\":177,\"caption\":\"P\u00f3s-Gradua\u00e7\u00e3o em Cardiologia FMUSP\"},\"image\":{\"@id\":\"https:\/\/www.pgcardiologiausp.com.br\/#\/schema\/logo\/image\/\"}}]}<\/script>\n<!-- \/ Yoast SEO plugin. -->","yoast_head_json":{"title":"Art\u00edculos de Inter\u00e9s - P\u00f3s-Gradua\u00e7\u00e3o em Cardiologia FMUSP","robots":{"index":"index","follow":"follow","max-snippet":"max-snippet:-1","max-image-preview":"max-image-preview:large","max-video-preview":"max-video-preview:-1"},"canonical":"https:\/\/www.pgcardiologiausp.com.br\/o-programa\/artigos-de-interesse\/","og_locale":"es_ES","og_type":"article","og_title":"Art\u00edculos de Inter\u00e9s - P\u00f3s-Gradua\u00e7\u00e3o em Cardiologia FMUSP","og_description":"Descargue los art\u00edculos de inter\u00e9s a continuaci\u00f3n: &nbsp; &nbsp; &nbsp; &nbsp; Outcomes in Patients with Acute Coronary Syndromes and Cancer Undergoing Percutaneous Coronary Intervention: A Systematic [\u2026]","og_url":"https:\/\/www.pgcardiologiausp.com.br\/o-programa\/artigos-de-interesse\/","og_site_name":"P\u00f3s-Gradua\u00e7\u00e3o em Cardiologia FMUSP","article_modified_time":"2026-03-09T17:57:41+00:00","og_image":[{"width":1920,"height":800,"url":"https:\/\/www.pgcardiologiausp.com.br\/wp-content\/uploads\/2024\/12\/bgheader_pgcardio_v1.2.jpg","type":"image\/jpeg"}],"twitter_card":"summary_large_image","schema":{"@context":"https:\/\/schema.org","@graph":[{"@type":"WebPage","@id":"https:\/\/www.pgcardiologiausp.com.br\/o-programa\/artigos-de-interesse\/","url":"https:\/\/www.pgcardiologiausp.com.br\/o-programa\/artigos-de-interesse\/","name":"Art\u00edculos de Inter\u00e9s - P\u00f3s-Gradua\u00e7\u00e3o em Cardiologia FMUSP","isPartOf":{"@id":"https:\/\/www.pgcardiologiausp.com.br\/#website"},"primaryImageOfPage":{"@id":"https:\/\/www.pgcardiologiausp.com.br\/o-programa\/artigos-de-interesse\/#primaryimage"},"image":{"@id":"https:\/\/www.pgcardiologiausp.com.br\/o-programa\/artigos-de-interesse\/#primaryimage"},"thumbnailUrl":"https:\/\/www.pgcardiologiausp.com.br\/wp-content\/uploads\/2024\/12\/bgheader_pgcardio_v1.2.jpg","datePublished":"2025-04-22T14:24:41+00:00","dateModified":"2026-03-09T17:57:41+00:00","breadcrumb":{"@id":"https:\/\/www.pgcardiologiausp.com.br\/o-programa\/artigos-de-interesse\/#breadcrumb"},"inLanguage":"es","potentialAction":[{"@type":"ReadAction","target":["https:\/\/www.pgcardiologiausp.com.br\/o-programa\/artigos-de-interesse\/"]}]},{"@type":"ImageObject","inLanguage":"es","@id":"https:\/\/www.pgcardiologiausp.com.br\/o-programa\/artigos-de-interesse\/#primaryimage","url":"https:\/\/www.pgcardiologiausp.com.br\/wp-content\/uploads\/2024\/12\/bgheader_pgcardio_v1.2.jpg","contentUrl":"https:\/\/www.pgcardiologiausp.com.br\/wp-content\/uploads\/2024\/12\/bgheader_pgcardio_v1.2.jpg","width":1920,"height":800},{"@type":"BreadcrumbList","@id":"https:\/\/www.pgcardiologiausp.com.br\/o-programa\/artigos-de-interesse\/#breadcrumb","itemListElement":[{"@type":"ListItem","position":1,"name":"Home","item":"https:\/\/www.pgcardiologiausp.com.br\/"},{"@type":"ListItem","position":2,"name":"O Programa","item":"https:\/\/www.pgcardiologiausp.com.br\/o-programa\/"},{"@type":"ListItem","position":3,"name":"Artigos de Interesse"}]},{"@type":"WebSite","@id":"https:\/\/www.pgcardiologiausp.com.br\/#website","url":"https:\/\/www.pgcardiologiausp.com.br\/","name":"P\u00f3s-Gradua\u00e7\u00e3o em Cardiologia FMUSP","description":"","publisher":{"@id":"https:\/\/www.pgcardiologiausp.com.br\/#organization"},"potentialAction":[{"@type":"SearchAction","target":{"@type":"EntryPoint","urlTemplate":"https:\/\/www.pgcardiologiausp.com.br\/?s={search_term_string}"},"query-input":{"@type":"PropertyValueSpecification","valueRequired":true,"valueName":"search_term_string"}}],"inLanguage":"es"},{"@type":"Organization","@id":"https:\/\/www.pgcardiologiausp.com.br\/#organization","name":"P\u00f3s-Gradua\u00e7\u00e3o em Cardiologia FMUSP","url":"https:\/\/www.pgcardiologiausp.com.br\/","logo":{"@type":"ImageObject","inLanguage":"es","@id":"https:\/\/www.pgcardiologiausp.com.br\/#\/schema\/logo\/image\/","url":"https:\/\/www.pgcardiologiausp.com.br\/wp-content\/uploads\/2024\/12\/pg_cardio_usp-logo-v1-clearbg-500x341-1.png","contentUrl":"https:\/\/www.pgcardiologiausp.com.br\/wp-content\/uploads\/2024\/12\/pg_cardio_usp-logo-v1-clearbg-500x341-1.png","width":500,"height":177,"caption":"P\u00f3s-Gradua\u00e7\u00e3o em Cardiologia FMUSP"},"image":{"@id":"https:\/\/www.pgcardiologiausp.com.br\/#\/schema\/logo\/image\/"}}]}},"_links":{"self":[{"href":"https:\/\/www.pgcardiologiausp.com.br\/es\/wp-json\/wp\/v2\/pages\/1839","targetHints":{"allow":["GET"]}}],"collection":[{"href":"https:\/\/www.pgcardiologiausp.com.br\/es\/wp-json\/wp\/v2\/pages"}],"about":[{"href":"https:\/\/www.pgcardiologiausp.com.br\/es\/wp-json\/wp\/v2\/types\/page"}],"author":[{"embeddable":true,"href":"https:\/\/www.pgcardiologiausp.com.br\/es\/wp-json\/wp\/v2\/users\/1"}],"replies":[{"embeddable":true,"href":"https:\/\/www.pgcardiologiausp.com.br\/es\/wp-json\/wp\/v2\/comments?post=1839"}],"version-history":[{"count":12,"href":"https:\/\/www.pgcardiologiausp.com.br\/es\/wp-json\/wp\/v2\/pages\/1839\/revisions"}],"predecessor-version":[{"id":2950,"href":"https:\/\/www.pgcardiologiausp.com.br\/es\/wp-json\/wp\/v2\/pages\/1839\/revisions\/2950"}],"up":[{"embeddable":true,"href":"https:\/\/www.pgcardiologiausp.com.br\/es\/wp-json\/wp\/v2\/pages\/107"}],"wp:featuredmedia":[{"embeddable":true,"href":"https:\/\/www.pgcardiologiausp.com.br\/es\/wp-json\/wp\/v2\/media\/112"}],"wp:attachment":[{"href":"https:\/\/www.pgcardiologiausp.com.br\/es\/wp-json\/wp\/v2\/media?parent=1839"}],"curies":[{"name":"wp","href":"https:\/\/api.w.org\/{rel}","templated":true}]}}