{"id":2,"date":"2017-08-14T08:50:41","date_gmt":"2017-08-14T08:50:41","guid":{"rendered":"https:\/\/www.pgcardiologiausp.com.br\/?page_id=2"},"modified":"2026-05-08T09:39:56","modified_gmt":"2026-05-08T12:39:56","slug":"home","status":"publish","type":"page","link":"https:\/\/www.pgcardiologiausp.com.br\/es\/","title":{"rendered":"Home"},"content":{"rendered":"<p data-start=\"51\" data-end=\"526\"><span style=\"color: #333399;\"><strong>Alumno: Leandro Richa Valim<\/strong><\/span><br data-start=\"82\" data-end=\"85\" \/><strong data-start=\"85\" data-end=\"95\">Fecha:<\/strong> 27\/06\/2025<br data-start=\"106\" data-end=\"109\" \/><strong data-start=\"109\" data-end=\"118\">Hora:<\/strong> 08:00 h<br data-start=\"126\" data-end=\"129\" \/><strong data-start=\"129\" data-end=\"139\">Lugar:<\/strong> Anfiteatro de Farmacolog\u00eda &#8211; Sala 3104 &#8211; 3.er piso &#8211; Edificio Central &#8211; FMUSP<br data-start=\"217\" data-end=\"220\" \/><strong data-start=\"220\" data-end=\"233\" data-is-only-node=\"\">Director:<\/strong> Dr. Henrique Barbosa Ribeiro<br data-start=\"262\" data-end=\"265\" \/><strong data-start=\"265\" data-end=\"288\">T\u00edtulo de la Tesis:<\/strong> Avalia\u00e7\u00e3o da cicatriza\u00e7\u00e3o neointimal de stent farmacol\u00f3gico de segunda gera\u00e7\u00e3o longo, com formato c\u00f4nico e hastes ultrafinas (estudo TAPER-I): um estudo de tomografia de coer\u00eancia \u00f3ptica baseada em intelig\u00eancia artificial.<\/p>\n<hr data-start=\"528\" data-end=\"531\" \/>\n<p data-start=\"533\" data-end=\"927\"><strong><span style=\"color: #333399;\">Alumno: Kleisson Antonio Pontes Maia<\/span><\/strong><br data-start=\"573\" data-end=\"576\" \/><strong data-start=\"576\" data-end=\"586\">Fecha:<\/strong> 29\/07\/2025<br data-start=\"597\" data-end=\"600\" \/><strong data-start=\"600\" data-end=\"609\">Hora:<\/strong> 13:30 h<br data-start=\"617\" data-end=\"620\" \/><strong data-start=\"620\" data-end=\"630\">Lugar:<\/strong> Anfiteatro de Farmacolog\u00eda &#8211; Sala 3104 &#8211; 3.er piso &#8211; Edificio Central &#8211; FMUSP<br data-start=\"708\" data-end=\"711\" \/><strong data-start=\"711\" data-end=\"724\" data-is-only-node=\"\">Director:<\/strong> Prof. Dr. Raul Dias Santos Junior<br data-start=\"758\" data-end=\"761\" \/><strong data-start=\"761\" data-end=\"784\">T\u00edtulo de la Tesis:<\/strong> Perfil cl\u00ednico, laboratorial e molecular de mulheres e homens portadores de hipercolesterolemia familiar participantes do programa Hipercol Brasil.<\/p>\n<hr data-start=\"929\" data-end=\"932\" \/>\n<p data-start=\"934\" data-end=\"1269\"><strong><span style=\"color: #333399;\">Alumno: Marcelo de Sousa Londe<\/span><\/strong><br data-start=\"968\" data-end=\"971\" \/><strong data-start=\"971\" data-end=\"981\">Fecha:<\/strong> 31\/07\/2025<br data-start=\"992\" data-end=\"995\" \/><strong data-start=\"995\" data-end=\"1004\">Hora:<\/strong> 08:00 h<br data-start=\"1012\" data-end=\"1015\" \/><strong data-start=\"1015\" data-end=\"1025\">Lugar:<\/strong> Anfiteatro de Farmacolog\u00eda &#8211; Sala 3104 &#8211; 3.er piso &#8211; Edificio Central &#8211; FMUSP<br data-start=\"1103\" data-end=\"1106\" \/><strong data-start=\"1106\" data-end=\"1119\" data-is-only-node=\"\">Director:<\/strong> Prof. Dr. Carlos Alberto Pastore<br data-start=\"1152\" data-end=\"1155\" \/><strong data-start=\"1155\" data-end=\"1178\">T\u00edtulo de la Tesis:<\/strong> <em data-start=\"1179\" data-end=\"1269\">Proposta de posicionamento dos eletrodos em c\u00e3es atrav\u00e9s da eletrovetorcardiografia.<\/em><\/p>\n","protected":false},"excerpt":{"rendered":"<p>Alumno: Leandro Richa ValimFecha: 27\/06\/2025Hora: 08:00 hLugar: Anfiteatro de Farmacolog\u00eda &#8211; Sala 3104 &#8211; 3.er piso &#8211; Edificio Central &#8211; FMUSPDirector: Dr. Henrique Barbosa RibeiroT\u00edtulo de<span class=\"excerpt-hellip\"> [\u2026]<\/span><\/p>\n","protected":false},"author":1,"featured_media":0,"parent":0,"menu_order":0,"comment_status":"closed","ping_status":"closed","template":"","meta":{"footnotes":""},"class_list":["post-2","page","type-page","status-publish","hentry"],"yoast_head":"<!-- This site is optimized with the Yoast SEO plugin v25.8 - https:\/\/yoast.com\/wordpress\/plugins\/seo\/ -->\n<title>P\u00f3s-Gradua\u00e7\u00e3o em Cardiologia FMUSP<\/title>\n<meta name=\"description\" content=\"Desde 1973, o Programa de P\u00f3s-Gradua\u00e7\u00e3o em Cardiologia da Faculdade de Medicina da USP \u00e9 refer\u00eancia em excel\u00eancia. CAPES 7.\" \/>\n<meta name=\"robots\" content=\"index, follow, max-snippet:-1, max-image-preview:large, max-video-preview:-1\" \/>\n<link rel=\"canonical\" href=\"https:\/\/www.pgcardiologiausp.com.br\/\" \/>\n<meta property=\"og:locale\" content=\"es_ES\" \/>\n<meta property=\"og:type\" content=\"article\" \/>\n<meta property=\"og:title\" content=\"P\u00f3s-Gradua\u00e7\u00e3o em Cardiologia FMUSP\" \/>\n<meta property=\"og:description\" content=\"Desde 1973, o Programa de P\u00f3s-Gradua\u00e7\u00e3o em Cardiologia da Faculdade de Medicina da USP \u00e9 refer\u00eancia em excel\u00eancia. CAPES 7.\" \/>\n<meta property=\"og:url\" content=\"https:\/\/www.pgcardiologiausp.com.br\/\" \/>\n<meta property=\"og:site_name\" content=\"P\u00f3s-Gradua\u00e7\u00e3o em Cardiologia FMUSP\" \/>\n<meta property=\"article:modified_time\" content=\"2026-05-08T12:39:56+00:00\" \/>\n<meta property=\"og:image\" content=\"https:\/\/www.pgcardiologiausp.com.br\/wp-content\/uploads\/2024\/12\/thumb_pgcardio.jpg\" \/>\n\t<meta property=\"og:image:width\" content=\"820\" \/>\n\t<meta property=\"og:image:height\" content=\"461\" \/>\n\t<meta property=\"og:image:type\" content=\"image\/jpeg\" \/>\n<meta name=\"twitter:card\" content=\"summary_large_image\" \/>\n<script type=\"application\/ld+json\" class=\"yoast-schema-graph\">{\"@context\":\"https:\/\/schema.org\",\"@graph\":[{\"@type\":\"WebPage\",\"@id\":\"https:\/\/www.pgcardiologiausp.com.br\/\",\"url\":\"https:\/\/www.pgcardiologiausp.com.br\/\",\"name\":\"P\u00f3s-Gradua\u00e7\u00e3o em Cardiologia FMUSP\",\"isPartOf\":{\"@id\":\"https:\/\/www.pgcardiologiausp.com.br\/#website\"},\"datePublished\":\"2017-08-14T08:50:41+00:00\",\"dateModified\":\"2026-05-08T12:39:56+00:00\",\"description\":\"Desde 1973, o Programa de P\u00f3s-Gradua\u00e7\u00e3o em Cardiologia da Faculdade de Medicina da USP \u00e9 refer\u00eancia em excel\u00eancia. CAPES 7.\",\"breadcrumb\":{\"@id\":\"https:\/\/www.pgcardiologiausp.com.br\/#breadcrumb\"},\"inLanguage\":\"es\",\"potentialAction\":[{\"@type\":\"ReadAction\",\"target\":[\"https:\/\/www.pgcardiologiausp.com.br\/\"]}]},{\"@type\":\"BreadcrumbList\",\"@id\":\"https:\/\/www.pgcardiologiausp.com.br\/#breadcrumb\",\"itemListElement\":[{\"@type\":\"ListItem\",\"position\":1,\"name\":\"Home\",\"item\":\"https:\/\/www.pgcardiologiausp.com.br\/\"},{\"@type\":\"ListItem\",\"position\":2,\"name\":\"Home\"}]},{\"@type\":\"WebSite\",\"@id\":\"https:\/\/www.pgcardiologiausp.com.br\/#website\",\"url\":\"https:\/\/www.pgcardiologiausp.com.br\/\",\"name\":\"P\u00f3s-Gradua\u00e7\u00e3o em Cardiologia FMUSP\",\"description\":\"\",\"publisher\":{\"@id\":\"https:\/\/www.pgcardiologiausp.com.br\/#organization\"},\"potentialAction\":[{\"@type\":\"SearchAction\",\"target\":{\"@type\":\"EntryPoint\",\"urlTemplate\":\"https:\/\/www.pgcardiologiausp.com.br\/?s={search_term_string}\"},\"query-input\":{\"@type\":\"PropertyValueSpecification\",\"valueRequired\":true,\"valueName\":\"search_term_string\"}}],\"inLanguage\":\"es\"},{\"@type\":\"Organization\",\"@id\":\"https:\/\/www.pgcardiologiausp.com.br\/#organization\",\"name\":\"P\u00f3s-Gradua\u00e7\u00e3o em Cardiologia FMUSP\",\"url\":\"https:\/\/www.pgcardiologiausp.com.br\/\",\"logo\":{\"@type\":\"ImageObject\",\"inLanguage\":\"es\",\"@id\":\"https:\/\/www.pgcardiologiausp.com.br\/#\/schema\/logo\/image\/\",\"url\":\"https:\/\/www.pgcardiologiausp.com.br\/wp-content\/uploads\/2024\/12\/pg_cardio_usp-logo-v1-clearbg-500x341-1.png\",\"contentUrl\":\"https:\/\/www.pgcardiologiausp.com.br\/wp-content\/uploads\/2024\/12\/pg_cardio_usp-logo-v1-clearbg-500x341-1.png\",\"width\":500,\"height\":177,\"caption\":\"P\u00f3s-Gradua\u00e7\u00e3o em Cardiologia FMUSP\"},\"image\":{\"@id\":\"https:\/\/www.pgcardiologiausp.com.br\/#\/schema\/logo\/image\/\"}}]}<\/script>\n<!-- \/ Yoast SEO plugin. -->","yoast_head_json":{"title":"P\u00f3s-Gradua\u00e7\u00e3o em Cardiologia FMUSP","description":"Desde 1973, o Programa de P\u00f3s-Gradua\u00e7\u00e3o em Cardiologia da Faculdade de Medicina da USP \u00e9 refer\u00eancia em excel\u00eancia. CAPES 7.","robots":{"index":"index","follow":"follow","max-snippet":"max-snippet:-1","max-image-preview":"max-image-preview:large","max-video-preview":"max-video-preview:-1"},"canonical":"https:\/\/www.pgcardiologiausp.com.br\/","og_locale":"es_ES","og_type":"article","og_title":"P\u00f3s-Gradua\u00e7\u00e3o em Cardiologia FMUSP","og_description":"Desde 1973, o Programa de P\u00f3s-Gradua\u00e7\u00e3o em Cardiologia da Faculdade de Medicina da USP \u00e9 refer\u00eancia em excel\u00eancia. CAPES 7.","og_url":"https:\/\/www.pgcardiologiausp.com.br\/","og_site_name":"P\u00f3s-Gradua\u00e7\u00e3o em Cardiologia FMUSP","article_modified_time":"2026-05-08T12:39:56+00:00","og_image":[{"width":820,"height":461,"url":"https:\/\/www.pgcardiologiausp.com.br\/wp-content\/uploads\/2024\/12\/thumb_pgcardio.jpg","type":"image\/jpeg"}],"twitter_card":"summary_large_image","schema":{"@context":"https:\/\/schema.org","@graph":[{"@type":"WebPage","@id":"https:\/\/www.pgcardiologiausp.com.br\/","url":"https:\/\/www.pgcardiologiausp.com.br\/","name":"P\u00f3s-Gradua\u00e7\u00e3o em Cardiologia FMUSP","isPartOf":{"@id":"https:\/\/www.pgcardiologiausp.com.br\/#website"},"datePublished":"2017-08-14T08:50:41+00:00","dateModified":"2026-05-08T12:39:56+00:00","description":"Desde 1973, o Programa de P\u00f3s-Gradua\u00e7\u00e3o em Cardiologia da Faculdade de Medicina da USP \u00e9 refer\u00eancia em excel\u00eancia. CAPES 7.","breadcrumb":{"@id":"https:\/\/www.pgcardiologiausp.com.br\/#breadcrumb"},"inLanguage":"es","potentialAction":[{"@type":"ReadAction","target":["https:\/\/www.pgcardiologiausp.com.br\/"]}]},{"@type":"BreadcrumbList","@id":"https:\/\/www.pgcardiologiausp.com.br\/#breadcrumb","itemListElement":[{"@type":"ListItem","position":1,"name":"Home","item":"https:\/\/www.pgcardiologiausp.com.br\/"},{"@type":"ListItem","position":2,"name":"Home"}]},{"@type":"WebSite","@id":"https:\/\/www.pgcardiologiausp.com.br\/#website","url":"https:\/\/www.pgcardiologiausp.com.br\/","name":"P\u00f3s-Gradua\u00e7\u00e3o em Cardiologia FMUSP","description":"","publisher":{"@id":"https:\/\/www.pgcardiologiausp.com.br\/#organization"},"potentialAction":[{"@type":"SearchAction","target":{"@type":"EntryPoint","urlTemplate":"https:\/\/www.pgcardiologiausp.com.br\/?s={search_term_string}"},"query-input":{"@type":"PropertyValueSpecification","valueRequired":true,"valueName":"search_term_string"}}],"inLanguage":"es"},{"@type":"Organization","@id":"https:\/\/www.pgcardiologiausp.com.br\/#organization","name":"P\u00f3s-Gradua\u00e7\u00e3o em Cardiologia FMUSP","url":"https:\/\/www.pgcardiologiausp.com.br\/","logo":{"@type":"ImageObject","inLanguage":"es","@id":"https:\/\/www.pgcardiologiausp.com.br\/#\/schema\/logo\/image\/","url":"https:\/\/www.pgcardiologiausp.com.br\/wp-content\/uploads\/2024\/12\/pg_cardio_usp-logo-v1-clearbg-500x341-1.png","contentUrl":"https:\/\/www.pgcardiologiausp.com.br\/wp-content\/uploads\/2024\/12\/pg_cardio_usp-logo-v1-clearbg-500x341-1.png","width":500,"height":177,"caption":"P\u00f3s-Gradua\u00e7\u00e3o em Cardiologia FMUSP"},"image":{"@id":"https:\/\/www.pgcardiologiausp.com.br\/#\/schema\/logo\/image\/"}}]}},"_links":{"self":[{"href":"https:\/\/www.pgcardiologiausp.com.br\/es\/wp-json\/wp\/v2\/pages\/2","targetHints":{"allow":["GET"]}}],"collection":[{"href":"https:\/\/www.pgcardiologiausp.com.br\/es\/wp-json\/wp\/v2\/pages"}],"about":[{"href":"https:\/\/www.pgcardiologiausp.com.br\/es\/wp-json\/wp\/v2\/types\/page"}],"author":[{"embeddable":true,"href":"https:\/\/www.pgcardiologiausp.com.br\/es\/wp-json\/wp\/v2\/users\/1"}],"replies":[{"embeddable":true,"href":"https:\/\/www.pgcardiologiausp.com.br\/es\/wp-json\/wp\/v2\/comments?post=2"}],"version-history":[{"count":32,"href":"https:\/\/www.pgcardiologiausp.com.br\/es\/wp-json\/wp\/v2\/pages\/2\/revisions"}],"predecessor-version":[{"id":3078,"href":"https:\/\/www.pgcardiologiausp.com.br\/es\/wp-json\/wp\/v2\/pages\/2\/revisions\/3078"}],"wp:attachment":[{"href":"https:\/\/www.pgcardiologiausp.com.br\/es\/wp-json\/wp\/v2\/media?parent=2"}],"curies":[{"name":"wp","href":"https:\/\/api.w.org\/{rel}","templated":true}]}}