{"id":2041,"date":"2025-04-30T16:40:08","date_gmt":"2025-04-30T19:40:08","guid":{"rendered":"https:\/\/www.pgcardiologiausp.com.br\/?page_id=2041"},"modified":"2026-03-04T09:53:59","modified_gmt":"2026-03-04T12:53:59","slug":"aluno-especial","status":"publish","type":"page","link":"https:\/\/www.pgcardiologiausp.com.br\/es\/procedimentos\/aluno-especial\/","title":{"rendered":"Estudiante especial"},"content":{"rendered":"<p style=\"text-align: center;\"><strong>ESTUDIANTE ESPECIAL<\/strong> &#8211; <a href=\"https:\/\/www.fm.usp.br\/posgrad\/conteudo\/posgrad_253_resolucao_57-58.pdf\">ver Art\u00edculos 54 y 55 del Reglamento de Posgrado de la USP<\/a><\/p>\n<p>La inscripci\u00f3n como Estudiante Especial debe realizarse a trav\u00e9s del enlace: <a href=\"https:\/\/digital.fm.usp.br\/alunoespecial\">https:\/\/digital.fm.usp.br\/alunoespecial<\/a><\/p>\n<p>La solicitud de inscripci\u00f3n podr\u00e1 ser aprobada o rechazada por el docente responsable.<\/p>\n<p>No existe un per\u00edodo espec\u00edfico para solicitar inscripci\u00f3n en una asignatura en FMUSP como estudiante especial. Estas podr\u00e1n solicitarse <strong>hasta 10 d\u00edas h\u00e1biles antes del inicio del tema<\/strong> de inter\u00e9s.<\/p>\n<p>El <strong>valor de la inscripci\u00f3n es de R$268,94 por disciplina<\/strong>, a ser pagada mediante comprobante bancario despu\u00e9s de la verificaci\u00f3n de la documentaci\u00f3n por el Servicio de Posgrado de la FMUSP y autorizada por el profesor responsable.<\/p>\n<div>\n<hr \/>\n<\/div>\n<h3 style=\"text-align: center;\"><span style=\"color: #ff0000;\"><strong>ATENCI\u00d3N<\/strong><\/span><\/h3>\n<p>1. Una vez aprobada una asignatura, no se permitir\u00e1 una nueva matr\u00edcula en la misma asignatura.<\/p>\n<p>2. Solicitar inscripci\u00f3n como alumno regular \u00fanicamente una vez finalizada la asignatura (conceptos y frecuencias disponibles). En caso de matr\u00edcula concomitante no ser\u00e1 posible utilizar los cr\u00e9ditos de la asignatura.<\/p>\n<p>3. No habr\u00e1 devoluci\u00f3n del importe pagado si el estudiante solicita la cancelaci\u00f3n de la matr\u00edcula.<\/p>\n<hr \/>\n<p>Consulta el Cat\u00e1logo de Disciplinas <a href=\"https:\/\/uspdigital.usp.br\/janus\/componente\/disciplinasOferecidasInicial.jsf\">Janus<\/a><\/p>\n<p>Conozca las disciplinas de <a href=\"https:\/\/www.pgcardiologiausp.com.br\/o-programa\/disciplinas\/\">Cardiolog\u00eda<\/a><\/p>\n<div>\n<p>&nbsp;<\/p>\n<\/div>\n","protected":false},"excerpt":{"rendered":"<p>ESTUDIANTE ESPECIAL &#8211; ver Art\u00edculos 54 y 55 del Reglamento de Posgrado de la USP La inscripci\u00f3n como Estudiante Especial debe realizarse a trav\u00e9s del enlace:<span class=\"excerpt-hellip\"> [\u2026]<\/span><\/p>\n","protected":false},"author":4,"featured_media":112,"parent":133,"menu_order":0,"comment_status":"closed","ping_status":"closed","template":"","meta":{"footnotes":""},"class_list":["post-2041","page","type-page","status-publish","has-post-thumbnail","hentry"],"yoast_head":"<!-- This site is optimized with the Yoast SEO plugin v25.8 - https:\/\/yoast.com\/wordpress\/plugins\/seo\/ -->\n<title>Estudiante especial - P\u00f3s-Gradua\u00e7\u00e3o em Cardiologia FMUSP<\/title>\n<meta name=\"robots\" content=\"index, follow, max-snippet:-1, max-image-preview:large, max-video-preview:-1\" \/>\n<link rel=\"canonical\" href=\"https:\/\/www.pgcardiologiausp.com.br\/procedimentos\/aluno-especial\/\" \/>\n<meta property=\"og:locale\" content=\"es_ES\" \/>\n<meta property=\"og:type\" content=\"article\" \/>\n<meta property=\"og:title\" content=\"Estudiante especial - P\u00f3s-Gradua\u00e7\u00e3o em Cardiologia FMUSP\" \/>\n<meta property=\"og:description\" content=\"ESTUDIANTE ESPECIAL &#8211; ver Art\u00edculos 54 y 55 del Reglamento de Posgrado de la USP La inscripci\u00f3n como Estudiante Especial debe realizarse a trav\u00e9s del enlace: [\u2026]\" \/>\n<meta property=\"og:url\" content=\"https:\/\/www.pgcardiologiausp.com.br\/procedimentos\/aluno-especial\/\" \/>\n<meta property=\"og:site_name\" content=\"P\u00f3s-Gradua\u00e7\u00e3o em Cardiologia FMUSP\" \/>\n<meta property=\"article:modified_time\" content=\"2026-03-04T12:53:59+00:00\" \/>\n<meta property=\"og:image\" content=\"https:\/\/www.pgcardiologiausp.com.br\/wp-content\/uploads\/2024\/12\/bgheader_pgcardio_v1.2.jpg\" \/>\n\t<meta property=\"og:image:width\" content=\"1920\" \/>\n\t<meta property=\"og:image:height\" content=\"800\" \/>\n\t<meta property=\"og:image:type\" content=\"image\/jpeg\" \/>\n<meta name=\"twitter:card\" content=\"summary_large_image\" \/>\n<script type=\"application\/ld+json\" class=\"yoast-schema-graph\">{\"@context\":\"https:\/\/schema.org\",\"@graph\":[{\"@type\":\"WebPage\",\"@id\":\"https:\/\/www.pgcardiologiausp.com.br\/procedimentos\/aluno-especial\/\",\"url\":\"https:\/\/www.pgcardiologiausp.com.br\/procedimentos\/aluno-especial\/\",\"name\":\"Estudiante especial - P\u00f3s-Gradua\u00e7\u00e3o em Cardiologia FMUSP\",\"isPartOf\":{\"@id\":\"https:\/\/www.pgcardiologiausp.com.br\/#website\"},\"primaryImageOfPage\":{\"@id\":\"https:\/\/www.pgcardiologiausp.com.br\/procedimentos\/aluno-especial\/#primaryimage\"},\"image\":{\"@id\":\"https:\/\/www.pgcardiologiausp.com.br\/procedimentos\/aluno-especial\/#primaryimage\"},\"thumbnailUrl\":\"https:\/\/www.pgcardiologiausp.com.br\/wp-content\/uploads\/2024\/12\/bgheader_pgcardio_v1.2.jpg\",\"datePublished\":\"2025-04-30T19:40:08+00:00\",\"dateModified\":\"2026-03-04T12:53:59+00:00\",\"breadcrumb\":{\"@id\":\"https:\/\/www.pgcardiologiausp.com.br\/procedimentos\/aluno-especial\/#breadcrumb\"},\"inLanguage\":\"es\",\"potentialAction\":[{\"@type\":\"ReadAction\",\"target\":[\"https:\/\/www.pgcardiologiausp.com.br\/procedimentos\/aluno-especial\/\"]}]},{\"@type\":\"ImageObject\",\"inLanguage\":\"es\",\"@id\":\"https:\/\/www.pgcardiologiausp.com.br\/procedimentos\/aluno-especial\/#primaryimage\",\"url\":\"https:\/\/www.pgcardiologiausp.com.br\/wp-content\/uploads\/2024\/12\/bgheader_pgcardio_v1.2.jpg\",\"contentUrl\":\"https:\/\/www.pgcardiologiausp.com.br\/wp-content\/uploads\/2024\/12\/bgheader_pgcardio_v1.2.jpg\",\"width\":1920,\"height\":800},{\"@type\":\"BreadcrumbList\",\"@id\":\"https:\/\/www.pgcardiologiausp.com.br\/procedimentos\/aluno-especial\/#breadcrumb\",\"itemListElement\":[{\"@type\":\"ListItem\",\"position\":1,\"name\":\"Home\",\"item\":\"https:\/\/www.pgcardiologiausp.com.br\/\"},{\"@type\":\"ListItem\",\"position\":2,\"name\":\"Procedimentos\",\"item\":\"https:\/\/www.pgcardiologiausp.com.br\/procedimentos\/\"},{\"@type\":\"ListItem\",\"position\":3,\"name\":\"Aluno Especial\"}]},{\"@type\":\"WebSite\",\"@id\":\"https:\/\/www.pgcardiologiausp.com.br\/#website\",\"url\":\"https:\/\/www.pgcardiologiausp.com.br\/\",\"name\":\"P\u00f3s-Gradua\u00e7\u00e3o em Cardiologia FMUSP\",\"description\":\"\",\"publisher\":{\"@id\":\"https:\/\/www.pgcardiologiausp.com.br\/#organization\"},\"potentialAction\":[{\"@type\":\"SearchAction\",\"target\":{\"@type\":\"EntryPoint\",\"urlTemplate\":\"https:\/\/www.pgcardiologiausp.com.br\/?s={search_term_string}\"},\"query-input\":{\"@type\":\"PropertyValueSpecification\",\"valueRequired\":true,\"valueName\":\"search_term_string\"}}],\"inLanguage\":\"es\"},{\"@type\":\"Organization\",\"@id\":\"https:\/\/www.pgcardiologiausp.com.br\/#organization\",\"name\":\"P\u00f3s-Gradua\u00e7\u00e3o em Cardiologia FMUSP\",\"url\":\"https:\/\/www.pgcardiologiausp.com.br\/\",\"logo\":{\"@type\":\"ImageObject\",\"inLanguage\":\"es\",\"@id\":\"https:\/\/www.pgcardiologiausp.com.br\/#\/schema\/logo\/image\/\",\"url\":\"https:\/\/www.pgcardiologiausp.com.br\/wp-content\/uploads\/2024\/12\/pg_cardio_usp-logo-v1-clearbg-500x341-1.png\",\"contentUrl\":\"https:\/\/www.pgcardiologiausp.com.br\/wp-content\/uploads\/2024\/12\/pg_cardio_usp-logo-v1-clearbg-500x341-1.png\",\"width\":500,\"height\":177,\"caption\":\"P\u00f3s-Gradua\u00e7\u00e3o em Cardiologia FMUSP\"},\"image\":{\"@id\":\"https:\/\/www.pgcardiologiausp.com.br\/#\/schema\/logo\/image\/\"}}]}<\/script>\n<!-- \/ Yoast SEO plugin. -->","yoast_head_json":{"title":"Estudiante especial - P\u00f3s-Gradua\u00e7\u00e3o em Cardiologia FMUSP","robots":{"index":"index","follow":"follow","max-snippet":"max-snippet:-1","max-image-preview":"max-image-preview:large","max-video-preview":"max-video-preview:-1"},"canonical":"https:\/\/www.pgcardiologiausp.com.br\/procedimentos\/aluno-especial\/","og_locale":"es_ES","og_type":"article","og_title":"Estudiante especial - P\u00f3s-Gradua\u00e7\u00e3o em Cardiologia FMUSP","og_description":"ESTUDIANTE ESPECIAL &#8211; ver Art\u00edculos 54 y 55 del Reglamento de Posgrado de la USP La inscripci\u00f3n como Estudiante Especial debe realizarse a trav\u00e9s del enlace: [\u2026]","og_url":"https:\/\/www.pgcardiologiausp.com.br\/procedimentos\/aluno-especial\/","og_site_name":"P\u00f3s-Gradua\u00e7\u00e3o em Cardiologia FMUSP","article_modified_time":"2026-03-04T12:53:59+00:00","og_image":[{"width":1920,"height":800,"url":"https:\/\/www.pgcardiologiausp.com.br\/wp-content\/uploads\/2024\/12\/bgheader_pgcardio_v1.2.jpg","type":"image\/jpeg"}],"twitter_card":"summary_large_image","schema":{"@context":"https:\/\/schema.org","@graph":[{"@type":"WebPage","@id":"https:\/\/www.pgcardiologiausp.com.br\/procedimentos\/aluno-especial\/","url":"https:\/\/www.pgcardiologiausp.com.br\/procedimentos\/aluno-especial\/","name":"Estudiante especial - P\u00f3s-Gradua\u00e7\u00e3o em Cardiologia FMUSP","isPartOf":{"@id":"https:\/\/www.pgcardiologiausp.com.br\/#website"},"primaryImageOfPage":{"@id":"https:\/\/www.pgcardiologiausp.com.br\/procedimentos\/aluno-especial\/#primaryimage"},"image":{"@id":"https:\/\/www.pgcardiologiausp.com.br\/procedimentos\/aluno-especial\/#primaryimage"},"thumbnailUrl":"https:\/\/www.pgcardiologiausp.com.br\/wp-content\/uploads\/2024\/12\/bgheader_pgcardio_v1.2.jpg","datePublished":"2025-04-30T19:40:08+00:00","dateModified":"2026-03-04T12:53:59+00:00","breadcrumb":{"@id":"https:\/\/www.pgcardiologiausp.com.br\/procedimentos\/aluno-especial\/#breadcrumb"},"inLanguage":"es","potentialAction":[{"@type":"ReadAction","target":["https:\/\/www.pgcardiologiausp.com.br\/procedimentos\/aluno-especial\/"]}]},{"@type":"ImageObject","inLanguage":"es","@id":"https:\/\/www.pgcardiologiausp.com.br\/procedimentos\/aluno-especial\/#primaryimage","url":"https:\/\/www.pgcardiologiausp.com.br\/wp-content\/uploads\/2024\/12\/bgheader_pgcardio_v1.2.jpg","contentUrl":"https:\/\/www.pgcardiologiausp.com.br\/wp-content\/uploads\/2024\/12\/bgheader_pgcardio_v1.2.jpg","width":1920,"height":800},{"@type":"BreadcrumbList","@id":"https:\/\/www.pgcardiologiausp.com.br\/procedimentos\/aluno-especial\/#breadcrumb","itemListElement":[{"@type":"ListItem","position":1,"name":"Home","item":"https:\/\/www.pgcardiologiausp.com.br\/"},{"@type":"ListItem","position":2,"name":"Procedimentos","item":"https:\/\/www.pgcardiologiausp.com.br\/procedimentos\/"},{"@type":"ListItem","position":3,"name":"Aluno Especial"}]},{"@type":"WebSite","@id":"https:\/\/www.pgcardiologiausp.com.br\/#website","url":"https:\/\/www.pgcardiologiausp.com.br\/","name":"P\u00f3s-Gradua\u00e7\u00e3o em Cardiologia FMUSP","description":"","publisher":{"@id":"https:\/\/www.pgcardiologiausp.com.br\/#organization"},"potentialAction":[{"@type":"SearchAction","target":{"@type":"EntryPoint","urlTemplate":"https:\/\/www.pgcardiologiausp.com.br\/?s={search_term_string}"},"query-input":{"@type":"PropertyValueSpecification","valueRequired":true,"valueName":"search_term_string"}}],"inLanguage":"es"},{"@type":"Organization","@id":"https:\/\/www.pgcardiologiausp.com.br\/#organization","name":"P\u00f3s-Gradua\u00e7\u00e3o em Cardiologia FMUSP","url":"https:\/\/www.pgcardiologiausp.com.br\/","logo":{"@type":"ImageObject","inLanguage":"es","@id":"https:\/\/www.pgcardiologiausp.com.br\/#\/schema\/logo\/image\/","url":"https:\/\/www.pgcardiologiausp.com.br\/wp-content\/uploads\/2024\/12\/pg_cardio_usp-logo-v1-clearbg-500x341-1.png","contentUrl":"https:\/\/www.pgcardiologiausp.com.br\/wp-content\/uploads\/2024\/12\/pg_cardio_usp-logo-v1-clearbg-500x341-1.png","width":500,"height":177,"caption":"P\u00f3s-Gradua\u00e7\u00e3o em Cardiologia FMUSP"},"image":{"@id":"https:\/\/www.pgcardiologiausp.com.br\/#\/schema\/logo\/image\/"}}]}},"_links":{"self":[{"href":"https:\/\/www.pgcardiologiausp.com.br\/es\/wp-json\/wp\/v2\/pages\/2041","targetHints":{"allow":["GET"]}}],"collection":[{"href":"https:\/\/www.pgcardiologiausp.com.br\/es\/wp-json\/wp\/v2\/pages"}],"about":[{"href":"https:\/\/www.pgcardiologiausp.com.br\/es\/wp-json\/wp\/v2\/types\/page"}],"author":[{"embeddable":true,"href":"https:\/\/www.pgcardiologiausp.com.br\/es\/wp-json\/wp\/v2\/users\/4"}],"replies":[{"embeddable":true,"href":"https:\/\/www.pgcardiologiausp.com.br\/es\/wp-json\/wp\/v2\/comments?post=2041"}],"version-history":[{"count":6,"href":"https:\/\/www.pgcardiologiausp.com.br\/es\/wp-json\/wp\/v2\/pages\/2041\/revisions"}],"predecessor-version":[{"id":2937,"href":"https:\/\/www.pgcardiologiausp.com.br\/es\/wp-json\/wp\/v2\/pages\/2041\/revisions\/2937"}],"up":[{"embeddable":true,"href":"https:\/\/www.pgcardiologiausp.com.br\/es\/wp-json\/wp\/v2\/pages\/133"}],"wp:featuredmedia":[{"embeddable":true,"href":"https:\/\/www.pgcardiologiausp.com.br\/es\/wp-json\/wp\/v2\/media\/112"}],"wp:attachment":[{"href":"https:\/\/www.pgcardiologiausp.com.br\/es\/wp-json\/wp\/v2\/media?parent=2041"}],"curies":[{"name":"wp","href":"https:\/\/api.w.org\/{rel}","templated":true}]}}