{"id":272,"date":"2024-12-21T13:37:41","date_gmt":"2024-12-21T16:37:41","guid":{"rendered":"https:\/\/www.pgcardiologiausp.com.br\/?page_id=272"},"modified":"2025-08-28T13:34:07","modified_gmt":"2025-08-28T16:34:07","slug":"premios","status":"publish","type":"page","link":"https:\/\/www.pgcardiologiausp.com.br\/es\/o-programa\/premios\/","title":{"rendered":"Premios"},"content":{"rendered":"<h3 id=\"tw-target-text\" class=\"tw-data-text tw-text-large tw-ta\" dir=\"ltr\" style=\"text-align: center;\" data-placeholder=\"Tradu\u00e7\u00e3o\" data-ved=\"2ahUKEwjB8--U_o6OAxX1LrkGHWbOKHgQ3ewLegQICRAV\" aria-label=\"Texto traduzido: Premios\"><span style=\"color: #333399;\"><span class=\"Y2IQFc\" lang=\"es\">Premios:<\/span> 45\u00ba Congreso de la Sociedad de Cardiolog\u00eda del Estado de S\u00e3o Paulo<\/span><\/h3>\n<p data-start=\"60\" data-end=\"225\">Los d\u00edas 19, 20 y 21 de junio se realiz\u00f3 el 45\u00ba Congreso de la Sociedad de Cardiolog\u00eda del Estado de S\u00e3o Paulo (SOCESP) en el Transamerica Expo Center, en S\u00e3o Paulo.<\/p>\n<p data-start=\"227\" data-end=\"694\">El Congreso de la SOCESP es un evento destacado, alineado con las \u00faltimas propuestas y protocolos internacionales de la especialidad. Se encuentra entre los cinco congresos de cardiolog\u00eda m\u00e1s grandes y prestigiosos del mundo, ofreciendo un espacio c\u00f3modo para la actualizaci\u00f3n profesional, innovaci\u00f3n tecnol\u00f3gica, debates con grandes especialistas y oportunidades para cardi\u00f3logos j\u00f3venes, permitiendo que el conocimiento se comparta con seriedad y de manera abierta.<\/p>\n<p data-start=\"696\" data-end=\"816\">Entre los diversos temas abordados, algunos trabajos fueron seleccionados para premios. Este a\u00f1o, los destacados fueron:<\/p>\n<h4><strong>Premio Luiz Vener\u00e9 Decourt a la Mejor Investigaci\u00f3n Cl\u00ednica<\/strong><\/h4>\n<p><img loading=\"lazy\" decoding=\"async\" class=\"wp-image-2413 alignleft\" src=\"https:\/\/www.pgcardiologiausp.com.br\/wp-content\/uploads\/2025\/06\/zioti_gowdak-e1750875570816-500x479.jpg\" sizes=\"auto, (max-width:767px) 320px, 320px\" srcset=\"https:\/\/www.pgcardiologiausp.com.br\/wp-content\/uploads\/2025\/06\/zioti_gowdak-e1750875570816-500x479.jpg 500w, https:\/\/www.pgcardiologiausp.com.br\/wp-content\/uploads\/2025\/06\/zioti_gowdak-e1750875570816-300x288.jpg 300w, https:\/\/www.pgcardiologiausp.com.br\/wp-content\/uploads\/2025\/06\/zioti_gowdak-e1750875570816-78x75.jpg 78w, https:\/\/www.pgcardiologiausp.com.br\/wp-content\/uploads\/2025\/06\/zioti_gowdak-e1750875570816-480x460.jpg 480w, https:\/\/www.pgcardiologiausp.com.br\/wp-content\/uploads\/2025\/06\/zioti_gowdak-e1750875570816.jpg 720w\" alt=\"\" width=\"320\" height=\"307\" \/><\/p>\n<p>&nbsp;<\/p>\n<p>La estudiante\u00a0<strong>Sara Del Vecchio Ziotti<\/strong>\u00a0fue la gran ganadora del premio.<\/p>\n<p>Tutor:\u00a0<strong>Prof. Dr. Luis Henrique Wolf Gowdak.<\/strong><\/p>\n<p>T\u00edtulo del trabajo: \u00ab<a href=\"https:\/\/socesp2025.com.br\/trabalho\/resumo\/2218\">Perfil Cl\u00ednico-demogr\u00e1fico e Adequa\u00e7\u00e3o da Interven\u00e7\u00e3o Coron\u00e1ria Percut\u00e2nea Eletiva em um Centro de Cardiologia Brasileiro<\/a>\u00ab.<\/p>\n<p>&nbsp;<\/p>\n<p>&nbsp;<\/p>\n<p>&nbsp;<\/p>\n<h4><strong>Premio J\u00f3ven Investigador \u2013 Josef Feher<\/strong><\/h4>\n<p><img loading=\"lazy\" decoding=\"async\" class=\"wp-image-2420 alignleft\" src=\"https:\/\/www.pgcardiologiausp.com.br\/wp-content\/uploads\/2025\/06\/WhatsApp-Image-2025-06-25-at-13.33.00-2-e1750875945465-497x500.jpeg\" sizes=\"auto, (max-width:767px) 329px, 329px\" srcset=\"https:\/\/www.pgcardiologiausp.com.br\/wp-content\/uploads\/2025\/06\/WhatsApp-Image-2025-06-25-at-13.33.00-2-e1750875945465-497x500.jpeg 497w, https:\/\/www.pgcardiologiausp.com.br\/wp-content\/uploads\/2025\/06\/WhatsApp-Image-2025-06-25-at-13.33.00-2-e1750875945465-298x300.jpeg 298w, https:\/\/www.pgcardiologiausp.com.br\/wp-content\/uploads\/2025\/06\/WhatsApp-Image-2025-06-25-at-13.33.00-2-e1750875945465-768x773.jpeg 768w, https:\/\/www.pgcardiologiausp.com.br\/wp-content\/uploads\/2025\/06\/WhatsApp-Image-2025-06-25-at-13.33.00-2-e1750875945465-150x150.jpeg 150w, https:\/\/www.pgcardiologiausp.com.br\/wp-content\/uploads\/2025\/06\/WhatsApp-Image-2025-06-25-at-13.33.00-2-e1750875945465-75x75.jpeg 75w, https:\/\/www.pgcardiologiausp.com.br\/wp-content\/uploads\/2025\/06\/WhatsApp-Image-2025-06-25-at-13.33.00-2-e1750875945465-480x483.jpeg 480w, https:\/\/www.pgcardiologiausp.com.br\/wp-content\/uploads\/2025\/06\/WhatsApp-Image-2025-06-25-at-13.33.00-2-e1750875945465.jpeg 1192w\" alt=\"\" width=\"329\" height=\"331\" \/><\/p>\n<p>&nbsp;<\/p>\n<p>&nbsp;<\/p>\n<p data-start=\"1201\" data-end=\"1275\">La egresada\u00a0<strong>Sara Quaglia de Campos Giamp\u00e1<\/strong>\u00a0fue la gran ganadora del premio.<\/p>\n<p data-start=\"1277\" data-end=\"1318\">Tutor:\u00a0<strong>Prof. Dr. Luciano Ferreira Drager<\/strong>.<\/p>\n<p data-start=\"1320\" data-end=\"1516\">T\u00edtulo del trabajo: \u00ab<a href=\"https:\/\/www.socesp2025.com.br\/trabalho\/resumo\/3036\">Impacto do tratamento da apneia obstrutiva do sono na sa\u00fade cardiovascular e do sono em parceiros que dormem na mesma cama: Estudo Randomizado SLEEP PARTNERS<\/a>\u00ab<\/p>\n<p>&nbsp;<\/p>\n<p>&nbsp;<\/p>\n<hr \/>\n<h3 style=\"text-align: center;\"><span style=\"color: #333399;\">La profesora Ludhmila<\/span><span style=\"color: #333399;\">Hajjar recibe el premio Ruth Sonntag Nusse<\/span><span style=\"color: #333399;\">n<\/span><span style=\"color: #333399;\">zweig<\/span><\/h3>\n<p data-start=\"141\" data-end=\"279\"><strong>El reconocimiento del Ayuntamiento de S\u00e3o Paulo destaca la trayectoria de la titular de la FMUSP en salud p\u00fablica y en el \u00e1mbito acad\u00e9mico<\/strong><\/p>\n<p data-start=\"141\" data-end=\"279\"><img loading=\"lazy\" decoding=\"async\" class=\"size-full wp-image-1491 alignright\" src=\"https:\/\/www.pgcardiologiausp.com.br\/wp-content\/uploads\/2025\/01\/image1.png\" alt=\"\" width=\"404\" height=\"234\" srcset=\"https:\/\/www.pgcardiologiausp.com.br\/wp-content\/uploads\/2025\/01\/image1.png 404w, https:\/\/www.pgcardiologiausp.com.br\/wp-content\/uploads\/2025\/01\/image1-300x174.png 300w, https:\/\/www.pgcardiologiausp.com.br\/wp-content\/uploads\/2025\/01\/image1-129x75.png 129w\" sizes=\"auto, (max-width:767px) 404px, 404px\" \/><\/p>\n<p data-start=\"281\" data-end=\"548\">La Prof. Ludhmila Abrah\u00e3o Hajjar, titular de Emergencias Cl\u00ednicas de la FMUSP, recibi\u00f3 el Premio Ruth Sonntag Nussenzweig en el Ayuntamiento de S\u00e3o Paulo el lunes 2 de diciembre de 2024. La ceremonia fue transmitida por el portal del Ayuntamiento y canales oficiales.<\/p>\n<p data-start=\"550\" data-end=\"879\">La iniciativa reconoce a mujeres cient\u00edficas, m\u00e9dicas y profesionales de la salud que se han destacado en la investigaci\u00f3n cient\u00edfica o en el avance de la medicina. La concejala Sandra Tadeu, impulsora del premio, felicit\u00f3 a la profesora por su brillante trayectoria y la homenaje\u00f3 en nombre de todos los habitantes de S\u00e3o Paulo.<\/p>\n<p data-start=\"881\" data-end=\"1158\">\u201cLa trayectoria de la cient\u00edfica Ruth Sonntag Nussenzweig est\u00e1 marcada por la excelencia cient\u00edfica y el compromiso con la salud p\u00fablica, reflejando valores que reconocemos en la Dra. Ludhmila, quien lucha en defensa de la medicina basada en la ciencia\u201d, felicit\u00f3 la concejala.<\/p>\n<p data-start=\"1160\" data-end=\"1402\">En su discurso de agradecimiento, la Prof. Ludhmila dijo sentirse honrada de recibir un premio con el nombre de la cient\u00edfica Ruth, quien tambi\u00e9n fue profesora de la USP y pionera en estudios para el desarrollo de la vacuna contra la malaria.<\/p>\n<p data-start=\"1404\" data-end=\"1889\">\u201cNo hay m\u00e9dico sin equipo, ni cient\u00edfico solo, sin estructura, sin universidad, sin dinero p\u00fablico bien empleado. Dedico este premio a la USP, que hoy es reconocida por la ense\u00f1anza p\u00fablica y la calidad que deseamos para la formaci\u00f3n profesional de todo el pa\u00eds. Queremos formar personas de calidad, que trabajen para hacer una sociedad mejor\u201d, declar\u00f3 la profesora, quien recibi\u00f3 la distinci\u00f3n acompa\u00f1ada por su equipo y por el rector de la USP, Prof. Carlos Gilberto Carlotti Junior.<\/p>\n<p data-start=\"1891\" data-end=\"2229\">Durante la ceremonia, la profesora destac\u00f3 sus m\u00e1s de 20 a\u00f1os en la USP y recibi\u00f3 homenajes de los concejales presentes. Ellos destacaron su liderazgo en el Hospital de Cl\u00ednicas durante la pandemia de Covid-19 y recordaron que la m\u00e9dica ya fue listada entre los cient\u00edficos de mayor impacto seg\u00fan un estudio de la Universidad de Stanford.<\/p>\n<p data-start=\"2231\" data-end=\"2289\"><em><strong>Fuente:<\/strong> Asesor\u00eda de Comunicaci\u00f3n e Informaci\u00f3n de la FMUSP<\/em><\/p>\n<hr \/>\n<h3 style=\"text-align: center;\"><span style=\"color: #333399;\">Tesis Destacada USP 2022 otorga Premio y Menciones Honor\u00edficas a trabajos de la Facultad de Medicina<\/span><\/h3>\n<p><img loading=\"lazy\" decoding=\"async\" class=\"alignright size-full wp-image-1687\" src=\"https:\/\/www.pgcardiologiausp.com.br\/wp-content\/uploads\/2025\/03\/Picture1.png\" alt=\"\" width=\"212\" height=\"216\" srcset=\"https:\/\/www.pgcardiologiausp.com.br\/wp-content\/uploads\/2025\/03\/Picture1.png 212w, https:\/\/www.pgcardiologiausp.com.br\/wp-content\/uploads\/2025\/03\/Picture1-74x75.png 74w\" sizes=\"auto, (max-width:767px) 212px, 212px\" \/><\/p>\n<p data-start=\"175\" data-end=\"737\">Los finalistas del Premio Tesis Destacada USP 11\u00aa Edici\u00f3n fueron anunciados el 7 de noviembre de 2022 y un trabajo de la Facultad de Medicina de la Universidad de S\u00e3o Paulo (FMUSP) fue galardonado en el \u00e1rea de Ciencias de la Salud. Del Programa de Cardiolog\u00eda, la tesis \u201cLiberaci\u00f3n de la cirug\u00eda de revascularizaci\u00f3n mioc\u00e1rdica en pacientes con coronariopat\u00eda aguda basada en la agregabilidad plaquetaria: estudio prospectivo y aleatorizado\u201d, con autor\u00eda de Carlos Alberto Kenji Nakashima y bajo la direcci\u00f3n del Prof. Dr. Jos\u00e9 Carlos Nicolau, result\u00f3 ganadora.<\/p>\n<p data-start=\"739\" data-end=\"783\"><em><strong>Fuente:<\/strong> Asesor\u00eda de Comunicaci\u00f3n de la FMUSP<\/em><\/p>\n<hr \/>\n<p data-start=\"739\" data-end=\"783\">\n","protected":false},"excerpt":{"rendered":"<p>Premios: 45\u00ba Congreso de la Sociedad de Cardiolog\u00eda del Estado de S\u00e3o Paulo Los d\u00edas 19, 20 y 21 de junio se realiz\u00f3 el 45\u00ba Congreso<span class=\"excerpt-hellip\"> [\u2026]<\/span><\/p>\n","protected":false},"author":1,"featured_media":112,"parent":107,"menu_order":0,"comment_status":"closed","ping_status":"closed","template":"","meta":{"footnotes":""},"class_list":["post-272","page","type-page","status-publish","has-post-thumbnail","hentry"],"yoast_head":"<!-- This site is optimized with the Yoast SEO plugin v25.8 - https:\/\/yoast.com\/wordpress\/plugins\/seo\/ -->\n<title>Premios - P\u00f3s-Gradua\u00e7\u00e3o em Cardiologia FMUSP<\/title>\n<meta name=\"robots\" content=\"index, follow, max-snippet:-1, max-image-preview:large, max-video-preview:-1\" \/>\n<link rel=\"canonical\" href=\"https:\/\/www.pgcardiologiausp.com.br\/o-programa\/premios\/\" \/>\n<meta property=\"og:locale\" content=\"es_ES\" \/>\n<meta property=\"og:type\" content=\"article\" \/>\n<meta property=\"og:title\" content=\"Premios - P\u00f3s-Gradua\u00e7\u00e3o em Cardiologia FMUSP\" \/>\n<meta property=\"og:description\" content=\"Premios: 45\u00ba Congreso de la Sociedad de Cardiolog\u00eda del Estado de S\u00e3o Paulo Los d\u00edas 19, 20 y 21 de junio se realiz\u00f3 el 45\u00ba Congreso [\u2026]\" \/>\n<meta property=\"og:url\" content=\"https:\/\/www.pgcardiologiausp.com.br\/o-programa\/premios\/\" \/>\n<meta property=\"og:site_name\" content=\"P\u00f3s-Gradua\u00e7\u00e3o em Cardiologia FMUSP\" \/>\n<meta property=\"article:modified_time\" content=\"2025-08-28T16:34:07+00:00\" \/>\n<meta property=\"og:image\" content=\"https:\/\/www.pgcardiologiausp.com.br\/wp-content\/uploads\/2024\/12\/bgheader_pgcardio_v1.2.jpg\" \/>\n\t<meta property=\"og:image:width\" content=\"1920\" \/>\n\t<meta property=\"og:image:height\" content=\"800\" \/>\n\t<meta property=\"og:image:type\" content=\"image\/jpeg\" \/>\n<meta name=\"twitter:card\" content=\"summary_large_image\" \/>\n<script type=\"application\/ld+json\" class=\"yoast-schema-graph\">{\"@context\":\"https:\/\/schema.org\",\"@graph\":[{\"@type\":\"WebPage\",\"@id\":\"https:\/\/www.pgcardiologiausp.com.br\/o-programa\/premios\/\",\"url\":\"https:\/\/www.pgcardiologiausp.com.br\/o-programa\/premios\/\",\"name\":\"Premios - P\u00f3s-Gradua\u00e7\u00e3o em Cardiologia FMUSP\",\"isPartOf\":{\"@id\":\"https:\/\/www.pgcardiologiausp.com.br\/#website\"},\"primaryImageOfPage\":{\"@id\":\"https:\/\/www.pgcardiologiausp.com.br\/o-programa\/premios\/#primaryimage\"},\"image\":{\"@id\":\"https:\/\/www.pgcardiologiausp.com.br\/o-programa\/premios\/#primaryimage\"},\"thumbnailUrl\":\"https:\/\/www.pgcardiologiausp.com.br\/wp-content\/uploads\/2024\/12\/bgheader_pgcardio_v1.2.jpg\",\"datePublished\":\"2024-12-21T16:37:41+00:00\",\"dateModified\":\"2025-08-28T16:34:07+00:00\",\"breadcrumb\":{\"@id\":\"https:\/\/www.pgcardiologiausp.com.br\/o-programa\/premios\/#breadcrumb\"},\"inLanguage\":\"es\",\"potentialAction\":[{\"@type\":\"ReadAction\",\"target\":[\"https:\/\/www.pgcardiologiausp.com.br\/o-programa\/premios\/\"]}]},{\"@type\":\"ImageObject\",\"inLanguage\":\"es\",\"@id\":\"https:\/\/www.pgcardiologiausp.com.br\/o-programa\/premios\/#primaryimage\",\"url\":\"https:\/\/www.pgcardiologiausp.com.br\/wp-content\/uploads\/2024\/12\/bgheader_pgcardio_v1.2.jpg\",\"contentUrl\":\"https:\/\/www.pgcardiologiausp.com.br\/wp-content\/uploads\/2024\/12\/bgheader_pgcardio_v1.2.jpg\",\"width\":1920,\"height\":800},{\"@type\":\"BreadcrumbList\",\"@id\":\"https:\/\/www.pgcardiologiausp.com.br\/o-programa\/premios\/#breadcrumb\",\"itemListElement\":[{\"@type\":\"ListItem\",\"position\":1,\"name\":\"Home\",\"item\":\"https:\/\/www.pgcardiologiausp.com.br\/\"},{\"@type\":\"ListItem\",\"position\":2,\"name\":\"O Programa\",\"item\":\"https:\/\/www.pgcardiologiausp.com.br\/o-programa\/\"},{\"@type\":\"ListItem\",\"position\":3,\"name\":\"Pr\u00eamios\"}]},{\"@type\":\"WebSite\",\"@id\":\"https:\/\/www.pgcardiologiausp.com.br\/#website\",\"url\":\"https:\/\/www.pgcardiologiausp.com.br\/\",\"name\":\"P\u00f3s-Gradua\u00e7\u00e3o em Cardiologia FMUSP\",\"description\":\"\",\"publisher\":{\"@id\":\"https:\/\/www.pgcardiologiausp.com.br\/#organization\"},\"potentialAction\":[{\"@type\":\"SearchAction\",\"target\":{\"@type\":\"EntryPoint\",\"urlTemplate\":\"https:\/\/www.pgcardiologiausp.com.br\/?s={search_term_string}\"},\"query-input\":{\"@type\":\"PropertyValueSpecification\",\"valueRequired\":true,\"valueName\":\"search_term_string\"}}],\"inLanguage\":\"es\"},{\"@type\":\"Organization\",\"@id\":\"https:\/\/www.pgcardiologiausp.com.br\/#organization\",\"name\":\"P\u00f3s-Gradua\u00e7\u00e3o em Cardiologia FMUSP\",\"url\":\"https:\/\/www.pgcardiologiausp.com.br\/\",\"logo\":{\"@type\":\"ImageObject\",\"inLanguage\":\"es\",\"@id\":\"https:\/\/www.pgcardiologiausp.com.br\/#\/schema\/logo\/image\/\",\"url\":\"https:\/\/www.pgcardiologiausp.com.br\/wp-content\/uploads\/2024\/12\/pg_cardio_usp-logo-v1-clearbg-500x341-1.png\",\"contentUrl\":\"https:\/\/www.pgcardiologiausp.com.br\/wp-content\/uploads\/2024\/12\/pg_cardio_usp-logo-v1-clearbg-500x341-1.png\",\"width\":500,\"height\":177,\"caption\":\"P\u00f3s-Gradua\u00e7\u00e3o em Cardiologia FMUSP\"},\"image\":{\"@id\":\"https:\/\/www.pgcardiologiausp.com.br\/#\/schema\/logo\/image\/\"}}]}<\/script>\n<!-- \/ Yoast SEO plugin. -->","yoast_head_json":{"title":"Premios - P\u00f3s-Gradua\u00e7\u00e3o em Cardiologia FMUSP","robots":{"index":"index","follow":"follow","max-snippet":"max-snippet:-1","max-image-preview":"max-image-preview:large","max-video-preview":"max-video-preview:-1"},"canonical":"https:\/\/www.pgcardiologiausp.com.br\/o-programa\/premios\/","og_locale":"es_ES","og_type":"article","og_title":"Premios - P\u00f3s-Gradua\u00e7\u00e3o em Cardiologia FMUSP","og_description":"Premios: 45\u00ba Congreso de la Sociedad de Cardiolog\u00eda del Estado de S\u00e3o Paulo Los d\u00edas 19, 20 y 21 de junio se realiz\u00f3 el 45\u00ba Congreso [\u2026]","og_url":"https:\/\/www.pgcardiologiausp.com.br\/o-programa\/premios\/","og_site_name":"P\u00f3s-Gradua\u00e7\u00e3o em Cardiologia FMUSP","article_modified_time":"2025-08-28T16:34:07+00:00","og_image":[{"width":1920,"height":800,"url":"https:\/\/www.pgcardiologiausp.com.br\/wp-content\/uploads\/2024\/12\/bgheader_pgcardio_v1.2.jpg","type":"image\/jpeg"}],"twitter_card":"summary_large_image","schema":{"@context":"https:\/\/schema.org","@graph":[{"@type":"WebPage","@id":"https:\/\/www.pgcardiologiausp.com.br\/o-programa\/premios\/","url":"https:\/\/www.pgcardiologiausp.com.br\/o-programa\/premios\/","name":"Premios - P\u00f3s-Gradua\u00e7\u00e3o em Cardiologia FMUSP","isPartOf":{"@id":"https:\/\/www.pgcardiologiausp.com.br\/#website"},"primaryImageOfPage":{"@id":"https:\/\/www.pgcardiologiausp.com.br\/o-programa\/premios\/#primaryimage"},"image":{"@id":"https:\/\/www.pgcardiologiausp.com.br\/o-programa\/premios\/#primaryimage"},"thumbnailUrl":"https:\/\/www.pgcardiologiausp.com.br\/wp-content\/uploads\/2024\/12\/bgheader_pgcardio_v1.2.jpg","datePublished":"2024-12-21T16:37:41+00:00","dateModified":"2025-08-28T16:34:07+00:00","breadcrumb":{"@id":"https:\/\/www.pgcardiologiausp.com.br\/o-programa\/premios\/#breadcrumb"},"inLanguage":"es","potentialAction":[{"@type":"ReadAction","target":["https:\/\/www.pgcardiologiausp.com.br\/o-programa\/premios\/"]}]},{"@type":"ImageObject","inLanguage":"es","@id":"https:\/\/www.pgcardiologiausp.com.br\/o-programa\/premios\/#primaryimage","url":"https:\/\/www.pgcardiologiausp.com.br\/wp-content\/uploads\/2024\/12\/bgheader_pgcardio_v1.2.jpg","contentUrl":"https:\/\/www.pgcardiologiausp.com.br\/wp-content\/uploads\/2024\/12\/bgheader_pgcardio_v1.2.jpg","width":1920,"height":800},{"@type":"BreadcrumbList","@id":"https:\/\/www.pgcardiologiausp.com.br\/o-programa\/premios\/#breadcrumb","itemListElement":[{"@type":"ListItem","position":1,"name":"Home","item":"https:\/\/www.pgcardiologiausp.com.br\/"},{"@type":"ListItem","position":2,"name":"O Programa","item":"https:\/\/www.pgcardiologiausp.com.br\/o-programa\/"},{"@type":"ListItem","position":3,"name":"Pr\u00eamios"}]},{"@type":"WebSite","@id":"https:\/\/www.pgcardiologiausp.com.br\/#website","url":"https:\/\/www.pgcardiologiausp.com.br\/","name":"P\u00f3s-Gradua\u00e7\u00e3o em Cardiologia FMUSP","description":"","publisher":{"@id":"https:\/\/www.pgcardiologiausp.com.br\/#organization"},"potentialAction":[{"@type":"SearchAction","target":{"@type":"EntryPoint","urlTemplate":"https:\/\/www.pgcardiologiausp.com.br\/?s={search_term_string}"},"query-input":{"@type":"PropertyValueSpecification","valueRequired":true,"valueName":"search_term_string"}}],"inLanguage":"es"},{"@type":"Organization","@id":"https:\/\/www.pgcardiologiausp.com.br\/#organization","name":"P\u00f3s-Gradua\u00e7\u00e3o em Cardiologia FMUSP","url":"https:\/\/www.pgcardiologiausp.com.br\/","logo":{"@type":"ImageObject","inLanguage":"es","@id":"https:\/\/www.pgcardiologiausp.com.br\/#\/schema\/logo\/image\/","url":"https:\/\/www.pgcardiologiausp.com.br\/wp-content\/uploads\/2024\/12\/pg_cardio_usp-logo-v1-clearbg-500x341-1.png","contentUrl":"https:\/\/www.pgcardiologiausp.com.br\/wp-content\/uploads\/2024\/12\/pg_cardio_usp-logo-v1-clearbg-500x341-1.png","width":500,"height":177,"caption":"P\u00f3s-Gradua\u00e7\u00e3o em Cardiologia FMUSP"},"image":{"@id":"https:\/\/www.pgcardiologiausp.com.br\/#\/schema\/logo\/image\/"}}]}},"_links":{"self":[{"href":"https:\/\/www.pgcardiologiausp.com.br\/es\/wp-json\/wp\/v2\/pages\/272","targetHints":{"allow":["GET"]}}],"collection":[{"href":"https:\/\/www.pgcardiologiausp.com.br\/es\/wp-json\/wp\/v2\/pages"}],"about":[{"href":"https:\/\/www.pgcardiologiausp.com.br\/es\/wp-json\/wp\/v2\/types\/page"}],"author":[{"embeddable":true,"href":"https:\/\/www.pgcardiologiausp.com.br\/es\/wp-json\/wp\/v2\/users\/1"}],"replies":[{"embeddable":true,"href":"https:\/\/www.pgcardiologiausp.com.br\/es\/wp-json\/wp\/v2\/comments?post=272"}],"version-history":[{"count":19,"href":"https:\/\/www.pgcardiologiausp.com.br\/es\/wp-json\/wp\/v2\/pages\/272\/revisions"}],"predecessor-version":[{"id":2534,"href":"https:\/\/www.pgcardiologiausp.com.br\/es\/wp-json\/wp\/v2\/pages\/272\/revisions\/2534"}],"up":[{"embeddable":true,"href":"https:\/\/www.pgcardiologiausp.com.br\/es\/wp-json\/wp\/v2\/pages\/107"}],"wp:featuredmedia":[{"embeddable":true,"href":"https:\/\/www.pgcardiologiausp.com.br\/es\/wp-json\/wp\/v2\/media\/112"}],"wp:attachment":[{"href":"https:\/\/www.pgcardiologiausp.com.br\/es\/wp-json\/wp\/v2\/media?parent=272"}],"curies":[{"name":"wp","href":"https:\/\/api.w.org\/{rel}","templated":true}]}}