{"id":386,"date":"2024-12-21T16:38:21","date_gmt":"2024-12-21T19:38:21","guid":{"rendered":"https:\/\/www.pgcardiologiausp.com.br\/?page_id=386"},"modified":"2025-09-25T14:38:45","modified_gmt":"2025-09-25T17:38:45","slug":"pesquisadores-pos-doutoral","status":"publish","type":"page","link":"https:\/\/www.pgcardiologiausp.com.br\/es\/o-programa\/pesquisadores-pos-doutoral\/","title":{"rendered":"Investigadores Postdoctorales"},"content":{"rendered":"<p class=\"qtranxs-available-languages-message qtranxs-available-languages-message-es\">Disculpa, pero esta entrada est\u00e1 disponible s\u00f3lo en <a href=\"https:\/\/www.pgcardiologiausp.com.br\/pb\/wp-json\/wp\/v2\/pages\/386\" class=\"qtranxs-available-language-link qtranxs-available-language-link-pb\" title=\"Portugu\u00eas\">Portugu\u00eas<\/a>.<\/p>\n<h3>Em andamento &#8211; 2025<\/h3>\n<p><a href=\"http:\/\/lattes.cnpq.br\/8324598903876332\"><strong>ANDREIA BOARO CAVALCANTE<\/strong><\/a><br \/>\nPer\u00edodo: 01\/02\/2023 a *em andamento<br \/>\n<strong>Linha de Pesquisa:<\/strong> BASES CL\u00cdNICAS, FISIOL\u00d3GICAS E EXPERIMENTAIS DA HIPERTENS\u00c3O ARTERIAL<br \/>\n<strong>Projeto de Pesquisa: <\/strong>ISOLAMENTO, IDENTIFICA\u00c7\u00c3O E VALIDA\u00c7\u00c3O DE NOVOS ALVOS TUBULARES RENAIS DAS GLIFLOZINAS<\/p>\n<hr \/>\n<p><a href=\"http:\/\/lattes.cnpq.br\/4968413275599200\"><strong>CARLOS LEDERMAN<\/strong><\/a><br \/>\nPer\u00edodo: 01\/08\/2023 a *at\u00e9 o momento<br \/>\n<strong>Linha de Pesquisa:<\/strong> EPIDEMIOLOGIA DAS DOEN\u00c7AS CARDIOVASCULARES<br \/>\n<strong>Projeto de Pesquisa: <\/strong>COMORBIDADES DIAGNOSTICADAS EM PACIENTES DE HOSPITAL ACAD\u00caMICO TERCI\u00c1RIO DA REDE SUS VOLTADO PARA O ATENDIMENTO M\u00c9DICO CARDIOL\u00d3GICO E PNEUMOL\u00d3GICO<\/p>\n<hr \/>\n<p><a href=\"http:\/\/lattes.cnpq.br\/6806543493162612\"><strong>CAROLINA ANGELICA DA SILVA PARADA<\/strong><\/a><br \/>\nPer\u00edodo: 16\/04\/2021 a *at\u00e9 o momento<br \/>\n<strong>Linha de Pesquisa: <\/strong>BASES GEN\u00c9TICAS E BIOL\u00d3GICAS DAS DOEN\u00c7AS DO CORA\u00c7\u00c3O E VASOS<br \/>\n<strong>Projeto de Pesquisa: <\/strong>IDENTIFICA\u00c7\u00c3O E CARACTERIZA\u00c7\u00c3O IN SILICO DE VARIANTES GEN\u00c9TICAS ASSOCIADAS A REGULA\u00c7\u00c3O DE FREQU\u00caNCIA CARD\u00cdACA PARA PRIORITIZA\u00c7\u00c3O DE ALVOS RELACIONADOS \u00c0 RISCOS CARDIOVASCULAR EM POPULA\u00c7\u00c3O MISCIGENADA BRASILEIRA<\/p>\n<hr \/>\n<p><a href=\"http:\/\/lattes.cnpq.br\/4649162402127691\"><strong>DIOGO FREITAS CARDOSO DE AZEVEDO<\/strong><\/a><br \/>\nPer\u00edodo: 07\/10\/2022 a *at\u00e9 o momento<br \/>\n<strong>Linha de Pesquisa:<\/strong> DOEN\u00c7A ARTERIAL CORONARIANA. FISIOLOGIA E FISIOPATOLOGIA<br \/>\n<strong>Projeto de Pesquisa:<\/strong> UTILIDADE DO SYNTAX SCORE RESIDUAL NA PREDI\u00c7\u00c3O DE INJ\u00daRIA MIOC\u00c1RDICA OU INFARTO DO MIOC\u00c1RDIO AP\u00d3S PROCEDIMENTO DE REVASCULARIZA\u00c7\u00c3O DO MIOC\u00c1RDIO N\u00c3O COMPLICADO<\/p>\n<hr \/>\n<p><a href=\"http:\/\/lattes.cnpq.br\/4461237535773689\"><strong>GABRIELE VERONICA DE MELO GABRIEL<\/strong><\/a><br \/>\nPer\u00edodo: 01\/07\/2021 a *at\u00e9 o momento<br \/>\n<strong>Linha de Pesquisa:<\/strong> DOEN\u00c7A VASCULAR ATEROSCLER\u00d3TICA E BIOLOGIA MOLECULAR<br \/>\n<strong>Projeto de Pesquisa:<\/strong> INTERA\u00c7\u00c3O ENTRE PROTE\u00cdNA DISSULFETO ISOMERASE-A1 (PDIA1) E RHOGDI (INIBIDOR DA DISSOCIA\u00c7\u00c3O DE NUCLEOT\u00cdDEOS DE GUANINA)-\u0391: NOVA FRONTEIRA NA REGULA\u00c7\u00c3O REDOX DE RHOGTPASES E REMODELAMENTO CELULAR<\/p>\n<hr \/>\n<p><a href=\"http:\/\/lattes.cnpq.br\/8103203452547884\"><strong>JULIANO ZEQUINI POLIDORO<\/strong><\/a><br \/>\nPer\u00edodo: 01\/08\/2021 a *at\u00e9 o momento<br \/>\n<strong>Linha de Pesquisa:<\/strong> BASES CL\u00cdNICAS, FISIOL\u00d3GICAS E EXPERIMENTAIS DA HIPERTENS\u00c3O ARTERIAL<br \/>\n<strong>Projeto de Pesquisa:<\/strong> INTERA\u00c7\u00c3O FISICA E FUNCIONAL DO NHE3 COM O SGLT2 EM T\u00daBULO PROXIMAL RENAL: IMPLICA\u00c7\u00d5ES FISIOL\u00d3GICAS, FISIOPATOL\u00d3GICAS E TERAP\u00caUTICAS<\/p>\n<hr \/>\n<p><a href=\"http:\/\/lattes.cnpq.br\/1449572496899687\"><b>PEDRO GABRIEL SENGER BRAGA<\/b><\/a><br \/>\nPer\u00edodo: 01\/01\/2025 a *em andamento<br \/>\n<strong>Linha de Pesquisa:<\/strong> CARDIOLOGIA INTENSIVA, CARDIO-ONCOLOGIA, CUIDADOS PALIATIVOS<br \/>\n<strong>Projeto de Pesquisa: <\/strong>TESTE ERGOM\u00c9TRICO E DESFECHOS AP\u00d3S CIRURGIAS ELETIVAS (TEST-OUT)<\/p>\n<hr \/>\n<p><a href=\"http:\/\/lattes.cnpq.br\/2259028092215827\"><strong>RENATO SIMOES GASPAR<\/strong><\/a><br \/>\nPer\u00edodo: 01\/06\/2021 a *at\u00e9 o momento<br \/>\n<strong>Linha de Pesquisa:<\/strong> DOEN\u00c7A VASCULAR ATEROSCLER\u00d3TICA E BIOLOGIA MOLECULAR<br \/>\n<strong>Projeto de Pesquisa:<\/strong> INVESTIGA\u00c7\u00c3O DA PROTE\u00cdNA DISULFETO ISOMERASE PERI\/EPICELULAR COMO UM NOVO REGULADOR DA INTERA\u00c7\u00c3O PLAQUETA-ENDOT\u00c9LIO EM NORMOGLICEMIA E DIABETES<\/p>\n","protected":false},"excerpt":{"rendered":"<p>Disculpa, pero esta entrada est\u00e1 disponible s\u00f3lo en Portugu\u00eas. Em andamento &#8211; 2025 ANDREIA BOARO CAVALCANTE Per\u00edodo: 01\/02\/2023 a *em andamento Linha de Pesquisa: BASES CL\u00cdNICAS,<span class=\"excerpt-hellip\"> [\u2026]<\/span><\/p>\n","protected":false},"author":1,"featured_media":112,"parent":107,"menu_order":0,"comment_status":"closed","ping_status":"closed","template":"","meta":{"footnotes":""},"class_list":["post-386","page","type-page","status-publish","has-post-thumbnail","hentry"],"yoast_head":"<!-- This site is optimized with the Yoast SEO plugin v25.8 - https:\/\/yoast.com\/wordpress\/plugins\/seo\/ -->\n<title>Investigadores Postdoctorales - P\u00f3s-Gradua\u00e7\u00e3o em Cardiologia FMUSP<\/title>\n<meta name=\"robots\" content=\"index, follow, max-snippet:-1, max-image-preview:large, max-video-preview:-1\" \/>\n<link rel=\"canonical\" href=\"https:\/\/www.pgcardiologiausp.com.br\/o-programa\/pesquisadores-pos-doutoral\/\" \/>\n<meta property=\"og:locale\" content=\"es_ES\" \/>\n<meta property=\"og:type\" content=\"article\" \/>\n<meta property=\"og:title\" content=\"Investigadores Postdoctorales - P\u00f3s-Gradua\u00e7\u00e3o em Cardiologia FMUSP\" \/>\n<meta property=\"og:description\" content=\"Disculpa, pero esta entrada est\u00e1 disponible s\u00f3lo en Portugu\u00eas. Em andamento &#8211; 2025 ANDREIA BOARO CAVALCANTE Per\u00edodo: 01\/02\/2023 a *em andamento Linha de Pesquisa: BASES CL\u00cdNICAS, [\u2026]\" \/>\n<meta property=\"og:url\" content=\"https:\/\/www.pgcardiologiausp.com.br\/o-programa\/pesquisadores-pos-doutoral\/\" \/>\n<meta property=\"og:site_name\" content=\"P\u00f3s-Gradua\u00e7\u00e3o em Cardiologia FMUSP\" \/>\n<meta property=\"article:modified_time\" content=\"2025-09-25T17:38:45+00:00\" \/>\n<meta property=\"og:image\" content=\"https:\/\/www.pgcardiologiausp.com.br\/wp-content\/uploads\/2024\/12\/bgheader_pgcardio_v1.2.jpg\" \/>\n\t<meta property=\"og:image:width\" content=\"1920\" \/>\n\t<meta property=\"og:image:height\" content=\"800\" \/>\n\t<meta property=\"og:image:type\" content=\"image\/jpeg\" \/>\n<meta name=\"twitter:card\" content=\"summary_large_image\" \/>\n<script type=\"application\/ld+json\" class=\"yoast-schema-graph\">{\"@context\":\"https:\/\/schema.org\",\"@graph\":[{\"@type\":\"WebPage\",\"@id\":\"https:\/\/www.pgcardiologiausp.com.br\/o-programa\/pesquisadores-pos-doutoral\/\",\"url\":\"https:\/\/www.pgcardiologiausp.com.br\/o-programa\/pesquisadores-pos-doutoral\/\",\"name\":\"Investigadores Postdoctorales - P\u00f3s-Gradua\u00e7\u00e3o em Cardiologia FMUSP\",\"isPartOf\":{\"@id\":\"https:\/\/www.pgcardiologiausp.com.br\/#website\"},\"primaryImageOfPage\":{\"@id\":\"https:\/\/www.pgcardiologiausp.com.br\/o-programa\/pesquisadores-pos-doutoral\/#primaryimage\"},\"image\":{\"@id\":\"https:\/\/www.pgcardiologiausp.com.br\/o-programa\/pesquisadores-pos-doutoral\/#primaryimage\"},\"thumbnailUrl\":\"https:\/\/www.pgcardiologiausp.com.br\/wp-content\/uploads\/2024\/12\/bgheader_pgcardio_v1.2.jpg\",\"datePublished\":\"2024-12-21T19:38:21+00:00\",\"dateModified\":\"2025-09-25T17:38:45+00:00\",\"breadcrumb\":{\"@id\":\"https:\/\/www.pgcardiologiausp.com.br\/o-programa\/pesquisadores-pos-doutoral\/#breadcrumb\"},\"inLanguage\":\"es\",\"potentialAction\":[{\"@type\":\"ReadAction\",\"target\":[\"https:\/\/www.pgcardiologiausp.com.br\/o-programa\/pesquisadores-pos-doutoral\/\"]}]},{\"@type\":\"ImageObject\",\"inLanguage\":\"es\",\"@id\":\"https:\/\/www.pgcardiologiausp.com.br\/o-programa\/pesquisadores-pos-doutoral\/#primaryimage\",\"url\":\"https:\/\/www.pgcardiologiausp.com.br\/wp-content\/uploads\/2024\/12\/bgheader_pgcardio_v1.2.jpg\",\"contentUrl\":\"https:\/\/www.pgcardiologiausp.com.br\/wp-content\/uploads\/2024\/12\/bgheader_pgcardio_v1.2.jpg\",\"width\":1920,\"height\":800},{\"@type\":\"BreadcrumbList\",\"@id\":\"https:\/\/www.pgcardiologiausp.com.br\/o-programa\/pesquisadores-pos-doutoral\/#breadcrumb\",\"itemListElement\":[{\"@type\":\"ListItem\",\"position\":1,\"name\":\"Home\",\"item\":\"https:\/\/www.pgcardiologiausp.com.br\/\"},{\"@type\":\"ListItem\",\"position\":2,\"name\":\"O Programa\",\"item\":\"https:\/\/www.pgcardiologiausp.com.br\/o-programa\/\"},{\"@type\":\"ListItem\",\"position\":3,\"name\":\"Pesquisadores P\u00f3s-Doutoral\"}]},{\"@type\":\"WebSite\",\"@id\":\"https:\/\/www.pgcardiologiausp.com.br\/#website\",\"url\":\"https:\/\/www.pgcardiologiausp.com.br\/\",\"name\":\"P\u00f3s-Gradua\u00e7\u00e3o em Cardiologia FMUSP\",\"description\":\"\",\"publisher\":{\"@id\":\"https:\/\/www.pgcardiologiausp.com.br\/#organization\"},\"potentialAction\":[{\"@type\":\"SearchAction\",\"target\":{\"@type\":\"EntryPoint\",\"urlTemplate\":\"https:\/\/www.pgcardiologiausp.com.br\/?s={search_term_string}\"},\"query-input\":{\"@type\":\"PropertyValueSpecification\",\"valueRequired\":true,\"valueName\":\"search_term_string\"}}],\"inLanguage\":\"es\"},{\"@type\":\"Organization\",\"@id\":\"https:\/\/www.pgcardiologiausp.com.br\/#organization\",\"name\":\"P\u00f3s-Gradua\u00e7\u00e3o em Cardiologia FMUSP\",\"url\":\"https:\/\/www.pgcardiologiausp.com.br\/\",\"logo\":{\"@type\":\"ImageObject\",\"inLanguage\":\"es\",\"@id\":\"https:\/\/www.pgcardiologiausp.com.br\/#\/schema\/logo\/image\/\",\"url\":\"https:\/\/www.pgcardiologiausp.com.br\/wp-content\/uploads\/2024\/12\/pg_cardio_usp-logo-v1-clearbg-500x341-1.png\",\"contentUrl\":\"https:\/\/www.pgcardiologiausp.com.br\/wp-content\/uploads\/2024\/12\/pg_cardio_usp-logo-v1-clearbg-500x341-1.png\",\"width\":500,\"height\":177,\"caption\":\"P\u00f3s-Gradua\u00e7\u00e3o em Cardiologia FMUSP\"},\"image\":{\"@id\":\"https:\/\/www.pgcardiologiausp.com.br\/#\/schema\/logo\/image\/\"}}]}<\/script>\n<!-- \/ Yoast SEO plugin. -->","yoast_head_json":{"title":"Investigadores Postdoctorales - P\u00f3s-Gradua\u00e7\u00e3o em Cardiologia FMUSP","robots":{"index":"index","follow":"follow","max-snippet":"max-snippet:-1","max-image-preview":"max-image-preview:large","max-video-preview":"max-video-preview:-1"},"canonical":"https:\/\/www.pgcardiologiausp.com.br\/o-programa\/pesquisadores-pos-doutoral\/","og_locale":"es_ES","og_type":"article","og_title":"Investigadores Postdoctorales - P\u00f3s-Gradua\u00e7\u00e3o em Cardiologia FMUSP","og_description":"Disculpa, pero esta entrada est\u00e1 disponible s\u00f3lo en Portugu\u00eas. Em andamento &#8211; 2025 ANDREIA BOARO CAVALCANTE Per\u00edodo: 01\/02\/2023 a *em andamento Linha de Pesquisa: BASES CL\u00cdNICAS, [\u2026]","og_url":"https:\/\/www.pgcardiologiausp.com.br\/o-programa\/pesquisadores-pos-doutoral\/","og_site_name":"P\u00f3s-Gradua\u00e7\u00e3o em Cardiologia FMUSP","article_modified_time":"2025-09-25T17:38:45+00:00","og_image":[{"width":1920,"height":800,"url":"https:\/\/www.pgcardiologiausp.com.br\/wp-content\/uploads\/2024\/12\/bgheader_pgcardio_v1.2.jpg","type":"image\/jpeg"}],"twitter_card":"summary_large_image","schema":{"@context":"https:\/\/schema.org","@graph":[{"@type":"WebPage","@id":"https:\/\/www.pgcardiologiausp.com.br\/o-programa\/pesquisadores-pos-doutoral\/","url":"https:\/\/www.pgcardiologiausp.com.br\/o-programa\/pesquisadores-pos-doutoral\/","name":"Investigadores Postdoctorales - P\u00f3s-Gradua\u00e7\u00e3o em Cardiologia FMUSP","isPartOf":{"@id":"https:\/\/www.pgcardiologiausp.com.br\/#website"},"primaryImageOfPage":{"@id":"https:\/\/www.pgcardiologiausp.com.br\/o-programa\/pesquisadores-pos-doutoral\/#primaryimage"},"image":{"@id":"https:\/\/www.pgcardiologiausp.com.br\/o-programa\/pesquisadores-pos-doutoral\/#primaryimage"},"thumbnailUrl":"https:\/\/www.pgcardiologiausp.com.br\/wp-content\/uploads\/2024\/12\/bgheader_pgcardio_v1.2.jpg","datePublished":"2024-12-21T19:38:21+00:00","dateModified":"2025-09-25T17:38:45+00:00","breadcrumb":{"@id":"https:\/\/www.pgcardiologiausp.com.br\/o-programa\/pesquisadores-pos-doutoral\/#breadcrumb"},"inLanguage":"es","potentialAction":[{"@type":"ReadAction","target":["https:\/\/www.pgcardiologiausp.com.br\/o-programa\/pesquisadores-pos-doutoral\/"]}]},{"@type":"ImageObject","inLanguage":"es","@id":"https:\/\/www.pgcardiologiausp.com.br\/o-programa\/pesquisadores-pos-doutoral\/#primaryimage","url":"https:\/\/www.pgcardiologiausp.com.br\/wp-content\/uploads\/2024\/12\/bgheader_pgcardio_v1.2.jpg","contentUrl":"https:\/\/www.pgcardiologiausp.com.br\/wp-content\/uploads\/2024\/12\/bgheader_pgcardio_v1.2.jpg","width":1920,"height":800},{"@type":"BreadcrumbList","@id":"https:\/\/www.pgcardiologiausp.com.br\/o-programa\/pesquisadores-pos-doutoral\/#breadcrumb","itemListElement":[{"@type":"ListItem","position":1,"name":"Home","item":"https:\/\/www.pgcardiologiausp.com.br\/"},{"@type":"ListItem","position":2,"name":"O Programa","item":"https:\/\/www.pgcardiologiausp.com.br\/o-programa\/"},{"@type":"ListItem","position":3,"name":"Pesquisadores P\u00f3s-Doutoral"}]},{"@type":"WebSite","@id":"https:\/\/www.pgcardiologiausp.com.br\/#website","url":"https:\/\/www.pgcardiologiausp.com.br\/","name":"P\u00f3s-Gradua\u00e7\u00e3o em Cardiologia FMUSP","description":"","publisher":{"@id":"https:\/\/www.pgcardiologiausp.com.br\/#organization"},"potentialAction":[{"@type":"SearchAction","target":{"@type":"EntryPoint","urlTemplate":"https:\/\/www.pgcardiologiausp.com.br\/?s={search_term_string}"},"query-input":{"@type":"PropertyValueSpecification","valueRequired":true,"valueName":"search_term_string"}}],"inLanguage":"es"},{"@type":"Organization","@id":"https:\/\/www.pgcardiologiausp.com.br\/#organization","name":"P\u00f3s-Gradua\u00e7\u00e3o em Cardiologia FMUSP","url":"https:\/\/www.pgcardiologiausp.com.br\/","logo":{"@type":"ImageObject","inLanguage":"es","@id":"https:\/\/www.pgcardiologiausp.com.br\/#\/schema\/logo\/image\/","url":"https:\/\/www.pgcardiologiausp.com.br\/wp-content\/uploads\/2024\/12\/pg_cardio_usp-logo-v1-clearbg-500x341-1.png","contentUrl":"https:\/\/www.pgcardiologiausp.com.br\/wp-content\/uploads\/2024\/12\/pg_cardio_usp-logo-v1-clearbg-500x341-1.png","width":500,"height":177,"caption":"P\u00f3s-Gradua\u00e7\u00e3o em Cardiologia FMUSP"},"image":{"@id":"https:\/\/www.pgcardiologiausp.com.br\/#\/schema\/logo\/image\/"}}]}},"_links":{"self":[{"href":"https:\/\/www.pgcardiologiausp.com.br\/es\/wp-json\/wp\/v2\/pages\/386","targetHints":{"allow":["GET"]}}],"collection":[{"href":"https:\/\/www.pgcardiologiausp.com.br\/es\/wp-json\/wp\/v2\/pages"}],"about":[{"href":"https:\/\/www.pgcardiologiausp.com.br\/es\/wp-json\/wp\/v2\/types\/page"}],"author":[{"embeddable":true,"href":"https:\/\/www.pgcardiologiausp.com.br\/es\/wp-json\/wp\/v2\/users\/1"}],"replies":[{"embeddable":true,"href":"https:\/\/www.pgcardiologiausp.com.br\/es\/wp-json\/wp\/v2\/comments?post=386"}],"version-history":[{"count":9,"href":"https:\/\/www.pgcardiologiausp.com.br\/es\/wp-json\/wp\/v2\/pages\/386\/revisions"}],"predecessor-version":[{"id":2565,"href":"https:\/\/www.pgcardiologiausp.com.br\/es\/wp-json\/wp\/v2\/pages\/386\/revisions\/2565"}],"up":[{"embeddable":true,"href":"https:\/\/www.pgcardiologiausp.com.br\/es\/wp-json\/wp\/v2\/pages\/107"}],"wp:featuredmedia":[{"embeddable":true,"href":"https:\/\/www.pgcardiologiausp.com.br\/es\/wp-json\/wp\/v2\/media\/112"}],"wp:attachment":[{"href":"https:\/\/www.pgcardiologiausp.com.br\/es\/wp-json\/wp\/v2\/media?parent=386"}],"curies":[{"name":"wp","href":"https:\/\/api.w.org\/{rel}","templated":true}]}}