{"id":585,"date":"2024-12-21T20:56:36","date_gmt":"2024-12-21T23:56:36","guid":{"rendered":"https:\/\/www.pgcardiologiausp.com.br\/?page_id=585"},"modified":"2025-06-12T15:13:04","modified_gmt":"2025-06-12T18:13:04","slug":"servicos-de-apoio","status":"publish","type":"page","link":"https:\/\/www.pgcardiologiausp.com.br\/es\/procedimentos\/servicos-de-apoio\/","title":{"rendered":"Servicios de soporte"},"content":{"rendered":"<h4><strong>Servicios de Apoyo a los Estudiantes de Posgrado del Programa de Cardiolog\u00eda<\/strong><\/h4>\n<p>El <strong>Programa de Posgrado en Cardiolog\u00eda<\/strong> ofrece <strong>servicios de consultor\u00eda y asesor\u00eda en Estad\u00edstica<\/strong> para los proyectos de investigaci\u00f3n.<br \/>\n<strong>Contacto:<\/strong> Julia Fukushima \u2014 Correo electr\u00f3nico: <a href=\"mailto:julia.fukushima@hc.fm.usp.br\">julia.fukushima@hc.fm.usp.br<\/a><\/p>\n<hr \/>\n<h3><strong>Servicios M\u00e9dicos y Odontol\u00f3gicos en la USP<\/strong><\/h3>\n<p>Los <strong>Servicios M\u00e9dicos y Odontol\u00f3gicos<\/strong> disponibles en el campus principal de la USP en S\u00e3o Paulo est\u00e1n compuestos por el Hospital Universitario (HU) y la Unidad B\u00e1sica de Atenci\u00f3n a la Salud (UBAS), y pueden ser utilizados por los estudiantes de posgrado y sus dependientes.\u00a0La solicitud para incluir a los dependientes debe ser enviada a la Secretar\u00eda de Posgrado de la FMUSP, de acuerdo con las instrucciones de la Portaria SAU n\u00ba 1 y la Resoluci\u00f3n n\u00ba 7043 SAU &#8211; HU, y mediante el formulario correspondiente.<\/p>\n<hr \/>\n<h4><strong>Asistencia Psiqui\u00e1trica para Estudiantes de Posgrado<\/strong><\/h4>\n<p>Las consultas deben ser agendadas a trav\u00e9s del <strong>Registro General del Instituto de Psiquiatr\u00eda (IPq-HCFMUSP)<\/strong> llamando al<br \/>\n(+55 11) 2661-6440, de lunes a viernes, de 07:00 a 16:00 horas.<br \/>\nLas consultas se realizar\u00e1n los jueves, de 08:00 a 12:00 horas.<\/p>\n<hr \/>\n<h4><strong>Uso de los Restaurantes Universitarios (RUS) por Estudiantes de Posgrado<\/strong><\/h4>\n<p>Los estudiantes de posgrado pueden utilizar los <strong>restaurantes universitarios<\/strong> ubicados en la Facultad de Salud P\u00fablica (FSP) y en la Escuela de Enfermer\u00eda (EE) durante los horarios de almuerzo y cena.<\/p>\n<ul>\n<li>El costo subsidiado de la comida es de R$ 2,00.<\/li>\n<li>El acceso se permite mediante la presentaci\u00f3n del carn\u00e9 de identificaci\u00f3n USP.<\/li>\n<li>El pago se realiza con cr\u00e9ditos cargados en la tarjeta USP, los cuales pueden recargarse en las tesorer\u00edas de la EE y la FSP.<\/li>\n<\/ul>\n<p>M\u00e1s informaci\u00f3n en: <a href=\"https:\/\/sas.usp.br\/\">https:\/\/sas.usp.br\/<\/a><\/p>\n<hr \/>\n<h4><strong>Cooperaci\u00f3n Internacional \u2013 USP<\/strong><\/h4>\n<p>La <strong>Vicerrector\u00eda Ejecutiva de Relaciones Internacionales de la USP<\/strong> es responsable de promover acuerdos de cooperaci\u00f3n internacional. Las instituciones asociadas est\u00e1n disponibles en la <a href=\"https:\/\/internationaloffice.usp.br\/\">p\u00e1gina oficial<\/a> de la Vicerrector\u00eda.<\/p>\n<hr \/>\n<h4><strong>Escuela de Altos Estudios<\/strong><\/h4>\n<p>La <strong>Escuela de Altos Estudios<\/strong> (Escola de Altos Estudos) trae a Brasil profesores e investigadores extranjeros de alto prestigio internacional para impartir cursos monogr\u00e1ficos en universidades brasile\u00f1as.<\/p>\n<p>Es una iniciativa de CAPES que tiene como objetivo fortalecer, ampliar y calificar los programas de posgrado en instituciones brasile\u00f1as.<\/p>\n<p>Las propuestas para la Convocatoria P\u00fablica de Proyectos para la Escuela de Altos Estudios \u2013 Cooperaci\u00f3n Acad\u00e9mica Internacional en el Nivel de Posgrado Stricto Sensu pueden presentarse en flujo continuo.<\/p>\n<hr \/>\n<h4><strong>Apoyo para Traducci\u00f3n, Edici\u00f3n y Publicaci\u00f3n de Art\u00edculos Cient\u00edficos<\/strong><\/h4>\n<p>La <strong>Comisi\u00f3n Cient\u00edfica<\/strong> ofrece apoyo financiero para la traducci\u00f3n, edici\u00f3n y publicaci\u00f3n de art\u00edculos cient\u00edficos en revistas y peri\u00f3dicos nacionales e internacionales, seg\u00fan los siguientes criterios:<\/p>\n<ul>\n<li>El art\u00edculo debe hacer referencia obligatoria al InCor;<\/li>\n<li>Debe ser publicado en revistas evaluadas por Qualis\/CAPES;<\/li>\n<li>Los art\u00edculos pueden incluir im\u00e1genes solo en blanco y negro;<\/li>\n<li>Al menos uno de los autores debe estar vinculado al InCor-HC-FMUSP.<\/li>\n<\/ul>\n<p>Los procedimientos para solicitar apoyo en Traducci\u00f3n, Edici\u00f3n y Publicaci\u00f3n de art\u00edculos est\u00e1n disponibles electr\u00f3nicamente en el sitio web de la Comisi\u00f3n Cient\u00edfica del InCor.<\/p>\n<hr \/>\n<p>&nbsp;<\/p>\n","protected":false},"excerpt":{"rendered":"<p>Servicios de Apoyo a los Estudiantes de Posgrado del Programa de Cardiolog\u00eda El Programa de Posgrado en Cardiolog\u00eda ofrece servicios de consultor\u00eda y asesor\u00eda en Estad\u00edstica<span class=\"excerpt-hellip\"> [\u2026]<\/span><\/p>\n","protected":false},"author":1,"featured_media":112,"parent":133,"menu_order":0,"comment_status":"closed","ping_status":"closed","template":"","meta":{"footnotes":""},"class_list":["post-585","page","type-page","status-publish","has-post-thumbnail","hentry"],"yoast_head":"<!-- This site is optimized with the Yoast SEO plugin v25.8 - https:\/\/yoast.com\/wordpress\/plugins\/seo\/ -->\n<title>Servicios de soporte - P\u00f3s-Gradua\u00e7\u00e3o em Cardiologia FMUSP<\/title>\n<meta name=\"robots\" content=\"index, follow, max-snippet:-1, max-image-preview:large, max-video-preview:-1\" \/>\n<link rel=\"canonical\" href=\"https:\/\/www.pgcardiologiausp.com.br\/procedimentos\/servicos-de-apoio\/\" \/>\n<meta property=\"og:locale\" content=\"es_ES\" \/>\n<meta property=\"og:type\" content=\"article\" \/>\n<meta property=\"og:title\" content=\"Servicios de soporte - P\u00f3s-Gradua\u00e7\u00e3o em Cardiologia FMUSP\" \/>\n<meta property=\"og:description\" content=\"Servicios de Apoyo a los Estudiantes de Posgrado del Programa de Cardiolog\u00eda El Programa de Posgrado en Cardiolog\u00eda ofrece servicios de consultor\u00eda y asesor\u00eda en Estad\u00edstica [\u2026]\" \/>\n<meta property=\"og:url\" content=\"https:\/\/www.pgcardiologiausp.com.br\/procedimentos\/servicos-de-apoio\/\" \/>\n<meta property=\"og:site_name\" content=\"P\u00f3s-Gradua\u00e7\u00e3o em Cardiologia FMUSP\" \/>\n<meta property=\"article:modified_time\" content=\"2025-06-12T18:13:04+00:00\" \/>\n<meta property=\"og:image\" content=\"https:\/\/www.pgcardiologiausp.com.br\/wp-content\/uploads\/2024\/12\/bgheader_pgcardio_v1.2.jpg\" \/>\n\t<meta property=\"og:image:width\" content=\"1920\" \/>\n\t<meta property=\"og:image:height\" content=\"800\" \/>\n\t<meta property=\"og:image:type\" content=\"image\/jpeg\" \/>\n<meta name=\"twitter:card\" content=\"summary_large_image\" \/>\n<script type=\"application\/ld+json\" class=\"yoast-schema-graph\">{\"@context\":\"https:\/\/schema.org\",\"@graph\":[{\"@type\":\"WebPage\",\"@id\":\"https:\/\/www.pgcardiologiausp.com.br\/procedimentos\/servicos-de-apoio\/\",\"url\":\"https:\/\/www.pgcardiologiausp.com.br\/procedimentos\/servicos-de-apoio\/\",\"name\":\"Servicios de soporte - P\u00f3s-Gradua\u00e7\u00e3o em Cardiologia FMUSP\",\"isPartOf\":{\"@id\":\"https:\/\/www.pgcardiologiausp.com.br\/#website\"},\"primaryImageOfPage\":{\"@id\":\"https:\/\/www.pgcardiologiausp.com.br\/procedimentos\/servicos-de-apoio\/#primaryimage\"},\"image\":{\"@id\":\"https:\/\/www.pgcardiologiausp.com.br\/procedimentos\/servicos-de-apoio\/#primaryimage\"},\"thumbnailUrl\":\"https:\/\/www.pgcardiologiausp.com.br\/wp-content\/uploads\/2024\/12\/bgheader_pgcardio_v1.2.jpg\",\"datePublished\":\"2024-12-21T23:56:36+00:00\",\"dateModified\":\"2025-06-12T18:13:04+00:00\",\"breadcrumb\":{\"@id\":\"https:\/\/www.pgcardiologiausp.com.br\/procedimentos\/servicos-de-apoio\/#breadcrumb\"},\"inLanguage\":\"es\",\"potentialAction\":[{\"@type\":\"ReadAction\",\"target\":[\"https:\/\/www.pgcardiologiausp.com.br\/procedimentos\/servicos-de-apoio\/\"]}]},{\"@type\":\"ImageObject\",\"inLanguage\":\"es\",\"@id\":\"https:\/\/www.pgcardiologiausp.com.br\/procedimentos\/servicos-de-apoio\/#primaryimage\",\"url\":\"https:\/\/www.pgcardiologiausp.com.br\/wp-content\/uploads\/2024\/12\/bgheader_pgcardio_v1.2.jpg\",\"contentUrl\":\"https:\/\/www.pgcardiologiausp.com.br\/wp-content\/uploads\/2024\/12\/bgheader_pgcardio_v1.2.jpg\",\"width\":1920,\"height\":800},{\"@type\":\"BreadcrumbList\",\"@id\":\"https:\/\/www.pgcardiologiausp.com.br\/procedimentos\/servicos-de-apoio\/#breadcrumb\",\"itemListElement\":[{\"@type\":\"ListItem\",\"position\":1,\"name\":\"Home\",\"item\":\"https:\/\/www.pgcardiologiausp.com.br\/\"},{\"@type\":\"ListItem\",\"position\":2,\"name\":\"Procedimentos\",\"item\":\"https:\/\/www.pgcardiologiausp.com.br\/procedimentos\/\"},{\"@type\":\"ListItem\",\"position\":3,\"name\":\"Servi\u00e7os de Apoio\"}]},{\"@type\":\"WebSite\",\"@id\":\"https:\/\/www.pgcardiologiausp.com.br\/#website\",\"url\":\"https:\/\/www.pgcardiologiausp.com.br\/\",\"name\":\"P\u00f3s-Gradua\u00e7\u00e3o em Cardiologia FMUSP\",\"description\":\"\",\"publisher\":{\"@id\":\"https:\/\/www.pgcardiologiausp.com.br\/#organization\"},\"potentialAction\":[{\"@type\":\"SearchAction\",\"target\":{\"@type\":\"EntryPoint\",\"urlTemplate\":\"https:\/\/www.pgcardiologiausp.com.br\/?s={search_term_string}\"},\"query-input\":{\"@type\":\"PropertyValueSpecification\",\"valueRequired\":true,\"valueName\":\"search_term_string\"}}],\"inLanguage\":\"es\"},{\"@type\":\"Organization\",\"@id\":\"https:\/\/www.pgcardiologiausp.com.br\/#organization\",\"name\":\"P\u00f3s-Gradua\u00e7\u00e3o em Cardiologia FMUSP\",\"url\":\"https:\/\/www.pgcardiologiausp.com.br\/\",\"logo\":{\"@type\":\"ImageObject\",\"inLanguage\":\"es\",\"@id\":\"https:\/\/www.pgcardiologiausp.com.br\/#\/schema\/logo\/image\/\",\"url\":\"https:\/\/www.pgcardiologiausp.com.br\/wp-content\/uploads\/2024\/12\/pg_cardio_usp-logo-v1-clearbg-500x341-1.png\",\"contentUrl\":\"https:\/\/www.pgcardiologiausp.com.br\/wp-content\/uploads\/2024\/12\/pg_cardio_usp-logo-v1-clearbg-500x341-1.png\",\"width\":500,\"height\":177,\"caption\":\"P\u00f3s-Gradua\u00e7\u00e3o em Cardiologia FMUSP\"},\"image\":{\"@id\":\"https:\/\/www.pgcardiologiausp.com.br\/#\/schema\/logo\/image\/\"}}]}<\/script>\n<!-- \/ Yoast SEO plugin. -->","yoast_head_json":{"title":"Servicios de soporte - P\u00f3s-Gradua\u00e7\u00e3o em Cardiologia FMUSP","robots":{"index":"index","follow":"follow","max-snippet":"max-snippet:-1","max-image-preview":"max-image-preview:large","max-video-preview":"max-video-preview:-1"},"canonical":"https:\/\/www.pgcardiologiausp.com.br\/procedimentos\/servicos-de-apoio\/","og_locale":"es_ES","og_type":"article","og_title":"Servicios de soporte - P\u00f3s-Gradua\u00e7\u00e3o em Cardiologia FMUSP","og_description":"Servicios de Apoyo a los Estudiantes de Posgrado del Programa de Cardiolog\u00eda El Programa de Posgrado en Cardiolog\u00eda ofrece servicios de consultor\u00eda y asesor\u00eda en Estad\u00edstica [\u2026]","og_url":"https:\/\/www.pgcardiologiausp.com.br\/procedimentos\/servicos-de-apoio\/","og_site_name":"P\u00f3s-Gradua\u00e7\u00e3o em Cardiologia FMUSP","article_modified_time":"2025-06-12T18:13:04+00:00","og_image":[{"width":1920,"height":800,"url":"https:\/\/www.pgcardiologiausp.com.br\/wp-content\/uploads\/2024\/12\/bgheader_pgcardio_v1.2.jpg","type":"image\/jpeg"}],"twitter_card":"summary_large_image","schema":{"@context":"https:\/\/schema.org","@graph":[{"@type":"WebPage","@id":"https:\/\/www.pgcardiologiausp.com.br\/procedimentos\/servicos-de-apoio\/","url":"https:\/\/www.pgcardiologiausp.com.br\/procedimentos\/servicos-de-apoio\/","name":"Servicios de soporte - P\u00f3s-Gradua\u00e7\u00e3o em Cardiologia FMUSP","isPartOf":{"@id":"https:\/\/www.pgcardiologiausp.com.br\/#website"},"primaryImageOfPage":{"@id":"https:\/\/www.pgcardiologiausp.com.br\/procedimentos\/servicos-de-apoio\/#primaryimage"},"image":{"@id":"https:\/\/www.pgcardiologiausp.com.br\/procedimentos\/servicos-de-apoio\/#primaryimage"},"thumbnailUrl":"https:\/\/www.pgcardiologiausp.com.br\/wp-content\/uploads\/2024\/12\/bgheader_pgcardio_v1.2.jpg","datePublished":"2024-12-21T23:56:36+00:00","dateModified":"2025-06-12T18:13:04+00:00","breadcrumb":{"@id":"https:\/\/www.pgcardiologiausp.com.br\/procedimentos\/servicos-de-apoio\/#breadcrumb"},"inLanguage":"es","potentialAction":[{"@type":"ReadAction","target":["https:\/\/www.pgcardiologiausp.com.br\/procedimentos\/servicos-de-apoio\/"]}]},{"@type":"ImageObject","inLanguage":"es","@id":"https:\/\/www.pgcardiologiausp.com.br\/procedimentos\/servicos-de-apoio\/#primaryimage","url":"https:\/\/www.pgcardiologiausp.com.br\/wp-content\/uploads\/2024\/12\/bgheader_pgcardio_v1.2.jpg","contentUrl":"https:\/\/www.pgcardiologiausp.com.br\/wp-content\/uploads\/2024\/12\/bgheader_pgcardio_v1.2.jpg","width":1920,"height":800},{"@type":"BreadcrumbList","@id":"https:\/\/www.pgcardiologiausp.com.br\/procedimentos\/servicos-de-apoio\/#breadcrumb","itemListElement":[{"@type":"ListItem","position":1,"name":"Home","item":"https:\/\/www.pgcardiologiausp.com.br\/"},{"@type":"ListItem","position":2,"name":"Procedimentos","item":"https:\/\/www.pgcardiologiausp.com.br\/procedimentos\/"},{"@type":"ListItem","position":3,"name":"Servi\u00e7os de Apoio"}]},{"@type":"WebSite","@id":"https:\/\/www.pgcardiologiausp.com.br\/#website","url":"https:\/\/www.pgcardiologiausp.com.br\/","name":"P\u00f3s-Gradua\u00e7\u00e3o em Cardiologia FMUSP","description":"","publisher":{"@id":"https:\/\/www.pgcardiologiausp.com.br\/#organization"},"potentialAction":[{"@type":"SearchAction","target":{"@type":"EntryPoint","urlTemplate":"https:\/\/www.pgcardiologiausp.com.br\/?s={search_term_string}"},"query-input":{"@type":"PropertyValueSpecification","valueRequired":true,"valueName":"search_term_string"}}],"inLanguage":"es"},{"@type":"Organization","@id":"https:\/\/www.pgcardiologiausp.com.br\/#organization","name":"P\u00f3s-Gradua\u00e7\u00e3o em Cardiologia FMUSP","url":"https:\/\/www.pgcardiologiausp.com.br\/","logo":{"@type":"ImageObject","inLanguage":"es","@id":"https:\/\/www.pgcardiologiausp.com.br\/#\/schema\/logo\/image\/","url":"https:\/\/www.pgcardiologiausp.com.br\/wp-content\/uploads\/2024\/12\/pg_cardio_usp-logo-v1-clearbg-500x341-1.png","contentUrl":"https:\/\/www.pgcardiologiausp.com.br\/wp-content\/uploads\/2024\/12\/pg_cardio_usp-logo-v1-clearbg-500x341-1.png","width":500,"height":177,"caption":"P\u00f3s-Gradua\u00e7\u00e3o em Cardiologia FMUSP"},"image":{"@id":"https:\/\/www.pgcardiologiausp.com.br\/#\/schema\/logo\/image\/"}}]}},"_links":{"self":[{"href":"https:\/\/www.pgcardiologiausp.com.br\/es\/wp-json\/wp\/v2\/pages\/585","targetHints":{"allow":["GET"]}}],"collection":[{"href":"https:\/\/www.pgcardiologiausp.com.br\/es\/wp-json\/wp\/v2\/pages"}],"about":[{"href":"https:\/\/www.pgcardiologiausp.com.br\/es\/wp-json\/wp\/v2\/types\/page"}],"author":[{"embeddable":true,"href":"https:\/\/www.pgcardiologiausp.com.br\/es\/wp-json\/wp\/v2\/users\/1"}],"replies":[{"embeddable":true,"href":"https:\/\/www.pgcardiologiausp.com.br\/es\/wp-json\/wp\/v2\/comments?post=585"}],"version-history":[{"count":10,"href":"https:\/\/www.pgcardiologiausp.com.br\/es\/wp-json\/wp\/v2\/pages\/585\/revisions"}],"predecessor-version":[{"id":2402,"href":"https:\/\/www.pgcardiologiausp.com.br\/es\/wp-json\/wp\/v2\/pages\/585\/revisions\/2402"}],"up":[{"embeddable":true,"href":"https:\/\/www.pgcardiologiausp.com.br\/es\/wp-json\/wp\/v2\/pages\/133"}],"wp:featuredmedia":[{"embeddable":true,"href":"https:\/\/www.pgcardiologiausp.com.br\/es\/wp-json\/wp\/v2\/media\/112"}],"wp:attachment":[{"href":"https:\/\/www.pgcardiologiausp.com.br\/es\/wp-json\/wp\/v2\/media?parent=585"}],"curies":[{"name":"wp","href":"https:\/\/api.w.org\/{rel}","templated":true}]}}