{"id":823,"date":"2024-12-22T18:27:52","date_gmt":"2024-12-22T21:27:52","guid":{"rendered":"https:\/\/www.pgcardiologiausp.com.br\/?page_id=823"},"modified":"2025-06-05T10:06:17","modified_gmt":"2025-06-05T13:06:17","slug":"egressos-e-teses-2020","status":"publish","type":"page","link":"https:\/\/www.pgcardiologiausp.com.br\/es\/o-programa\/egressos\/egressos-e-teses-2020\/","title":{"rendered":"Postgrados y Tesis 2020"},"content":{"rendered":"<p class=\"qtranxs-available-languages-message qtranxs-available-languages-message-es\">Disculpa, pero esta entrada est\u00e1 disponible s\u00f3lo en <a href=\"https:\/\/www.pgcardiologiausp.com.br\/pb\/wp-json\/wp\/v2\/pages\/823\" class=\"qtranxs-available-language-link qtranxs-available-language-link-pb\" title=\"Portugu\u00eas\">Portugu\u00eas<\/a>.<\/p>\n<h3>2020<\/h3>\n<p>&nbsp;<\/p>\n<p><a href=\"http:\/\/lattes.cnpq.br\/0103378220911151\"><strong>Rafael Alves Franco<\/strong><\/a><br \/>\nOrientadora: Profa. Dra. Ludhmila Abrah\u00e3o Hajjar<br \/>\nData da defesa: 15\/12\/2020<br \/>\nT\u00edtulo: Dobutamina ap\u00f3s cirurgia card\u00edaca: Estudo controlado e randomizado. <a href=\"https:\/\/www.pgcardiologiausp.com.br\/wp-content\/uploads\/2024\/12\/RAFAEL_ALVES_FRANCO.pdf\" target=\"_blank\" rel=\"noopener\">Tese<\/a><\/p>\n<hr \/>\n<p><a href=\"http:\/\/lattes.cnpq.br\/3996267642340454\"><strong>Marina de Souza Pimenta<\/strong><\/a><br \/>\nOrientador: Prof. Dr. Carlos Alberto Pastore<br \/>\nData da defesa: 11\/12\/2020<br \/>\nT\u00edtulo: Avalia\u00e7\u00e3o eletrocardiogr\u00e1fica de rec\u00e9m-nascidos normais na primeira seman de vida. <a href=\"https:\/\/www.pgcardiologiausp.com.br\/wp-content\/uploads\/2024\/12\/MARINA_DE_SOUZA_PIMENTA_CORRIGIDA.pdf\" target=\"_blank\" rel=\"noopener\">Tese<\/a><\/p>\n<hr \/>\n<p><a href=\"http:\/\/lattes.cnpq.br\/9197064014675195\"><strong>Larissa Ferreira dos Santos<\/strong><\/a><br \/>\nOrientadora: Dra. Maria Urbana Pinto Brand\u00e3o Rondon<br \/>\nData da defesa: 11\/12\/2020<br \/>\nT\u00edtulo: Influ\u00eancia dos microRNAs nos fatores angiog\u00eanicos e antiangiog\u00eanicos da via do fator de crescimento endotelial vascular em pacientes com doen\u00e7a arterial coronariana. <a href=\"https:\/\/www.pgcardiologiausp.com.br\/wp-content\/uploads\/2024\/12\/LARISSA_FERREIRA_DOS_SANTOS.pdf\" target=\"_blank\" rel=\"noopener\">Tese<\/a><\/p>\n<hr \/>\n<p><a href=\"http:\/\/lattes.cnpq.br\/8206191706433662\"><strong>Livia Xavier Soares Farah<\/strong><\/a><br \/>\nOrientador: Prof. Dr. Martino Martinelli Filho<br \/>\nData da defesa: 10\/12\/2020<br \/>\nT\u00edtulo: Ades\u00e3o medicamentosa de pacientes com insufici\u00eancia card\u00edaca e dispositivo card\u00edaco eletr\u00f4nico implant\u00e1vel: perfil psicol\u00f3gico e fatores de influ\u00eancia. <a href=\"https:\/\/www.pgcardiologiausp.com.br\/wp-content\/uploads\/2024\/12\/LIVIA_XAVIER_SOARES_FARAH_-_CORRIGIDA.pdf\" target=\"_blank\" rel=\"noopener\">Tese<\/a><\/p>\n<hr \/>\n<p><a href=\"http:\/\/lattes.cnpq.br\/8489692056530915\"><strong>Guilherme Wesley Peixoto da Fonseca<\/strong><\/a><br \/>\nOrientador: Dra. Maria Janieire de Nazar\u00e9 Nunes Alves<br \/>\nData da defesa: 30\/11\/2020<br \/>\nT\u00edtulo: Efeitos da defici\u00eancia anab\u00f3lica hormonal e altera\u00e7\u00f5es neurovasculares no progn\u00f3stico de pacientes com insufici\u00eancia card\u00edaca. <a href=\"https:\/\/www.pgcardiologiausp.com.br\/wp-content\/uploads\/2024\/12\/GUILHERME_WESLEY_PEIXOTO_DA_FONSECA.pdf\" target=\"_blank\" rel=\"noopener\">Tese<\/a><\/p>\n<hr \/>\n<p><a href=\"http:\/\/lattes.cnpq.br\/6462880622444998\"><strong>Eduardo Bello Martins<\/strong><\/a><br \/>\nOrientador: Prof. Dr. Whady Armindo Hueb<br \/>\nData da defesa: 12\/11\/2020<br \/>\nT\u00edtulo: Progn\u00f3stico em longo prazo de pacientes submetidos \u00e0 interven\u00e7\u00e3o cir\u00fargica ou percut\u00e2nea avaliados pelos escores SYNTAX I, II e residual. <a href=\"https:\/\/www.pgcardiologiausp.com.br\/wp-content\/uploads\/2024\/12\/EDUARDO_BELLO_MARTINS.pdf\" target=\"_blank\" rel=\"noopener\">Tese<\/a><\/p>\n<hr \/>\n<p><a href=\"http:\/\/lattes.cnpq.br\/3900703480765224\"><strong>Daniel Valente Batista<\/strong><\/a><br \/>\nOrientador: Prof. Dr. Whady Armindo Hueb<br \/>\nData da defesa: 08\/10\/2020<br \/>\nT\u00edtulo: Efeito da filtra\u00e7\u00e3o glomerular em pacientes diab\u00e9ticos com doen\u00e7a arterial coronariana submetidos aos tratamentos cir\u00fargico, percut\u00e2neo ou cl\u00ednico: dez anos de seguimento. <a href=\"https:\/\/www.pgcardiologiausp.com.br\/wp-content\/uploads\/2024\/12\/DANIEL_VALENTE_BATISTA.pdf\" target=\"_blank\" rel=\"noopener\">Tese<\/a><\/p>\n<hr \/>\n<p><a href=\"http:\/\/lattes.cnpq.br\/5842110505554137\"><strong>Thayane Antoniolli Crestani<\/strong><\/a><br \/>\nOrientador: Prof. Dr. Jos\u00e9 Eduardo Krieger<br \/>\nData da defesa: 06\/10\/2020<br \/>\nT\u00edtulo: O est\u00edmulo el\u00e9trico aplicado durante a diferencia\u00e7\u00e3o das hiPSCs direciona os hiPSC-CMs a c\u00e9lulas do tipo de condu\u00e7\u00e3o card\u00edaca maduras. <a href=\"https:\/\/www.pgcardiologiausp.com.br\/wp-content\/uploads\/2024\/12\/THAYANE_ANTONIOLLI_CRESTANI.pdf\" target=\"_blank\" rel=\"noopener\">Tese<\/a><\/p>\n<hr \/>\n<p><strong>Leandro da Silva Alves<\/strong><br \/>\nOrientador: Dr. Guilherme Veiga Guimar\u00e3es<br \/>\nData da defesa: 02\/09\/2020<br \/>\nT\u00edtulo: Treinamento f\u00edsico na insufici\u00eancia card\u00edaca com fra\u00e7\u00e3o de eje\u00e7\u00e3o reduzida e fibrila\u00e7\u00e3o atrial permanente: ensaio cl\u00ednico randomizado. <a href=\"https:\/\/www.pgcardiologiausp.com.br\/wp-content\/uploads\/2024\/12\/LEANDRO_SILVA_ALVES.pdf\" target=\"_blank\" rel=\"noopener\">Tese<\/a><\/p>\n<hr \/>\n<p><a href=\"http:\/\/lattes.cnpq.br\/6602021417626540\"><strong>Thiago Ovanessian Hueb<\/strong><\/a><br \/>\nOrientador: Prof. Dr. Martino Martinelli Filho<br \/>\nData da defesa: 01\/09\/2020<br \/>\nT\u00edtulo: \u00abDiabetes Mellitus tipo 2 e sobrevida de pacientes com doen\u00e7a arterial coronariana: estudo comparativo em longo prazo\u00bb. <a href=\"https:\/\/www.pgcardiologiausp.com.br\/wp-content\/uploads\/2024\/12\/THIAGO_OVANESSIAN_HUEB.pdf\" target=\"_blank\" rel=\"noopener\">Tese<\/a><\/p>\n<hr \/>\n<p><a href=\"http:\/\/lattes.cnpq.br\/5233089663238747\"><strong>Maur\u00edcio da Silva Rocha<\/strong><\/a><br \/>\nOrientador: Prof. Dr. Martino Martinelli Filho<br \/>\nData da defesa: 31\/08\/2020<br \/>\nT\u00edtulo: \u00abRegistro de pacientes com cardiomiopatia isqu\u00eamica e disfun\u00e7\u00e3o ventricular grave: REVISION\u00bb. <a href=\"https:\/\/www.pgcardiologiausp.com.br\/wp-content\/uploads\/2024\/12\/MAURICIO_DA_SILVA_ROCHA.pdf\" target=\"_blank\" rel=\"noopener\">Tese<\/a><\/p>\n<hr \/>\n<p><a href=\"http:\/\/lattes.cnpq.br\/8826018390375567\"><strong>Julliana Carvalho Campos de Oliveira<\/strong><\/a><br \/>\nOrientador: Profa. Dra. Maria de Lourdes Higuchi<br \/>\nData da defesa: 04\/08\/2020<br \/>\nT\u00edtulo: \u00abIntera\u00e7\u00e3o do microplasma e do SUMO na aterog\u00eanese e na resposta antilipermiante e anti-inflamat\u00f3ria do composto PTCTS em coelhos com dieta hipercolesterol\u00eamica\u00bb. <a href=\"https:\/\/www.pgcardiologiausp.com.br\/wp-content\/uploads\/2024\/12\/JULLIANA_CARVALHO_C_OLIVEIRA__CORRECAO_DE_TESE.pdf\" target=\"_blank\" rel=\"noopener\">Tese<\/a><\/p>\n<hr \/>\n<p><a href=\"http:\/\/lattes.cnpq.br\/3084800596259959\"><strong>Lu\u00eds Augusto Palma Dallan<\/strong><\/a><br \/>\nOrientador: Prof. Dr. Pedro Alves Lemos Neto<br \/>\nData da defesa: 11\/03\/2020<br \/>\nT\u00edtulo: \u00abHipotermia como terap\u00eautica adjuvante \u00e0 interven\u00e7\u00e3o coron\u00e1ria percut\u00e2nea em pacientes com infarto agudo do mioc\u00e1rdio \u2013 Estudo COOL-MI InCor\u00bb. <a href=\"https:\/\/www.pgcardiologiausp.com.br\/wp-content\/uploads\/2024\/12\/LuisAugustoPalmaDallan.pdf\" target=\"_blank\" rel=\"noopener\">Tese<\/a><\/p>\n<hr \/>\n<p><a href=\"http:\/\/lattes.cnpq.br\/5518688206173392\"><strong>Luiza Antoniazzi Gomes de Gouveia<\/strong><\/a><br \/>\nOrientador: Prof. Dr. Raul Dias Santos Filho<br \/>\nData da defesa: 09\/03\/2020<br \/>\nT\u00edtulo: \u00abAssocia\u00e7\u00e3o entre padr\u00e3o diet\u00e9tico e par\u00e2metros bioqu\u00edmicos de indiv\u00edduos brasileiros e espanh\u00f3is com hipercolesterolemia familiar\u00bb. <a href=\"https:\/\/www.pgcardiologiausp.com.br\/wp-content\/uploads\/2024\/12\/LUIZA_ANTONIAZZI_GOMES_DE_GOUVEIA.pdf\" target=\"_blank\" rel=\"noopener\">Tese<\/a><\/p>\n<hr \/>\n<p><a href=\"http:\/\/lattes.cnpq.br\/1994223875446712\"><strong>Rodrigo de Jesus Louzeiro Melo<\/strong><\/a><br \/>\nOrientador: Prof. Dr. Carlos Eduardo Rochitte<br \/>\nData da defesa: 03\/03\/2020<br \/>\nT\u00edtulo: \u00abFibrose mioc\u00e1rdica intersticial na miocardiopatia chag\u00e1sica \u2013 avalia\u00e7\u00e3o do T1 nativo e do volume extracelular do mioc\u00e1rdio pela resson\u00e2ncia magn\u00e9tica\u00bb. <a href=\"https:\/\/www.pgcardiologiausp.com.br\/wp-content\/uploads\/2024\/12\/RODRIGO_DE_JESUS_LOUZEIRO_MELO.pdf\" target=\"_blank\" rel=\"noopener\">Tese<\/a><\/p>\n<hr \/>\n<p><a href=\"http:\/\/lattes.cnpq.br\/5746123807024465\"><strong>Kelly Thayane Souza Correia<\/strong><\/a><br \/>\nOrientadora: Dra. Maria Janeieire Nazar\u00e9 Nunes Alves<br \/>\nData da defesa: 02\/03\/2020<br \/>\nT\u00edtulo: \u00abEfeito do treinamento f\u00edsico em pacientes submetidos \u00e0 angioplastia coronariana eletiva: avalia\u00e7\u00e3o dos biomarcadores inflamat\u00f3rios sangu\u00edneos e fluxo sangu\u00edneo perif\u00e9rico endot\u00e9lio-dependente\u00bb. <a href=\"https:\/\/www.pgcardiologiausp.com.br\/wp-content\/uploads\/2024\/12\/KELLY_THAYANE_SOUZA_CORREIA.pdf\" target=\"_blank\" rel=\"noopener\">Tese<\/a><\/p>\n<hr \/>\n<p><a href=\"http:\/\/lattes.cnpq.br\/3169831095763852\"><strong>Douglas Pinheiro Miranda<\/strong><\/a><br \/>\nOrientadora: Dra. Vera Maria Cury Salemi<br \/>\nData da defesa: 21\/01\/2020<br \/>\nT\u00edtulo: \u201cInflu\u00eancia da capacidade neuromuscular e do consumo de oxig\u00eanio na morfologia e fun\u00e7\u00e3o do cora\u00e7\u00e3o direito de atletas de for\u00e7a e de resist\u00eancia aer\u00f3bia\u00bb. <a href=\"https:\/\/www.pgcardiologiausp.com.br\/wp-content\/uploads\/2024\/12\/DOUGLAS_PINHEIRO_MIRANDA.pdf\" target=\"_blank\" rel=\"noopener\">Tese<\/a><\/p>\n","protected":false},"excerpt":{"rendered":"<p>Disculpa, pero esta entrada est\u00e1 disponible s\u00f3lo en Portugu\u00eas. 2020 &nbsp; Rafael Alves Franco Orientadora: Profa. Dra. Ludhmila Abrah\u00e3o Hajjar Data da defesa: 15\/12\/2020 T\u00edtulo: Dobutamina<span class=\"excerpt-hellip\"> [\u2026]<\/span><\/p>\n","protected":false},"author":1,"featured_media":112,"parent":155,"menu_order":0,"comment_status":"closed","ping_status":"closed","template":"","meta":{"footnotes":""},"class_list":["post-823","page","type-page","status-publish","has-post-thumbnail","hentry"],"yoast_head":"<!-- This site is optimized with the Yoast SEO plugin v25.8 - https:\/\/yoast.com\/wordpress\/plugins\/seo\/ -->\n<title>Postgrados y Tesis 2020 - P\u00f3s-Gradua\u00e7\u00e3o em Cardiologia FMUSP<\/title>\n<meta name=\"robots\" content=\"index, follow, max-snippet:-1, max-image-preview:large, max-video-preview:-1\" \/>\n<link rel=\"canonical\" href=\"https:\/\/www.pgcardiologiausp.com.br\/o-programa\/egressos\/egressos-e-teses-2020\/\" \/>\n<meta property=\"og:locale\" content=\"es_ES\" \/>\n<meta property=\"og:type\" content=\"article\" \/>\n<meta property=\"og:title\" content=\"Postgrados y Tesis 2020 - P\u00f3s-Gradua\u00e7\u00e3o em Cardiologia FMUSP\" \/>\n<meta property=\"og:description\" content=\"Disculpa, pero esta entrada est\u00e1 disponible s\u00f3lo en Portugu\u00eas. 2020 &nbsp; Rafael Alves Franco Orientadora: Profa. Dra. Ludhmila Abrah\u00e3o Hajjar Data da defesa: 15\/12\/2020 T\u00edtulo: Dobutamina [\u2026]\" \/>\n<meta property=\"og:url\" content=\"https:\/\/www.pgcardiologiausp.com.br\/o-programa\/egressos\/egressos-e-teses-2020\/\" \/>\n<meta property=\"og:site_name\" content=\"P\u00f3s-Gradua\u00e7\u00e3o em Cardiologia FMUSP\" \/>\n<meta property=\"article:modified_time\" content=\"2025-06-05T13:06:17+00:00\" \/>\n<meta property=\"og:image\" content=\"https:\/\/www.pgcardiologiausp.com.br\/wp-content\/uploads\/2024\/12\/bgheader_pgcardio_v1.2.jpg\" \/>\n\t<meta property=\"og:image:width\" content=\"1920\" \/>\n\t<meta property=\"og:image:height\" content=\"800\" \/>\n\t<meta property=\"og:image:type\" content=\"image\/jpeg\" \/>\n<meta name=\"twitter:card\" content=\"summary_large_image\" \/>\n<script type=\"application\/ld+json\" class=\"yoast-schema-graph\">{\"@context\":\"https:\/\/schema.org\",\"@graph\":[{\"@type\":\"WebPage\",\"@id\":\"https:\/\/www.pgcardiologiausp.com.br\/o-programa\/egressos\/egressos-e-teses-2020\/\",\"url\":\"https:\/\/www.pgcardiologiausp.com.br\/o-programa\/egressos\/egressos-e-teses-2020\/\",\"name\":\"Postgrados y Tesis 2020 - P\u00f3s-Gradua\u00e7\u00e3o em Cardiologia FMUSP\",\"isPartOf\":{\"@id\":\"https:\/\/www.pgcardiologiausp.com.br\/#website\"},\"primaryImageOfPage\":{\"@id\":\"https:\/\/www.pgcardiologiausp.com.br\/o-programa\/egressos\/egressos-e-teses-2020\/#primaryimage\"},\"image\":{\"@id\":\"https:\/\/www.pgcardiologiausp.com.br\/o-programa\/egressos\/egressos-e-teses-2020\/#primaryimage\"},\"thumbnailUrl\":\"https:\/\/www.pgcardiologiausp.com.br\/wp-content\/uploads\/2024\/12\/bgheader_pgcardio_v1.2.jpg\",\"datePublished\":\"2024-12-22T21:27:52+00:00\",\"dateModified\":\"2025-06-05T13:06:17+00:00\",\"breadcrumb\":{\"@id\":\"https:\/\/www.pgcardiologiausp.com.br\/o-programa\/egressos\/egressos-e-teses-2020\/#breadcrumb\"},\"inLanguage\":\"es\",\"potentialAction\":[{\"@type\":\"ReadAction\",\"target\":[\"https:\/\/www.pgcardiologiausp.com.br\/o-programa\/egressos\/egressos-e-teses-2020\/\"]}]},{\"@type\":\"ImageObject\",\"inLanguage\":\"es\",\"@id\":\"https:\/\/www.pgcardiologiausp.com.br\/o-programa\/egressos\/egressos-e-teses-2020\/#primaryimage\",\"url\":\"https:\/\/www.pgcardiologiausp.com.br\/wp-content\/uploads\/2024\/12\/bgheader_pgcardio_v1.2.jpg\",\"contentUrl\":\"https:\/\/www.pgcardiologiausp.com.br\/wp-content\/uploads\/2024\/12\/bgheader_pgcardio_v1.2.jpg\",\"width\":1920,\"height\":800},{\"@type\":\"BreadcrumbList\",\"@id\":\"https:\/\/www.pgcardiologiausp.com.br\/o-programa\/egressos\/egressos-e-teses-2020\/#breadcrumb\",\"itemListElement\":[{\"@type\":\"ListItem\",\"position\":1,\"name\":\"Home\",\"item\":\"https:\/\/www.pgcardiologiausp.com.br\/\"},{\"@type\":\"ListItem\",\"position\":2,\"name\":\"O Programa\",\"item\":\"https:\/\/www.pgcardiologiausp.com.br\/o-programa\/\"},{\"@type\":\"ListItem\",\"position\":3,\"name\":\"Egressos e teses\",\"item\":\"https:\/\/www.pgcardiologiausp.com.br\/o-programa\/egressos\/\"},{\"@type\":\"ListItem\",\"position\":4,\"name\":\"Egressos e Teses 2020\"}]},{\"@type\":\"WebSite\",\"@id\":\"https:\/\/www.pgcardiologiausp.com.br\/#website\",\"url\":\"https:\/\/www.pgcardiologiausp.com.br\/\",\"name\":\"P\u00f3s-Gradua\u00e7\u00e3o em Cardiologia FMUSP\",\"description\":\"\",\"publisher\":{\"@id\":\"https:\/\/www.pgcardiologiausp.com.br\/#organization\"},\"potentialAction\":[{\"@type\":\"SearchAction\",\"target\":{\"@type\":\"EntryPoint\",\"urlTemplate\":\"https:\/\/www.pgcardiologiausp.com.br\/?s={search_term_string}\"},\"query-input\":{\"@type\":\"PropertyValueSpecification\",\"valueRequired\":true,\"valueName\":\"search_term_string\"}}],\"inLanguage\":\"es\"},{\"@type\":\"Organization\",\"@id\":\"https:\/\/www.pgcardiologiausp.com.br\/#organization\",\"name\":\"P\u00f3s-Gradua\u00e7\u00e3o em Cardiologia FMUSP\",\"url\":\"https:\/\/www.pgcardiologiausp.com.br\/\",\"logo\":{\"@type\":\"ImageObject\",\"inLanguage\":\"es\",\"@id\":\"https:\/\/www.pgcardiologiausp.com.br\/#\/schema\/logo\/image\/\",\"url\":\"https:\/\/www.pgcardiologiausp.com.br\/wp-content\/uploads\/2024\/12\/pg_cardio_usp-logo-v1-clearbg-500x341-1.png\",\"contentUrl\":\"https:\/\/www.pgcardiologiausp.com.br\/wp-content\/uploads\/2024\/12\/pg_cardio_usp-logo-v1-clearbg-500x341-1.png\",\"width\":500,\"height\":177,\"caption\":\"P\u00f3s-Gradua\u00e7\u00e3o em Cardiologia FMUSP\"},\"image\":{\"@id\":\"https:\/\/www.pgcardiologiausp.com.br\/#\/schema\/logo\/image\/\"}}]}<\/script>\n<!-- \/ Yoast SEO plugin. -->","yoast_head_json":{"title":"Postgrados y Tesis 2020 - P\u00f3s-Gradua\u00e7\u00e3o em Cardiologia FMUSP","robots":{"index":"index","follow":"follow","max-snippet":"max-snippet:-1","max-image-preview":"max-image-preview:large","max-video-preview":"max-video-preview:-1"},"canonical":"https:\/\/www.pgcardiologiausp.com.br\/o-programa\/egressos\/egressos-e-teses-2020\/","og_locale":"es_ES","og_type":"article","og_title":"Postgrados y Tesis 2020 - P\u00f3s-Gradua\u00e7\u00e3o em Cardiologia FMUSP","og_description":"Disculpa, pero esta entrada est\u00e1 disponible s\u00f3lo en Portugu\u00eas. 2020 &nbsp; Rafael Alves Franco Orientadora: Profa. Dra. Ludhmila Abrah\u00e3o Hajjar Data da defesa: 15\/12\/2020 T\u00edtulo: Dobutamina [\u2026]","og_url":"https:\/\/www.pgcardiologiausp.com.br\/o-programa\/egressos\/egressos-e-teses-2020\/","og_site_name":"P\u00f3s-Gradua\u00e7\u00e3o em Cardiologia FMUSP","article_modified_time":"2025-06-05T13:06:17+00:00","og_image":[{"width":1920,"height":800,"url":"https:\/\/www.pgcardiologiausp.com.br\/wp-content\/uploads\/2024\/12\/bgheader_pgcardio_v1.2.jpg","type":"image\/jpeg"}],"twitter_card":"summary_large_image","schema":{"@context":"https:\/\/schema.org","@graph":[{"@type":"WebPage","@id":"https:\/\/www.pgcardiologiausp.com.br\/o-programa\/egressos\/egressos-e-teses-2020\/","url":"https:\/\/www.pgcardiologiausp.com.br\/o-programa\/egressos\/egressos-e-teses-2020\/","name":"Postgrados y Tesis 2020 - P\u00f3s-Gradua\u00e7\u00e3o em Cardiologia FMUSP","isPartOf":{"@id":"https:\/\/www.pgcardiologiausp.com.br\/#website"},"primaryImageOfPage":{"@id":"https:\/\/www.pgcardiologiausp.com.br\/o-programa\/egressos\/egressos-e-teses-2020\/#primaryimage"},"image":{"@id":"https:\/\/www.pgcardiologiausp.com.br\/o-programa\/egressos\/egressos-e-teses-2020\/#primaryimage"},"thumbnailUrl":"https:\/\/www.pgcardiologiausp.com.br\/wp-content\/uploads\/2024\/12\/bgheader_pgcardio_v1.2.jpg","datePublished":"2024-12-22T21:27:52+00:00","dateModified":"2025-06-05T13:06:17+00:00","breadcrumb":{"@id":"https:\/\/www.pgcardiologiausp.com.br\/o-programa\/egressos\/egressos-e-teses-2020\/#breadcrumb"},"inLanguage":"es","potentialAction":[{"@type":"ReadAction","target":["https:\/\/www.pgcardiologiausp.com.br\/o-programa\/egressos\/egressos-e-teses-2020\/"]}]},{"@type":"ImageObject","inLanguage":"es","@id":"https:\/\/www.pgcardiologiausp.com.br\/o-programa\/egressos\/egressos-e-teses-2020\/#primaryimage","url":"https:\/\/www.pgcardiologiausp.com.br\/wp-content\/uploads\/2024\/12\/bgheader_pgcardio_v1.2.jpg","contentUrl":"https:\/\/www.pgcardiologiausp.com.br\/wp-content\/uploads\/2024\/12\/bgheader_pgcardio_v1.2.jpg","width":1920,"height":800},{"@type":"BreadcrumbList","@id":"https:\/\/www.pgcardiologiausp.com.br\/o-programa\/egressos\/egressos-e-teses-2020\/#breadcrumb","itemListElement":[{"@type":"ListItem","position":1,"name":"Home","item":"https:\/\/www.pgcardiologiausp.com.br\/"},{"@type":"ListItem","position":2,"name":"O Programa","item":"https:\/\/www.pgcardiologiausp.com.br\/o-programa\/"},{"@type":"ListItem","position":3,"name":"Egressos e teses","item":"https:\/\/www.pgcardiologiausp.com.br\/o-programa\/egressos\/"},{"@type":"ListItem","position":4,"name":"Egressos e Teses 2020"}]},{"@type":"WebSite","@id":"https:\/\/www.pgcardiologiausp.com.br\/#website","url":"https:\/\/www.pgcardiologiausp.com.br\/","name":"P\u00f3s-Gradua\u00e7\u00e3o em Cardiologia FMUSP","description":"","publisher":{"@id":"https:\/\/www.pgcardiologiausp.com.br\/#organization"},"potentialAction":[{"@type":"SearchAction","target":{"@type":"EntryPoint","urlTemplate":"https:\/\/www.pgcardiologiausp.com.br\/?s={search_term_string}"},"query-input":{"@type":"PropertyValueSpecification","valueRequired":true,"valueName":"search_term_string"}}],"inLanguage":"es"},{"@type":"Organization","@id":"https:\/\/www.pgcardiologiausp.com.br\/#organization","name":"P\u00f3s-Gradua\u00e7\u00e3o em Cardiologia FMUSP","url":"https:\/\/www.pgcardiologiausp.com.br\/","logo":{"@type":"ImageObject","inLanguage":"es","@id":"https:\/\/www.pgcardiologiausp.com.br\/#\/schema\/logo\/image\/","url":"https:\/\/www.pgcardiologiausp.com.br\/wp-content\/uploads\/2024\/12\/pg_cardio_usp-logo-v1-clearbg-500x341-1.png","contentUrl":"https:\/\/www.pgcardiologiausp.com.br\/wp-content\/uploads\/2024\/12\/pg_cardio_usp-logo-v1-clearbg-500x341-1.png","width":500,"height":177,"caption":"P\u00f3s-Gradua\u00e7\u00e3o em Cardiologia FMUSP"},"image":{"@id":"https:\/\/www.pgcardiologiausp.com.br\/#\/schema\/logo\/image\/"}}]}},"_links":{"self":[{"href":"https:\/\/www.pgcardiologiausp.com.br\/es\/wp-json\/wp\/v2\/pages\/823","targetHints":{"allow":["GET"]}}],"collection":[{"href":"https:\/\/www.pgcardiologiausp.com.br\/es\/wp-json\/wp\/v2\/pages"}],"about":[{"href":"https:\/\/www.pgcardiologiausp.com.br\/es\/wp-json\/wp\/v2\/types\/page"}],"author":[{"embeddable":true,"href":"https:\/\/www.pgcardiologiausp.com.br\/es\/wp-json\/wp\/v2\/users\/1"}],"replies":[{"embeddable":true,"href":"https:\/\/www.pgcardiologiausp.com.br\/es\/wp-json\/wp\/v2\/comments?post=823"}],"version-history":[{"count":7,"href":"https:\/\/www.pgcardiologiausp.com.br\/es\/wp-json\/wp\/v2\/pages\/823\/revisions"}],"predecessor-version":[{"id":2329,"href":"https:\/\/www.pgcardiologiausp.com.br\/es\/wp-json\/wp\/v2\/pages\/823\/revisions\/2329"}],"up":[{"embeddable":true,"href":"https:\/\/www.pgcardiologiausp.com.br\/es\/wp-json\/wp\/v2\/pages\/155"}],"wp:featuredmedia":[{"embeddable":true,"href":"https:\/\/www.pgcardiologiausp.com.br\/es\/wp-json\/wp\/v2\/media\/112"}],"wp:attachment":[{"href":"https:\/\/www.pgcardiologiausp.com.br\/es\/wp-json\/wp\/v2\/media?parent=823"}],"curies":[{"name":"wp","href":"https:\/\/api.w.org\/{rel}","templated":true}]}}